{"id":101,"date":"2017-12-01T20:53:41","date_gmt":"2017-12-01T20:53:41","guid":{"rendered":"http:\/\/magyar-misszio.ch\/?page_id=101"},"modified":"2025-05-08T18:11:59","modified_gmt":"2025-05-08T18:11:59","slug":"email-hirlevel","status":"publish","type":"page","link":"https:\/\/magyar-misszio.ch\/?page_id=101","title":{"rendered":"email-hirlev\u00e9l"},"content":{"rendered":"\t\t<div data-elementor-type=\"wp-page\" data-elementor-id=\"101\" class=\"elementor elementor-101\" data-elementor-post-type=\"page\">\n\t\t\t\t\t\t<section class=\"elementor-section elementor-top-section elementor-element elementor-element-298a7ce5 elementor-section-boxed elementor-section-height-default elementor-section-height-default\" data-id=\"298a7ce5\" data-element_type=\"section\">\n\t\t\t\t\t\t<div class=\"elementor-container elementor-column-gap-default\">\n\t\t\t\t\t<div class=\"elementor-column elementor-col-100 elementor-top-column elementor-element elementor-element-5a6b30f0\" data-id=\"5a6b30f0\" data-element_type=\"column\">\n\t\t\t<div class=\"elementor-widget-wrap elementor-element-populated\">\n\t\t\t\t\t\t<div class=\"elementor-element elementor-element-31b5fd58 elementor-widget elementor-widget-text-editor\" data-id=\"31b5fd58\" data-element_type=\"widget\" data-widget_type=\"text-editor.default\">\n\t\t\t\t<div class=\"elementor-widget-container\">\n\t\t\t\t\t\t\t\t\t<p><span style=\"font-family: georgia, palatino, serif;\"><strong><em><img decoding=\"async\" class=\"alignleft wp-image-104 size-thumbnail\" src=\"https:\/\/magyar-misszio.ch\/wp-content\/uploads\/2017\/12\/email-150x150.jpg\" alt=\"\" width=\"150\" height=\"150\" data-id=\"104\" srcset=\"https:\/\/magyar-misszio.ch\/wp-content\/uploads\/2017\/12\/email-150x150.jpg 150w, https:\/\/magyar-misszio.ch\/wp-content\/uploads\/2017\/12\/email-100x100.jpg 100w, https:\/\/magyar-misszio.ch\/wp-content\/uploads\/2017\/12\/email.jpg 225w\" sizes=\"(max-width: 150px) 100vw, 150px\" \/><span style=\"color: #0000ff;\">Szeretettel k\u00f6sz\u00f6nt\u00f6m misszi\u00f3nk h\u00edrlevel\u00e9nek feliratoz\u00f3 \u0171rlapj\u00e1n!<\/span><\/em><\/strong><\/span><\/p><p><strong><span style=\"color: #99cc00;\">&#8211; k\u00fcl\u00f6n lista a t\u00f6bbi v\u00e1rosunk szentmis\u00e9ihez<\/span> <\/strong><a href=\"https:\/\/magyar-misszio.ch\/?page_id=6267\" target=\"_blank\" rel=\"noopener\">ld. ide kattintva&#8230;.<\/a><\/p><p style=\"text-align: justify;\"><span style=\"font-family: georgia, palatino, serif;\">Tisztelettel k\u00e9rj\u00fck, hogy\u00a0egy jobb \u00f6sszefog\u00e1s \u00a0\u00e9s inform\u00e1ci\u00f3ink eljuttat\u00e1sa \u00e9rdek\u00e9beniratkozzon fel\u00a0h\u00edrlevel\u00fcnkre! Sv\u00e1jcban nagyon sok magyar katolikus csal\u00e1d van, de csak nagyon kev\u00e9ssel van kapcsolatunk \u00e9s m\u00e9g kevesebb email-c\u00edmre tudjuk elk\u00fcldeni \u00fczeneteinket, ez\u00e9rt \u00e1ldja meg az \u00dar, ha terjeszti a feliratkoz\u00e1si linket:\u00a0 www.magyar-misszio.ch\/feliratkozas vagy:\u00a0<a href=\"https:\/\/listamester.hu\/forms\/fe\/1\/8\/7\/3\/18731.html\">https:\/\/listamester.hu\/forms\/fe\/1\/8\/7\/3\/18731.html<\/a><\/span><\/p><div class=\"LMSubscribeForm\"><form id=\"lmForm253129\" accept-charset=\"UTF-8\" action=\"https:\/\/listamester.hu\/restApi\/srv\/processSubscription\" method=\"POST\" target=\"_top\"><div id=\"formBox253129\" class=\"LMFormBox LMblocked LMtopLabel LMrounded LMverticalGapClassic LMbw\" style=\"font-family: Arial, Helvetica, sans-serif; background-color: #f2f2f2; border: 1px solid #c2c0c2; border-radius: 5px; box-sizing: border-box; margin: 1.5em auto; padding: 1.5em;\"><div class=\"controlsBox\"><div class=\"fieldsetBox\"><div class=\"fieldContainer\" style=\"margin-bottom: 0.8em;\"><div class=\"fieldInner\"><div class=\"fieldsetBox\"><div class=\"controlContainer lm_email_box\" style=\"display: flex; flex-direction: column;\"><label class=\"labelText\" style=\"vertical-align: middle; font-size: 1em; margin-bottom: 0.75em;\">Email*<\/label><div class=\"inputContainer\"><input id=\"email_47942\" style=\"font-size: 1em; border: 1px solid #c2c0c2; border-radius: 5px; box-sizing: border-box; outline-color: transparent; outline-style: none; padding: 0.3em 0.6em; width: 100%;\" title=\"\" name=\"LM_Email47942\" required=\"\" type=\"email\" placeholder=\"\" \/><br \/><i class=\"LMbar\"><\/i><\/div><\/div><\/div><\/div><\/div><div class=\"fieldContainer\" style=\"margin-bottom: 0.8em;\"><div class=\"fieldInner\"><div class=\"fieldsetBox\"><div class=\"controlContainer lm_name_box\" style=\"display: flex; flex-direction: column;\"><label class=\"labelText\" style=\"vertical-align: middle; font-size: 1em; margin-bottom: 0.75em;\">N\u00e9v*<\/label><div class=\"inputContainer\"><input id=\"name_47942\" style=\"font-size: 1em; border: 1px solid #c2c0c2; border-radius: 5px; box-sizing: border-box; outline-color: transparent; outline-style: none; padding: 0.3em 0.6em; width: 100%;\" title=\"\" name=\"LM_Name47942\" required=\"\" type=\"text\" value=\"\" placeholder=\"\" \/><br \/><i class=\"LMbar\"><\/i><\/div><\/div><\/div><\/div><\/div><div class=\"fieldContainer\" style=\"margin-bottom: 0.8em;\"><div class=\"fieldInner\"><div class=\"fieldsetBox\"><div class=\"controlContainer lm_input_box_94279\" style=\"display: flex; flex-direction: column;\"><label class=\"labelText\" style=\"vertical-align: middle; font-size: 1em; margin-bottom: 0.75em;\">keresztn\u00e9v, megsz\u00f3l\u00edt\u00e1s*<\/label><div class=\"inputContainer\"><input id=\"formControlID243439\" style=\"font-size: 1em; border: 1px solid #c2c0c2; border-radius: 5px; box-sizing: border-box; outline-color: transparent; outline-style: none; padding: 0.3em 0.6em; width: 100%;\" title=\"\" name=\"LM_Answer94279\" required=\"\" type=\"text\" value=\"\" placeholder=\"\" \/><br \/><i class=\"LMbar\"><\/i><\/div><\/div><\/div><\/div><\/div><div class=\"fieldContainer\" style=\"margin-bottom: 0.8em;\"><div class=\"fieldInner\"><div class=\"fieldsetBox\"><div class=\"controlContainer lm_input_box_94280\" style=\"display: flex; flex-direction: column;\"><label class=\"labelText\" style=\"vertical-align: middle; font-size: 1em; margin-bottom: 0.75em;\">mobil-telefonsz\u00e1m (Handy, Natel)<\/label><div class=\"inputContainer\"><input id=\"formControlID243441\" style=\"font-size: 1em; border: 1px solid #c2c0c2; border-radius: 5px; box-sizing: border-box; outline-color: transparent; outline-style: none; padding: 0.3em 0.6em; width: 100%;\" title=\"\" name=\"LM_Answer94280\" type=\"text\" value=\"\" placeholder=\"\" \/><br \/><i class=\"LMbar\"><\/i><\/div><\/div><\/div><\/div><\/div><div class=\"fieldContainer\" style=\"margin-bottom: 0.8em;\"><div class=\"fieldInner\"><div class=\"fieldsetBox\"><div class=\"controlContainer lm_input_box_94281\" style=\"display: flex; flex-direction: column;\"><label class=\"labelText\" style=\"vertical-align: middle; font-size: 1em; margin-bottom: 0.75em;\">c\u00edm (legal\u00e1bb v\u00e1ros)*<\/label><div class=\"inputContainer\"><input id=\"formControlID243443\" style=\"font-size: 1em; border: 1px solid #c2c0c2; border-radius: 5px; box-sizing: border-box; outline-color: transparent; outline-style: none; padding: 0.3em 0.6em; width: 100%;\" title=\"\" name=\"LM_Answer94281\" required=\"\" type=\"text\" value=\"\" placeholder=\"\" \/><br \/><i class=\"LMbar\"><\/i><\/div><\/div><\/div><\/div><\/div><div class=\"fieldContainer\" style=\"margin-bottom: 0.8em;\"><div class=\"fieldInner\"><div class=\"fieldsetBox\"><div class=\"controlContainer lm_input_box_94283\" style=\"display: flex; flex-direction: column;\"><label class=\"labelText lmRadioLabel\" style=\"vertical-align: middle; font-size: 1em; margin-bottom: 0.75em;\">kisebb pl.z\u00fcrichi programokr\u00f3l j\u00f6jj\u00f6n email?<\/label><div class=\"inputContainer form-radio\"><div id=\"formControlID243445\" class=\"formControlContainer radio v-group\" title=\"\"><div><label style=\"font-size: 1em; margin-bottom: 0.35em; cursor: pointer; display: block; padding-left: 2em; position: relative; text-align: left;\"><br \/><input id=\"ao_261487\" style=\"left: 0px; position: absolute; width: auto;\" name=\"LM_Answer94283\" required=\"\" type=\"radio\" value=\"261487\" \/><br \/><span class=\"labelText\" style=\"font-size: 1em; position: relative; top: 0.2ex;\">igen<\/span><br \/><\/label><\/div><div><label style=\"font-size: 1em; margin-bottom: 0.35em; cursor: pointer; display: block; padding-left: 2em; position: relative; text-align: left;\"><br \/><input id=\"ao_261488\" style=\"left: 0px; position: absolute; width: auto;\" name=\"LM_Answer94283\" required=\"\" type=\"radio\" value=\"261488\" \/><br \/><span class=\"labelText\" style=\"font-size: 1em; position: relative; top: 0.2ex;\">nem<\/span><br \/><\/label><\/div><div><label style=\"font-size: 1em; margin-bottom: 0px; cursor: pointer; display: block; padding-left: 2em; position: relative; text-align: left;\"><br \/><input id=\"ao_426937\" style=\"left: 0px; position: absolute; width: auto;\" name=\"LM_Answer94283\" required=\"\" type=\"radio\" value=\"426937\" \/><br \/><span class=\"labelText\" style=\"font-size: 1em; position: relative; top: 0.2ex;\">m\u00e9g nincs v\u00e1lasz<\/span><br \/><\/label><\/div><\/div><\/div><\/div><\/div><\/div><\/div><div class=\"fieldContainer\" style=\"margin-bottom: 0.8em;\"><div class=\"fieldInner\"><div class=\"fieldsetBox\"><div class=\"controlContainer lm_input_box_94284\" style=\"display: flex; flex-direction: column;\"><label class=\"labelText\" style=\"vertical-align: middle; font-size: 1em; margin-bottom: 0.75em;\">m\u00e1sodlagos telefonsz\u00e1m,pl.vezet\u00e9kes<\/label><div class=\"inputContainer\"><input id=\"formControlID243450\" style=\"font-size: 1em; border: 1px solid #c2c0c2; border-radius: 5px; box-sizing: border-box; outline-color: transparent; outline-style: none; padding: 0.3em 0.6em; width: 100%;\" title=\"\" name=\"LM_Answer94284\" type=\"text\" value=\"\" placeholder=\"m\u00e1sodlagos telefonsz\u00e1m,pl.vezet\u00e9kes\" \/><br \/><i class=\"LMbar\"><\/i><\/div><\/div><\/div><\/div><\/div><div class=\"fieldContainer\" style=\"margin-bottom: 0.8em;\"><div class=\"fieldInner\"><div class=\"fieldsetBox\"><div class=\"controlContainer lm_input_box_94285\" style=\"display: flex; flex-direction: column;\"><label class=\"labelText\" style=\"vertical-align: middle; font-size: 1em; margin-bottom: 0.75em;\">m\u00e1sodlagos email, ha megsz\u0171nne az els\u0151<\/label><div class=\"inputContainer\"><textarea id=\"formControlID243452\" style=\"font-size: 1rem; border: 1px solid #c2c0c2; border-radius: 5px; box-sizing: border-box; outline-color: transparent; outline-style: none; padding: 0.3em 0.6em; width: 100%; font-family: inherit; min-height: 6em;\" title=\"\" name=\"LM_Answer94285\" placeholder=\"m\u00e1sodlagos email, ha megsz\u0171nne az els\u0151\"><\/textarea><br \/><i class=\"LMbar\"><\/i><\/div><\/div><\/div><\/div><\/div><div class=\"fieldContainer\" style=\"margin-bottom: 0.8em;\"><div class=\"fieldInner\"><div class=\"fieldsetBox\"><div class=\"controlContainer lm_input_box_94286\" style=\"display: flex; flex-direction: column;\"><label class=\"labelText\" style=\"vertical-align: middle; font-size: 1em; margin-bottom: 0.75em;\">sz\u00fclet\u00e9snap<\/label><div class=\"inputContainer\"><input id=\"formControlID243454\" title=\"\" name=\"LM_Answer94286\" type=\"date\" placeholder=\"sz\u00fclet\u00e9snap\" \/><br \/><i class=\"LMbar\"><\/i><\/div><\/div><\/div><\/div><\/div><div class=\"fieldContainer\" style=\"margin-bottom: 0.8em;\"><div class=\"fieldInner\"><div class=\"fieldsetBox\"><div class=\"controlContainer lm_input_box_94287\" style=\"display: flex; flex-direction: column;\"><label class=\"labelText\" style=\"vertical-align: middle; font-size: 1em; margin-bottom: 0.75em;\">n\u00e9vnap<\/label><div class=\"inputContainer\"><input id=\"formControlID243456\" title=\"\" name=\"LM_Answer94287\" type=\"date\" placeholder=\"n\u00e9vnap\" \/><br \/><i class=\"LMbar\"><\/i><\/div><\/div><\/div><\/div><\/div><div class=\"fieldContainer\" style=\"margin-bottom: 0.8em;\"><div class=\"fieldInner\"><div class=\"fieldsetBox\"><div class=\"controlContainer lm_input_box_94288\" style=\"display: flex; flex-direction: column;\"><label class=\"labelText\" style=\"vertical-align: middle; font-size: 1em; margin-bottom: 0.75em;\">megjegyz\u00e9s, \u00fczenet<\/label><div class=\"inputContainer\"><textarea id=\"formControlID243458\" style=\"font-size: 1rem; border: 1px solid #c2c0c2; border-radius: 5px; box-sizing: border-box; outline-color: transparent; outline-style: none; padding: 0.3em 0.6em; width: 100%; font-family: inherit; min-height: 6em;\" title=\"\" name=\"LM_Answer94288\" placeholder=\"megjegyz\u00e9s, \u00fczenet\"><\/textarea><br \/><i class=\"LMbar\"><\/i><\/div><\/div><\/div><\/div><\/div><\/div><div class=\"buttonFieldsetBox\" style=\"text-align: center; margin-bottom: 0.8em;\"><button id=\"formControlID243428\" class=\"LMsubmitBtn\" style=\"font-size: 1em; text-transform: uppercase; background: #1f1f1f; border: none; border-radius: 5px; color: #ffffff; padding: 0.5em 1em; transition: background-color 0.3s;\" title=\"\" type=\"submit\">Adatok elk\u00fcld\u00e9se<\/button><\/div><\/div><p><input id=\"LMInviter_253129\" name=\"LM_InvitedBy\" type=\"hidden\" \/><br \/><input id=\"LMVisitor_253129\" name=\"LM_VisitedBy\" type=\"hidden\" \/><br \/><input id=\"LMPartner_253129\" name=\"LM_Partner\" type=\"hidden\" \/><br \/><input id=\"LMSubscriptionUrl_253129\" name=\"LM_SubscriptionUrl\" type=\"hidden\" value=\"https:\/\/listamester.hu\/formEditor\/\" \/><br \/><script>\n                                    function FillGetParams() {\n                                        var url = window.location.href.toString();\n                                        document.getElementById('LMSubscriptionUrl_253129').value = url;\n                                        if(url.indexOf('?')>=0) {\n                                            var qstr = url.split('?')[1];\n                                            var qpars = qstr.split('&');\n                                            for (var i=0; i<qpars.length; i++) {\n                                                var nv = qpars[i].split('=');\n                                                var name = nv[0];\n                                                var val = nv[1];\n                                                if (name==='inviter') {\n                                                    document.getElementById('LMInviter_253129').value = val;\n                                                }\n                                                if (name==='visitor') {\n                                                    document.getElementById('LMVisitor_253129').value = val;\n                                                }\n                                                if (name==='partner') {\n                                                    document.getElementById('LMPartner_253129').value = val;\n                                                }\n                                            }\n                                        }\n                                    }\n                                    setTimeout(FillGetParams, 1000);\n                                <\/script><\/p><\/div><p><input name=\"LM_GroupID\" type=\"hidden\" value=\"47942\" \/><br \/><input name=\"LM_FormID\" type=\"hidden\" value=\"18731\" \/><\/p><\/form><\/div><p><script>\ndocument.getElementById(\"lmForm253129\").addEventListener(\"submit\", function(event) {\n  var sbtn = document.getElementsByClassName(\"LMsubmitBtn\")[0];\n  sbtn.disabled = true;\n  sbtn.style.textDecoration = \"underline\";\n  sbtn.classList.add(\"LMBlinking\");\n});\n<\/script><br \/><script>\nfunction LMInitSubscriptionDataUpdater() {\n    var params = new URLSearchParams(window.location.search);\n    var mid = params.get('mid');\n    if (!!mid) {\n        var xhr = new XMLHttpRequest();\n        var url = '\/restApi\/srv\/ObtainMemberDetails\/' + mid;\n        xhr.open(\"GET\", url, true);\n        xhr.onreadystatechange = function () {\n            if (this.readyState === 4 && this.status === 200) {\n                var m = JSON.parse(this.responseText);\n                if (!m) return;\n                var gid = m['groupId'];\n                if (!gid) return;\n                document.getElementsByName('LM_VisitedBy')[0].value = m.id;\n                for (var key in m) {\n                    var values = m[key];\n                    for (var vidx = 0; vidx < values.length; vidx++) { var value = values[vidx]; var ctrls = document.getElementsByName(key); if (ctrls &#038;&#038; ctrls.length > 0) {\n                            var ctrl0 = ctrls[0];\n                            if (ctrl0.tagName === 'INPUT') {\n                                switch (ctrl0.type) {\n                                    case 'radio':\n                                    case 'checkbox':\n                                        for (var i = 0; i < ctrls.length; i++) {\n                                            ctrl = ctrls[i];\n                                            if (ctrl.value === value) ctrl.checked = true;\n                                        }\n                                        break;\n                                    default:\n                                        \/\/ text, email\n                                        ctrl0.value = value;\n                                }\n                            } else {\n                                \/\/ tagName === SELECT\n                                if (ctrl0.multiple) {\n                                    for (var i = 0; i < ctrl0.options.length; i++) {\n                                        var o = ctrl0.options[i];\n                                        if (o.value === value) o.selected = true;\n                                    }\n                                } else {\n                                    ctrl0.value = value;\n                                }\n                            }\n                        }\n                    }\n                }\n            }\n        };\n        xhr.send();        \n    }\n}\nLMInitSubscriptionDataUpdater();\n<\/script><\/p><p><!-- ListaMester URLAP VEGE --><\/p>\t\t\t\t\t\t\t\t<\/div>\n\t\t\t\t<\/div>\n\t\t\t\t\t<\/div>\n\t\t<\/div>\n\t\t\t\t\t<\/div>\n\t\t<\/section>\n\t\t\t\t<\/div>\n\t\t","protected":false},"excerpt":{"rendered":"<p>Szeretettel k\u00f6sz\u00f6nt\u00f6m misszi\u00f3nk h\u00edrlevel\u00e9nek feliratoz\u00f3 \u0171rlapj\u00e1n! &#8211; k\u00fcl\u00f6n lista a t\u00f6bbi v\u00e1rosunk szentmis\u00e9ihez ld. ide kattintva&#8230;. Tisztelettel k\u00e9rj\u00fck, hogy\u00a0egy jobb \u00f6sszefog\u00e1s \u00a0\u00e9s inform\u00e1ci\u00f3ink eljuttat\u00e1sa \u00e9rdek\u00e9beniratkozzon fel\u00a0h\u00edrlevel\u00fcnkre! Sv\u00e1jcban nagyon sok magyar katolikus csal\u00e1d van, de csak nagyon kev\u00e9ssel van kapcsolatunk \u00e9s m\u00e9g kevesebb email-c\u00edmre tudjuk elk\u00fcldeni \u00fczeneteinket, ez\u00e9rt \u00e1ldja meg az \u00dar, ha terjeszti a feliratkoz\u00e1si &hellip; <\/p>\n<p class=\"link-more\"><a href=\"https:\/\/magyar-misszio.ch\/?page_id=101\" class=\"more-link\"><span class=\"screen-reader-text\">\u201eemail-hirlev\u00e9l\u201c<\/span> weiterlesen<\/a><\/p>\n","protected":false},"author":1,"featured_media":0,"parent":0,"menu_order":0,"comment_status":"closed","ping_status":"closed","template":"","meta":{"footnotes":""},"class_list":["post-101","page","type-page","status-publish","hentry"],"_links":{"self":[{"href":"https:\/\/magyar-misszio.ch\/index.php?rest_route=\/wp\/v2\/pages\/101","targetHints":{"allow":["GET"]}}],"collection":[{"href":"https:\/\/magyar-misszio.ch\/index.php?rest_route=\/wp\/v2\/pages"}],"about":[{"href":"https:\/\/magyar-misszio.ch\/index.php?rest_route=\/wp\/v2\/types\/page"}],"author":[{"embeddable":true,"href":"https:\/\/magyar-misszio.ch\/index.php?rest_route=\/wp\/v2\/users\/1"}],"replies":[{"embeddable":true,"href":"https:\/\/magyar-misszio.ch\/index.php?rest_route=%2Fwp%2Fv2%2Fcomments&post=101"}],"version-history":[{"count":11,"href":"https:\/\/magyar-misszio.ch\/index.php?rest_route=\/wp\/v2\/pages\/101\/revisions"}],"predecessor-version":[{"id":7302,"href":"https:\/\/magyar-misszio.ch\/index.php?rest_route=\/wp\/v2\/pages\/101\/revisions\/7302"}],"wp:attachment":[{"href":"https:\/\/magyar-misszio.ch\/index.php?rest_route=%2Fwp%2Fv2%2Fmedia&parent=101"}],"curies":[{"name":"wp","href":"https:\/\/api.w.org\/{rel}","templated":true}]}}