{"id":1020,"date":"2019-03-01T11:21:47","date_gmt":"2019-03-01T11:21:47","guid":{"rendered":"http:\/\/magyar-misszio.ch\/?page_id=1020"},"modified":"2019-03-01T11:21:47","modified_gmt":"2019-03-01T11:21:47","slug":"boejte2019","status":"publish","type":"page","link":"https:\/\/magyar-misszio.ch\/?page_id=1020","title":{"rendered":"B\u00f6jte2019"},"content":{"rendered":"<p><img fetchpriority=\"high\" decoding=\"async\" class=\"size-medium wp-image-1018 alignleft\" src=\"https:\/\/magyar-misszio.ch\/wp-content\/uploads\/2019\/03\/B\u00f6jte2019..jpg-300x202.jpg\" alt=\"\" width=\"300\" height=\"202\" data-id=\"1018\" srcset=\"https:\/\/magyar-misszio.ch\/wp-content\/uploads\/2019\/03\/B\u00f6jte2019..jpg-300x202.jpg 300w, https:\/\/magyar-misszio.ch\/wp-content\/uploads\/2019\/03\/B\u00f6jte2019..jpg.jpg 747w\" sizes=\"(max-width: 300px) 100vw, 300px\" \/><span style=\"color: #ff0000;\"><strong>B\u00f6jte Csaba aty\u00e1t \u00e9s 8 kiskorukt\u00f3l nevelt fiatalt k\u00f6sz\u00f6nthett\u00fcnk k\u00f6r\u00fcnkben<\/strong><\/span><\/p>\n<p>Err\u0151l az 51. \u00e9s 52. h\u00edrleveleinkben adtunk h\u00edrt:<\/p>\n<p>&nbsp;<\/p>\n<p style=\"text-align: justify;\"><span style=\"color: #0000ff;\"><strong>B\u00f6jte Csaba testv\u00e9r \u00e9s a d\u00e9vai gyerekek<\/strong><strong><br \/>\n<\/strong><strong>febr. 19., kedd 19.00-21.30, Bruder Klaus Pfarrei Nagyterme<\/strong><\/span><\/p>\n<p>B\u00f6jte Csaba testv\u00e9r Z\u00fcrichbe l\u00e1togat, hogy egy j\u00f3t\u00e9konys\u00e1gi el\u0151ad\u00e1st tartson, amit egy koncert k\u00f6vet majd a Csaba testv\u00e9rrel \u00e9rkez\u0151 gyerekek el\u0151ad\u00e1s\u00e1ban. A teljes bev\u00e9tel a d\u00e9vai Szent Ferenc Alap\u00edtv\u00e1ny jav\u00e1ra lesz felaj\u00e1nlva, \u00e9s a szervez\u0151k v\u00e1rj\u00e1k a helysz\u00ednen is az esetleges adom\u00e1nyokat. Jegyv\u00e1s\u00e1rl\u00e1s: <a href=\"https:\/\/apc01.safelinks.protection.outlook.com\/?url=http%3A%2F%2Fsikeres-magyarok-europaban.hu%2Fbojtecsaba%2F&amp;data=02%7C01%7C%7C11c186e549d94597665f08d6928293ac%7C84df9e7fe9f640afb435aaaaaaaaaaaa%7C1%7C0%7C636857486983896472&amp;sdata=KQi%2Bck3h3bBVIbTDkrh54a%2BcPuLN8ybpp9SXzMrklhE%3D&amp;reserved=0\">http:\/\/sikeres-magyarok-europaban.hu\/bojtecsaba\/<\/a> (adatok kit\u00f6lt\u00e9se ut\u00e1n utalni kell). Az internetes weblapon kereszt\u00fcl 49 frank a jegy \u00e1ra, helysz\u00ednen 59 lesz.\u00a0 \u00a0 \u00a0\u00a0<em>A szervez\u0151k:Sikeres magyarok Eur\u00f3p\u00e1ban<\/em><\/p>\n<p><span style=\"color: #0000ff;\"><strong>K\u00f6sz\u00f6net az \u00f6sszefog\u00e1s\u00e9rt\u2026\u00a0 <\/strong><\/span><\/p>\n<p style=\"text-align: justify;\">B\u00f6jte Csaba testv\u00e9r 8 D\u00e9v\u00e1n felnevelt gyermekkel-fiatallal Z\u00fcrichbe l\u00e1togatott kedden, \u00e9s b\u00e1r (mivel nem mi voltunk a szervez\u0151k), de jelent\u0151s seg\u00edts\u00e9get tudtunk adni az \u00f6sszefog\u00e1sunkkal \u00e9s \u00edgy nagyon j\u00f3 \u00e9rz\u00e9ssel tudtak hazat\u00e9rni kedves vend\u00e9geink. A szervez\u0151 Keresztes \u00c1d\u00e1m \u00edgy \u00edrt nekem, nek\u00fcnk: <em>\u201e\u00e1tadtam Csaba testv\u00e9rnek a bev\u00e9telt \u00e9s az adom\u00e1nyokat. Szeretn\u00e9m megosztani veletek, hogy egy fantasztikus \u00f6sszeg gy\u0171lt \u00f6ssze, mindenkinek h\u00e1l\u00e1s vagyok \u00e9rte! L\u00e1tszik, hogy mennyire j\u00f3 \u00e9s er\u0151s k\u00f6z\u00f6ss\u00e9g van itt, k\u00f6sz\u00f6n\u00f6m nektek!\u201d<\/em><\/p>\n<p style=\"text-align: justify;\"><strong><u>Ut\u00f3lagos inform\u00e1ci\u00f3:<\/u><\/strong> a szervez\u0151k j\u00fanius k\u00f6zep\u00e9n utaznak D\u00e9v\u00e1ra, \u00e9s ha addig m\u00e9g valaki szeretne valamilyen t\u00e1rgyi aj\u00e1nd\u00e9kkal hozz\u00e1j\u00e1rulni az ottaniak \u00e9let\u00e9hez, akkor azt el tudj\u00e1k juttatni, \u00e9s le lehet adni a szervez\u0151k rendezv\u00e9nyein (http:\/\/sikeres-magyarok.hu\/. (Pl. hasznos lehetne: ed\u00e9nyek, fazekak, serpeny\u0151k, ruh\u00e1k. De minden\u00e9rt h\u00e1l\u00e1sak.)<\/p>\n<p><strong>Jelk\u00e9pes \u00f6r\u00f6kbefogad\u00e1s<\/strong><\/p>\n<p style=\"text-align: justify;\">Csaba az el\u0151ad\u00e1sa ut\u00e1n a figyelm\u00fcnkbe aj\u00e1nlott egy gondolatot. Lehet\u0151s\u00e9g van jelk\u00e9pesen \u201e\u00f6r\u00f6kbe fogadni\u201d a d\u00e9vai gyerekotthon \u00e1ltal gondozott gyerekek k\u00f6z\u00fcl. Teh\u00e1t kiv\u00e1laszthatok egy konkr\u00e9t gyermeket, akir\u0151l a D\u00e9vai Alap\u00edtv\u00e1ny az adom\u00e1nyomb\u00f3l gondoskodik r\u00f3la. Tudod mennyivel tudsz hozz\u00e1j\u00e1rulni egy gyerek boldogs\u00e1g\u00e1hoz? Napi 1 \u20ac-val. Igen, napi 1 Eur\u00f3t k\u00e9r az Alap\u00edtv\u00e1ny gyerekenk\u00e9nt, azaz havi 30 Eur\u00f3t. K\u00e9s\u0151bb (j\u00f6v\u0151re, vagy?) szeretn\u00e9nk folytatni \u00f6sszefog\u00e1sunkat Csaba testv\u00e9rt t\u00e1mogatva, de aki m\u00e1r most szeretne \u00edgy is seg\u00edteni, az nyugodtan sz\u00f3ljon nek\u00fcnk, karit\u00e1sz-csoportunknak.<br \/>\nN\u00e9h\u00e1ny perces <span style=\"color: #0000ff;\"><strong>vide\u00f3-\u00f6ssze\u00e1ll\u00edt\u00e1st<\/strong><\/span> l\u00e1sd: <span style=\"color: #0000ff;\"><a style=\"color: #0000ff;\" href=\"https:\/\/magyar-misszio.ch\/?page_id=208\">honlapunk\/l\u00e1tnival\u00f3 men\u00fcpontn\u00e1l.<\/a><\/span><\/p>\n<p>&nbsp;<\/p>\n","protected":false},"excerpt":{"rendered":"<p>B\u00f6jte Csaba aty\u00e1t \u00e9s 8 kiskorukt\u00f3l nevelt fiatalt k\u00f6sz\u00f6nthett\u00fcnk k\u00f6r\u00fcnkben Err\u0151l az 51. \u00e9s 52. h\u00edrleveleinkben adtunk h\u00edrt: &nbsp; B\u00f6jte Csaba testv\u00e9r \u00e9s a d\u00e9vai gyerekek febr. 19., kedd 19.00-21.30, Bruder Klaus Pfarrei Nagyterme B\u00f6jte Csaba testv\u00e9r Z\u00fcrichbe l\u00e1togat, hogy egy j\u00f3t\u00e9konys\u00e1gi el\u0151ad\u00e1st tartson, amit egy koncert k\u00f6vet majd a Csaba testv\u00e9rrel \u00e9rkez\u0151 gyerekek el\u0151ad\u00e1s\u00e1ban. &hellip; <\/p>\n<p class=\"link-more\"><a href=\"https:\/\/magyar-misszio.ch\/?page_id=1020\" class=\"more-link\"><span class=\"screen-reader-text\">\u201eB\u00f6jte2019\u201c<\/span> weiterlesen<\/a><\/p>\n","protected":false},"author":2,"featured_media":0,"parent":0,"menu_order":0,"comment_status":"closed","ping_status":"closed","template":"","meta":{"footnotes":""},"class_list":["post-1020","page","type-page","status-publish","hentry"],"_links":{"self":[{"href":"https:\/\/magyar-misszio.ch\/index.php?rest_route=\/wp\/v2\/pages\/1020","targetHints":{"allow":["GET"]}}],"collection":[{"href":"https:\/\/magyar-misszio.ch\/index.php?rest_route=\/wp\/v2\/pages"}],"about":[{"href":"https:\/\/magyar-misszio.ch\/index.php?rest_route=\/wp\/v2\/types\/page"}],"author":[{"embeddable":true,"href":"https:\/\/magyar-misszio.ch\/index.php?rest_route=\/wp\/v2\/users\/2"}],"replies":[{"embeddable":true,"href":"https:\/\/magyar-misszio.ch\/index.php?rest_route=%2Fwp%2Fv2%2Fcomments&post=1020"}],"version-history":[{"count":1,"href":"https:\/\/magyar-misszio.ch\/index.php?rest_route=\/wp\/v2\/pages\/1020\/revisions"}],"predecessor-version":[{"id":1021,"href":"https:\/\/magyar-misszio.ch\/index.php?rest_route=\/wp\/v2\/pages\/1020\/revisions\/1021"}],"wp:attachment":[{"href":"https:\/\/magyar-misszio.ch\/index.php?rest_route=%2Fwp%2Fv2%2Fmedia&parent=1020"}],"curies":[{"name":"wp","href":"https:\/\/api.w.org\/{rel}","templated":true}]}}