{"id":1052,"date":"2019-09-06T16:35:35","date_gmt":"2019-09-06T16:35:35","guid":{"rendered":"http:\/\/magyar-misszio.ch\/?page_id=1052"},"modified":"2019-09-19T15:58:06","modified_gmt":"2019-09-19T15:58:06","slug":"gondolatmorzsak","status":"publish","type":"page","link":"https:\/\/magyar-misszio.ch\/?page_id=1052","title":{"rendered":"gondolatmorzsak"},"content":{"rendered":"<table style=\"width: 100%; border-collapse: collapse;\" cellpadding=\"4 pt\">\n<tbody>\n<tr style=\"text-align: justify;\">\n<td style=\"width: 50%; background-color: #739ede; text-align: center;\" colspan=\"2\"><span style=\"font-size: 18pt; color: #ffffff;\"><strong>Gondolatmorzs\u00e1k<\/strong><\/span><\/td>\n<\/tr>\n<tr>\n<td style=\"width: 50%; padding: 10px; background-color: #739ede; text-align: justify;\" colspan=\"2\"><span style=\"color: #ffffff; font-size: 12pt;\"><img fetchpriority=\"high\" decoding=\"async\" class=\"size-medium wp-image-1237 alignleft\" src=\"https:\/\/magyar-misszio.ch\/wp-content\/uploads\/2019\/09\/gondolatmorzsak-300x180.jpg\" alt=\"\" width=\"300\" height=\"180\" data-id=\"1237\" \/>[su_expand link_color=&#8220;#ff6600&#8243; more_text=&#8220;tov\u00e1bb&#8220; less_text=&#8220;\u00f6sszecsuk&#8220;\u00a0 height=&#8220;200&#8243;]<\/span><span style=\"color: #ffffff; font-size: 12pt;\">Ez az oldal amolyan \u201cgondolat-morzs\u00e1k\u201d, \u201cfalatk\u00e1k\u201d egy nagyobb lakom\u00e1b\u00f3l, \u201cgy\u00f6ngyszemek\u201d egy kincst\u00e1rb\u00f3l. Ezek a gondolatok, mint tan\u00edt\u00e1sok hangzottak el egyh\u00e1zk\u00f6zs\u00e9geink szentmis\u00e9in, tal\u00e1lkoz\u00e1sain, vagy k\u00f6z\u00f6ss\u00e9gi besz\u00e9lget\u00e9sekben. Itt eml\u00e9keztet\u0151kk\u00e9nt, m\u00e9rf\u00f6ldk\u00f6vekk\u00e9nt \u00e9s ir\u00e1nyt\u0171kk\u00e9nt olvashatjuk ezeket. Akik pedig nem voltak r\u00e9szesei ezeknek a tal\u00e1lkoz\u00e1soknak, rem\u00e9lj\u00fck, hogy hasznosnak tal\u00e1lj\u00e1k ezeket a morzs\u00e1kat&#8230; ahogy J\u00e9zusnak v\u00e1laszolt egy asszony, aki nem tartozott a k\u00f6z\u00f6ss\u00e9g\u00fckh\u00f6z: \u201cUram, az asztal alatt a kiskuty\u00e1k is esznek a gyermekek morzs\u00e1ib\u00f3l!\u201d (Mk 7,28)[\/su_expand]<\/span><\/td>\n<\/tr>\n<tr>\n<td style=\"width: 50%; text-align: justify;\" colspan=\"2\"><img decoding=\"async\" class=\"wp-image-1244 alignleft\" src=\"https:\/\/magyar-misszio.ch\/wp-content\/uploads\/2019\/09\/spesalvi.jpg-150x150.jpg\" alt=\"\" width=\"119\" height=\"119\" data-id=\"1244\" srcset=\"https:\/\/magyar-misszio.ch\/wp-content\/uploads\/2019\/09\/spesalvi.jpg-150x150.jpg 150w, https:\/\/magyar-misszio.ch\/wp-content\/uploads\/2019\/09\/spesalvi.jpg-100x100.jpg 100w\" sizes=\"(max-width: 119px) 100vw, 119px\" \/>[su_expand more_text=&#8220;tov\u00e1bb&#8220; less_text=&#8220;\u00f6sszecsuk&#8220; height=&#8220;150&#8243;] <strong><span style=\"color: #ff0000;\">&#8222;Rem\u00e9nyre lett\u00fcnk megv\u00e1ltva&#8220;<\/span><\/strong><br \/>\nXVI. Benedek p\u00e1pa ezzel a c\u00edmmel kezdik egyik legszebb enciklik\u00e1j\u00e1t, amiben kifejezi meggy\u0151z\u0151d\u00e9s\u00e9t, hogy az \u00f6r\u00f6k \u00e9letbe vetett hit\u00fcnk n\u00e9lk\u00fcl \u00e9rtelmetlen a kereszt\u00e9nys\u00e9g (vagyis a felt\u00e1mad\u00e1s n\u00e9lk\u00fcl). <strong><span style=\"color: #0000ff;\">Mi\u00e9rt nem j\u00f6n sok ember<\/span><\/strong> a templomba? Azt v\u00e1laszolja, hogy<em> &#8222;sok ember az\u00e9rt nem akarja a hitet, mert az \u00f6r\u00f6k \u00e9let nem k\u00edv\u00e1natos sz\u00e1mukra. Egy\u00e1ltal\u00e1n nem az \u00f6r\u00f6k \u00e9letet akarj\u00e1k, hanem ezt a jelenlegi \u00e9letet, \u00e9s ebben a hit \u00e9ppen sokszor akad\u00e1ly jelent.&#8220; &#8222;A hit jelenlegi v\u00e1ls\u00e1ga mindenekel\u0151tt a kereszt\u00e9ny rem\u00e9ny v\u00e1ls\u00e1ga.&#8220;<\/em>\u00a0A p\u00e1pa id\u00e9zi Szent \u00c1gostont: &#8222;K\u00e9pzeld el, hogy <strong>Isten m\u00e9zzel akar t\u00e9ged megt\u00f6lteni<\/strong>. De ha m\u00e1r tele vagy ecettel, hov\u00e1 f\u00e9r a m\u00e9z? Az ed\u00e9nyt, a sz\u00edvedet, meg kell tiszt\u00edtani az ecett\u0151l.&#8220;[\/su_expand]<img decoding=\"async\" class=\"alignleft wp-image-1306 size-thumbnail\" src=\"https:\/\/magyar-misszio.ch\/wp-content\/uploads\/2019\/09\/felt\u00e1madt-Olt\u00e1risz-150x150.jpg\" alt=\"\" width=\"150\" height=\"150\" data-id=\"1306\" srcset=\"https:\/\/magyar-misszio.ch\/wp-content\/uploads\/2019\/09\/felt\u00e1madt-Olt\u00e1risz-150x150.jpg 150w, https:\/\/magyar-misszio.ch\/wp-content\/uploads\/2019\/09\/felt\u00e1madt-Olt\u00e1risz-100x100.jpg 100w\" sizes=\"(max-width: 150px) 100vw, 150px\" \/><strong><span style=\"color: #ff0000;\">\u00d6nazonoss\u00e1gunkhoz: az Euchariszti\u00e1hoz<\/span><\/strong><br \/>\n<span style=\"font-size: 12pt;\">A katolikus egyh\u00e1z igazi v\u00e1lasza a modern vil\u00e1g sz\u00e1m\u00e1ra. Ha komolyan vessz\u00fck az Euchariszti\u00e1t, a k\u00f6zt\u00fcnk jelen l\u00e9v\u0151 J\u00e9zust, akkor o\u00e1zisokk\u00e1 v\u00e1ltoznak a k\u00f6z\u00f6ss\u00e9geink. Nagy n\u00e9p\u00fcnnep\u00e9ly\u00fcnkre k\u00e9sz\u00fclve l\u00e1sd <a href=\"https:\/\/magyar-misszio.ch\/?page_id=1303\">honlapunkat itt&#8230;<\/a><\/span><\/p>\n<p>&nbsp;<\/p>\n<p>&nbsp;<\/td>\n<\/tr>\n<\/tbody>\n<\/table>\n<p>&nbsp;<\/p>\n","protected":false},"excerpt":{"rendered":"<p>Gondolatmorzs\u00e1k [su_expand link_color=&#8220;#ff6600&#8243; more_text=&#8220;tov\u00e1bb&#8220; less_text=&#8220;\u00f6sszecsuk&#8220;\u00a0 height=&#8220;200&#8243;]Ez az oldal amolyan \u201cgondolat-morzs\u00e1k\u201d, \u201cfalatk\u00e1k\u201d egy nagyobb lakom\u00e1b\u00f3l, \u201cgy\u00f6ngyszemek\u201d egy kincst\u00e1rb\u00f3l. Ezek a gondolatok, mint tan\u00edt\u00e1sok hangzottak el egyh\u00e1zk\u00f6zs\u00e9geink szentmis\u00e9in, tal\u00e1lkoz\u00e1sain, vagy k\u00f6z\u00f6ss\u00e9gi besz\u00e9lget\u00e9sekben. Itt eml\u00e9keztet\u0151kk\u00e9nt, m\u00e9rf\u00f6ldk\u00f6vekk\u00e9nt \u00e9s ir\u00e1nyt\u0171kk\u00e9nt olvashatjuk ezeket. Akik pedig nem voltak r\u00e9szesei ezeknek a tal\u00e1lkoz\u00e1soknak, rem\u00e9lj\u00fck, hogy hasznosnak tal\u00e1lj\u00e1k ezeket a morzs\u00e1kat&#8230; ahogy J\u00e9zusnak v\u00e1laszolt &hellip; <\/p>\n<p class=\"link-more\"><a href=\"https:\/\/magyar-misszio.ch\/?page_id=1052\" class=\"more-link\"><span class=\"screen-reader-text\">\u201egondolatmorzsak\u201c<\/span> weiterlesen<\/a><\/p>\n","protected":false},"author":2,"featured_media":0,"parent":0,"menu_order":0,"comment_status":"closed","ping_status":"closed","template":"","meta":{"footnotes":""},"class_list":["post-1052","page","type-page","status-publish","hentry"],"_links":{"self":[{"href":"https:\/\/magyar-misszio.ch\/index.php?rest_route=\/wp\/v2\/pages\/1052","targetHints":{"allow":["GET"]}}],"collection":[{"href":"https:\/\/magyar-misszio.ch\/index.php?rest_route=\/wp\/v2\/pages"}],"about":[{"href":"https:\/\/magyar-misszio.ch\/index.php?rest_route=\/wp\/v2\/types\/page"}],"author":[{"embeddable":true,"href":"https:\/\/magyar-misszio.ch\/index.php?rest_route=\/wp\/v2\/users\/2"}],"replies":[{"embeddable":true,"href":"https:\/\/magyar-misszio.ch\/index.php?rest_route=%2Fwp%2Fv2%2Fcomments&post=1052"}],"version-history":[{"count":30,"href":"https:\/\/magyar-misszio.ch\/index.php?rest_route=\/wp\/v2\/pages\/1052\/revisions"}],"predecessor-version":[{"id":1317,"href":"https:\/\/magyar-misszio.ch\/index.php?rest_route=\/wp\/v2\/pages\/1052\/revisions\/1317"}],"wp:attachment":[{"href":"https:\/\/magyar-misszio.ch\/index.php?rest_route=%2Fwp%2Fv2%2Fmedia&parent=1052"}],"curies":[{"name":"wp","href":"https:\/\/api.w.org\/{rel}","templated":true}]}}