{"id":1071,"date":"2019-03-22T20:23:29","date_gmt":"2019-03-22T20:23:29","guid":{"rendered":"http:\/\/magyar-misszio.ch\/?page_id=1071"},"modified":"2019-03-22T20:29:21","modified_gmt":"2019-03-22T20:29:21","slug":"euch_csoda","status":"publish","type":"page","link":"https:\/\/magyar-misszio.ch\/?page_id=1071","title":{"rendered":"euch_csoda"},"content":{"rendered":"<div class=\"post-header\">\n<h1 class=\"cim entry-title\" style=\"text-align: center;\"><span style=\"color: #0000ff;\"><img fetchpriority=\"high\" decoding=\"async\" class=\"alignleft wp-image-1073 size-medium\" src=\"https:\/\/magyar-misszio.ch\/wp-content\/uploads\/2019\/03\/felt\u00e1madt-Olt\u00e1risz-216x300.jpg\" alt=\"\" width=\"216\" height=\"300\" data-id=\"1073\" srcset=\"https:\/\/magyar-misszio.ch\/wp-content\/uploads\/2019\/03\/felt\u00e1madt-Olt\u00e1risz-216x300.jpg 216w, https:\/\/magyar-misszio.ch\/wp-content\/uploads\/2019\/03\/felt\u00e1madt-Olt\u00e1risz-768x1066.jpg 768w, https:\/\/magyar-misszio.ch\/wp-content\/uploads\/2019\/03\/felt\u00e1madt-Olt\u00e1risz-738x1024.jpg 738w, https:\/\/magyar-misszio.ch\/wp-content\/uploads\/2019\/03\/felt\u00e1madt-Olt\u00e1risz.jpg 800w\" sizes=\"(max-width: 216px) 100vw, 216px\" \/><strong><span style=\"font-size: 24pt;\">N\u00c9GY MEGMAGYAR\u00c1ZHATATLAN EUCHARISZTIKUS CSODA<\/span><\/strong><\/span><\/h1>\n<h1 class=\"cim entry-title\" style=\"text-align: center;\"><span style=\"font-size: 12pt;\">forr\u00e1s:\u00a0<a href=\"https:\/\/777blog.hu\/2018\/03\/05\/negy-megmagyarazhatatlan-eucharisztikus-csoda\/\" target=\"_blank\" rel=\"noopener\">777blog.hu<\/a>\u00a0\u00e9s\u00a0<a href=\"https:\/\/www.magyarkurir.hu\/hirek\/eucharisztikus-csoda-soko-kaban-az-ostya-egy-haldoklo-ferfi-szivszovetet-tartalmazza\" target=\"_blank\" rel=\"noopener\">magyarkurir.hu<\/a><\/span><\/h1>\n<\/div>\n<div class=\"post-entry\">\n<p style=\"text-align: justify;\"><em>Hab\u00e1r sok eucharisztikus csoda a k\u00f6z\u00e9pkorhoz k\u00f6thet\u0151, a m\u00falt sz\u00e1zadban is t\u00f6bbsz\u00f6r ker\u00fclt sor az Olt\u00e1riszents\u00e9ggel kapcsolatos csod\u00e1s esem\u00e9nyekre, s\u0151t n\u00e9h\u00e1nyat az elm\u00falt h\u00fasz \u00e9vben is meger\u0151s\u00edtettek. A keny\u00e9r \u00e9s a bor sz\u00edn\u00e9ben ugyan v\u00e1ltozatlan marad, de Isten erej\u00e9vel \u00e1tl\u00e9nyeg\u00fcl Krisztus szent test\u00e9v\u00e9 \u00e9s v\u00e9r\u00e9v\u00e9. Ez a hitt\u00e9tel a Szent\u00edr\u00e1sban \u00e9s a szenthagyom\u00e1nyban gy\u00f6kerezik, \u00e9s l\u00e9nyeg\u00e9t tekintve v\u00e1ltozatlan maradt az apostoli id\u0151k \u00f3ta.<\/em><span id=\"more-16279\"><\/span><\/p>\n<p>A k\u00f6vetkez\u0151 n\u00e9gy csod\u00e1ra az elm\u00falt k\u00e9t \u00e9vtizedben ker\u00fclt sor:<\/p>\n<h5><span style=\"color: #0000ff; font-size: 14pt;\">1. Legnica, Lengyelorsz\u00e1g<\/span><\/h5>\n<p style=\"text-align: justify;\">Ahogyan arr\u00f3l\u00a0<a href=\"https:\/\/777blog.hu\/2016\/04\/19\/dobbenetes-csoda-lengyelorszagban-verezni-kezdett-leesett-szentostya\/\">kor\u00e1bban mi is besz\u00e1moltunk<\/a>, 2013-ban, a Legnica-i egyh\u00e1zmegye \u00e9rseke, Zbigniew Kiernikowski bejelentette:<\/p>\n<p style=\"text-align: justify;\">2013 december 25-\u00e9n, \u00e1ldoztat\u00e1s k\u00f6zben egy szentostya a f\u00f6ldre esett, miut\u00e1n felvett\u00e9k egy v\u00edzzel teli ed\u00e9nybe helyezt\u00e9k. Nemsok\u00e1ra a szentosty\u00e1n v\u00f6r\u00f6s foltok jelentek meg. Legnica el\u0151z\u0151 \u00e9rseke, Stefan Cichy egy bizotts\u00e1got hozott l\u00e9tre, hogy megvizsg\u00e1lj\u00e1k a jelens\u00e9get. 2014 febru\u00e1rj\u00e1ban elt\u00e1vol\u00edtott\u00e1k az ostya egy v\u00f6r\u00f6s darabk\u00e1j\u00e1t \u00e9s a korpor\u00e1l\u00e9ra helyezt\u00e9k. A bizotts\u00e1g az\u00e9rt rendelte el a mint\u00e1k v\u00e9tel\u00e9t, hogy a kutat\u00e1si int\u00e9zm\u00e9nyek elv\u00e9gezhess\u00e9k a vizsg\u00e1latokat.<\/p>\n<p style=\"text-align: justify;\">A k\u00f3rsz\u00f6vettani lelet kimutatta, hogy a sz\u00f6vet har\u00e1ntcs\u00edkolt izomrostokat tartalmaz. A sz\u00f6vet legink\u00e1bb olyan sz\u00edvizomhoz hasonl\u00edt amelyen a hal\u00e1ltusa k\u00f6zben elv\u00e1ltoz\u00e1sok jelentek meg. A genetikai vizsg\u00e1lat igazolja hogy a sz\u00f6vet emberi eredet\u0171.<\/p>\n<h5><span style=\"color: #0000ff; font-size: 14pt;\">2. Sok\u00f3\u0142ka, Lengyelorsz\u00e1g<\/span><\/h5>\n<p style=\"text-align: justify;\">2008 okt\u00f3ber 12-\u00e9n, a Sokolka-i Szent Antal pl\u00e9b\u00e1niatemplomban bemutatott vas\u00e1rnapi szentmis\u00e9n, \u00e1ldoztat\u00e1s k\u00f6zben, egy szentostya kihullott az egyik pap kez\u00e9b\u0151l. A pap f\u00e9lbeszak\u00edtotta az \u00e1ldoztat\u00e1st, felemelte az osty\u00e1t, \u00e9s a liturgiai el\u0151\u00edr\u00e1soknak megfelel\u0151en egy vizzel teli ed\u00e9nybe helyezte. Az ostya ilyenkor fel szokott old\u00f3dni a v\u00edzben.<\/p>\n<p style=\"text-align: justify;\">A mise ut\u00e1n, Stanislaw Gniedziejko atya k\u00e9r\u00e9s\u00e9re a sekresty\u00e9s, Julia Dubowska n\u0151v\u00e9r a vizet \u00e9s az osty\u00e1t egy m\u00e1sik ed\u00e9nybe helyezte.<\/p>\n<p style=\"text-align: justify;\">Egy h\u00e9ttel k\u00e9s\u0151bb, okt\u00f3ber 19-\u00e9n Julia n\u0151v\u00e9r a kov\u00e1sztalan keny\u00e9r kellemes illat\u00e1ra lett figyelmes. Az ed\u00e9nyt felnyitva a majdnem teljesen \u00e9p szentostya k\u00f6zep\u00e9n, egy v\u00e9rhez hasonl\u00f3 \u00e9l\u00e9nkv\u00f6r\u00f6s foltot pillantott meg: egy \u00e9l\u0151 test r\u00e9szecsk\u00e9j\u00e9t. A v\u00edz nem sz\u00ednez\u0151d\u00f6tt el. Hogy biztos\u00edts\u00e1k a vizsg\u00e1lat hiteless\u00e9g\u00e9t, az ostya egy elt\u00e1vol\u00edtott darabj\u00e1t k\u00e9t f\u00fcggetlen orvosszak\u00e9rt\u0151, Maria Sobaniec-Lotowska \u00e9s Stanislaw Sulkowski elemezte.<\/p>\n<p style=\"text-align: justify;\">Az egym\u00e1st\u00f3l f\u00fcggetlen vizsg\u00e1latok eredm\u00e9nyei teljesenmegegyeztek. A szak\u00e9rt\u0151k arra a k\u00f6vetkeztet\u00e9sre jutottak, hogy az \u00e1talakult ostya fel\u00e9p\u00edt\u00e9se megegyezik a hal\u00e1l bek\u00f6vetkezte el\u0151tti emberi sz\u00edvizom\u00e9val. Maria Sobaniec-Lotowska tan\u00fas\u00e1ga szerint a sz\u00edvizomrostok emberi eszk\u00f6z\u00f6kkel megmagyar\u00e1zhatatlan m\u00f3don fon\u00f3dtak \u00f6ssze a keny\u00e9r rostjaival.<\/p>\n<p>&nbsp;<\/p>\n<h5><span style=\"color: #0000ff; font-size: 14pt;\">3. Tixtla, Mexik\u00f3<\/span><\/h5>\n<p style=\"text-align: justify;\">2006 okt\u00f3ber 21-\u00e9n, egy pl\u00e9b\u00e1niai lelkigyakorlat k\u00f6zben, \u00e1ldoztat\u00e1s el\u0151tt az egyik \u00e1tv\u00e1ltoztatott osty\u00e1b\u00f3l v\u00f6r\u00f6ses folyad\u00e9k buggyant ki. Alejo Zavala Castro a csoda val\u00f3dis\u00e1g\u00e1nak megvizsg\u00e1l\u00e1s\u00e1ra egy teol\u00f3gia bizotts\u00e1got h\u00edvott \u00f6ssze. 2009 okt\u00f3ber\u00e9ben arra k\u00e9rte fel Dr. Ricardo Casta\u00f1\u00f3n G\u00f3mez-t hogy egy tud\u00f3sokb\u00f3l \u00e1ll\u00f3 csoporttal v\u00e9gezzen tov\u00e1bbi vizsg\u00e1latokat amelyek igazolhatj\u00e1k az eset csod\u00e1s volt\u00e1t.<\/p>\n<p style=\"text-align: justify;\">A vizsg\u00e1latok 2009 okt\u00f3ber\u00e9t\u0151l 2012 okt\u00f3ber\u00e9ig tartottak \u00e9s a k\u00f6vetkez\u0151 eredm\u00e9nyt hozt\u00e1k:<\/p>\n<p style=\"text-align: justify;\">Az elemzett v\u00f6r\u00f6ses folyad\u00e9k hemoglobint \u00e9s emberi eredet\u0171 DNS-t tartalmaz\u00f3 v\u00e9r. A k\u00e9t kutat\u00e1s sor\u00e1n az igazs\u00e1g\u00fcgyi orvostan kiv\u00e1l\u00f3 szak\u00e9rt\u0151i k\u00fcl\u00f6nb\u00f6z\u0151 elj\u00e1r\u00e1sokat haszn\u00e1lva kiz\u00e1rt\u00e1k a k\u00fcls\u0151 beavatkoz\u00e1sra vonatkoz\u00f3 felt\u00e9telez\u00e9seket.<\/p>\n<p style=\"text-align: justify;\">A v\u00e9r AB t\u00edpus\u00fa, amint a Lanciano-i szentostya \u00e9s a Torin\u00f3i lepel v\u00e9rnyomai is. A folyad\u00e9k nagy\u00edt\u00e1s\u00e1t \u00e9s a r\u00e9tegein val\u00f3 \u00e1thatol\u00e1st lehet\u0151v\u00e9 tev\u0151 mikroszkopikus elemz\u00e9sek kimutatt\u00e1k, hogy a v\u00e9r k\u00fcls\u0151 r\u00e9tege 2006 okt\u00f3bere \u00f3ta megalvadt. A m\u00e9lyebb, bels\u0151 r\u00e9tegekben 2010 febru\u00e1rj\u00e1ban friss v\u00e9r jelenl\u00e9t\u00e9t mutatt\u00e1k ki.<\/p>\n<p>Az esetre nincs term\u00e9szetes magyar\u00e1zat.<\/p>\n<p>&nbsp;<\/p>\n<h5><span style=\"color: #0000ff; font-size: 14pt;\">4.Chirattakonam, India<\/span><\/h5>\n<p style=\"text-align: justify;\">2001 \u00e1prilis 28-\u00e1n a Chirattakonam-i Szent M\u00e1ria templom\u00e1nak pl\u00e9b\u00e1nosa a szentosty\u00e1n egy csod\u00e1latos k\u00e9pet vett \u00e9szre. A t\u00f6rt\u00e9ntekr\u0151l a k\u00f6vetkez\u0151k\u00e9ppen sz\u00e1molt be:<\/p>\n<p style=\"text-align: justify;\">\u201eReggel 8:49-kor kihelyeztem az Olt\u00e1riszents\u00e9get a k\u00f6z\u00f6s szents\u00e9gim\u00e1d\u00e1sra. N\u00e9h\u00e1ny perc m\u00falva az Euchariszti\u00e1n h\u00e1rom pont jelent meg. Abbahagytam az im\u00e1t \u00e9s a h\u00edvek figyelm\u00e9t is a megjelen\u0151 h\u00e1rom pontra ir\u00e1ny\u00edtottam \u00e9s arra k\u00e9rtem \u0151ket hogy folytass\u00e1k az im\u00e1t, a Szentosty\u00e1ta tabern\u00e1kulumba helyeztem. 2001 m\u00e1jus 5-\u00e9n szombat reggel kinyitottam a templomot liturgiai szolg\u00e1latra. Be\u00f6lt\u00f6ztem \u00e9s kinyitottam a tabern\u00e1kulumot, hogy megn\u00e9zzem az Olt\u00e1riszents\u00e9get. A szentosty\u00e1n egy emberi archoz hasonl\u00f3 alakot pillantottam meg. Rendk\u00edv\u00fcl megrend\u00fcltem, felsz\u00f3l\u00edtottam a h\u00edveket, hogy t\u00e9rdeljenek le \u00e9s kezdjenek el im\u00e1dkozni. Azt hittem csak \u00e9n l\u00e1tom az arcot \u00fagyhogy megk\u00e9rdeztem a ministr\u00e1nst\u00f3l, \u00e9szrevesz-e valamit az Olt\u00e1riszents\u00e9gen. \u201eEgy f\u00e9rfi alakj\u00e1t l\u00e1tom\u201d \u2013 v\u00e1laszolta.<\/p>\n<p style=\"text-align: justify;\">V\u00e9g\u00fcl a k\u00e9pen egyre kivehet\u0151bb\u00e9 v\u00e1lt egy Krisztus\u00e9hoz hasonl\u00f3, t\u00f6viskoron\u00e1t visel\u0151 f\u00e9rfi arca. A csod\u00e1s k\u00e9pet Cyril Mar Baselios, a Trivandrum-i egyh\u00e1zmegye \u00e9rseke vizsg\u00e1lta meg, a szentosty\u00e1t az\u00f3ta is a templomban \u0151rzik.<\/p>\n<p>Ford\u00edtotta:\u00a0Z\u00f6ldi J\u00falia\u00a0 (eredeti:\u00a0\u00a0<a href=\"https:\/\/aleteia.org\/2018\/02\/27\/4-amazing-eucharistic-miracles-from-the-last-20-years\/2\/\">aleteia.org)<\/a><\/p>\n<\/div>\n","protected":false},"excerpt":{"rendered":"<p>N\u00c9GY MEGMAGYAR\u00c1ZHATATLAN EUCHARISZTIKUS CSODA forr\u00e1s:\u00a0777blog.hu\u00a0\u00e9s\u00a0magyarkurir.hu Hab\u00e1r sok eucharisztikus csoda a k\u00f6z\u00e9pkorhoz k\u00f6thet\u0151, a m\u00falt sz\u00e1zadban is t\u00f6bbsz\u00f6r ker\u00fclt sor az Olt\u00e1riszents\u00e9ggel kapcsolatos csod\u00e1s esem\u00e9nyekre, s\u0151t n\u00e9h\u00e1nyat az elm\u00falt h\u00fasz \u00e9vben is meger\u0151s\u00edtettek. A keny\u00e9r \u00e9s a bor sz\u00edn\u00e9ben ugyan v\u00e1ltozatlan marad, de Isten erej\u00e9vel \u00e1tl\u00e9nyeg\u00fcl Krisztus szent test\u00e9v\u00e9 \u00e9s v\u00e9r\u00e9v\u00e9. Ez a hitt\u00e9tel a Szent\u00edr\u00e1sban &hellip; <\/p>\n<p class=\"link-more\"><a href=\"https:\/\/magyar-misszio.ch\/?page_id=1071\" class=\"more-link\"><span class=\"screen-reader-text\">\u201eeuch_csoda\u201c<\/span> weiterlesen<\/a><\/p>\n","protected":false},"author":2,"featured_media":0,"parent":0,"menu_order":0,"comment_status":"closed","ping_status":"closed","template":"","meta":{"footnotes":""},"class_list":["post-1071","page","type-page","status-publish","hentry"],"_links":{"self":[{"href":"https:\/\/magyar-misszio.ch\/index.php?rest_route=\/wp\/v2\/pages\/1071","targetHints":{"allow":["GET"]}}],"collection":[{"href":"https:\/\/magyar-misszio.ch\/index.php?rest_route=\/wp\/v2\/pages"}],"about":[{"href":"https:\/\/magyar-misszio.ch\/index.php?rest_route=\/wp\/v2\/types\/page"}],"author":[{"embeddable":true,"href":"https:\/\/magyar-misszio.ch\/index.php?rest_route=\/wp\/v2\/users\/2"}],"replies":[{"embeddable":true,"href":"https:\/\/magyar-misszio.ch\/index.php?rest_route=%2Fwp%2Fv2%2Fcomments&post=1071"}],"version-history":[{"count":4,"href":"https:\/\/magyar-misszio.ch\/index.php?rest_route=\/wp\/v2\/pages\/1071\/revisions"}],"predecessor-version":[{"id":1076,"href":"https:\/\/magyar-misszio.ch\/index.php?rest_route=\/wp\/v2\/pages\/1071\/revisions\/1076"}],"wp:attachment":[{"href":"https:\/\/magyar-misszio.ch\/index.php?rest_route=%2Fwp%2Fv2%2Fmedia&parent=1071"}],"curies":[{"name":"wp","href":"https:\/\/api.w.org\/{rel}","templated":true}]}}