{"id":1162,"date":"2019-06-13T16:08:18","date_gmt":"2019-06-13T16:08:18","guid":{"rendered":"http:\/\/magyar-misszio.ch\/?page_id=1162"},"modified":"2019-06-13T16:09:02","modified_gmt":"2019-06-13T16:09:02","slug":"koezi-mcsp-2","status":"publish","type":"page","link":"https:\/\/magyar-misszio.ch\/?page_id=1162","title":{"rendered":"k\u00f6zi.mcsp"},"content":{"rendered":"<p>(A vet\u00edt\u00e9s k\u00e9peit kattint\u00e1ssal lehet l\u00e1tni, el\u0151sz\u00f6r h\u00fazd az egeret a k\u00e9pre \u00e9s a nyilakkal lehet navig\u00e1lni.)<br \/>\n\r\n    <div id=\"amazingslider-wrapper-5\" style=\"display:block;position:relative;max-width:900px;margin:0px auto 56px;\">\r\n        <div id=\"amazingslider-5\" style=\"display:block;position:relative;margin:0 auto;\">\r\n            <ul class=\"amazingslider-slides\" style=\"display:none;\">\r\n                <li><img decoding=\"async\" src=\"https:\/\/magyar-misszio.ch\/wp-content\/uploads\/amazingslider\/5\/images\/Folie01.png\" alt=\"Folie01\" \/>\r\n                <\/li>\r\n                <li><img decoding=\"async\" src=\"https:\/\/magyar-misszio.ch\/wp-content\/uploads\/amazingslider\/5\/images\/Folie07.png\" alt=\"Folie07\" \/>\r\n                <\/li>\r\n                <li><img decoding=\"async\" src=\"https:\/\/magyar-misszio.ch\/wp-content\/uploads\/amazingslider\/5\/images\/Folie08.png\" alt=\"Folie08\" \/>\r\n                <\/li>\r\n                <li><img decoding=\"async\" src=\"https:\/\/magyar-misszio.ch\/wp-content\/uploads\/amazingslider\/5\/images\/Folie09.png\" alt=\"Folie09\" \/>\r\n                <\/li>\r\n                <li><img decoding=\"async\" src=\"https:\/\/magyar-misszio.ch\/wp-content\/uploads\/amazingslider\/5\/images\/Folie10.png\" alt=\"Folie10\" \/>\r\n                <\/li>\r\n                <li><img decoding=\"async\" src=\"https:\/\/magyar-misszio.ch\/wp-content\/uploads\/amazingslider\/5\/images\/Folie11.png\" alt=\"Folie11\" \/>\r\n                <\/li>\r\n                <li><img decoding=\"async\" src=\"https:\/\/magyar-misszio.ch\/wp-content\/uploads\/amazingslider\/5\/images\/Folie12.png\" alt=\"Folie12\" \/>\r\n                <\/li>\r\n                <li><img decoding=\"async\" src=\"https:\/\/magyar-misszio.ch\/wp-content\/uploads\/amazingslider\/5\/images\/Folie13.png\" alt=\"Folie13\" \/>\r\n                <\/li>\r\n                <li><img decoding=\"async\" src=\"https:\/\/magyar-misszio.ch\/wp-content\/uploads\/amazingslider\/5\/images\/Folie14.png\" alt=\"Folie14\" \/>\r\n                <\/li>\r\n                <li><img decoding=\"async\" src=\"https:\/\/magyar-misszio.ch\/wp-content\/uploads\/amazingslider\/5\/images\/Folie15.png\" alt=\"Folie15\" \/>\r\n                <\/li>\r\n            <\/ul>\r\n            <ul class=\"amazingslider-thumbnails\" style=\"display:none;\">\r\n                <li><img decoding=\"async\" src=\"https:\/\/magyar-misszio.ch\/wp-content\/uploads\/amazingslider\/5\/images\/thumbnails\/Folie01-tn.JPG\" alt=\"Folie01\" \/><\/li>\r\n                <li><img decoding=\"async\" src=\"https:\/\/magyar-misszio.ch\/wp-content\/uploads\/amazingslider\/5\/images\/thumbnails\/Folie07-tn.JPG\" alt=\"Folie07\" \/><\/li>\r\n                <li><img decoding=\"async\" src=\"https:\/\/magyar-misszio.ch\/wp-content\/uploads\/amazingslider\/5\/images\/thumbnails\/Folie08-tn.JPG\" alt=\"Folie08\" \/><\/li>\r\n                <li><img decoding=\"async\" src=\"https:\/\/magyar-misszio.ch\/wp-content\/uploads\/amazingslider\/5\/images\/thumbnails\/Folie09-tn.JPG\" alt=\"Folie09\" \/><\/li>\r\n                <li><img decoding=\"async\" src=\"https:\/\/magyar-misszio.ch\/wp-content\/uploads\/amazingslider\/5\/images\/thumbnails\/Folie10-tn.JPG\" alt=\"Folie10\" \/><\/li>\r\n                <li><img decoding=\"async\" src=\"https:\/\/magyar-misszio.ch\/wp-content\/uploads\/amazingslider\/5\/images\/thumbnails\/Folie11-tn.JPG\" alt=\"Folie11\" \/><\/li>\r\n                <li><img decoding=\"async\" src=\"https:\/\/magyar-misszio.ch\/wp-content\/uploads\/amazingslider\/5\/images\/thumbnails\/Folie12-tn.JPG\" alt=\"Folie12\" \/><\/li>\r\n                <li><img decoding=\"async\" src=\"https:\/\/magyar-misszio.ch\/wp-content\/uploads\/amazingslider\/5\/images\/thumbnails\/Folie13-tn.JPG\" alt=\"Folie13\" \/><\/li>\r\n                <li><img decoding=\"async\" src=\"https:\/\/magyar-misszio.ch\/wp-content\/uploads\/amazingslider\/5\/images\/thumbnails\/Folie14-tn.JPG\" alt=\"Folie14\" \/><\/li>\r\n                <li><img decoding=\"async\" src=\"https:\/\/magyar-misszio.ch\/wp-content\/uploads\/amazingslider\/5\/images\/thumbnails\/Folie15-tn.JPG\" alt=\"Folie15\" \/><\/li>\r\n            <\/ul>\r\n        <\/div>\r\n    <\/div>\r\n    <link rel=\"stylesheet\" type=\"text\/css\" href=\"https:\/\/magyar-misszio.ch\/wp-content\/uploads\/amazingslider\/5\/sliderengine\/amazingslider.css\">\n<script src=\"https:\/\/magyar-misszio.ch\/wp-content\/uploads\/amazingslider\/5\/sliderengine\/initslider.js\"><\/script>\n<\/p>\n","protected":false},"excerpt":{"rendered":"<p>(A vet\u00edt\u00e9s k\u00e9peit kattint\u00e1ssal lehet l\u00e1tni, el\u0151sz\u00f6r h\u00fazd az egeret a k\u00e9pre \u00e9s a nyilakkal lehet navig\u00e1lni.)<\/p>\n","protected":false},"author":2,"featured_media":0,"parent":0,"menu_order":0,"comment_status":"closed","ping_status":"closed","template":"blank-slate-template.php","meta":{"footnotes":""},"class_list":["post-1162","page","type-page","status-publish","hentry"],"_links":{"self":[{"href":"https:\/\/magyar-misszio.ch\/index.php?rest_route=\/wp\/v2\/pages\/1162","targetHints":{"allow":["GET"]}}],"collection":[{"href":"https:\/\/magyar-misszio.ch\/index.php?rest_route=\/wp\/v2\/pages"}],"about":[{"href":"https:\/\/magyar-misszio.ch\/index.php?rest_route=\/wp\/v2\/types\/page"}],"author":[{"embeddable":true,"href":"https:\/\/magyar-misszio.ch\/index.php?rest_route=\/wp\/v2\/users\/2"}],"replies":[{"embeddable":true,"href":"https:\/\/magyar-misszio.ch\/index.php?rest_route=%2Fwp%2Fv2%2Fcomments&post=1162"}],"version-history":[{"count":2,"href":"https:\/\/magyar-misszio.ch\/index.php?rest_route=\/wp\/v2\/pages\/1162\/revisions"}],"predecessor-version":[{"id":1164,"href":"https:\/\/magyar-misszio.ch\/index.php?rest_route=\/wp\/v2\/pages\/1162\/revisions\/1164"}],"wp:attachment":[{"href":"https:\/\/magyar-misszio.ch\/index.php?rest_route=%2Fwp%2Fv2%2Fmedia&parent=1162"}],"curies":[{"name":"wp","href":"https:\/\/api.w.org\/{rel}","templated":true}]}}