{"id":1165,"date":"2019-06-13T16:16:32","date_gmt":"2019-06-13T16:16:32","guid":{"rendered":"http:\/\/magyar-misszio.ch\/?page_id=1165"},"modified":"2019-06-13T16:18:19","modified_gmt":"2019-06-13T16:18:19","slug":"missz-tanacs-2","status":"publish","type":"page","link":"https:\/\/magyar-misszio.ch\/?page_id=1165","title":{"rendered":"k\u00f6z\u00f6s.mcs."},"content":{"rendered":"<p><span style=\"font-family: 'arial black', sans-serif; font-size: 14pt; color: #ff0000;\"><strong><span style=\"color: #0000ff;\"><img decoding=\"async\" class=\"alignleft wp-image-1060 size-thumbnail\" src=\"https:\/\/magyar-misszio.ch\/wp-content\/uploads\/2019\/03\/kozi.jpg-150x150.jpg\" alt=\"\" width=\"150\" height=\"150\" data-id=\"1060\" srcset=\"https:\/\/magyar-misszio.ch\/wp-content\/uploads\/2019\/03\/kozi.jpg-150x150.jpg 150w, https:\/\/magyar-misszio.ch\/wp-content\/uploads\/2019\/03\/kozi.jpg-100x100.jpg 100w\" sizes=\"(max-width: 150px) 100vw, 150px\" \/><\/span>K\u00f6z\u00f6ss\u00e9gi \u00e9s misszi\u00f3s munkacsoportunk munk\u00e1j\u00e1b\u00f3l<\/strong><\/span><\/p>\n<p><strong>I. C\u00e9ljainkr\u00f3l &#8211; <a href=\"https:\/\/magyar-misszio.ch\/?page_id=1057\">vet\u00edt\u00e9s<\/a><\/strong><\/p>\n<p><strong>II. Jelent \u00e9s j\u00f6v\u0151t meghat\u00e1roz\u00f3 2 fontos alapelvr\u0151l &#8211; <a href=\"https:\/\/magyar-misszio.ch\/?page_id=1162\">vet\u00edt\u00e9s<\/a><\/strong><\/p>\n<p style=\"text-align: justify;\"><strong><span style=\"color: #0000ff;\">A munkacsoportokba nemcsak a test\u00fcleti tagokat v\u00e1rjuk, hanem b\u00e1rmely h\u00edv\u0151 testv\u00e9r\u00fcnket!<\/span><\/strong><\/p>\n","protected":false},"excerpt":{"rendered":"<p>K\u00f6z\u00f6ss\u00e9gi \u00e9s misszi\u00f3s munkacsoportunk munk\u00e1j\u00e1b\u00f3l I. C\u00e9ljainkr\u00f3l &#8211; vet\u00edt\u00e9s II. Jelent \u00e9s j\u00f6v\u0151t meghat\u00e1roz\u00f3 2 fontos alapelvr\u0151l &#8211; vet\u00edt\u00e9s A munkacsoportokba nemcsak a test\u00fcleti tagokat v\u00e1rjuk, hanem b\u00e1rmely h\u00edv\u0151 testv\u00e9r\u00fcnket!<\/p>\n","protected":false},"author":2,"featured_media":0,"parent":0,"menu_order":0,"comment_status":"closed","ping_status":"closed","template":"","meta":{"footnotes":""},"class_list":["post-1165","page","type-page","status-publish","hentry"],"_links":{"self":[{"href":"https:\/\/magyar-misszio.ch\/index.php?rest_route=\/wp\/v2\/pages\/1165","targetHints":{"allow":["GET"]}}],"collection":[{"href":"https:\/\/magyar-misszio.ch\/index.php?rest_route=\/wp\/v2\/pages"}],"about":[{"href":"https:\/\/magyar-misszio.ch\/index.php?rest_route=\/wp\/v2\/types\/page"}],"author":[{"embeddable":true,"href":"https:\/\/magyar-misszio.ch\/index.php?rest_route=\/wp\/v2\/users\/2"}],"replies":[{"embeddable":true,"href":"https:\/\/magyar-misszio.ch\/index.php?rest_route=%2Fwp%2Fv2%2Fcomments&post=1165"}],"version-history":[{"count":2,"href":"https:\/\/magyar-misszio.ch\/index.php?rest_route=\/wp\/v2\/pages\/1165\/revisions"}],"predecessor-version":[{"id":1167,"href":"https:\/\/magyar-misszio.ch\/index.php?rest_route=\/wp\/v2\/pages\/1165\/revisions\/1167"}],"wp:attachment":[{"href":"https:\/\/magyar-misszio.ch\/index.php?rest_route=%2Fwp%2Fv2%2Fmedia&parent=1165"}],"curies":[{"name":"wp","href":"https:\/\/api.w.org\/{rel}","templated":true}]}}