{"id":1303,"date":"2019-09-19T15:10:57","date_gmt":"2019-09-19T15:10:57","guid":{"rendered":"http:\/\/magyar-misszio.ch\/?page_id=1303"},"modified":"2021-05-31T16:44:17","modified_gmt":"2021-05-31T16:44:17","slug":"eucharisztiarol","status":"publish","type":"page","link":"https:\/\/magyar-misszio.ch\/?page_id=1303","title":{"rendered":"Euchariszti\u00e1r\u00f3l"},"content":{"rendered":"<p><strong><span style=\"font-size: 18pt; color: #ff0000;\"><img decoding=\"async\" class=\"alignleft wp-image-1306\" src=\"https:\/\/magyar-misszio.ch\/wp-content\/uploads\/2019\/09\/felt\u00e1madt-Olt\u00e1risz-216x300.jpg\" alt=\"\" width=\"114\" height=\"158\" data-id=\"1306\" srcset=\"https:\/\/magyar-misszio.ch\/wp-content\/uploads\/2019\/09\/felt\u00e1madt-Olt\u00e1risz-216x300.jpg 216w, https:\/\/magyar-misszio.ch\/wp-content\/uploads\/2019\/09\/felt\u00e1madt-Olt\u00e1risz.jpg 500w\" sizes=\"(max-width: 114px) 100vw, 114px\" \/>Lelki morzs\u00e1k az Euchariszti\u00e1hoz<\/span><\/strong><\/p>\n<p style=\"text-align: justify;\">A Nemzetk\u00f6zi Eucharisztikus Kongresszusra k\u00e9sz\u00fclve k\u00f6z\u00f6ss\u00e9g\u00fcnkben (l\u00e1sd <a href=\"https:\/\/magyar-misszio.ch\/?page_id=3087\">honlapunk oldal\u00e1t err\u0151l itt..<\/a>)<\/p>\n<p>Kattints a c\u00edmekre:<\/p>\n<p><span style=\"color: #3366ff;\"><a style=\"color: #3366ff;\" href=\"#valasz\"><strong>A katolikus egyh\u00e1z v\u00e1lasza a modern vil\u00e1g sz\u00e1m\u00e1ra: a szents\u00e9gim\u00e1d\u00e1sok&#8230;<\/strong><\/a><\/span><br \/>\n<span style=\"color: #3366ff;\"><a style=\"color: #3366ff;\" href=\"#JPP\"><span style=\"font-size: 12pt;\"><strong>Szent II. J\u00e1nos P\u00e1l p\u00e1pa \u00edr\u00e1s\u00e1b\u00f3l<\/strong><\/span><\/a><\/span><br \/>\n<span style=\"color: #3366ff;\"><a style=\"color: #3366ff;\" href=\"#ima\"><span style=\"font-size: 12pt;\"><strong>Honlap \u00e9s im\u00e1ds\u00e1g<\/strong><\/span><\/a><\/span><br \/>\n<a href=\"#metanoia\"><span style=\"color: #3366ff;\"><strong>Metanoia az Euchariszti\u00e1hoz!<\/strong><\/span><\/a><br \/>\n<a href=\"#szentmisehalaadas\"><span style=\"color: #3366ff; font-size: 12pt;\"><strong>A szentmise mint h\u00e1laad\u00e1s<\/strong><\/span><\/a><\/p>\n<p style=\"text-align: center;\"><span style=\"color: #0000ff; font-size: 14pt;\"><strong>A katolikus egyh\u00e1z v\u00e1lasza a modern vil\u00e1g sz\u00e1m\u00e1ra: a szents\u00e9gim\u00e1d\u00e1sok&#8230;<\/strong><\/span><\/p>\n<p style=\"text-align: justify;\"><img decoding=\"async\" class=\" wp-image-1307 alignleft\" src=\"https:\/\/magyar-misszio.ch\/wp-content\/uploads\/2019\/09\/brenner18hirl-300x202.jpg\" alt=\"\" width=\"165\" height=\"111\" data-id=\"1307\" srcset=\"https:\/\/magyar-misszio.ch\/wp-content\/uploads\/2019\/09\/brenner18hirl-300x202.jpg 300w, https:\/\/magyar-misszio.ch\/wp-content\/uploads\/2019\/09\/brenner18hirl.jpg 615w\" sizes=\"(max-width: 165px) 100vw, 165px\" \/>2018. m\u00e1jus 1-\u00e9n a magyar egyh\u00e1z boldogg\u00e1 avathatta Brenner J\u00e1nos \u00e1ldoz\u00f3papot, aki az Olt\u00e1riszents\u00e9g szentje lett, mivel nyak\u00e1ba akasztva vitte az Euchariszti\u00e1t, hogy megl\u00e1togasson egy beteget, amikor 1957-ben egy \u00e9jszaka a kommunista hatalom b\u00e9rencei 32 k\u00e9ssz\u00far\u00e1ssal meg\u00f6lt\u00e9k. B\u0151vebben l\u00e1sd <a href=\"https:\/\/magyar-misszio.ch\/?page_id=387\" target=\"_blank\" rel=\"noopener noreferrer\">honlapunk\/ olvasni-l\u00e1tnival\u00f3k men\u00fcpontot<\/a><\/p>\n<p style=\"text-align: justify;\">Ez a boldogg\u00e1avat\u00e1s a magyar egyh\u00e1z \u00e9let\u00e9ben cs\u00facspontj volt az Eucharisztikus Kongresszus k\u00e9sz\u00fcleti \u00e9v\u00e9ben.\u00a0A boldogg\u00e1 avat\u00e1sra orsz\u00e1gszerte szents\u00e9gim\u00e1d\u00e1sokkal k\u00e9sz\u00fcltek. <span style=\"color: #0000ff;\">A szents\u00e9gim\u00e1d\u00e1sok l\u00e9nyege r\u00f6viden<\/span>, hogy le\u00fclj\u00fcnk a templomban a tabern\u00e1kulum el\u00e9, vagy a kitett Olt\u00e1riszents\u00e9g el\u00e9, \u00e9s csendben J\u00e9zussal legy\u00fcnk.<br \/>\n&#8211; M\u00e9lt\u00f3 k\u00e9sz\u00fclet volt ez az Olt\u00e1riszents\u00e9g szentj\u00e9nek \u00fcnnep\u00e9re.<br \/>\n&#8211; \u00c9s m\u00e9lt\u00f3 \u00edgy k\u00e9sz\u00fclni a 2020-as Eucharisztikus Kongresszusra.<br \/>\n<span style=\"color: #339966;\"><strong>A szents\u00e9gim\u00e1d\u00e1s a katolikus egyh\u00e1z legzseni\u00e1lisabb v\u00e1lasza a XX. sz\u00e1zadban az emberek probl\u00e9m\u00e1ira.<\/strong><\/span><br \/>\nId\u00e9z\u00fcnk most Boldog Brenner J\u00e1nos napl\u00f3j\u00e1b\u00f3l: <em>\u201eMin\u00e9l m\u00e9lyebben \u00e1t\u00e9led Krisztus l\u00e9nyegi val\u00f3s\u00e1g\u00e1t az Olt\u00e1riszents\u00e9gben, ann\u00e1l m\u00e9lyebb lesz lelki\u00e9leted. Ha nem megy az ima \u00e9s az elm\u00e9lked\u00e9s, \u00e9ld \u00e1t a Val\u00f3s\u00e1got, hogy Krisztus \u00e9ppen \u00fagy ott van jelen, mint te.\u201d<\/em><\/p>\n<p style=\"text-align: justify;\">Az evang\u00e9liumban azt k\u00e9ri J\u00e9zus, hogy maradjunk meg szeretet\u00e9ben. Ehhez a <strong><span style=\"color: #339966;\">legnagyobb seg\u00edts\u00e9get a katolikus egyh\u00e1z adja, az Eucharisztia lehet\u0151s\u00e9g\u00e9t: a szentmis\u00e9kben, szent\u00e1ldoz\u00e1sokban \u00e9s a szents\u00e9gim\u00e1d\u00e1sokban.<\/span><\/strong><\/p>\n<p style=\"text-align: justify;\"><strong><span style=\"color: #339966;\"><span style=\"color: #000000;\">Szents\u00e9gim\u00e1d\u00e1s online:<img decoding=\"async\" class=\" wp-image-1554 alignright\" src=\"https:\/\/magyar-misszio.ch\/wp-content\/uploads\/2020\/04\/szim_online.jpg-300x184.jpg\" alt=\"\" width=\"223\" height=\"137\" data-id=\"1554\" srcset=\"https:\/\/magyar-misszio.ch\/wp-content\/uploads\/2020\/04\/szim_online.jpg-300x184.jpg 300w, https:\/\/magyar-misszio.ch\/wp-content\/uploads\/2020\/04\/szim_online.jpg.jpg 305w\" sizes=\"(max-width: 223px) 100vw, 223px\" \/><\/span><br \/>\n<\/span><\/strong><span style=\"color: #339966;\"><span style=\"color: #000000;\">&#8211; online a vil\u00e1g legnagyobb M\u00e1ria-kegyhely\u00e9b\u0151l, a mexik\u00f3i guadalupei templomb\u00f3l: <a style=\"color: #000000;\" href=\"https:\/\/www.youtube.com\/watch?v=XMBusENP19M&amp;list=PLksed5LaagE3KiwTMoZW4vFso43eBwXO0\" target=\"_blank\" rel=\"noopener noreferrer\">ide kattintva<\/a>\u00a0 (az online ador\u00e1l\u00f3k l\u00e9tsz\u00e1m\u00e1t is l\u00e1tni lehet)<\/span><\/span><span style=\"color: #339966;\"><br \/>\n<span style=\"color: #000000;\">&#8211; online egy londoni templomb\u00f3l k\u00f6zvet\u00edtik \u00e9l\u0151ben: <a style=\"color: #000000;\" href=\"https:\/\/www.youtube.com\/watch?v=WclRtNhMFPc\" target=\"_blank\" rel=\"noopener noreferrer\">kattints ide\u2026<\/a> (az online ador\u00e1l\u00f3k l\u00e9tsz\u00e1m\u00e1t is l\u00e1tni lehet) &#8211; \u00f6r\u00f6kim\u00e1d\u00f3 szerzetesn\u0151v\u00e9rek templom\u00e1b\u00f3l<\/span><br \/>\n<span style=\"color: #000000;\">&#8211; online egy birgminham-i (angol) templomb\u00f3l: <a style=\"color: #000000;\" href=\"https:\/\/www.youtube.com\/watch?v=zc-6by8OVuo\" target=\"_blank\" rel=\"noopener noreferrer\">ide kattintva<\/a><\/span><br \/>\n<span style=\"color: #000000;\">&#8211; online Argent\u00edn\u00e1b\u00f3l spanyul im\u00e1ds\u00e1ggal is: <a style=\"color: #000000;\" href=\"https:\/\/www.youtube.com\/watch?v=QIXRBPSfWb8&amp;list=PLksed5LaagE3KiwTMoZW4vFso43eBwXO0&amp;index=4\" target=\"_blank\" rel=\"noopener noreferrer\">ide kattintva<\/a><\/span><br \/>\n<span style=\"color: #000000;\">&#8211; szint\u00e9n spanyol forr\u00e1s (?honnan?): <a style=\"color: #000000;\" href=\"https:\/\/www.youtube.com\/watch?v=ayKQc-cllkU\" target=\"_blank\" rel=\"noopener noreferrer\">link itt&#8230;<\/a>\u00a0vagy <a style=\"color: #000000;\" href=\"https:\/\/www.youtube.com\/watch?v=LvYbjWRp3mQ\" target=\"_blank\" rel=\"noopener noreferrer\">ide kattintva<\/a> egy m\u00e1sik&#8230; (M\u00e1ria kez\u00e9ben)<\/span><br \/>\n<\/span><span style=\"color: #339966;\"><span style=\"color: #000000;\">&#8211; \u00e9nekekkel, t\u00f6bbf\u00e9le lehet\u0151s\u00e9ggel Ambergb\u0151l egy m\u00e1ri\u00e1s k\u00f6z\u00f6ss\u00e9gt\u0151l (<a style=\"color: #000000;\" href=\"http:\/\/www.friedenskoenigin.de\/html\/anbetung_live.html\" target=\"_blank\" rel=\"noopener noreferrer\">link itt..<\/a>)\u00a0 \u00a0 <\/span><\/span><a id=\"JPP\"><\/a><\/p>\n<p style=\"text-align: justify;\"><strong>N\u00e9h\u00e1ny saj\u00e1t im\u00e1ds\u00e1gunk<\/strong>\u00a0szents\u00e9gim\u00e1d\u00e1shoz: <a href=\"https:\/\/magyar-misszio.ch\/?page_id=436\" target=\"_blank\" rel=\"noopener\">kattints ide&#8230;<\/a><\/p>\n<p style=\"text-align: center;\"><span style=\"color: #0000ff; font-size: 14pt;\"><strong>Szent II. J\u00e1nos P\u00e1l p\u00e1pa \u00edr\u00e1s\u00e1b\u00f3l<\/strong><\/span><\/p>\n<p style=\"text-align: justify;\"><img loading=\"lazy\" decoding=\"async\" class=\"wp-image-1313 alignleft\" src=\"https:\/\/magyar-misszio.ch\/wp-content\/uploads\/2019\/09\/IIJP.jpg\" alt=\"\" width=\"194\" height=\"145\" data-id=\"1313\" \/>Az Eucharisztia m\u00e1sik nagy szentje: Szent II. J\u00e1nos P\u00e1l p\u00e1pa (akinek vezet\u00e9se alatt adta a katolikus egyh\u00e1z eddig nem l\u00e1tott intenzit\u00e1ssal t\u00e1rja el\u00e9nk a k\u00f6zt\u00fcnk l\u00e9v\u0151 J\u00e9zust, a szents\u00e9gim\u00e1d\u00e1sokat). \u0150 \u00edgy \u00edrt, amikor elrendelte az Olt\u00e1riszents\u00e9g \u00e9v\u00e9t:\u00a0 <em>\u201eAz Egyh\u00e1z az Euchariszti\u00e1b\u00f3l \u00e9l. \u2026<br \/>\nAz Eucharisztia.. az egyh\u00e1zi \u00e9let k\u00f6z\u00e9ppontja. Ez l\u00e1that\u00f3 az Egyh\u00e1z \u00e9let\u00e9nek els\u0151 perceit\u0151l kezdve..<br \/>\nEzt az eucharisztikus ,,csod\u00e1latot&#8220; szeretn\u00e9m \u00e9l\u00e9nk\u00edteni bennetek..<br \/>\nSzeml\u00e9lni Krisztus arc\u00e1t, \u00e9spedig M\u00e1ri\u00e1val egy\u00fctt szeml\u00e9lni &#8211; ez az a program, melyet a harmadik \u00e9vezred hajnal\u00e1n az Egyh\u00e1znak adtam\u2026\u201d<br \/>\n<\/em><em>\u00a0\u00a0\u00a0\u00a0\u00a0\u00a0\u00a0\u00a0\u00a0\u00a0\u00a0\u00a0\u00a0\u00a0\u00a0\u00a0\u00a0\u00a0\u00a0\u00a0\u00a0\u00a0\u00a0\u00a0\u00a0\u00a0\u00a0\u00a0\u00a0\u00a0\u00a0\u00a0\u00a0\u00a0\u00a0\u00a0\u00a0\u00a0\u00a0\u00a0\u00a0\u00a0\u00a0\u00a0\u00a0\u00a0\u00a0 (<\/em>\u201eAz Egyh\u00e1z az Euchariszti\u00e1b\u00f3l \u00e9l\u201d c. p\u00e1pai enciklik\u00e1b\u00f3l)<br \/>\nL\u00e1sd:<br \/>\n2003, Szent II. J\u00e1nos P\u00e1l p\u00e1pa: \u201eAz Egyh\u00e1z az Euchariszti\u00e1b\u00f3l \u00e9l\u201d (<a href=\"https:\/\/regi.katolikus.hu\/konyvtar.php?h=36\" target=\"_blank\" rel=\"noopener noreferrer\">ide kattintva<\/a>)<br \/>\n2004, Szent II. J\u00e1nos P\u00e1l p\u00e1pa: \u201eMaradj vel\u00fcnk, Urunk\u201d (<a href=\"https:\/\/regi.katolikus.hu\/konyvtar.php?h=27\" target=\"_blank\" rel=\"noopener noreferrer\">ide kattintva<\/a>)<\/p>\n<p style=\"text-align: justify;\">.<a id=\"ima\"><\/a><\/p>\n<p>&nbsp;<\/p>\n<p style=\"text-align: center;\"><span style=\"color: #0000ff; font-size: 14pt;\"><strong>Honlap \u00e9s im\u00e1ds\u00e1g<\/strong><\/span><\/p>\n<p style=\"text-align: justify;\">Egy inform\u00e1ci\u00f3kkal gazdagon ell\u00e1tott honlapot kis\u00e9rhet\u00fcnk figyelemmel a kongresszusra: <a href=\"http:\/\/www.iec2020.hu\">www.iec2020.hu<\/a> (iec = <strong><u>I<\/u><\/strong>nternational <strong><u>E<\/u><\/strong>ucharistic <strong><u>C<\/u><\/strong>ongress).<\/p>\n<p style=\"text-align: justify;\">A honlapr\u00f3l t\u00f6bb nyelven is le lehet t\u00f6lteni azt a sz\u00e9p imak\u00e1rty\u00e1t is, melyet a lelki k\u00e9sz\u00fcletre \u00e1ll\u00edtottak \u00f6ssze, \u00e9s amelyet a magyar egyh\u00e1zban most nagyon sok templomban minden vas\u00e1rnapi szentmise v\u00e9g\u00e9n a h\u00edvek elim\u00e1dkoznak:<br \/>\n<strong><em><img loading=\"lazy\" decoding=\"async\" class=\" wp-image-1314 alignleft\" src=\"https:\/\/magyar-misszio.ch\/wp-content\/uploads\/2019\/09\/imalap-198x300.jpg\" alt=\"\" width=\"139\" height=\"211\" data-id=\"1314\" srcset=\"https:\/\/magyar-misszio.ch\/wp-content\/uploads\/2019\/09\/imalap-198x300.jpg 198w, https:\/\/magyar-misszio.ch\/wp-content\/uploads\/2019\/09\/imalap.jpg 381w\" sizes=\"(max-width: 139px) 100vw, 139px\" \/>Mennyei Aty\u00e1nk, minden \u00e9let forr\u00e1sa!<br \/>\n<\/em><\/strong><strong><em>K\u00fcldd el Szentlelkedet, <\/em><\/strong><strong style=\"font-size: 1rem;\"><em>hogy az \u00f6nmag\u00e1t \u00e9rt\u00fcnk fel\u00e1ldoz\u00f3<br \/>\n<\/em><\/strong><strong><em>\u00e9s az Olt\u00e1riszents\u00e9gben\u00a0<\/em><\/strong><strong><em>vel\u00fcnk lev\u0151 Krisztust<br \/>\nfelismerj\u00fck <\/em><\/strong><strong style=\"font-size: 1rem;\"><em>\u00e9s egyre jobban szeress\u00fck!<br \/>\n<\/em><\/strong><strong><em>\u0150 Urunk \u00e9s Mester\u00fcnk,\u00a0<\/em><\/strong><strong><em>bar\u00e1tunk \u00e9s t\u00e1pl\u00e1l\u00e9kunk,<br \/>\n<\/em><\/strong><strong><em>orvosunk \u00e9s b\u00e9kess\u00e9g\u00fcnk.<br \/>\n<\/em><\/strong><strong style=\"font-size: 1rem;\"><em>Adj b\u00e1tors\u00e1got, <\/em><\/strong><strong><em>hogy az \u0151 erej\u00e9t \u00e9s \u00f6r\u00f6m\u00e9t<br \/>\n<\/em><\/strong><strong style=\"font-size: 1rem;\"><em>elvigy\u00fck minden emberhez!<br \/>\n<\/em><\/strong><strong><em>Add, hogy a k\u00e9sz\u00fclet ideje<br \/>\n<\/em><\/strong><strong style=\"font-size: 1rem;\"><em>\u00e9s az Eucharisztikus Kongresszus \u00fcnnepl\u00e9se<br \/>\n<\/em><\/strong><strong><em>eg\u00e9sz h\u00edv\u0151 k\u00f6z\u00f6ss\u00e9g\u00fcnk,\u00a0<\/em><\/strong><strong><em>f\u0151v\u00e1rosunk, n\u00e9p\u00fcnk,<br \/>\n<\/em><\/strong><strong style=\"font-size: 1rem;\"><em>Eur\u00f3pa \u00e9s a vil\u00e1g\u00a0<\/em><\/strong><strong><em>lelki meg\u00fajul\u00e1s\u00e1ra szolg\u00e1ljon!\u00a0<\/em><\/strong><strong><em>\u00c1men.<a id=\"metanoia\"><\/a><\/em><\/strong><\/p>\n<p>&nbsp;<\/p>\n<p style=\"text-align: center;\"><span style=\"color: #0000ff; font-size: 14pt;\"><strong>Metanoia az Euchariszti\u00e1hoz!<\/strong><\/span><\/p>\n<p style=\"text-align: justify;\">Megt\u00e9r\u00e9s, m\u00e1sk\u00e9nt gondolkod\u00e1s = metanoia. M\u00e1sk\u00e9nt kell gondolkodnia sok katolikusnak az Olt\u00e1riszents\u00e9gr\u0151l is. A NEK-re val\u00f3 els\u0151 k\u00e9sz\u00fcleti \u00e9v mott\u00f3ja volt: <em>\u201eAz Eucharisztia, mint az egy\u00e9ni kereszt\u00e9ny \u00e9let forr\u00e1sa&#8220;<\/em>.<br \/>\n(1) Im\u00e1dd J\u00e9zus az \u00e1tv\u00e1ltozott keny\u00e9r \u00e9s bor alakj\u00e1ban! Igen, mert hiszem, hogy az Olt\u00e1riszents\u00e9gben J\u00e9zus val\u00f3s\u00e1gosan jelen van.<br \/>\n(2) V\u00e1gyakozz arra, hogy magadhoz vehesd \u00e9s \u00e1ldozhass. M\u00e1r h\u00e9tk\u00f6znap v\u00e1rd a vas\u00e1rnapi szent\u00e1ldoz\u00e1st. Mint a pestist\u0151l \u00e9s r\u00e1kt\u00f3l \u00fagy \u0151rizkedj a vas\u00e1rnapi mulaszt\u00e1st\u00f3l. \u00c9s ha valaki vagy valami visszatart, tartsd a gonosz k\u00eds\u00e9rt\u00e9s\u00e9nek.<br \/>\nCsod\u00e1latos lelki <span style=\"color: #ff0000;\"><strong>forr\u00e1s minden szent\u00e1ldoz\u00e1s.<\/strong><\/span> Vagyis minden szentmise forr\u00e1s a k\u00f6vetkez\u0151 h\u00e9t sz\u00e1m\u00e1ra, a h\u00e9tk\u00f6znapjaink sz\u00e1m\u00e1ra. Ahogy egy templomi robbant\u00e1s ut\u00e1n nem is olyan r\u00e9gen egyiptomi kereszt\u00e9nyek kifejezt\u00e9k: <em>&#8222;<span style=\"color: #ff0000;\">akkor sem maradhatunk el a szentmis\u00e9kr\u0151l, mert szentmis\u00e9k n\u00e9lk\u00fcl nem tudunk \u00e9lni.<\/span>&#8222;<\/em> Ugyanezekkel a szavakkal az els\u0151 sz\u00e1zadok kereszt\u00e9nyei vallott\u00e1k meg hit\u00fcket. Sz\u00e1momra is forr\u00e1s az Eucharisztia? Ahogy Szent II. J\u00e1nos P\u00e1l p\u00e1pa mondta (ld. fentebb): <em>&#8222;Az egyh\u00e1z az Euchariszti\u00e1b\u00f3l \u00e9l.&#8220;<\/em><br \/>\nHit\u00fcnk er\u0151s\u00edt\u00e9s\u00e9re \u00e9rdemes az eucharisztikus csod\u00e1kr\u00f3l olvasni\u2026 (ld. <span style=\"color: #993366;\"><a style=\"color: #993366;\" href=\"https:\/\/magyar-misszio.ch\/?page_id=1071\" target=\"_blank\" rel=\"noopener noreferrer\">honlapunk\/olvasnival\u00f3k<\/a><\/span>).<\/p>\n<p style=\"text-align: justify;\">(3) K\u00f6vetkez\u0151 metanoia az Euchariszti\u00e1hoz: Nem a papot \u00e9s a szentmis\u00e9t kell keresni, hanem <span style=\"color: #ff0000;\"><strong>a k\u00f6z\u00f6ss\u00e9get <\/strong><span style=\"color: #000000;\"><strong>\u00e9s az Euchariszti\u00e1t<\/strong>.<\/span><\/span> Vagyis akkor is j\u00f6v\u00f6k, ha szentmise helyett igeliturgia van, mert a k\u00f6z\u00f6ss\u00e9get szolg\u00e1lja az Eucharisztia. Ez\u00e9rt a m\u00e1sodik k\u00e9sz\u00fcleti \u00e9v mott\u00f3ja: <em>&#8222;Az Eucharisztia, az Egyh\u00e1z forr\u00e1sa&#8220;. <\/em>Az az \u00e9rett kereszt\u00e9ny, aki akkor elmegy a vas\u00e1rnapi istentiszteletre, ha nincs pap, de van \u00e1ldoz\u00e1s \u00e9s felolvas\u00e1s a Bibli\u00e1b\u00f3l, \u00e9s az egyh\u00e1z tan\u00edt\u00e1s\u00e1b\u00f3l is hallunk valamit (nagy tiszteletet \u00e9rdemelnek azok a k\u00f6z\u00f6ss\u00e9gek, akik \u00edgy tudnak rendszeresen \u00fcnnepelni a mai nagy papn\u00e9lk\u00fcli vil\u00e1gban).<\/p>\n<p style=\"text-align: justify;\">(4) Mindegy kinek a kez\u00e9b\u0151l kapom az Olt\u00e1riszents\u00e9get, mert \u00fagyis mindenki m\u00e9ltatlan \u0150hozz\u00e1! A pap csup\u00e1n megkapta a kegyelmet, hogy az \u00e1tv\u00e1ltoztat\u00e1skor J\u00e9zus keze legyen. De az \u00e1ldoz\u00e1skor m\u00e1r minden \u00e1ldoztat\u00f3 szem\u00e9ly J\u00e9zus keze, legyen az f\u00e9rfi vagy n\u0151.<a id=\"szentmisehalaadas\"><\/a><\/p>\n<p style=\"text-align: center;\"><span style=\"color: #0000ff; font-size: 14pt;\"><strong>A szentmise mint h\u00e1laad\u00e1s<\/strong><\/span><\/p>\n<p style=\"text-align: justify;\"><strong><img loading=\"lazy\" decoding=\"async\" class=\" wp-image-1330 alignleft\" src=\"https:\/\/magyar-misszio.ch\/wp-content\/uploads\/2019\/09\/szentmisehalaadas.jpg-300x130.jpg\" alt=\"\" width=\"268\" height=\"116\" data-id=\"1330\" srcset=\"https:\/\/magyar-misszio.ch\/wp-content\/uploads\/2019\/09\/szentmisehalaadas.jpg-300x130.jpg 300w, https:\/\/magyar-misszio.ch\/wp-content\/uploads\/2019\/09\/szentmisehalaadas.jpg-768x333.jpg 768w, https:\/\/magyar-misszio.ch\/wp-content\/uploads\/2019\/09\/szentmisehalaadas.jpg.jpg 889w\" sizes=\"(max-width: 268px) 100vw, 268px\" \/>A term\u00e9nyh\u00e1laad\u00e1si \u00fcnnep<\/strong> ma is elterjedt a vil\u00e1gon \u00e9s a Teremt\u0151 \u00e1ltal adott ehet\u0151 f\u00f6ldi kincsek\u00e9rt magasztaljuk \u0150t. Kicsit <strong>hi\u00e1nyzik<\/strong> ez az \u00fcnnep nek\u00fcnk (\u00e9s sok pl\u00e9b\u00e1ni\u00e1n itt Sv\u00e1jcban). Sok katolikus \u00e9let\u00e9b\u0151l pedig m\u00e1r <strong>maga a szentmise is<\/strong>, mint heti h\u00e1laad\u00f3 \u00fcnnep hi\u00e1nyzik. A kereszt\u00e9nyek kezdett\u0151l fogva megtett\u00e9k azt, amit a zsid\u00f3k is: a h\u00e9tv\u00e9gi istentiszteletek els\u0151 c\u00e9lja volt a h\u00e1laad\u00e1s a Teremt\u0151nek.<br \/>\nSzentmis\u00e9inken a h\u00e1laad\u00e1s megt\u00f6bbsz\u00f6r\u00f6z\u0151d\u00f6tt:<br \/>\n&#8211; el\u0151sz\u00f6r is teh\u00e1t h\u00e1laad\u00e1s a Teremt\u0151nek \u00e9let\u00fcnk\u00e9rt, \u00e9s az elm\u00falt hat nap\u00e9rt<br \/>\n&#8211; h\u00e1laad\u00e1s a Megv\u00e1lt\u00e1s\u00e9rt, J\u00e9zus\u00e9rt, Aki itt maradt k\u00f6zt\u00fcnk titokzatosan az Olt\u00e1riszents\u00e9gben, Euchariszti\u00e1ban<\/p>\n<p style=\"text-align: justify;\">Az els\u0151 kereszt\u00e9nyek ez\u00e9rt <span style=\"color: #ff0000;\"><strong>a szentmis\u00e9k<\/strong><\/span>et is <strong><span style=\"color: #ff0000;\">h\u00e1laad\u00e1s<\/span><\/strong>nak nevezt\u00e9k el\u0151sz\u00f6r, pontosabban g\u00f6r\u00f6g\u00fcl: Euchariszti\u00e1nak, \u00e9s ez lett a neve az \u00e1tv\u00e1ltoztatott keny\u00e9r \u00e9s bornak is, \u00e9s mag\u00e1nak az istentiszteletnek: ha megk\u00e9rdezt\u00e9k egym\u00e1st, hogy hov\u00e1 m\u00e9gy?: \u201emegyek az Euchariszti\u00e1ra\u201d, vagyis: \u201emegyek a h\u00e1laad\u00e1sra\u201d.<br \/>\n<strong>Gyere Te is, minden h\u00e9ten k\u00f6z\u00f6sen h\u00e1l\u00e1t adni<\/strong> (\u00e9leted\u00e9rt, szeretteid\u00e9rt, az elm\u00falt 6 nap\u00e9rt stb.), add meg Te is a h\u00e1laad\u00e1st \u00e9s dics\u0151\u00edt\u00e9st az \u00darnak, amivel tartozol neki!<\/p>\n<p style=\"text-align: justify;\"><strong>A Kongresszus mint felki\u00e1lt\u00f3jel<br \/>\n<\/strong>A szentmise csod\u00e1j\u00e1ra, az Euchariszti\u00e1ra fel kell h\u00edvni er\u0151sen a katolikusok figyelm\u00e9t. Ez\u00e9rt kellenek az eucharisztikus kongresszusok, olyan ez teh\u00e1t, mint egy nagy felki\u00e1lt\u00f3jel mindenki sz\u00e1m\u00e1ra, \u00edgy azok sz\u00e1m\u00e1ra is, akiknek \u00e9let\u00e9b\u0151l hi\u00e1nyzik ez a heti \u00fcnnep.<\/p>\n<p><span style=\"text-decoration: underline;\"><strong>Szentmisek\u00f6zvet\u00edt\u00e9sek online<\/strong>:<\/span> <img loading=\"lazy\" decoding=\"async\" class=\" wp-image-1553 alignright\" src=\"https:\/\/magyar-misszio.ch\/wp-content\/uploads\/2020\/04\/miseonline.jpg-300x148.jpg\" alt=\"\" width=\"225\" height=\"111\" data-id=\"1553\" srcset=\"https:\/\/magyar-misszio.ch\/wp-content\/uploads\/2020\/04\/miseonline.jpg-300x148.jpg 300w, https:\/\/magyar-misszio.ch\/wp-content\/uploads\/2020\/04\/miseonline.jpg.jpg 310w\" sizes=\"(max-width: 225px) 100vw, 225px\" \/>BonumTv, ApostolTv, Katolikus R\u00e1di\u00f3, M\u00e1ria R\u00e1di\u00f3, Facebook-oldalon stb. (ld. az <a href=\"https:\/\/www.magyarkurir.hu\/hirek\/hol-es-mikor-kovetheto-elo-szentmise-kozvetites-osszegyujtjuk-lehetosegeket\" target=\"_blank\" rel=\"noopener noreferrer\">\u00f6sszefoglal\u00f3 cikket ide kattintva<\/a>)<br \/>\n<a href=\"https:\/\/www.youtube.com\/channel\/UChrkbh0y4ut-mELoCTRPR_Q\/videos\">Itt<\/a> pedig Cs\u00edksomly\u00f3r\u00f3l vas\u00e1rnaponk\u00e9nt (eddig legal\u00e1bb) \u00e9l\u0151ben k\u00f6zvet\u00edtett\u00e9k a mis\u00e9ket.<\/p>\n","protected":false},"excerpt":{"rendered":"<p>Lelki morzs\u00e1k az Euchariszti\u00e1hoz A Nemzetk\u00f6zi Eucharisztikus Kongresszusra k\u00e9sz\u00fclve k\u00f6z\u00f6ss\u00e9g\u00fcnkben (l\u00e1sd honlapunk oldal\u00e1t err\u0151l itt..) Kattints a c\u00edmekre: A katolikus egyh\u00e1z v\u00e1lasza a modern vil\u00e1g sz\u00e1m\u00e1ra: a szents\u00e9gim\u00e1d\u00e1sok&#8230; Szent II. J\u00e1nos P\u00e1l p\u00e1pa \u00edr\u00e1s\u00e1b\u00f3l Honlap \u00e9s im\u00e1ds\u00e1g Metanoia az Euchariszti\u00e1hoz! A szentmise mint h\u00e1laad\u00e1s A katolikus egyh\u00e1z v\u00e1lasza a modern vil\u00e1g sz\u00e1m\u00e1ra: a szents\u00e9gim\u00e1d\u00e1sok&#8230; 2018. &hellip; <\/p>\n<p class=\"link-more\"><a href=\"https:\/\/magyar-misszio.ch\/?page_id=1303\" class=\"more-link\"><span class=\"screen-reader-text\">\u201eEuchariszti\u00e1r\u00f3l\u201c<\/span> weiterlesen<\/a><\/p>\n","protected":false},"author":2,"featured_media":0,"parent":0,"menu_order":0,"comment_status":"closed","ping_status":"closed","template":"","meta":{"footnotes":""},"class_list":["post-1303","page","type-page","status-publish","hentry"],"_links":{"self":[{"href":"https:\/\/magyar-misszio.ch\/index.php?rest_route=\/wp\/v2\/pages\/1303","targetHints":{"allow":["GET"]}}],"collection":[{"href":"https:\/\/magyar-misszio.ch\/index.php?rest_route=\/wp\/v2\/pages"}],"about":[{"href":"https:\/\/magyar-misszio.ch\/index.php?rest_route=\/wp\/v2\/types\/page"}],"author":[{"embeddable":true,"href":"https:\/\/magyar-misszio.ch\/index.php?rest_route=\/wp\/v2\/users\/2"}],"replies":[{"embeddable":true,"href":"https:\/\/magyar-misszio.ch\/index.php?rest_route=%2Fwp%2Fv2%2Fcomments&post=1303"}],"version-history":[{"count":21,"href":"https:\/\/magyar-misszio.ch\/index.php?rest_route=\/wp\/v2\/pages\/1303\/revisions"}],"predecessor-version":[{"id":3152,"href":"https:\/\/magyar-misszio.ch\/index.php?rest_route=\/wp\/v2\/pages\/1303\/revisions\/3152"}],"wp:attachment":[{"href":"https:\/\/magyar-misszio.ch\/index.php?rest_route=%2Fwp%2Fv2%2Fmedia&parent=1303"}],"curies":[{"name":"wp","href":"https:\/\/api.w.org\/{rel}","templated":true}]}}