{"id":1325,"date":"2019-09-19T16:12:26","date_gmt":"2019-09-19T16:12:26","guid":{"rendered":"http:\/\/magyar-misszio.ch\/?page_id=1325"},"modified":"2021-09-03T16:54:44","modified_gmt":"2021-09-03T16:54:44","slug":"eucharisztiahoz","status":"publish","type":"page","link":"https:\/\/magyar-misszio.ch\/?page_id=1325","title":{"rendered":"Euchariszti\u00e1hoz"},"content":{"rendered":"<table class=\" aligncenter\" style=\"width: 68.9655%;\" align=\"center\">\n<tbody>\n<tr>\n<td style=\"width: 46%; text-align: center;\"><img decoding=\"async\" class=\"size-medium wp-image-3083 aligncenter\" src=\"https:\/\/magyar-misszio.ch\/wp-content\/uploads\/2021\/05\/iec2020-300x142.jpg\" alt=\"\" width=\"300\" height=\"142\" data-id=\"3083\" srcset=\"https:\/\/magyar-misszio.ch\/wp-content\/uploads\/2021\/05\/iec2020-300x142.jpg 300w, https:\/\/magyar-misszio.ch\/wp-content\/uploads\/2021\/05\/iec2020.jpg 542w\" sizes=\"(max-width: 300px) 100vw, 300px\" \/><\/td>\n<td style=\"width: 117.013%;\"><a href=\"https:\/\/magyar-misszio.ch\/?page_id=3087\" target=\"_blank\" rel=\"noopener noreferrer\">Eucharisztikus Kongresszus<\/a><\/td>\n<\/tr>\n<tr>\n<td style=\"width: 46%; text-align: center;\"><img decoding=\"async\" class=\"aligncenter wp-image-2435 size-thumbnail\" src=\"https:\/\/magyar-misszio.ch\/wp-content\/uploads\/2020\/11\/joejjetek.jpg-150x150.jpg\" alt=\"\" width=\"150\" height=\"150\" data-id=\"2435\" srcset=\"https:\/\/magyar-misszio.ch\/wp-content\/uploads\/2020\/11\/joejjetek.jpg-150x150.jpg 150w, https:\/\/magyar-misszio.ch\/wp-content\/uploads\/2020\/11\/joejjetek.jpg-100x100.jpg 100w\" sizes=\"(max-width: 150px) 100vw, 150px\" \/><\/td>\n<td style=\"width: 117.013%;\"><a href=\"https:\/\/magyar-misszio.ch\/?page_id=2638\" target=\"_blank\" rel=\"noopener noreferrer\">Vil\u00e1gm\u00e9ret\u0171 szents\u00e9gim\u00e1d\u00e1s<\/a><\/td>\n<\/tr>\n<tr>\n<td style=\"width: 46%; text-align: center;\"><img decoding=\"async\" class=\"wp-image-1553 aligncenter\" src=\"https:\/\/magyar-misszio.ch\/wp-content\/uploads\/2020\/04\/miseonline.jpg-300x148.jpg\" alt=\"\" width=\"225\" height=\"111\" data-id=\"1553\" srcset=\"https:\/\/magyar-misszio.ch\/wp-content\/uploads\/2020\/04\/miseonline.jpg-300x148.jpg 300w, https:\/\/magyar-misszio.ch\/wp-content\/uploads\/2020\/04\/miseonline.jpg.jpg 310w\" sizes=\"(max-width: 225px) 100vw, 225px\" \/><\/td>\n<td style=\"width: 117.013%; vertical-align: middle;\"><a href=\"https:\/\/magyar-misszio.ch\/?page_id=2920\" target=\"_blank\" rel=\"noopener\">Online szentmise-k\u00f6zvet\u00edt\u00e9sekhez<\/a><\/td>\n<\/tr>\n<tr>\n<td style=\"width: 46%; text-align: center;\"><img loading=\"lazy\" decoding=\"async\" class=\"aligncenter wp-image-1416 size-thumbnail\" src=\"https:\/\/magyar-misszio.ch\/wp-content\/uploads\/2019\/12\/imakurzusra-150x150.jpg\" alt=\"\" width=\"150\" height=\"150\" data-id=\"1416\" srcset=\"https:\/\/magyar-misszio.ch\/wp-content\/uploads\/2019\/12\/imakurzusra-150x150.jpg 150w, https:\/\/magyar-misszio.ch\/wp-content\/uploads\/2019\/12\/imakurzusra-100x100.jpg 100w\" sizes=\"(max-width: 150px) 100vw, 150px\" \/><\/td>\n<td style=\"width: 117.013%;\"><a href=\"https:\/\/magyar-misszio.ch\/?page_id=1415\" target=\"_blank\" rel=\"noopener noreferrer\">imakurzusra h\u00edvunk<\/a><\/td>\n<\/tr>\n<tr>\n<td style=\"width: 46%; text-align: center;\"><img loading=\"lazy\" decoding=\"async\" class=\"aligncenter wp-image-1432 size-thumbnail\" src=\"https:\/\/magyar-misszio.ch\/wp-content\/uploads\/2020\/01\/AlacMrgt.2-150x150.jpg\" alt=\"\" width=\"150\" height=\"150\" data-id=\"1432\" srcset=\"https:\/\/magyar-misszio.ch\/wp-content\/uploads\/2020\/01\/AlacMrgt.2-150x150.jpg 150w, https:\/\/magyar-misszio.ch\/wp-content\/uploads\/2020\/01\/AlacMrgt.2-100x100.jpg 100w\" sizes=\"(max-width: 150px) 100vw, 150px\" \/><\/td>\n<td style=\"width: 117.013%;\"><a href=\"https:\/\/magyar-misszio.ch\/wp-content\/uploads\/2020\/01\/sz_a_kilencedei.pdf\" target=\"_blank\" rel=\"noopener noreferrer\">szent\u00e1ldoz\u00e1sok kilencedei<\/a><\/td>\n<\/tr>\n<tr>\n<td class=\"auto-style1\" style=\"width: 46%; text-align: center;\"><img loading=\"lazy\" decoding=\"async\" class=\"aligncenter wp-image-1306 size-thumbnail\" src=\"https:\/\/magyar-misszio.ch\/wp-content\/uploads\/2019\/09\/felt\u00e1madt-Olt\u00e1risz-150x150.jpg\" alt=\"\" width=\"150\" height=\"150\" data-id=\"1306\" srcset=\"https:\/\/magyar-misszio.ch\/wp-content\/uploads\/2019\/09\/felt\u00e1madt-Olt\u00e1risz-150x150.jpg 150w, https:\/\/magyar-misszio.ch\/wp-content\/uploads\/2019\/09\/felt\u00e1madt-Olt\u00e1risz-100x100.jpg 100w\" sizes=\"(max-width: 150px) 100vw, 150px\" \/><\/td>\n<td style=\"width: 117.013%;\"><a href=\"https:\/\/magyar-misszio.ch\/?page_id=1303\" target=\"_blank\" rel=\"noopener noreferrer\">lelki morzs\u00e1k az Euchariszti\u00e1hoz<\/a><\/td>\n<\/tr>\n<tr>\n<td class=\"auto-style1\" style=\"width: 46%;\"><\/td>\n<td style=\"width: 117.013%;\"><\/td>\n<\/tr>\n<\/tbody>\n<\/table>\n<p>2020. \u00darnapj\u00e1ra (Olt\u00e1riszents\u00e9g, szentmis\u00e9k, szents\u00e9gim\u00e1d\u00e1s &#8211; vajon Te..?)<br \/>\n<iframe src=\"https:\/\/www.youtube.com\/embed\/pqDMGXkhRCY\" width=\"560\" height=\"315\" frameborder=\"0\" allowfullscreen=\"allowfullscreen\"><\/iframe><\/p>\n","protected":false},"excerpt":{"rendered":"<p>Eucharisztikus Kongresszus Vil\u00e1gm\u00e9ret\u0171 szents\u00e9gim\u00e1d\u00e1s Online szentmise-k\u00f6zvet\u00edt\u00e9sekhez imakurzusra h\u00edvunk szent\u00e1ldoz\u00e1sok kilencedei lelki morzs\u00e1k az Euchariszti\u00e1hoz 2020. \u00darnapj\u00e1ra (Olt\u00e1riszents\u00e9g, szentmis\u00e9k, szents\u00e9gim\u00e1d\u00e1s &#8211; vajon Te..?)<\/p>\n","protected":false},"author":2,"featured_media":0,"parent":0,"menu_order":0,"comment_status":"closed","ping_status":"closed","template":"","meta":{"footnotes":""},"class_list":["post-1325","page","type-page","status-publish","hentry"],"_links":{"self":[{"href":"https:\/\/magyar-misszio.ch\/index.php?rest_route=\/wp\/v2\/pages\/1325","targetHints":{"allow":["GET"]}}],"collection":[{"href":"https:\/\/magyar-misszio.ch\/index.php?rest_route=\/wp\/v2\/pages"}],"about":[{"href":"https:\/\/magyar-misszio.ch\/index.php?rest_route=\/wp\/v2\/types\/page"}],"author":[{"embeddable":true,"href":"https:\/\/magyar-misszio.ch\/index.php?rest_route=\/wp\/v2\/users\/2"}],"replies":[{"embeddable":true,"href":"https:\/\/magyar-misszio.ch\/index.php?rest_route=%2Fwp%2Fv2%2Fcomments&post=1325"}],"version-history":[{"count":14,"href":"https:\/\/magyar-misszio.ch\/index.php?rest_route=\/wp\/v2\/pages\/1325\/revisions"}],"predecessor-version":[{"id":3375,"href":"https:\/\/magyar-misszio.ch\/index.php?rest_route=\/wp\/v2\/pages\/1325\/revisions\/3375"}],"wp:attachment":[{"href":"https:\/\/magyar-misszio.ch\/index.php?rest_route=%2Fwp%2Fv2%2Fmedia&parent=1325"}],"curies":[{"name":"wp","href":"https:\/\/api.w.org\/{rel}","templated":true}]}}