{"id":1339,"date":"2019-09-25T16:40:37","date_gmt":"2019-09-25T16:40:37","guid":{"rendered":"http:\/\/magyar-misszio.ch\/?page_id=1339"},"modified":"2026-02-12T10:33:03","modified_gmt":"2026-02-12T10:33:03","slug":"kontakt","status":"publish","type":"page","link":"https:\/\/magyar-misszio.ch\/?page_id=1339","title":{"rendered":"Kontakt"},"content":{"rendered":"\t\t<div data-elementor-type=\"wp-page\" data-elementor-id=\"1339\" class=\"elementor elementor-1339\" data-elementor-post-type=\"page\">\n\t\t\t\t\t\t<section class=\"elementor-section elementor-top-section elementor-element elementor-element-33bc5ecc elementor-section-boxed elementor-section-height-default elementor-section-height-default\" data-id=\"33bc5ecc\" data-element_type=\"section\">\n\t\t\t\t\t\t<div class=\"elementor-container elementor-column-gap-default\">\n\t\t\t\t\t<div class=\"elementor-column elementor-col-100 elementor-top-column elementor-element elementor-element-ee4937\" data-id=\"ee4937\" data-element_type=\"column\">\n\t\t\t<div class=\"elementor-widget-wrap elementor-element-populated\">\n\t\t\t\t\t\t<div class=\"elementor-element elementor-element-a2640bd elementor-widget elementor-widget-text-editor\" data-id=\"a2640bd\" data-element_type=\"widget\" data-widget_type=\"text-editor.default\">\n\t\t\t\t<div class=\"elementor-widget-container\">\n\t\t\t\t\t\t\t\t\t<p style=\"text-align: center;\"><span style=\"font-size: 18pt;\"><strong><span style=\"color: #ff0000;\"><img decoding=\"async\" style=\"filter: invert(0);\" src=\"https:\/\/magyar-misszio.ch\/wp-content\/uploads\/2019\/09\/drei_kirch.jpg-300x168.jpg\" alt=\"\" width=\"263\" height=\"147\" data-id=\"1346\" \/>Herzlich willkommen<br \/>auf der Seite der Ungarnmisson<br \/>im Kanton Z\u00fcrich!<br \/><\/span><\/strong><span style=\"color: #ff0000;\"><span style=\"font-size: 12pt;\"><span style=\"color: #000000;\">Auf ungarisch: magyar nyelven \u00e9s b\u0151vebben l\u00e1sd<\/span> <a href=\"https:\/\/magyar-misszio.ch\/?page_id=50\">ide kattintva&#8230;<\/a><\/span><\/span><strong><span style=\"color: #ff0000;\"><br \/><\/span><\/strong><\/span><\/p><p><em><span style=\"text-decoration: underline;\"><span style=\"color: #0000ff;\"><strong><span style=\"font-size: 14pt;\">Unsere Kontakte<\/span><\/strong><\/span><\/span><\/em><br \/><span style=\"font-size: 14pt;\">Sie k\u00f6nnen uns erreichen:<\/span><br \/><span style=\"font-size: 14pt;\">&#8211; im B\u00fcrozeiten: Dienstag 13.00-17.00 + Donnerstag 9.00-13.00<br \/>Unsere Sekret\u00e4rin, Krisztina Kov\u00e1cs steht Ihnen gerne zur Verf\u00fcgung unter die Telefonnummer: +41 (0) 44 362 33 03<br \/><\/span><br \/><span style=\"font-size: 14pt;\">&#8211; mit Email: <span style=\"color: #000000;\"><a href=\"mailto:buro@ungarn-mission.ch\">buro@ungarn-mission.ch<\/a><br \/>&#8211; in Facebook: <a href=\"https:\/\/www.facebook.com\/MagyarMisszioZurich\/\" target=\"_blank\" rel=\"noopener noreferrer\">www.facebook.com\/MagyarMisszioZurich\/<\/a><br \/><\/span><\/span><span style=\"font-size: 14pt;\">&#8211; und anl\u00e4sslich der Gottesdiensten<br \/>&#8211; so finden Sie unser Missionshaus: <a href=\"https:\/\/magyar-misszio.ch\/wp-content\/uploads\/2019\/09\/wo.pdf\" target=\"_blank\" rel=\"noopener noreferrer\">bitte klicken Sie hierher<\/a><br \/>&#8211; unser &#8222;Pfarrer&#8220;, Missionsleiter ist Peter Varga, seine Email:\u00a0<\/span><span style=\"font-size: 14pt; color: #000000;\">varga.peter@magyar-misszio.ch oder: varga.peter@outlook.de <\/span><span style=\"font-size: 14pt;\">, Tel: +41 (0) 767 88 1560<\/span><\/p><p><span style=\"color: #0000ff;\"><em><span style=\"text-decoration: underline;\"><strong><span style=\"font-size: 14pt;\">Unsere Gottesdienste:<\/span><\/strong><\/span><\/em><\/span><\/p><p><span style=\"text-decoration: underline; font-size: 14pt;\"><strong>Im Kanton Z\u00fcrich:<\/strong><\/span><\/p><p><span style=\"font-size: 14pt;\"><strong><span style=\"color: #ff6600;\">Z\u00fcrich<\/span><\/strong>, jeden Sonntag um 12.00 (Pfarrei Bruder Klaus,\u00a0 Milchbuckstrasse 73,\u00a0 8057 Z\u00fcrich).\u00a0<\/span><span style=\"font-size: 18.6667px;\">Und jeden ersten Freitag halten wir entweder Eucharistiefeier oder Aussetzungsgebet.<\/span><\/p><p><span style=\"font-size: 14pt;\"><span style=\"color: #ff6600;\"><strong>Winterthur<\/strong><\/span>:\u00a0<\/span><span style=\"font-size: 18.6667px;\">Monatlich am Seniorennachmittag. Fragen Sie nach Ort und aktuellem Termin!<\/span><\/p><p><span style=\"text-decoration: underline; font-size: 14pt;\"><strong>Und noch:<\/strong><\/span><\/p><p><span style=\"font-size: 14pt;\"><span style=\"color: #ff6600;\"><strong>Schaffhausen<\/strong><\/span>: jeden letzten Sonntag im Monat um 16.30 (St. Maria Kirche Promenadenstrasse 23, 8200 Schaffhausen)<\/span><\/p><p><span style=\"font-size: 14pt;\"><span style=\"color: #ff6600;\"><strong>Frauenfeld<\/strong><\/span>: jeden zweiten Sonntag im Monat um 17.00 (Kl\u00f6sterli, Kl\u00f6sterliweg, 8500 Frauenfeld)<\/span><\/p><p><span style=\"font-size: 14pt;\">&#8212;-<\/span><\/p><p><span style=\"font-size: 18.6667px;\">Auf Ausnahmen wird in unseren Newslettern hingewiesen, oder Sie k\u00f6nnen den E-Mail-Newsletter f\u00fcr die Messe in der entsprechenden Stadt abonnieren (siehe Newsletter-Men\u00fc).<\/span><\/p><p>Stand: 07.09.2024<\/p>\t\t\t\t\t\t\t\t<\/div>\n\t\t\t\t<\/div>\n\t\t\t\t\t<\/div>\n\t\t<\/div>\n\t\t\t\t\t<\/div>\n\t\t<\/section>\n\t\t\t\t<\/div>\n\t\t","protected":false},"excerpt":{"rendered":"<p>Herzlich willkommenauf der Seite der Ungarnmissonim Kanton Z\u00fcrich!Auf ungarisch: magyar nyelven \u00e9s b\u0151vebben l\u00e1sd ide kattintva&#8230; Unsere KontakteSie k\u00f6nnen uns erreichen:&#8211; im B\u00fcrozeiten: Dienstag 13.00-17.00 + Donnerstag 9.00-13.00Unsere Sekret\u00e4rin, Krisztina Kov\u00e1cs steht Ihnen gerne zur Verf\u00fcgung unter die Telefonnummer: +41 (0) 44 362 33 03 &#8211; mit Email: buro@ungarn-mission.ch&#8211; in Facebook: www.facebook.com\/MagyarMisszioZurich\/&#8211; und anl\u00e4sslich der &hellip; <\/p>\n<p class=\"link-more\"><a href=\"https:\/\/magyar-misszio.ch\/?page_id=1339\" class=\"more-link\"><span class=\"screen-reader-text\">\u201eKontakt\u201c<\/span> weiterlesen<\/a><\/p>\n","protected":false},"author":2,"featured_media":0,"parent":0,"menu_order":0,"comment_status":"closed","ping_status":"closed","template":"","meta":{"footnotes":""},"class_list":["post-1339","page","type-page","status-publish","hentry"],"_links":{"self":[{"href":"https:\/\/magyar-misszio.ch\/index.php?rest_route=\/wp\/v2\/pages\/1339","targetHints":{"allow":["GET"]}}],"collection":[{"href":"https:\/\/magyar-misszio.ch\/index.php?rest_route=\/wp\/v2\/pages"}],"about":[{"href":"https:\/\/magyar-misszio.ch\/index.php?rest_route=\/wp\/v2\/types\/page"}],"author":[{"embeddable":true,"href":"https:\/\/magyar-misszio.ch\/index.php?rest_route=\/wp\/v2\/users\/2"}],"replies":[{"embeddable":true,"href":"https:\/\/magyar-misszio.ch\/index.php?rest_route=%2Fwp%2Fv2%2Fcomments&post=1339"}],"version-history":[{"count":33,"href":"https:\/\/magyar-misszio.ch\/index.php?rest_route=\/wp\/v2\/pages\/1339\/revisions"}],"predecessor-version":[{"id":7667,"href":"https:\/\/magyar-misszio.ch\/index.php?rest_route=\/wp\/v2\/pages\/1339\/revisions\/7667"}],"wp:attachment":[{"href":"https:\/\/magyar-misszio.ch\/index.php?rest_route=%2Fwp%2Fv2%2Fmedia&parent=1339"}],"curies":[{"name":"wp","href":"https:\/\/api.w.org\/{rel}","templated":true}]}}