{"id":1352,"date":"2019-09-25T17:30:32","date_gmt":"2019-09-25T17:30:32","guid":{"rendered":"http:\/\/magyar-misszio.ch\/?page_id=1352"},"modified":"2022-09-02T17:22:16","modified_gmt":"2022-09-02T17:22:16","slug":"aktualishoz","status":"publish","type":"page","link":"https:\/\/magyar-misszio.ch\/?page_id=1352","title":{"rendered":"aktualishoz"},"content":{"rendered":"\t\t<div data-elementor-type=\"wp-page\" data-elementor-id=\"1352\" class=\"elementor elementor-1352\" data-elementor-post-type=\"page\">\n\t\t\t\t\t\t<section class=\"elementor-section elementor-top-section elementor-element elementor-element-755cca83 elementor-section-boxed elementor-section-height-default elementor-section-height-default\" data-id=\"755cca83\" data-element_type=\"section\">\n\t\t\t\t\t\t<div class=\"elementor-container elementor-column-gap-default\">\n\t\t\t\t\t<div class=\"elementor-column elementor-col-100 elementor-top-column elementor-element elementor-element-2b65316a\" data-id=\"2b65316a\" data-element_type=\"column\">\n\t\t\t<div class=\"elementor-widget-wrap elementor-element-populated\">\n\t\t\t\t\t\t<div class=\"elementor-element elementor-element-44dd663e elementor-widget elementor-widget-text-editor\" data-id=\"44dd663e\" data-element_type=\"widget\" data-widget_type=\"text-editor.default\">\n\t\t\t\t<div class=\"elementor-widget-container\">\n\t\t\t\t\t\t\t\t\t<p>\u00a0<\/p><table class=\" aligncenter\" style=\"width: 68.9655%;\" align=\"center\"><tbody><tr><td style=\"width: 46%; text-align: center;\"><a href=\"https:\/\/magyar-misszio.ch\/?page_id=159\"><img decoding=\"async\" class=\"aligncenter wp-image-1353 size-thumbnail\" src=\"https:\/\/magyar-misszio.ch\/wp-content\/uploads\/2019\/09\/kozosseg-150x150.jpg\" alt=\"\" width=\"150\" height=\"150\" data-id=\"1353\" srcset=\"https:\/\/magyar-misszio.ch\/wp-content\/uploads\/2019\/09\/kozosseg-150x150.jpg 150w, https:\/\/magyar-misszio.ch\/wp-content\/uploads\/2019\/09\/kozosseg-100x100.jpg 100w\" sizes=\"(max-width: 150px) 100vw, 150px\" \/><\/a><\/td><td style=\"width: 117.013%;\"><span style=\"font-size: 14pt;\"><a href=\"https:\/\/magyar-misszio.ch\/?page_id=159\" target=\"_blank\" rel=\"noopener\">aktu\u00e1lis programok stb.<\/a><\/span><\/td><\/tr><tr><td class=\"auto-style1\" style=\"width: 46%; text-align: center;\"><a href=\"https:\/\/magyar-misszio.ch\/?page_id=68\"><img decoding=\"async\" class=\"aligncenter wp-image-1354 size-thumbnail\" src=\"https:\/\/magyar-misszio.ch\/wp-content\/uploads\/2019\/09\/Euch-150x150.jpg\" alt=\"\" width=\"150\" height=\"150\" data-id=\"1354\" srcset=\"https:\/\/magyar-misszio.ch\/wp-content\/uploads\/2019\/09\/Euch-150x150.jpg 150w, https:\/\/magyar-misszio.ch\/wp-content\/uploads\/2019\/09\/Euch-100x100.jpg 100w, https:\/\/magyar-misszio.ch\/wp-content\/uploads\/2019\/09\/Euch.jpg 300w\" sizes=\"(max-width: 150px) 100vw, 150px\" \/><\/a><\/td><td style=\"width: 117.013%;\"><p><span style=\"font-size: 14pt;\"><a href=\"https:\/\/magyar-misszio.ch\/?page_id=68\" target=\"_blank\" rel=\"noopener\">szentmis\u00e9k + kezd\u0151lap<\/a><\/span><\/p><\/td><\/tr><tr><td class=\"auto-style1\" style=\"width: 46%;\">\u00a0<\/td><td style=\"width: 117.013%;\">\u00a0<\/td><\/tr><\/tbody><\/table>\t\t\t\t\t\t\t\t<\/div>\n\t\t\t\t<\/div>\n\t\t\t\t\t<\/div>\n\t\t<\/div>\n\t\t\t\t\t<\/div>\n\t\t<\/section>\n\t\t\t\t<\/div>\n\t\t","protected":false},"excerpt":{"rendered":"<p>\u00a0 aktu\u00e1lis programok stb. szentmis\u00e9k + kezd\u0151lap \u00a0 \u00a0<\/p>\n","protected":false},"author":2,"featured_media":0,"parent":0,"menu_order":0,"comment_status":"closed","ping_status":"closed","template":"","meta":{"footnotes":""},"class_list":["post-1352","page","type-page","status-publish","hentry"],"_links":{"self":[{"href":"https:\/\/magyar-misszio.ch\/index.php?rest_route=\/wp\/v2\/pages\/1352","targetHints":{"allow":["GET"]}}],"collection":[{"href":"https:\/\/magyar-misszio.ch\/index.php?rest_route=\/wp\/v2\/pages"}],"about":[{"href":"https:\/\/magyar-misszio.ch\/index.php?rest_route=\/wp\/v2\/types\/page"}],"author":[{"embeddable":true,"href":"https:\/\/magyar-misszio.ch\/index.php?rest_route=\/wp\/v2\/users\/2"}],"replies":[{"embeddable":true,"href":"https:\/\/magyar-misszio.ch\/index.php?rest_route=%2Fwp%2Fv2%2Fcomments&post=1352"}],"version-history":[{"count":8,"href":"https:\/\/magyar-misszio.ch\/index.php?rest_route=\/wp\/v2\/pages\/1352\/revisions"}],"predecessor-version":[{"id":4531,"href":"https:\/\/magyar-misszio.ch\/index.php?rest_route=\/wp\/v2\/pages\/1352\/revisions\/4531"}],"wp:attachment":[{"href":"https:\/\/magyar-misszio.ch\/index.php?rest_route=%2Fwp%2Fv2%2Fmedia&parent=1352"}],"curies":[{"name":"wp","href":"https:\/\/api.w.org\/{rel}","templated":true}]}}