{"id":1372,"date":"2019-10-17T12:50:12","date_gmt":"2019-10-17T12:50:12","guid":{"rendered":"http:\/\/magyar-misszio.ch\/?page_id=1372"},"modified":"2019-10-17T13:09:16","modified_gmt":"2019-10-17T13:09:16","slug":"magyarszentmihaly","status":"publish","type":"page","link":"https:\/\/magyar-misszio.ch\/?page_id=1372","title":{"rendered":"Magyarszentmih\u00e1ly"},"content":{"rendered":"<p><strong><span style=\"font-size: 14pt; color: #ff0000;\">T\u00e1mogassuk a magyarszentmih\u00e1lyi templomot!<\/span><\/strong><\/p>\n<p><a href=\"#virranto\" rel=\"noopener noreferrer\">Mi\u00e9rt is seg\u00edts\u00fcnk?<\/a><br \/>\n<a href=\"#segit\">Hogyan tehetj\u00fcnk?<\/a><br \/>\n<a href=\"#biciklivel\">plak\u00e1tunk<\/a><br \/>\n<a name=\"virranto\"><\/a><\/p>\n<p style=\"text-align: justify;\"><strong>Mi\u00e9rt is seg\u00edts\u00fcnk?<\/strong><\/p>\n<p style=\"text-align: justify;\">Benvin Sebastian atya, a P\u00e1pai Misszi\u00f3s M\u0171vek vezet\u0151je (aki augusztusban volt k\u00f6zt\u00fcnk)\u00a0 k\u00e9r\u00e9s\u00e9re t\u00e1mogassuk egy\u00fctt azt az akci\u00f3t, amely m\u00e1r 2018-t\u00f3l p\u00e9nzadom\u00e1nyt gy\u0171jt a magyarszentmih\u00e1lyi (Szerbia) katolikus templom karbantart\u00e1s\u00e1ra \u00e9s a roskadoz\u00f3 hittanterem fel\u00faj\u00edt\u00e1s\u00e1ra \u00e9s b\u0151v\u00edt\u00e9s\u00e9re. Most a templom tet\u0151fel\u00faj\u00edt\u00e1sa a nagy feladatuk.<br \/>\n<span style=\"color: #0000ff;\"><em><img fetchpriority=\"high\" decoding=\"async\" class=\"size-medium wp-image-1374 alignleft\" src=\"https:\/\/magyar-misszio.ch\/wp-content\/uploads\/2019\/10\/mszmihalyi_templom_1.jpg-300x219.jpg\" alt=\"\" width=\"300\" height=\"219\" data-id=\"1374\" srcset=\"https:\/\/magyar-misszio.ch\/wp-content\/uploads\/2019\/10\/mszmihalyi_templom_1.jpg-300x219.jpg 300w, https:\/\/magyar-misszio.ch\/wp-content\/uploads\/2019\/10\/mszmihalyi_templom_1.jpg.jpg 565w\" sizes=\"(max-width: 300px) 100vw, 300px\" \/>A templom \u00e9s az oldal\u00e1ban lev\u0151 hittanterem be\u00e1zik, roskadozik a tet\u0151. Nincs k\u00fcl\u00f6n pl\u00e9b\u00e1nia\u00e9p\u00fclet.\u00a0<\/em><em>T\u00e9len nincs f\u0171t\u00e9s, a gyerekek kab\u00e1tban \u00fclnek a hittan\u00f3r\u00e1n. A tanszerek, a hittanterem asztalai, padjai, sz\u00e9kei, t\u00e1bl\u00e1ja mind t\u00f6bb mint 30 \u00e9ves, elhaszn\u00e1ltak, kopottak.<\/em><\/span><\/p>\n<p><a name=\"segit\"><\/a><\/p>\n<p style=\"text-align: justify;\"><span style=\"text-decoration: underline;\"><strong>Hogyan seg\u00edthet\u00fcnk?<br \/>\n<\/strong><\/span>Perselyadom\u00e1ny\u00e1val: <strong><span style=\"color: #0000ff;\">nov.3-\u00e1n \u00e9s 10-\u00e9n<\/span><\/strong>.Vagy az al\u00e1bbi m\u00f3don:<br \/>\nGy\u0171jt\u00e9si akci\u00f3nk a karit\u00e1sz h\u00f3napj\u00e1ban, <span style=\"color: #0000ff;\"><strong>nov-24-ig<\/strong>\u00a0<\/span>tart: ha b\u00e1rki erre a c\u00e9lra karit\u00e1szunknak adom\u00e1nyt ad, ezt \u00f6sszegy\u0171jtve \u00e1tadjuk erre a c\u00e9lra, mint j\u00f3\u00e9rz\u00e9s\u0171 Sv\u00e1jban \u00e9l\u0151 magyarok seg\u00edts\u00e9g\u00e9t a neh\u00e9zsors\u00fa magyarok\u00e9rt.<br \/>\n<img decoding=\"async\" class=\"size-medium wp-image-1376 alignleft\" src=\"https:\/\/magyar-misszio.ch\/wp-content\/uploads\/2019\/10\/mszmihalyi_templom_2.jpg-300x233.jpg\" alt=\"\" width=\"300\" height=\"233\" data-id=\"1376\" srcset=\"https:\/\/magyar-misszio.ch\/wp-content\/uploads\/2019\/10\/mszmihalyi_templom_2.jpg-300x233.jpg 300w, https:\/\/magyar-misszio.ch\/wp-content\/uploads\/2019\/10\/mszmihalyi_templom_2.jpg.jpg 422w\" sizes=\"(max-width: 300px) 100vw, 300px\" \/>Aki\u00a0 sz\u00edvesen seg\u00edt, a k\u00f6vetkez\u0151 m\u00f3don is megteheti: sz\u00e1mlasz\u00e1munkra utalva a k\u00f6vetkez\u0151 megjegyz\u00e9ssel: <strong>d\u00e9lvid\u00e9ki-templom<\/strong>. <strong>Sz\u00e1mlasz\u00e1munk<\/strong>: \u00a0Verein St. Stephan, Z\u00fcrich 8057, Winterthurerstrasse 135, IBAN: CH59 0070 0112 8001 3211 1. M\u00e9g egyszer: &#8222;d\u00e9lvid\u00e9ki-templom&#8220; \u2013 megjegyz\u00e9ssel ker\u00fcl erre a c\u00e9lra! Minden kis seg\u00edts\u00e9g sz\u00e1m\u00edt, sok kicsi sokra megy.<\/p>\n<p><img decoding=\"async\" class=\"size-medium wp-image-1377 aligncenter\" src=\"https:\/\/magyar-misszio.ch\/wp-content\/uploads\/2019\/10\/mszmihalyi_templom_3.jpg-300x223.jpg\" alt=\"\" width=\"300\" height=\"223\" data-id=\"1377\" srcset=\"https:\/\/magyar-misszio.ch\/wp-content\/uploads\/2019\/10\/mszmihalyi_templom_3.jpg-300x223.jpg 300w, https:\/\/magyar-misszio.ch\/wp-content\/uploads\/2019\/10\/mszmihalyi_templom_3.jpg.jpg 500w\" sizes=\"(max-width: 300px) 100vw, 300px\" \/><\/p>\n<p><a name=\"biciklivel\"><\/a><\/p>\n<p style=\"text-align: justify;\"><a href=\"https:\/\/magyar-misszio.ch\/wp-content\/uploads\/2019\/10\/2019Magyarszentmihaly.pdf\"><b><u>plak\u00e1tunk let\u00f6lt\u00e9se<\/u><\/b><\/a><\/p>\n<p style=\"text-align: justify;\"><strong><em>Karit\u00e1sz csoportunk<\/em><\/strong><em>at tavaly \u00e9v v\u00e9g\u00e9n alap\u00edtottuk meg, \u00e9s kisebb (de az \u00e9rintettek sz\u00e1m\u00e1ra fontos) j\u00f3cselekedetek mellett \u00e9vi egy-k\u00e9t nagyobb c\u00e9lt is szeretn\u00e9nk t\u00e1mogatni. Hissz\u00fck, hogy a j\u00f3cselekedetekre ugyanannyira (n\u00e9ha m\u00e9g jobban is) sz\u00fcks\u00e9ge van az aj\u00e1nd\u00e9koz\u00f3nak, mint a megaj\u00e1nd\u00e9kozottaknak. \u00a0\u00a0 <\/em><\/p>\n<p>&nbsp;<\/p>\n","protected":false},"excerpt":{"rendered":"<p>T\u00e1mogassuk a magyarszentmih\u00e1lyi templomot! Mi\u00e9rt is seg\u00edts\u00fcnk? Hogyan tehetj\u00fcnk? plak\u00e1tunk Mi\u00e9rt is seg\u00edts\u00fcnk? Benvin Sebastian atya, a P\u00e1pai Misszi\u00f3s M\u0171vek vezet\u0151je (aki augusztusban volt k\u00f6zt\u00fcnk)\u00a0 k\u00e9r\u00e9s\u00e9re t\u00e1mogassuk egy\u00fctt azt az akci\u00f3t, amely m\u00e1r 2018-t\u00f3l p\u00e9nzadom\u00e1nyt gy\u0171jt a magyarszentmih\u00e1lyi (Szerbia) katolikus templom karbantart\u00e1s\u00e1ra \u00e9s a roskadoz\u00f3 hittanterem fel\u00faj\u00edt\u00e1s\u00e1ra \u00e9s b\u0151v\u00edt\u00e9s\u00e9re. Most a templom tet\u0151fel\u00faj\u00edt\u00e1sa a nagy &hellip; <\/p>\n<p class=\"link-more\"><a href=\"https:\/\/magyar-misszio.ch\/?page_id=1372\" class=\"more-link\"><span class=\"screen-reader-text\">\u201eMagyarszentmih\u00e1ly\u201c<\/span> weiterlesen<\/a><\/p>\n","protected":false},"author":2,"featured_media":0,"parent":0,"menu_order":0,"comment_status":"closed","ping_status":"closed","template":"","meta":{"footnotes":""},"class_list":["post-1372","page","type-page","status-publish","hentry"],"_links":{"self":[{"href":"https:\/\/magyar-misszio.ch\/index.php?rest_route=\/wp\/v2\/pages\/1372","targetHints":{"allow":["GET"]}}],"collection":[{"href":"https:\/\/magyar-misszio.ch\/index.php?rest_route=\/wp\/v2\/pages"}],"about":[{"href":"https:\/\/magyar-misszio.ch\/index.php?rest_route=\/wp\/v2\/types\/page"}],"author":[{"embeddable":true,"href":"https:\/\/magyar-misszio.ch\/index.php?rest_route=\/wp\/v2\/users\/2"}],"replies":[{"embeddable":true,"href":"https:\/\/magyar-misszio.ch\/index.php?rest_route=%2Fwp%2Fv2%2Fcomments&post=1372"}],"version-history":[{"count":5,"href":"https:\/\/magyar-misszio.ch\/index.php?rest_route=\/wp\/v2\/pages\/1372\/revisions"}],"predecessor-version":[{"id":1375,"href":"https:\/\/magyar-misszio.ch\/index.php?rest_route=\/wp\/v2\/pages\/1372\/revisions\/1375"}],"wp:attachment":[{"href":"https:\/\/magyar-misszio.ch\/index.php?rest_route=%2Fwp%2Fv2%2Fmedia&parent=1372"}],"curies":[{"name":"wp","href":"https:\/\/api.w.org\/{rel}","templated":true}]}}