{"id":1415,"date":"2019-12-07T13:36:33","date_gmt":"2019-12-07T13:36:33","guid":{"rendered":"http:\/\/magyar-misszio.ch\/?page_id=1415"},"modified":"2021-09-29T11:10:01","modified_gmt":"2021-09-29T11:10:01","slug":"imakurzus","status":"publish","type":"page","link":"https:\/\/magyar-misszio.ch\/?page_id=1415","title":{"rendered":"imakurzus"},"content":{"rendered":"<p><span style=\"color: #ff0000;\"><strong><span style=\"font-size: 18pt;\"><img fetchpriority=\"high\" decoding=\"async\" class=\"size-medium wp-image-1416 alignright\" src=\"https:\/\/magyar-misszio.ch\/wp-content\/uploads\/2019\/12\/imakurzusra-300x228.jpg\" alt=\"\" width=\"300\" height=\"228\" data-id=\"1416\" srcset=\"https:\/\/magyar-misszio.ch\/wp-content\/uploads\/2019\/12\/imakurzusra-300x228.jpg 300w, https:\/\/magyar-misszio.ch\/wp-content\/uploads\/2019\/12\/imakurzusra.jpg 483w\" sizes=\"(max-width: 300px) 100vw, 300px\" \/><\/span><\/strong><\/span><\/p>\n<p><span style=\"color: #ff0000;\"><strong><span style=\"font-size: 18pt;\">archiv<\/span><\/strong><\/span><\/p>\n<p><span style=\"color: #ff0000;\"><strong><span style=\"font-size: 18pt;\">Imakurzusra h\u00edvunk<\/span><\/strong><\/span><\/p>\n<p style=\"text-align: justify;\">Ak\u00e1r lelki k\u00e9sz\u00fcletk\u00e9nt a 2020-as budapesti Nemzetk\u00f6zi Eucharisztikus Kongresszusra, ak\u00e1r egy\u00e9ni istenkapcsolatunk meger\u0151s\u00edt\u00e9s\u00e9hez b\u00e1rkit szeretettel v\u00e1runk imakurzusra, melyet a NEK bizotts\u00e1ga dolgozott ki. Ez a k\u00e9thetente egy est\u00e9t jelent\u0151 kurzus 12 alkalomb\u00f3l \u00e1ll, ahol a vide\u00f3val egybek\u00f6t\u00f6tt tan\u00edt\u00e1sokat besz\u00e9lget\u00e9sek \u00e9s kis im\u00e1ds\u00e1g k\u00f6veti. (Este 7-kor kezden\u00e9nk, de ha hamar\u00e1bb is j\u00f3, akkor lehet kor\u00e1bban is, kb. m\u00e1sf\u00e9l \u00f3r\u00e1t tervezhet\u00fcnk r\u00e1.)<\/p>\n<p style=\"text-align: justify;\">A kurzust jan. 16-\u00e1n, cs\u00fct\u00f6rt\u00f6k este kezdj\u00fck.<br \/>\nSz\u00edvesen v\u00e1runk m\u00e9g jelentkez\u0151ket a kezd\u0151-d\u00e1tum ut\u00e1n is. Ak\u00e1r sz\u00f3ban, emailben, vagy itt a jelentkez\u00e9si \u0171rlap seg\u00edts\u00e9g\u00e9vel:<\/p>\n<p><!-- ListaMester URLAP KEZDETE --><\/p>\n<form id=\"LM_Form60621_20200102173517\" accept-charset=\"UTF-8\" action=\"https:\/\/listamester.hu\/lmui\/faces\/forms\/ProcessSubscription.jsp\" method=\"POST\">\n<div id=\"LM_formBlock60621_20200102173517\" style=\"background-color: #fdfdfd; padding: 5px; border-left: 1px solid #f2f2f2; border-right: 2px solid #eeeeee; border-top: 1px solid #f2f2f2; border-bottom: 2px solid #eeeeee;\">\n<div id=\"LM_errorText60621_20200102173517\" style=\"color: red;\"><\/div>\n<div id=\"LM_subscriptionText60621_20200102173517\">\n<p>&nbsp;<\/p>\n<p><span style=\"color: #0000ff;\"><strong><em>Szeretettel k\u00f6sz\u00f6nt\u00f6m z\u00fcrichi Szent Istv\u00e1n Magyar Misszi\u00f3 imakurzus\u00e1nak feliratoz\u00f3 \u0171rlapj\u00e1n!\u00a0<\/em><\/strong><\/span><span style=\"color: #0000ff;\"><strong><em>Ha van kedve megtenni, b\u00e1tor\u00edtson m\u00e1s magyar h\u00edv\u0151t is a feliratkoz\u00e1sra! K\u00f6sz\u00f6n\u00f6m: Varga P\u00e9ter atya<\/em><\/strong><\/span><\/p>\n<\/div>\n<table id=\"LM_questionTable60621_20200102173517\">\n<tbody>\n<tr>\n<td id=\"LM_LblEmail60621_20200102173517\" style=\"text-align: right;\">Email*<\/td>\n<td style=\"font-size: small;\"><input id=\"LM_IdEmail60621_20200102173517\" name=\"LM_Email60621\" required=\"\" type=\"email\" \/><\/td>\n<\/tr>\n<tr>\n<td id=\"LM_LblName60621_20200102173517\" style=\"text-align: right;\">N\u00e9v*<\/td>\n<td style=\"font-size: small;\"><input id=\"LM_IdName60621_20200102173517\" name=\"LM_Name60621\" required=\"\" type=\"text\" \/><\/td>\n<\/tr>\n<tr>\n<td id=\"LM_LblAnswer131311_20200102173517\" style=\"text-align: right;\">keresztn\u00e9v, megsz\u00f3l\u00edt\u00e1s*<\/td>\n<td style=\"font-size: small;\"><input id=\"LM_IdAnswer131311_20200102173517\" name=\"LM_Answer131311\" required=\"\" type=\"text\" \/><\/td>\n<\/tr>\n<tr>\n<td id=\"LM_LblAnswer131312_20200102173517\" style=\"text-align: right;\">\n<div style=\"padding-right: 0.7ex;\">mobil-telefonsz\u00e1m (Handy, Natel)<\/div>\n<\/td>\n<td style=\"font-size: small;\"><input id=\"LM_IdAnswer131312_20200102173517\" name=\"LM_Answer131312\" type=\"text\" \/><\/td>\n<\/tr>\n<tr>\n<td id=\"LM_LblAnswer131313_20200102173517\" colspan=\"2\">\n<div style=\"padding-right: 0.7ex;\">megjegyz\u00e9s, \u00fczenet<\/div>\n<\/td>\n<\/tr>\n<tr>\n<td style=\"font-size: small;\" colspan=\"2\"><textarea id=\"LM_IdAnswer131313_20200102173517\" style=\"width: 300px;\" name=\"LM_Answer131313\"><\/textarea><\/td>\n<\/tr>\n<\/tbody>\n<\/table>\n<div style=\"text-align: center;\">\n<div style=\"display: inline-block; text-align: left;\">\n<div id=\"LM_ButtonBlock60621_20200102173517\" style=\"padding-top: 10px; padding-bottom: 10px; padding-left: 20px;\"><input id=\"LM_SubmitBtn60621_20200102173517\" style=\"margin-left: auto; margin-right: auto; font-weight: bold;\" type=\"submit\" value=\"Adatok elk\u00fcld\u00e9se\" \/><\/div>\n<\/div>\n<\/div>\n<p><input name=\"LM_GroupID\" type=\"hidden\" value=\"60621\" \/><br \/>\n<input name=\"LM_UserData_1\" type=\"hidden\" value=\"\" \/><\/p>\n<\/div>\n<\/form>\n","protected":false},"excerpt":{"rendered":"<p>archiv Imakurzusra h\u00edvunk Ak\u00e1r lelki k\u00e9sz\u00fcletk\u00e9nt a 2020-as budapesti Nemzetk\u00f6zi Eucharisztikus Kongresszusra, ak\u00e1r egy\u00e9ni istenkapcsolatunk meger\u0151s\u00edt\u00e9s\u00e9hez b\u00e1rkit szeretettel v\u00e1runk imakurzusra, melyet a NEK bizotts\u00e1ga dolgozott ki. Ez a k\u00e9thetente egy est\u00e9t jelent\u0151 kurzus 12 alkalomb\u00f3l \u00e1ll, ahol a vide\u00f3val egybek\u00f6t\u00f6tt tan\u00edt\u00e1sokat besz\u00e9lget\u00e9sek \u00e9s kis im\u00e1ds\u00e1g k\u00f6veti. (Este 7-kor kezden\u00e9nk, de ha hamar\u00e1bb is j\u00f3, akkor &hellip; <\/p>\n<p class=\"link-more\"><a href=\"https:\/\/magyar-misszio.ch\/?page_id=1415\" class=\"more-link\"><span class=\"screen-reader-text\">\u201eimakurzus\u201c<\/span> weiterlesen<\/a><\/p>\n","protected":false},"author":2,"featured_media":0,"parent":0,"menu_order":0,"comment_status":"closed","ping_status":"closed","template":"","meta":{"footnotes":""},"class_list":["post-1415","page","type-page","status-publish","hentry"],"_links":{"self":[{"href":"https:\/\/magyar-misszio.ch\/index.php?rest_route=\/wp\/v2\/pages\/1415","targetHints":{"allow":["GET"]}}],"collection":[{"href":"https:\/\/magyar-misszio.ch\/index.php?rest_route=\/wp\/v2\/pages"}],"about":[{"href":"https:\/\/magyar-misszio.ch\/index.php?rest_route=\/wp\/v2\/types\/page"}],"author":[{"embeddable":true,"href":"https:\/\/magyar-misszio.ch\/index.php?rest_route=\/wp\/v2\/users\/2"}],"replies":[{"embeddable":true,"href":"https:\/\/magyar-misszio.ch\/index.php?rest_route=%2Fwp%2Fv2%2Fcomments&post=1415"}],"version-history":[{"count":4,"href":"https:\/\/magyar-misszio.ch\/index.php?rest_route=\/wp\/v2\/pages\/1415\/revisions"}],"predecessor-version":[{"id":3444,"href":"https:\/\/magyar-misszio.ch\/index.php?rest_route=\/wp\/v2\/pages\/1415\/revisions\/3444"}],"wp:attachment":[{"href":"https:\/\/magyar-misszio.ch\/index.php?rest_route=%2Fwp%2Fv2%2Fmedia&parent=1415"}],"curies":[{"name":"wp","href":"https:\/\/api.w.org\/{rel}","templated":true}]}}