{"id":1476,"date":"2020-02-28T18:32:34","date_gmt":"2020-02-28T18:32:34","guid":{"rendered":"http:\/\/magyar-misszio.ch\/?page_id=1476"},"modified":"2020-03-05T18:42:21","modified_gmt":"2020-03-05T18:42:21","slug":"a-b-erzsebet","status":"publish","type":"page","link":"https:\/\/magyar-misszio.ch\/?page_id=1476","title":{"rendered":"A.B.Erzsebet"},"content":{"rendered":"<p style=\"text-align: center;\"><span style=\"font-size: 16pt;\"><strong><span style=\"color: #ff0000;\">\u00c1rp\u00e1dh\u00e1zi<\/span>\u00a0BOLDOG <span style=\"color: #339966;\">Erzs\u00e9bet<\/span> &#8211; <span style=\"color: #0000ff;\">mit tudsz r\u00f3la?<\/span><\/strong><\/span><\/p>\n<p><em>\u0150 nem az \u00c1rp\u00e1dh\u00e1zi Szent Erzs\u00e9bet, hanem a boldog. Aki szint\u00e9n magyar\u00a0 kir\u00e1lyl\u00e1ny, de 13 \u00e9ves kor\u00e1t\u00f3l hal\u00e1l\u00e1ig k\u00f6zel hozz\u00e1nk, Winterthurban volt ap\u00e1ca.\u00a0<\/em><\/p>\n<p><em>I. Michel Bakocs r\u00f6vid ismertet\u0151je<br \/>\nII. T\u00f6rt\u00e9nelmi t\u00e1rlatvezet\u00e9s, el\u0151ad\u00e1s a kolostori \u00e9letr\u0151l \u00e9s Boldog Erzs\u00e9betr\u0151l<\/em><\/p>\n<p><span style=\"color: #0000ff;\"><strong><em>I. Michel Bakocs r\u00f6vid ismertet\u0151je:<\/em><\/strong><\/span><\/p>\n<p style=\"text-align: center;\"><strong>\u00c1rp\u00e1d-h\u00e1zi Boldog Erzs\u00e9betr\u0151l r\u00f6viden, <\/strong><br \/>\n<strong>r\u00f3la k\u00e9sz\u00fclt k\u00f6nyvr\u0151l<\/strong><br \/>\n<strong>\u00e9s al\u00e1\u00edr\u00e1sgy\u0171jt\u00e9sr\u0151l a szarkof\u00e1g fedel\u00e9nek hazavitel\u00e9hez<\/strong><\/p>\n<p style=\"text-align: justify;\"><span style=\"text-decoration: underline;\">Ki volt Boldog Erzs\u00e9bet?\u00a0 <\/span><br \/>\n\u00c1rp\u00e1d-h\u00e1zi Boldog Erzs\u00e9bet, III. Andr\u00e1s \u00c1rp\u00e1d-h\u00e1zi kir\u00e1ly egyetlen le\u00e1nya, 2 \u00e9ves, amikor meghal \u00c9desanyja Fenenna kir\u00e1lyn\u0151, majd 7 \u00e9ves kor\u00e1ra teljesen \u00e1rva lesz. Mostohaanyj\u00e1val, Habsburg \u00c1gnessel sz\u00e1m\u0171zik Magyarorsz\u00e1gr\u00f3l \u00e9s azzal a felt\u00e9tellel szolg\u00e1ltatj\u00e1k ki az \u00f6zvegyi \u00f6r\u00f6ks\u00e9ggel egy\u00fctt Erzs\u00e9bet apai \u00f6r\u00f6ks\u00e9g\u00e9t is, hogy egyik\u0151j\u00fck sem l\u00e9phet soha t\u00f6bbet magyar f\u00f6ldre. Erzs\u00e9betet 13 \u00e9vesen, 1308-ban \u00c1gnes a mai Sv\u00e1jc ter\u00fclet\u00e9n l\u00e9v\u0151 t\u00f6ssi domonkosrendi kolostorba viszi, ahol \u00e9lete v\u00e9g\u00e9ig ap\u00e1cak\u00e9nt \u00e9l.<\/p>\n<p style=\"text-align: justify;\"><span style=\"text-decoration: underline;\"><img decoding=\"async\" class=\"alignleft wp-image-1478\" src=\"https:\/\/magyar-misszio.ch\/wp-content\/uploads\/2020\/02\/konyv_eleje_r-199x300.jpg\" alt=\"\" width=\"150\" height=\"226\" data-id=\"1478\" srcset=\"https:\/\/magyar-misszio.ch\/wp-content\/uploads\/2020\/02\/konyv_eleje_r-199x300.jpg 199w, https:\/\/magyar-misszio.ch\/wp-content\/uploads\/2020\/02\/konyv_eleje_r.jpg 645w\" sizes=\"(max-width: 150px) 100vw, 150px\" \/>K\u00f6nyv az \u00e9let\u00e9r\u0151l<br \/>\n<\/span>\u00c9let\u00e9r\u0151l, minden napjair\u00f3l, n\u00e9lk\u00fcl\u00f6z\u00e9s\u00e9r\u0151l, az apai \u00f6r\u00f6ks\u00e9g ki nem szolg\u00e1ltat\u00e1s\u00e1r\u00f3l, szer\u00e9ny \u00e9s al\u00e1zatos viselked\u00e9s\u00e9r\u0151l Elsbeth Stagel le\u00edr\u00e1s\u00e1b\u00f3l tudhatunk meg pontos \u00e9s hiteles adatokat, t\u00e9nyeket. Erzs\u00e9bet 1336. okt\u00f3ber 31-\u00e9n hunyt el, \u00edgy Elsbeth jelen van utols\u00f3 \u00e9veinek k\u00ednszenved\u00e9sein\u00e9l, csodat\u00e9telein\u00e9l \u00e9s hal\u00e1l\u00e1n\u00e1l valamint temet\u00e9si szertart\u00e1s\u00e1n\u00e1l is.\u00a0Elsbeth Stagel dominik\u00e1nus n\u0151v\u00e9r \u00f3n\u00e9met nyelven r\u00f6gz\u00edtett \u00e9letrajzi kordokumentum jegyzete leford\u00edt\u00e1sra ker\u00fcl, \u00e9s <em>Der Schleier der Prinzessin<\/em> c\u00edmmel jelenik meg, a magyar ford\u00edt\u00e1s c\u00edme: <em>A koronahercegn\u0151 f\u00e1tyla, \u00c1rp\u00e1d h\u00e1zi Boldog Erzs\u00e9bet legend\u00e1ja.<br \/>\n<\/em>A k\u00f6nyv ismerteti a kir\u00e1lyl\u00e1ny temet\u00e9s\u00e9nek menet\u00e9t, az el\u0151k\u00e9sz\u00fcleteket, amelyb\u0151l megtudjuk, hogy a Domokos rend szok\u00e1s\u00e1t\u00f3l elt\u00e9r\u0151en, \u00c1gnes kir\u00e1lyn\u00e9 parancs\u00e1ra\u00a0 test\u00e9t egy k\u0151szarkof\u00e1gba temetik el 1337-ben. A kir\u00e1lyl\u00e1ny teste hal\u00e1l\u00e1t\u00f3l a k\u0151szarkof\u00e1gban val\u00f3 \u00fajratemet\u00e9sig romlatlan \u00e1llapotban volt, melyen semmilyen boml\u00e1snak indul\u00f3 folyamat\u00a0 nem volt \u00e9szlelhet\u0151 \u00e9s ezt\u00a0 isteni csod\u00e1nak tartott\u00e1k szeretett ap\u00e1cat\u00e1rsai.<\/p>\n<p style=\"text-align: justify;\"><span style=\"text-decoration: underline;\">Al\u00e1\u00edr\u00e1sgy\u0171jt\u00e9s a szarkof\u00e1g fedel\u00e9nek hazavitel\u00e9hez<\/span><br \/>\n<img decoding=\"async\" class=\"size-medium wp-image-1480 alignright\" src=\"https:\/\/magyar-misszio.ch\/wp-content\/uploads\/2020\/02\/szarkofag_r-300x85.jpg\" alt=\"\" width=\"300\" height=\"85\" data-id=\"1480\" srcset=\"https:\/\/magyar-misszio.ch\/wp-content\/uploads\/2020\/02\/szarkofag_r-300x85.jpg 300w, https:\/\/magyar-misszio.ch\/wp-content\/uploads\/2020\/02\/szarkofag_r-768x218.jpg 768w, https:\/\/magyar-misszio.ch\/wp-content\/uploads\/2020\/02\/szarkofag_r.jpg 959w\" sizes=\"(max-width: 300px) 100vw, 300px\" \/>A k\u0151szarkof\u00e1got 1337-ben \u00e1ll\u00edtott\u00e1k fel a kolostor k\u00f3rus\u00e1ban, mint egy a f\u00f6ld felsz\u00edne f\u00f6l\u00e9 emelt k\u0151kopors\u00f3t. A s\u00edrfed\u00e9lbe a n\u00e9gy evang\u00e9lista jelk\u00e9p\u00e9t v\u00e9st\u00e9k, \u00e9s Magyarorsz\u00e1g k\u00e9t c\u00edmerpajzs\u00e1t. Sz\u00e1z \u00e9vvel k\u00e9s\u0151bb m\u00e9g a kopors\u00f3 a f\u0151olt\u00e1r mellett \u00e1llt, azonban a k\u00f6vetkez\u0151 sz\u00e1z \u00e9v eltelt\u00e9vel a s\u00edreml\u00e9k nem \u00e9lte t\u00fal a reform\u00e1ci\u00f3t \u00e9s felsz\u00e1molt\u00e1k. Egyed\u00fcl az \u00edv alak\u00fa fed\u00e9l maradt meg, mely 1850-ig maradt a templomban.1898-ban a sv\u00e1jci Landesmuseum r\u00e9sz\u00e9re \u00e1tadt\u00e1k. <img decoding=\"async\" class=\"alignleft wp-image-1481 size-thumbnail\" src=\"https:\/\/magyar-misszio.ch\/wp-content\/uploads\/2020\/02\/konyv_cimer_r-150x150.jpg\" alt=\"\" width=\"150\" height=\"150\" data-id=\"1481\" srcset=\"https:\/\/magyar-misszio.ch\/wp-content\/uploads\/2020\/02\/konyv_cimer_r-150x150.jpg 150w, https:\/\/magyar-misszio.ch\/wp-content\/uploads\/2020\/02\/konyv_cimer_r-100x100.jpg 100w\" sizes=\"(max-width: 150px) 100vw, 150px\" \/>Az ir\u00e1nta val\u00f3 tisztelet \u00e9s csod\u00e1lat jel\u00e9\u00fcl csal\u00e1dj\u00e1nak, az \u00c1rp\u00e1d h\u00e1zi kir\u00e1lyoknak c\u00edmer\u00e9t felvette Winthertur tartom\u00e1nya is saj\u00e1t c\u00edmer\u00e9be. A kir\u00e1lyl\u00e1ny \u00e9let\u00e9t a helyiek j\u00f3l ismerik, tan\u00edtj\u00e1k az iskol\u00e1ban \u00e9s a gyermekek dolgozatot \u00edrnak r\u00f3la.<\/p>\n<p style=\"text-align: justify;\">K\u00f6teless\u00e9g\u00fcnk a lehet\u0151 legt\u00f6bbet megtenni az\u00e9rt, mely\u00e9rt minden \u00e9rz\u0151 magyar l\u00e9lek sz\u00edve megdobban a k\u00f6nyv elolvas\u00e1sa \u00e9s a benne l\u00e9v\u0151 t\u00e1rgyi, r\u00e9g\u00e9szeti bizony\u00edt\u00e9kok l\u00e1tt\u00e1n, hogy a szarkof\u00e1g s\u00edrfedel\u00e9nek Magyarorsz\u00e1gon, m\u00e9lt\u00f3 helyen lenne a v\u00e9gs\u0151 elhelyez\u00e9se.Ez\u00e9rt, \u00c1rp\u00e1d-h\u00e1zi Boldog Erzs\u00e9bet s\u00edrfedel\u00e9nek Magyarorsz\u00e1gra hozatal\u00e1nak kezdem\u00e9nyez\u00fcnk al\u00e1\u00edr\u00e1s gy\u0171jt\u00e9st, amit a Z\u00fcrichi Magyar Katolikius Misszi\u00f3ban is lehet al\u00e1\u00edrni.\u00a0 (<a href=\"https:\/\/magyar-misszio.ch\/wp-content\/uploads\/2020\/03\/alairoiv.pdf\" target=\"_blank\" rel=\"noopener noreferrer\">innen le is t\u00f6lthet\u0151\u2026<\/a>)<\/p>\n<p>K\u00f6sz\u00f6nj\u00fck sz\u00e9pen.<\/p>\n<p>&nbsp;<\/p>\n<p><span style=\"font-size: 14pt;\"><strong><span style=\"color: #0000ff;\"><em>II. T\u00f6rt\u00e9nelmi t\u00e1rlatvezet\u00e9s, el\u0151ad\u00e1s a kolostori \u00e9letr\u0151l \u00e9s Boldog Erzs\u00e9betr\u0151l<\/em><\/span><\/strong><\/span><\/p>\n<p>2020. m\u00e1rc. 7-\u00e9n egyed\u00fcl\u00e1ll\u00f3 t\u00f6rt\u00e9nelmi t\u00e1rlatvezet\u00e9sen, el\u0151ad\u00e1son vehetnek r\u00e9szt az \u00e9rdekl\u0151d\u0151k a kolostorr\u00f3l, Boldog Erzs\u00e9betr\u0151l Winterthurban (a v\u00e1ros elej\u00e9n l\u00e9v\u0151 \u00e9p\u00edtkez\u00e9sn\u00e9l, Winterthur-T\u00f6ss-ben)\u00a0 Kanton Z\u00fcrich \u00e9p\u00edt\u00e9si \u00e9s archeol\u00f3giai hivatala szervez\u00e9s\u00e9ben.<br \/>\nB\u0151vebb inform\u00e1ci\u00f3k:<br \/>\n&#8211; a programr\u00f3l kattints a k\u00e9pekre<br \/>\n<a href=\"https:\/\/magyar-misszio.ch\/wp-content\/uploads\/2020\/02\/Tag-der-offenen-Grabung-T\u00f6ss-1.jpg\"><img loading=\"lazy\" decoding=\"async\" class=\"alignnone wp-image-1491\" src=\"https:\/\/magyar-misszio.ch\/wp-content\/uploads\/2020\/02\/Tag-der-offenen-Grabung-T\u00f6ss-1-214x300.jpg\" alt=\"\" width=\"128\" height=\"179\" data-id=\"1491\" srcset=\"https:\/\/magyar-misszio.ch\/wp-content\/uploads\/2020\/02\/Tag-der-offenen-Grabung-T\u00f6ss-1-214x300.jpg 214w, https:\/\/magyar-misszio.ch\/wp-content\/uploads\/2020\/02\/Tag-der-offenen-Grabung-T\u00f6ss-1.jpg 402w\" sizes=\"(max-width: 128px) 100vw, 128px\" \/><\/a>\u00a0 \u00a0 \u00a0<a href=\"https:\/\/magyar-misszio.ch\/wp-content\/uploads\/2020\/02\/Tag-der-offenen-Grabung-T\u00f6ss-2.jpg\"><img loading=\"lazy\" decoding=\"async\" class=\"alignnone wp-image-1492\" src=\"https:\/\/magyar-misszio.ch\/wp-content\/uploads\/2020\/02\/Tag-der-offenen-Grabung-T\u00f6ss-2-211x300.jpg\" alt=\"\" width=\"123\" height=\"175\" data-id=\"1492\" srcset=\"https:\/\/magyar-misszio.ch\/wp-content\/uploads\/2020\/02\/Tag-der-offenen-Grabung-T\u00f6ss-2-211x300.jpg 211w, https:\/\/magyar-misszio.ch\/wp-content\/uploads\/2020\/02\/Tag-der-offenen-Grabung-T\u00f6ss-2.jpg 394w\" sizes=\"(max-width: 123px) 100vw, 123px\" \/><\/a><br \/>\n&#8211; a munk\u00e1latokr\u00f3l <a href=\"https:\/\/are.zh.ch\/internet\/baudirektion\/are\/de\/aktuell\/projekte\/laufendeprojekte.html#title-content-internet-baudirektion-are-de-aktuell-projekte-laufendeprojekte-jcr-content-contentPar-textimage_37\" target=\"_blank\" rel=\"noopener noreferrer\">kattints ide&#8230;<\/a><\/p>\n","protected":false},"excerpt":{"rendered":"<p>\u00c1rp\u00e1dh\u00e1zi\u00a0BOLDOG Erzs\u00e9bet &#8211; mit tudsz r\u00f3la? \u0150 nem az \u00c1rp\u00e1dh\u00e1zi Szent Erzs\u00e9bet, hanem a boldog. Aki szint\u00e9n magyar\u00a0 kir\u00e1lyl\u00e1ny, de 13 \u00e9ves kor\u00e1t\u00f3l hal\u00e1l\u00e1ig k\u00f6zel hozz\u00e1nk, Winterthurban volt ap\u00e1ca.\u00a0 I. Michel Bakocs r\u00f6vid ismertet\u0151je II. T\u00f6rt\u00e9nelmi t\u00e1rlatvezet\u00e9s, el\u0151ad\u00e1s a kolostori \u00e9letr\u0151l \u00e9s Boldog Erzs\u00e9betr\u0151l I. Michel Bakocs r\u00f6vid ismertet\u0151je: \u00c1rp\u00e1d-h\u00e1zi Boldog Erzs\u00e9betr\u0151l r\u00f6viden, r\u00f3la k\u00e9sz\u00fclt &hellip; <\/p>\n<p class=\"link-more\"><a href=\"https:\/\/magyar-misszio.ch\/?page_id=1476\" class=\"more-link\"><span class=\"screen-reader-text\">\u201eA.B.Erzsebet\u201c<\/span> weiterlesen<\/a><\/p>\n","protected":false},"author":2,"featured_media":0,"parent":0,"menu_order":0,"comment_status":"closed","ping_status":"closed","template":"","meta":{"footnotes":""},"class_list":["post-1476","page","type-page","status-publish","hentry"],"_links":{"self":[{"href":"https:\/\/magyar-misszio.ch\/index.php?rest_route=\/wp\/v2\/pages\/1476","targetHints":{"allow":["GET"]}}],"collection":[{"href":"https:\/\/magyar-misszio.ch\/index.php?rest_route=\/wp\/v2\/pages"}],"about":[{"href":"https:\/\/magyar-misszio.ch\/index.php?rest_route=\/wp\/v2\/types\/page"}],"author":[{"embeddable":true,"href":"https:\/\/magyar-misszio.ch\/index.php?rest_route=\/wp\/v2\/users\/2"}],"replies":[{"embeddable":true,"href":"https:\/\/magyar-misszio.ch\/index.php?rest_route=%2Fwp%2Fv2%2Fcomments&post=1476"}],"version-history":[{"count":6,"href":"https:\/\/magyar-misszio.ch\/index.php?rest_route=\/wp\/v2\/pages\/1476\/revisions"}],"predecessor-version":[{"id":1508,"href":"https:\/\/magyar-misszio.ch\/index.php?rest_route=\/wp\/v2\/pages\/1476\/revisions\/1508"}],"wp:attachment":[{"href":"https:\/\/magyar-misszio.ch\/index.php?rest_route=%2Fwp%2Fv2%2Fmedia&parent=1476"}],"curies":[{"name":"wp","href":"https:\/\/api.w.org\/{rel}","templated":true}]}}