{"id":1571,"date":"2020-04-07T18:16:05","date_gmt":"2020-04-07T18:16:05","guid":{"rendered":"http:\/\/magyar-misszio.ch\/?page_id=1571"},"modified":"2020-04-08T11:15:41","modified_gmt":"2020-04-08T11:15:41","slug":"tundervar","status":"publish","type":"page","link":"https:\/\/magyar-misszio.ch\/?page_id=1571","title":{"rendered":"tundervar"},"content":{"rendered":"<p style=\"text-align: center;\"><span style=\"font-size: 18pt; color: #0000ff;\"><b>Erd\u00e9lyi nagycsal\u00e1dos<br \/>\ngimnazist\u00e1k \u00e9s egyetemist\u00e1k \u00f6szt\u00f6nd\u00edjprogramja<br \/>\n&#8211; T\u00fcnd\u00e9rv\u00e1r-projekt<\/b><\/span><\/p>\n<p><img decoding=\"async\" class=\"aligncenter\" src=\"https:\/\/magyar-misszio.ch\/wp-content\/uploads\/2018\/08\/egyutt-300x146.jpg\" alt=\"\" \/><\/p>\n<p style=\"text-align: center;\"><strong><span style=\"font-size: 14pt;\">A <span style=\"color: #ff0000;\">projekt bemutat\u00e1s\u00e1<\/span>hoz <a href=\"http:\/\/www.magyar-misszio.ch\/egyebek\/tundervar\/tundervar.html\">kattintson ide&#8230;<\/a><br \/>\n<\/span><\/strong><span style=\"font-size: 10pt;\"><em>Ha a vet\u00edt\u00e9s nem j\u00f3l jelenik meg \u00d6nn\u00e9l, akkor <a href=\"https:\/\/magyar-misszio.ch\/wp-content\/uploads\/2020\/04\/tundervar.pdf\" target=\"_blank\" rel=\"noopener noreferrer\">kattintson ide&#8230;<\/a><\/em><\/span><strong><span style=\"font-size: 14pt;\"><br \/>\n<\/span><\/strong><span style=\"font-size: 14pt;\">Cikk a projektr\u0151l <a href=\"https:\/\/magyar-misszio.ch\/wp-content\/uploads\/2020\/04\/Tundervar_cikk.pdf\" target=\"_blank\" rel=\"noopener noreferrer\">ide kattintva&#8230;<\/a><\/span><\/p>\n<p style=\"text-align: center;\"><span style=\"color: #0000ff;\">Seg\u00edtsen online!<\/span><br \/>\n&#8211; \u00e1tutal\u00e1ssal <span style=\"font-size: 10pt;\"><em>(r\u00e9szletek a projektn\u00e9l)<\/em><\/span><br \/>\n&#8211; bankk\u00e1rty\u00e1val a k\u00e9pre kattintva (master-, visa- stb.)<br \/>\n<em><span style=\"font-size: 10pt;\">(ez a bankk\u00e1rty\u00e1s fizet\u00e9s a vil\u00e1g egyik legismertebb fizet\u0151-rendszer\u00e9n, a Paypal-on kereszt\u00fcl t\u00f6rt\u00e9nik, teh\u00e1t banki szint\u0171 a biztons\u00e1ga)<\/span><\/em><\/p>\n<p style=\"text-align: center;\"><em><span style=\"font-size: 10pt;\"><a href=\"https:\/\/www.paypal.com\/cgi-bin\/webscr?cmd=_s-xclick&amp;hosted_button_id=BMAYL6TANNFPE&amp;source=url\" target=\"_blank\" rel=\"noopener noreferrer\"><img decoding=\"async\" class=\"alignnone wp-image-1586\" src=\"https:\/\/magyar-misszio.ch\/wp-content\/uploads\/2020\/04\/paypal_tundervar.jpg-300x132.jpg\" alt=\"\" width=\"245\" height=\"108\" data-id=\"1586\" srcset=\"https:\/\/magyar-misszio.ch\/wp-content\/uploads\/2020\/04\/paypal_tundervar.jpg-300x132.jpg 300w, https:\/\/magyar-misszio.ch\/wp-content\/uploads\/2020\/04\/paypal_tundervar.jpg.jpg 449w\" sizes=\"(max-width: 245px) 100vw, 245px\" \/><\/a><br \/>\nP\u00e1r m\u00e1sodpercet v\u00e1rni kell az oldal bet\u00f6lts\u00e9ig.<br \/>\n<\/span><\/em><img decoding=\"async\" src=\"https:\/\/www.paypal.com\/de_CH\/i\/scr\/pixel.gif\" alt=\"\" width=\"1\" height=\"1\" border=\"0\" \/><\/p>\n","protected":false},"excerpt":{"rendered":"<p>Erd\u00e9lyi nagycsal\u00e1dos gimnazist\u00e1k \u00e9s egyetemist\u00e1k \u00f6szt\u00f6nd\u00edjprogramja &#8211; T\u00fcnd\u00e9rv\u00e1r-projekt A projekt bemutat\u00e1s\u00e1hoz kattintson ide&#8230; Ha a vet\u00edt\u00e9s nem j\u00f3l jelenik meg \u00d6nn\u00e9l, akkor kattintson ide&#8230; Cikk a projektr\u0151l ide kattintva&#8230; Seg\u00edtsen online! &#8211; \u00e1tutal\u00e1ssal (r\u00e9szletek a projektn\u00e9l) &#8211; bankk\u00e1rty\u00e1val a k\u00e9pre kattintva (master-, visa- stb.) (ez a bankk\u00e1rty\u00e1s fizet\u00e9s a vil\u00e1g egyik legismertebb fizet\u0151-rendszer\u00e9n, a Paypal-on &hellip; <\/p>\n<p class=\"link-more\"><a href=\"https:\/\/magyar-misszio.ch\/?page_id=1571\" class=\"more-link\"><span class=\"screen-reader-text\">\u201etundervar\u201c<\/span> weiterlesen<\/a><\/p>\n","protected":false},"author":2,"featured_media":0,"parent":0,"menu_order":0,"comment_status":"closed","ping_status":"closed","template":"","meta":{"footnotes":""},"class_list":["post-1571","page","type-page","status-publish","hentry"],"_links":{"self":[{"href":"https:\/\/magyar-misszio.ch\/index.php?rest_route=\/wp\/v2\/pages\/1571","targetHints":{"allow":["GET"]}}],"collection":[{"href":"https:\/\/magyar-misszio.ch\/index.php?rest_route=\/wp\/v2\/pages"}],"about":[{"href":"https:\/\/magyar-misszio.ch\/index.php?rest_route=\/wp\/v2\/types\/page"}],"author":[{"embeddable":true,"href":"https:\/\/magyar-misszio.ch\/index.php?rest_route=\/wp\/v2\/users\/2"}],"replies":[{"embeddable":true,"href":"https:\/\/magyar-misszio.ch\/index.php?rest_route=%2Fwp%2Fv2%2Fcomments&post=1571"}],"version-history":[{"count":11,"href":"https:\/\/magyar-misszio.ch\/index.php?rest_route=\/wp\/v2\/pages\/1571\/revisions"}],"predecessor-version":[{"id":1590,"href":"https:\/\/magyar-misszio.ch\/index.php?rest_route=\/wp\/v2\/pages\/1571\/revisions\/1590"}],"wp:attachment":[{"href":"https:\/\/magyar-misszio.ch\/index.php?rest_route=%2Fwp%2Fv2%2Fmedia&parent=1571"}],"curies":[{"name":"wp","href":"https:\/\/api.w.org\/{rel}","templated":true}]}}