{"id":1622,"date":"2020-05-02T17:03:28","date_gmt":"2020-05-02T17:03:28","guid":{"rendered":"http:\/\/magyar-misszio.ch\/?page_id=1622"},"modified":"2020-07-12T18:53:48","modified_gmt":"2020-07-12T18:53:48","slug":"papok","status":"publish","type":"page","link":"https:\/\/magyar-misszio.ch\/?page_id=1622","title":{"rendered":"papok"},"content":{"rendered":"<p style=\"text-align: center;\"><span style=\"font-size: 18pt; color: #ff0000;\">H\u00fasv\u00e9t 4. vas\u00e1rnap &#8211; j\u00f3p\u00e1sztor vas\u00e1rnapja<\/span><\/p>\n<p style=\"text-align: left;\">Az oldal tartalma:<br \/>\n<span style=\"color: #3366ff;\"><a style=\"color: #3366ff;\" href=\"#kispapok\"><strong>Kispapok a h\u00edvek k\u00f6z\u00e9&#8230;<\/strong><\/a><\/span><br \/>\n<span style=\"color: #3366ff;\"><a style=\"color: #3366ff;\" href=\"#papnov\"><span style=\"font-size: 12pt;\"><strong>Papn\u00f6vend\u00e9kek bemutatkoz\u00e1sa<\/strong><\/span><\/a><br \/>\n<a style=\"color: #3366ff;\" href=\"#ujsag\"><strong>Pl\u00e9b\u00e1nosunk &#8211; \u00fajs\u00e1gcikk<\/strong><\/a><br \/>\n<a style=\"color: #3366ff;\" href=\"#azota\"><span style=\"font-size: 12pt;\"><strong>&#8230;az\u00f3ta<\/strong><\/span><\/a><br \/>\n<\/span><a id=\"kispapok\"><\/a><\/p>\n<p><img fetchpriority=\"high\" decoding=\"async\" class=\"aligncenter wp-image-1647 size-full\" src=\"https:\/\/magyar-misszio.ch\/wp-content\/uploads\/2020\/05\/Bild_guter_Hirt.jpg\" alt=\"\" width=\"1024\" height=\"574\" data-id=\"1647\" srcset=\"https:\/\/magyar-misszio.ch\/wp-content\/uploads\/2020\/05\/Bild_guter_Hirt.jpg 1024w, https:\/\/magyar-misszio.ch\/wp-content\/uploads\/2020\/05\/Bild_guter_Hirt-300x168.jpg 300w, https:\/\/magyar-misszio.ch\/wp-content\/uploads\/2020\/05\/Bild_guter_Hirt-768x431.jpg 768w\" sizes=\"(max-width: 767px) 89vw, (max-width: 1000px) 54vw, (max-width: 1071px) 543px, 580px\" \/><\/p>\n<p style=\"text-align: justify;\"><span style=\"color: #0000ff;\"><strong>&#8222;Kispapok&#8220; a h\u00edvek k\u00f6z\u00e9&#8230;<\/strong><\/span><br \/>\nPapn\u00f6vend\u00e9k koromban kiemelt helyet foglalt el a j\u00f3p\u00e1sztor vas\u00e1rnapja, mert m\u00e1r hetekkel azel\u0151tt az \u00e9ves egyetlen pr\u00e9dik\u00e1ci\u00f3nkra k\u00e9sz\u00fclt\u00fcnk, \u00e9s elhagyva a papnevel\u0151 int\u00e9zetet, sz\u00e9tsz\u00e9ledt\u00fcnk k\u00fcl\u00f6nb\u00f6z\u0151 pl\u00e9b\u00e1ni\u00e1kra, ahol a h\u00edvek v\u00e1rtak minket, hallgattak minket \u2013 tal\u00e1n n\u00e9ha izgultak is vel\u00fcnk a pr\u00e9dik\u00e1ci\u00f3 alatt \u00fcgyetlens\u00e9geink miatt \u2013 \u00e9s m\u00e9gis \u00f6r\u00fcltek nek\u00fcnk, mi pedig a szeretetnek, amit kaptunk \u00e9s a tapasztalatnak. Pr\u00e9dik\u00e1lnunk kellett ezen a vas\u00e1rnapon, mert valamit tov\u00e1bb kellett adnunk hivat\u00e1sunkb\u00f3l&#8230;\u00a0Mint minden pap, egyszer\u0171en meghallottunk valami term\u00e9szetfeletti h\u00edv\u00e1st, ez\u00e9rt minden hivat\u00e1s egy k\u00fcl\u00f6n t\u00f6rt\u00e9net.<\/p>\n<p style=\"text-align: justify;\"><a id=\"papnov\"><\/a>Most (2020.) <span style=\"color: #0000ff;\"><strong>t\u00f6bb jelenlegi papn\u00f6vend\u00e9k bemutatkoz\u00e1sa<\/strong><\/span> jutott el hozz\u00e1m (eredeti v\u00e1ci egyh\u00e1zmegy\u00e9mb\u0151l), amit szeretettel osztok meg, mint youtube vide\u00f3t:<\/p>\n<table style=\"border-collapse: collapse; width: 100%; height: 346px;\">\n<tbody>\n<tr style=\"height: 346px;\">\n<td style=\"width: 100%; height: 346px; text-align: center;\"><iframe src=\"https:\/\/www.youtube.com\/embed\/hAZdz9Mt-n4\" width=\"560\" height=\"315\" frameborder=\"0\" allowfullscreen=\"allowfullscreen\"><\/iframe><\/td>\n<\/tr>\n<\/tbody>\n<\/table>\n<p style=\"text-align: justify;\">Gondoltam m\u00e9g tov\u00e1bb\u00e1, hogy ebb\u0151l az alkalomb\u00f3l bep\u00f3tolom azt, amivel m\u00e1r r\u00e9g\u00f3ta tartozom, hogy magamat is bemutassam honlapunkon is, \u00edgy egy kor\u00e1bbi \u00fajs\u00e1gcikket olvashatunk hivat\u00e1somr\u00f3l \u00e9s ut\u00e1na az az\u00f3ta eltelt id\u0151r\u0151l.<\/p>\n<p style=\"text-align: center;\"><a id=\"ujsag\"><\/a>Papi arc\u00e9lek\u00a0 &#8211;\u00a0 Tudom\u00e1ny helyett lelkip\u00e1sztorkod\u00e1s<br \/>\n<span style=\"font-size: 14pt; color: #0000ff;\"><strong>\u00fajs\u00e1gcikk a Kereszt\u00e9ny \u00c9letben<\/strong><\/span> &#8211; Varga P\u00e9ter pl\u00e9b\u00e1nossal<\/p>\n<p style=\"text-align: justify;\">\u00d6t\u00f6dik, legkisebb gyermekk\u00e9nt l\u00e1tta meg a napvil\u00e1got 1971-ben V\u00e1cott. A munk\u00e1s sz\u00fcl\u0151k fia Pencen n\u0151tt f\u00f6l, \u00e9let\u00e9nek szerinte legnagyobb aj\u00e1nd\u00e9ka a h\u00edv\u0151 csal\u00e1d \u00e9s a testv\u00e9rei:<br \/>\n&#8211;\u00a0<i>Ez fontosabb a sz\u00e1momra, mintha gyermekkorunkban j\u00f3l\u00e9tben \u00e9lt\u00fcnk volna.<\/i><br \/>\nAz \u00e1ltal\u00e1nos iskola hetedik oszt\u00e1ly\u00e1ba j\u00e1rt, amikor megismerkedett a pl\u00e9b\u00e1nosuk unoka\u00f6ccs\u00e9vel<i>, Barsi Bal\u00e1zs<\/i>\u00a0ferences szerzetessel, aki megk\u00e9rdezte t\u0151le, nem akarna-e egyh\u00e1zi iskol\u00e1ban tov\u00e1bbtanulni. Akart. \u00c9s Barsi Bal\u00e1zs a \u201csz\u00e1rnyai\u201d al\u00e1 vette. \u00cdgy lett az esztergomi ferences gimn\u00e1zium di\u00e1kja.<br \/>\n<i>&#8211; \u0150 az, aki &#8211; V\u00e1rszegi Asztrik mellett &#8211; sokat adott nekem. Isten fel\u00e9 terelt. Rajtuk k\u00edv\u00fcl m\u00e9g sok olyan pappal megismerkedhettem, akik nagy\u00a0 hat\u00e1ssal voltak r\u00e1m, p\u00e9ld\u00e1ul a k\u00e1pl\u00e1n aty\u00e1k \u00e1ltal\u00e1nos iskol\u00e1s \u00e9veim alatt.<br \/>\n<\/i>A csal\u00e1dban csup\u00e1n egy pap-rokon volt, az \u00e9desapja r\u00e9v\u00e9n &#8211;\u00a0<i>Varga Mih\u00e1ly,<\/i>\u00a0az \u00d6r\u00f6kim\u00e1d\u00e1s-k\u00f6nyv szerz\u0151je. Az \u00e9desanyja k\u00f6zvetlen\u00fcl a papp\u00e1 szentel\u00e9se el\u0151tt \u00e1rulta el: mindig az\u00e9rt im\u00e1dkozott, hogy a legkisebb fia pap legyen.<br \/>\n&#8211;\u00a0<i>Azel\u0151tt nekem err\u0151l, egy sz\u00f3t sem sz\u00f3lt.<br \/>\n<\/i>Noha, nagy hat\u00e1ssal voltak r\u00e1 a szerzetesek, s az \u00e1ltaluk fenntartott k\u00f6z\u00e9piskol\u00e1ban \u00e9retts\u00e9gizett, nem \u00e9rzett igaz\u00e1n hivat\u00e1st a szerzetesi \u00e9letre.<br \/>\n&#8211;\u00a0<i>Persze, megfordult a fejemben, hogy szerzetes leszek. De nem volt vonz\u00f3 a sz\u00e1momra a z\u00e1rt, kolostori \u00e9let. Egyszer\u0171en, nem tudtam magam elk\u00e9pzelni egy kolostorban. Emberek k\u00f6z\u00f6tt szerettem volna \u00e9lni, \u00e9s Isten fel\u00e9 vezetni \u0151ket.<\/i><br \/>\nB\u00e1r a paps\u00e1gra sz\u00f3l\u00f3 megh\u00edv\u00e1st gyermekkora \u00f3ta \u00e9rezte, a v\u00e9gs\u0151 elhat\u00e1roz\u00e1s azonban csak az \u00e9retts\u00e9gi el\u0151tt sz\u00fcletett meg benne. Budapesten, a K\u00f6zponti Szemin\u00e1riumban k\u00e9sz\u00fclt a j\u00f6v\u0151re. Az \u00f6t\u00f6dik \u00e9v v\u00e9g\u00e9n megszerezte a bakkalaure\u00e1tusi fokozatot.<br \/>\n<i>&#8211; F\u0151p\u00e1sztorom, Keszthelyi Ferenc v\u00e1ci megy\u00e9sp\u00fcsp\u00f6k sz\u00edvesen felszentelt volna kor\u00e1bban is. \u00c9n viszont nem \u00e9reztem \u00fagy, hogy k\u00e9szen \u00e1lln\u00e9k a szentel\u00e9sre id\u0151 el\u0151tt. \u0150 azt akarta, hogy a szentel\u00e9sem ut\u00e1n tov\u00e1bb k\u00e9pezzem magam k\u00fclf\u00f6ld\u00f6n. Tudtam, hogy nem akarok elvont tudom\u00e1nyos k\u00e9rd\u00e9sekkel foglalkozni. Ez\u00e9rt a di\u00e1konus-szentel\u00e9s ut\u00e1n k\u00f6ztes megold\u00e1sk\u00e9nt egy \u00e9vet B\u00e9csben, a P\u00e1zm\u00e1neuzmban t\u00f6lthettem, ahol nyelvtanul\u00e1s mellett az egyetemen \u00dajsz\u00f6vets\u00e9get tanultam \u00e9s egy kicsit a keleti vall\u00e1sokr\u00f3l is. Egyel\u0151re \u00e9n vagyok az utols\u00f3 \u201ep\u00e1zm\u00e1nita\u201d &#8211; de k\u00e9k reverend\u00e1t \u00e9n m\u00e1r nem csin\u00e1ltattam.<br \/>\n<\/i>A papp\u00e1 szentel\u00e9se ut\u00e1n, 1995-ben, Nagyk\u00e1t\u00e1ra helyezt\u00e9k k\u00e1pl\u00e1nnak. K\u00e9t \u00e9v t\u00f6lt\u00f6tt ott.<br \/>\n<i>&#8211; Az volt a c\u00e9lom, hogy a pl\u00e9b\u00e1nost seg\u00edtsem a tervei megval\u00f3s\u00edt\u00e1s\u00e1ban. Tulajdonk\u00e9ppen, m\u00e9g nem is akartam \u00f6n\u00e1ll\u00f3an dolgozni.<br \/>\n<\/i>A salg\u00f3tarj\u00e1ni Etes k\u00f6zs\u00e9gben volt az els\u0151 \u00f6n\u00e1ll\u00f3 helye.<br \/>\n<i>&#8211; A k\u00f6zs\u00e9gben laktam, s onnan l\u00e1ttam el h\u00e1rom pl\u00e9b\u00e1ni\u00e1t, ami hat falut jelentett.<br \/>\n<\/i>Itt kezdett el azon gondolkodni, hogy val\u00f3j\u00e1ban mi is a lelkip\u00e1sztor feladata a mindennapokban.<br \/>\n&#8211;\u00a0<i>Hogyan lehet a h\u00edveket a lelkiekben seg\u00edteni, hogy min\u00e9l im\u00e1ds\u00e1gosabbakk\u00e1 v\u00e1ljunk? Hogyan lehet ennyi telep\u00fcl\u00e9st ell\u00e1tni? Marad-e id\u0151 a k\u00f6z\u00f6ss\u00e9g \u00e9p\u00edt\u00e9s\u00e9re? Milyen p\u00e9ld\u00e1kat lehet tal\u00e1lni a modern egyh\u00e1zszervez\u00e9sr\u0151l a m\u00faltban vagy jelenben? Hogyan lehetne min\u00e9l t\u00f6bb embert bevonni az egyh\u00e1zk\u00f6zs\u00e9gi \u00e9letbe? Ezek a k\u00e9rd\u00e9sek foglalkoztattak.<\/i><br \/>\nAz is k\u00e9rd\u00e9s volt persze, hogy egy\u00e1ltal\u00e1n, a sok misemond\u00e1s mellett jut-e ideje m\u00e1s lelkip\u00e1sztori munk\u00e1ra.<br \/>\n&#8211;\u00a0<i>A v\u00e1lasz term\u00e9szetesen benne van az Egyh\u00e1zi T\u00f6rv\u00e9nyk\u00f6nyvben: pontosan megmondja, hogy mennyi mis\u00e9t mondhat a pap. Ha ezt betartjuk, m\u00e1s dolgoknak is tudunk priorit\u00e1st adni. \u00c9n egy\u00e9bk\u00e9nt \u00fagy \u00e9reztem &#8211; noha szeretem a gyerekeket, \u00e9s nagyon j\u00f3l \u00e9rzem magam k\u00f6z\u00f6tt\u00fck -, hogy els\u0151sorban a feln\u0151ttek fel\u00e9 kell fordulnom: min\u00e9l t\u00f6bb embert bevonni a k\u00f6z\u00f6ss\u00e9g \u00e9let\u00e9be, \u00e9s feladatokkal b\u00edzni meg \u0151ket. Sok tervem volt \u00e9s van. Eleinte azonban tal\u00e1n t\u00fal nagy l\u00e9ptekkel akartam haladni.<\/i><br \/>\n\u00c9rsekvadkertre egy \u00e9vvel ezel\u0151tt helyezte a p\u00fcsp\u00f6ke. Ell\u00e1tja Borsosber\u00e9nyt is, amelyhez m\u00e9g hozz\u00e1tartozik Horp\u00e1cs \u00e9s Pusztaberki. Kinevezett tagja az Egyh\u00e1zmegyei Papi Szen\u00e1tusnak, \u00e9s f\u0151referens a Hitoktat\u00e1si Bizotts\u00e1gban.<br \/>\n&#8211;\u00a0<i>El\u0151z\u0151 pl\u00e9b\u00e1ni\u00e1mon k\u00e9t lelkip\u00e1sztori kiseg\u00edt\u0151m volt. Akkor egy interj\u00faban kider\u00fclt, hogy csal\u00e1dalap\u00edt\u00e1suk el\u0151tt foglalkoztak a papi hivat\u00e1ssal is; tal\u00e1n egyszer di\u00e1k\u00f3nusokk\u00e1 is v\u00e1lnak.\u00a0 Szerintem ez az Egyh\u00e1z j\u00f6v\u0151je: egyre t\u00f6bb kiseg\u00edt\u0151 veszi \u00e1t a lelkip\u00e1sztori munka egyes r\u00e9szter\u00fcleteit (rem\u00e9lem jelenlegi szolg\u00e1lati helyemen is lesz m\u00e9g t\u00f6bb seg\u00edts\u00e9gem).<\/i><br \/>\n<b>Ef N\u00e1ndor, <\/b>2004. szeptember 19-\u00e9n<\/p>\n<p style=\"text-align: justify;\"><span style=\"font-size: 14pt; color: #0000ff;\"><strong><a id=\"azota\"><\/a>Az\u00f3ta&#8230;<\/strong><\/span><br \/>\nA fenti cikk \u00e9rsekvadkerti pl\u00e9b\u00e1noss\u00e1gom idej\u00e9b\u0151l val\u00f3. Amivel a cikk befejez\u0151d\u00f6tt, azzal folytatn\u00e1m: mindk\u00e9t lelkip\u00e1sztori kisegit\u0151t (ez olyan mint itt a Pastoralassistent) &#8211; p\u00fcsp\u00f6ki enged\u00e9llyel &#8211; meghiv\u00e1suk ut\u00e1n magam avathattam fel (akkor m\u00e9g kev\u00e9s ilyen segit\u0151 volt az egyh\u00e1zmegy\u00e9ben), \u00e9s h\u00e1la a Gondvisel\u00e9snek, \u00e9vekkel k\u00e9s\u0151bb\u00a0 mindketten di\u00e1k\u00f3nuss\u00e1 szentel\u0151dtek \u00e9s mindketten csal\u00e1dos di\u00e1k\u00f3nusk\u00e9nt pl\u00e9b\u00e1niavezet\u0151i feladatot kaptak. Az \u00e9n papi \u00e9letemben is a cikk \u00f3ta t\u00f6bb sz\u00e9p fejezet volt. Kaptam egy \u00e9v lehet\u0151s\u00e9get a b\u00e9csi egyh\u00e1zmegy\u00e9ben szabbat-\u00e9vre, amit lelkip\u00e1sztorkod\u00e1s mellett kieg\u00e9sz\u00edtettem tov\u00e1bbtanul\u00e1ssal a b\u00e9csi egyetem. Azut\u00e1n egy lelkiekben gazdag 9 \u00e9v k\u00f6vetkezett Vecs\u00e9sen. Az ottani munkat\u00e1rsak, k\u00f6z\u00f6ss\u00e9gek, h\u00edvek nagy r\u00e9sze k\u00e9sz volt egy kis &#8222;Isten orsz\u00e1ga&#8220; \u00e9p\u00edt\u00e9s\u00e9re.\u00a0 Akkor ismerkedtem meg egy elm\u00e9lked\u0151 imaf\u00fcz\u00e9rrel, aminek &#8211; mondjuk igy &#8211; magyar nyelv\u0171 apostola lettem, s amely sokat segitett lelki \u00e9letemben, \u00e9s rem\u00e9lem, hogy m\u00e9g sokaknak fog segiteni. Ez a Krisztusf\u00fcz\u00e9r (ld. <a href=\"https:\/\/magyar-misszio.ch\/?page_id=84\" target=\"_blank\" rel=\"noopener noreferrer\">itt b\u0151vebben&#8230;<\/a>) Vecs\u00e9si pl\u00e9b\u00e1nosi id\u0151mre m\u00e1ig h\u00e1l\u00e1val gondolok vissza \u00e9s nem is sz\u00edvesen j\u00f6ttem el onnan, mikor 2 \u00e9vre \u00e1tvettem az augsburgi magyar misszi\u00f3 vezet\u00e9s\u00e9t. Onnan h\u00edvott el a kedves z\u00fcrichi egyh\u00e1zk\u00f6zs\u00e9g, ahol \u00f6r\u00f6mmel folytatom lelkip\u00e1sztori \u00e9letem.<\/p>\n<p style=\"text-align: center;\"><strong><span style=\"color: #ff0000;\">Besz\u00e9lget\u00e9s a sv\u00e1jci egyh\u00e1zi tapasztalokr\u00f3l,<\/span><\/strong><br \/>\n<span style=\"color: #ff0000;\"><strong>a Krisztusf\u00fcz\u00e9rr\u0151l<\/strong> &#8211;<\/span> a M\u00e1ria R\u00e1di\u00f3 st\u00fadi\u00f3j\u00e1ban 2019.nov.5-\u00e9n.<br \/>\nP\u00e9ter atya seg\u00edt\u0151i <strong><span style=\"color: #0000ff;\">a besz\u00e9lget\u00e9sn\u00e9l:<\/span><\/strong> Ker\u00e9kgy\u00e1rt\u00f3 Evelin, Frics Zolt\u00e1n \u00e9s feles\u00e9ge Szilvia<br \/>\n<iframe src=\"https:\/\/www.youtube.com\/embed\/WLe8aJa1dBA\" width=\"560\" height=\"315\" frameborder=\"0\" allowfullscreen=\"allowfullscreen\"><\/iframe><\/p>\n<p style=\"text-align: right;\"><em>Szeretettel: P\u00e9ter atya<img decoding=\"async\" class=\"wp-image-1633 size-thumbnail alignright\" src=\"https:\/\/magyar-misszio.ch\/wp-content\/uploads\/2020\/05\/peteratya2-150x150.jpg\" alt=\"\" width=\"150\" height=\"150\" data-id=\"1633\" srcset=\"https:\/\/magyar-misszio.ch\/wp-content\/uploads\/2020\/05\/peteratya2-150x150.jpg 150w, https:\/\/magyar-misszio.ch\/wp-content\/uploads\/2020\/05\/peteratya2-100x100.jpg 100w\" sizes=\"(max-width: 150px) 100vw, 150px\" \/><\/em><\/p>\n","protected":false},"excerpt":{"rendered":"<p>H\u00fasv\u00e9t 4. vas\u00e1rnap &#8211; j\u00f3p\u00e1sztor vas\u00e1rnapja Az oldal tartalma: Kispapok a h\u00edvek k\u00f6z\u00e9&#8230; Papn\u00f6vend\u00e9kek bemutatkoz\u00e1sa Pl\u00e9b\u00e1nosunk &#8211; \u00fajs\u00e1gcikk &#8230;az\u00f3ta &#8222;Kispapok&#8220; a h\u00edvek k\u00f6z\u00e9&#8230; Papn\u00f6vend\u00e9k koromban kiemelt helyet foglalt el a j\u00f3p\u00e1sztor vas\u00e1rnapja, mert m\u00e1r hetekkel azel\u0151tt az \u00e9ves egyetlen pr\u00e9dik\u00e1ci\u00f3nkra k\u00e9sz\u00fclt\u00fcnk, \u00e9s elhagyva a papnevel\u0151 int\u00e9zetet, sz\u00e9tsz\u00e9ledt\u00fcnk k\u00fcl\u00f6nb\u00f6z\u0151 pl\u00e9b\u00e1ni\u00e1kra, ahol a h\u00edvek v\u00e1rtak minket, hallgattak &hellip; <\/p>\n<p class=\"link-more\"><a href=\"https:\/\/magyar-misszio.ch\/?page_id=1622\" class=\"more-link\"><span class=\"screen-reader-text\">\u201epapok\u201c<\/span> weiterlesen<\/a><\/p>\n","protected":false},"author":2,"featured_media":0,"parent":0,"menu_order":0,"comment_status":"closed","ping_status":"closed","template":"","meta":{"footnotes":""},"class_list":["post-1622","page","type-page","status-publish","hentry"],"_links":{"self":[{"href":"https:\/\/magyar-misszio.ch\/index.php?rest_route=\/wp\/v2\/pages\/1622","targetHints":{"allow":["GET"]}}],"collection":[{"href":"https:\/\/magyar-misszio.ch\/index.php?rest_route=\/wp\/v2\/pages"}],"about":[{"href":"https:\/\/magyar-misszio.ch\/index.php?rest_route=\/wp\/v2\/types\/page"}],"author":[{"embeddable":true,"href":"https:\/\/magyar-misszio.ch\/index.php?rest_route=\/wp\/v2\/users\/2"}],"replies":[{"embeddable":true,"href":"https:\/\/magyar-misszio.ch\/index.php?rest_route=%2Fwp%2Fv2%2Fcomments&post=1622"}],"version-history":[{"count":22,"href":"https:\/\/magyar-misszio.ch\/index.php?rest_route=\/wp\/v2\/pages\/1622\/revisions"}],"predecessor-version":[{"id":2105,"href":"https:\/\/magyar-misszio.ch\/index.php?rest_route=\/wp\/v2\/pages\/1622\/revisions\/2105"}],"wp:attachment":[{"href":"https:\/\/magyar-misszio.ch\/index.php?rest_route=%2Fwp%2Fv2%2Fmedia&parent=1622"}],"curies":[{"name":"wp","href":"https:\/\/api.w.org\/{rel}","templated":true}]}}