{"id":1820,"date":"2020-05-21T19:15:33","date_gmt":"2020-05-21T19:15:33","guid":{"rendered":"http:\/\/magyar-misszio.ch\/?page_id=1820"},"modified":"2024-12-12T12:40:51","modified_gmt":"2024-12-12T12:40:51","slug":"terkep","status":"publish","type":"page","link":"https:\/\/magyar-misszio.ch\/?page_id=1820","title":{"rendered":"terkep"},"content":{"rendered":"\t\t<div data-elementor-type=\"wp-page\" data-elementor-id=\"1820\" class=\"elementor elementor-1820\" data-elementor-post-type=\"page\">\n\t\t\t\t\t\t<section class=\"elementor-section elementor-top-section elementor-element elementor-element-5d926eae elementor-section-boxed elementor-section-height-default elementor-section-height-default\" data-id=\"5d926eae\" data-element_type=\"section\">\n\t\t\t\t\t\t<div class=\"elementor-container elementor-column-gap-default\">\n\t\t\t\t\t<div class=\"elementor-column elementor-col-100 elementor-top-column elementor-element elementor-element-4ac28a8d\" data-id=\"4ac28a8d\" data-element_type=\"column\">\n\t\t\t<div class=\"elementor-widget-wrap elementor-element-populated\">\n\t\t\t\t\t\t<div class=\"elementor-element elementor-element-38d61fc4 elementor-widget elementor-widget-text-editor\" data-id=\"38d61fc4\" data-element_type=\"widget\" data-widget_type=\"text-editor.default\">\n\t\t\t\t<div class=\"elementor-widget-container\">\n\t\t\t\t\t\t\t\t\t<p><span style=\"color: #ff0000; font-size: 14pt;\"><strong>Magyar Misszi\u00f3nk pl\u00e9b\u00e1nosa a k\u00f6vetkez\u0151 helyeken tart szentmis\u00e9ket:<\/strong><\/span><\/p><p>(id\u0151pontokhoz <a href=\"https:\/\/magyar-misszio.ch\/?page_id=68\">kattints ide&#8230;<\/a>)<\/p><p style=\"text-align: justify;\"><strong>A z\u00fcrichi szentmis\u00e9k helye:<\/strong><br \/>Katholische Kirche Bruder Klaus, Milchbuckstrasse 73, 8057 Z\u00fcrich<iframe style=\"border: 0;\" tabindex=\"0\" src=\"https:\/\/www.google.com\/maps\/embed?pb=!1m18!1m12!1m3!1d2700.907143238329!2d8.542280150350397!3d47.394244610515656!2m3!1f0!2f0!3f0!3m2!1i1024!2i768!4f13.1!3m3!1m2!1s0x47900a7724a27d79%3A0x67e9c62dd143d9b!2sMilchbuckstrasse%2073%2C%208057%20Z%C3%BCrich!5e0!3m2!1sde!2sch!4v1590087995703!5m2!1sde!2sch\" width=\"600\" height=\"450\" frameborder=\"0\" allowfullscreen=\"allowfullscreen\" aria-hidden=\"false\"><\/iframe><span style=\"text-decoration: underline;\">Misszi\u00f3s h\u00e1zunk<\/span> a templom mellett tal\u00e1lhat\u00f3, de c\u00edme m\u00e1s: Winterthurerstrasse 135, 8057 Z\u00fcrich.<br \/>Eljut\u00e1shoz, parkol\u00e1shoz inform\u00e1ci\u00f3 <a href=\"https:\/\/magyar-misszio.ch\/wp-content\/uploads\/2019\/02\/hol_vagyunk.pdf\" target=\"_blank\" rel=\"noopener noreferrer\">ide kattintva tal\u00e1l&#8230;<\/a><\/p><p><strong>A winterthuri szentmis\u00e9k helye:<br \/><\/strong>Havonta az id\u0151sek tal\u00e1lkoz\u00f3jakor a <span style=\"text-decoration: underline;\"><strong>k\u00f6z\u00f6ss\u00e9gi h\u00e1zban:<\/strong><\/span><br \/>Laboratoriumstrasse 5, 8400 Winterthur<br \/><iframe id=\"gmap_canvas\" src=\"https:\/\/maps.google.com\/maps?width=520&amp;height=400&amp;hl=en&amp;q=Laboratoriumstrasse%205%20Winterthur+()&amp;t=&amp;z=12&amp;ie=UTF8&amp;iwloc=B&amp;output=embed\" width=\"520\" height=\"400\" frameborder=\"0\" marginwidth=\"0\" marginheight=\"0\" scrolling=\"no\"><\/iframe><br \/><a href=\"https:\/\/www.embeddablemaps.com\">Maps Generator<\/a><\/p><p>Kev\u00e9s alkalommal <span style=\"text-decoration: underline;\"><strong>a templomban<\/strong><\/span> vagyunk (ez lehet kar\u00e1csonykor, h\u00fasv\u00e9tkor&#8230;):<\/p><p>Katholische Kirche St. Peter und Paul, Tellstrasse, 8400 Winterthur<\/p><p><iframe style=\"border: 0;\" tabindex=\"0\" src=\"https:\/\/www.google.com\/maps\/embed?pb=!1m18!1m12!1m3!1d2695.4084663413582!2d8.717702150355267!3d47.501435903129085!2m3!1f0!2f0!3f0!3m2!1i1024!2i768!4f13.1!3m3!1m2!1s0x479a997a76926b01%3A0x213144db065f3b18!2sKatholische%20Kirche%20St.%20Peter%20und%20Paul!5e0!3m2!1sde!2sch!4v1590087338176!5m2!1sde!2sch\" width=\"600\" height=\"450\" frameborder=\"0\" allowfullscreen=\"allowfullscreen\" aria-hidden=\"false\"><\/iframe><\/p><p><strong>A schaffhauseni szentmis\u00e9k helye:<\/strong><br \/>Katholische Kirche, Promenadenstrasse 23, 8200 Schaffhausen<br \/><iframe style=\"border: 0;\" tabindex=\"0\" src=\"https:\/\/www.google.com\/maps\/embed?pb=!1m18!1m12!1m3!1d2685.442783419903!2d8.625762450364116!3d47.695240489742964!2m3!1f0!2f0!3f0!3m2!1i1024!2i768!4f13.1!3m3!1m2!1s0x47907f5d4a89dd5d%3A0x91350b925fb31cb!2sPromenadenstrasse%2023%2C%208200%20Schaffhausen!5e0!3m2!1sde!2sch!4v1590087835574!5m2!1sde!2sch\" width=\"600\" height=\"450\" frameborder=\"0\" allowfullscreen=\"allowfullscreen\" aria-hidden=\"false\"><\/iframe><\/p><p><strong>A frauenfeldi szentmis\u00e9k helye:<\/strong><br \/>Katholische Kirche, Kl\u00f6sterliweg, 8500 Frauenfeld<br \/><iframe style=\"border: 0;\" tabindex=\"0\" src=\"https:\/\/www.google.com\/maps\/embed?pb=!1m18!1m12!1m3!1d2692.7732011820326!2d8.895648450357626!3d47.552742699589295!2m3!1f0!2f0!3f0!3m2!1i1024!2i768!4f13.1!3m3!1m2!1s0x479a9223e3dea47f%3A0xfe1176be1167600c!2sKl%C3%B6sterliweg%2C%208500%20Frauenfeld!5e0!3m2!1sde!2sch!4v1590087698080!5m2!1sde!2sch\" width=\"600\" height=\"450\" frameborder=\"0\" allowfullscreen=\"allowfullscreen\" aria-hidden=\"false\"><\/iframe><\/p><div id=\"gtx-trans\" style=\"position: absolute; left: 26px; top: 767.667px;\"><div class=\"gtx-trans-icon\">\u00a0<\/div><\/div>\t\t\t\t\t\t\t\t<\/div>\n\t\t\t\t<\/div>\n\t\t\t\t\t<\/div>\n\t\t<\/div>\n\t\t\t\t\t<\/div>\n\t\t<\/section>\n\t\t\t\t<\/div>\n\t\t","protected":false},"excerpt":{"rendered":"<p>Magyar Misszi\u00f3nk pl\u00e9b\u00e1nosa a k\u00f6vetkez\u0151 helyeken tart szentmis\u00e9ket: (id\u0151pontokhoz kattints ide&#8230;) A z\u00fcrichi szentmis\u00e9k helye:Katholische Kirche Bruder Klaus, Milchbuckstrasse 73, 8057 Z\u00fcrichMisszi\u00f3s h\u00e1zunk a templom mellett tal\u00e1lhat\u00f3, de c\u00edme m\u00e1s: Winterthurerstrasse 135, 8057 Z\u00fcrich.Eljut\u00e1shoz, parkol\u00e1shoz inform\u00e1ci\u00f3 ide kattintva tal\u00e1l&#8230; A winterthuri szentmis\u00e9k helye:Havonta az id\u0151sek tal\u00e1lkoz\u00f3jakor a k\u00f6z\u00f6ss\u00e9gi h\u00e1zban:Laboratoriumstrasse 5, 8400 WinterthurMaps Generator Kev\u00e9s alkalommal &hellip; <\/p>\n<p class=\"link-more\"><a href=\"https:\/\/magyar-misszio.ch\/?page_id=1820\" class=\"more-link\"><span class=\"screen-reader-text\">\u201eterkep\u201c<\/span> weiterlesen<\/a><\/p>\n","protected":false},"author":2,"featured_media":0,"parent":0,"menu_order":0,"comment_status":"closed","ping_status":"closed","template":"","meta":{"footnotes":""},"class_list":["post-1820","page","type-page","status-publish","hentry"],"_links":{"self":[{"href":"https:\/\/magyar-misszio.ch\/index.php?rest_route=\/wp\/v2\/pages\/1820","targetHints":{"allow":["GET"]}}],"collection":[{"href":"https:\/\/magyar-misszio.ch\/index.php?rest_route=\/wp\/v2\/pages"}],"about":[{"href":"https:\/\/magyar-misszio.ch\/index.php?rest_route=\/wp\/v2\/types\/page"}],"author":[{"embeddable":true,"href":"https:\/\/magyar-misszio.ch\/index.php?rest_route=\/wp\/v2\/users\/2"}],"replies":[{"embeddable":true,"href":"https:\/\/magyar-misszio.ch\/index.php?rest_route=%2Fwp%2Fv2%2Fcomments&post=1820"}],"version-history":[{"count":11,"href":"https:\/\/magyar-misszio.ch\/index.php?rest_route=\/wp\/v2\/pages\/1820\/revisions"}],"predecessor-version":[{"id":7009,"href":"https:\/\/magyar-misszio.ch\/index.php?rest_route=\/wp\/v2\/pages\/1820\/revisions\/7009"}],"wp:attachment":[{"href":"https:\/\/magyar-misszio.ch\/index.php?rest_route=%2Fwp%2Fv2%2Fmedia&parent=1820"}],"curies":[{"name":"wp","href":"https:\/\/api.w.org\/{rel}","templated":true}]}}