{"id":1867,"date":"2020-05-26T13:08:14","date_gmt":"2020-05-26T13:08:14","guid":{"rendered":"http:\/\/magyar-misszio.ch\/?page_id=1867"},"modified":"2022-02-17T13:14:41","modified_gmt":"2022-02-17T13:14:41","slug":"mise_reg","status":"publish","type":"page","link":"https:\/\/magyar-misszio.ch\/?page_id=1867","title":{"rendered":"mise_reg"},"content":{"rendered":"<p style=\"text-align: right;\">\n<p style=\"text-align: center;\"><strong><span style=\"font-size: 18pt; color: #339966;\">Z\u00fcrichi liturgi\u00e1kra online jelentkez\u00e9s tov\u00e1bbiakban nem sz\u00fcks\u00e9ges,de:<\/span><\/strong><\/p>\n<p style=\"text-align: center;\"><span style=\"color: #ff0000;\">Szentmis\u00e9kkel kapcsolatos fontos inform\u00e1ci\u00f3k<\/span> <a href=\"https:\/\/magyar-misszio.ch\/?page_id=1724\" target=\"_blank\" rel=\"noopener\">itt \u00e9rhet\u0151ek el&#8230;<\/a><\/p>\n<p>&nbsp;<\/p>\n<p>&nbsp;<\/p>\n","protected":false},"excerpt":{"rendered":"<p>Z\u00fcrichi liturgi\u00e1kra online jelentkez\u00e9s tov\u00e1bbiakban nem sz\u00fcks\u00e9ges,de: Szentmis\u00e9kkel kapcsolatos fontos inform\u00e1ci\u00f3k itt \u00e9rhet\u0151ek el&#8230; &nbsp; &nbsp;<\/p>\n","protected":false},"author":2,"featured_media":0,"parent":0,"menu_order":0,"comment_status":"closed","ping_status":"closed","template":"","meta":{"footnotes":""},"class_list":["post-1867","page","type-page","status-publish","hentry"],"_links":{"self":[{"href":"https:\/\/magyar-misszio.ch\/index.php?rest_route=\/wp\/v2\/pages\/1867","targetHints":{"allow":["GET"]}}],"collection":[{"href":"https:\/\/magyar-misszio.ch\/index.php?rest_route=\/wp\/v2\/pages"}],"about":[{"href":"https:\/\/magyar-misszio.ch\/index.php?rest_route=\/wp\/v2\/types\/page"}],"author":[{"embeddable":true,"href":"https:\/\/magyar-misszio.ch\/index.php?rest_route=\/wp\/v2\/users\/2"}],"replies":[{"embeddable":true,"href":"https:\/\/magyar-misszio.ch\/index.php?rest_route=%2Fwp%2Fv2%2Fcomments&post=1867"}],"version-history":[{"count":83,"href":"https:\/\/magyar-misszio.ch\/index.php?rest_route=\/wp\/v2\/pages\/1867\/revisions"}],"predecessor-version":[{"id":3710,"href":"https:\/\/magyar-misszio.ch\/index.php?rest_route=\/wp\/v2\/pages\/1867\/revisions\/3710"}],"wp:attachment":[{"href":"https:\/\/magyar-misszio.ch\/index.php?rest_route=%2Fwp%2Fv2%2Fmedia&parent=1867"}],"curies":[{"name":"wp","href":"https:\/\/api.w.org\/{rel}","templated":true}]}}