{"id":2094,"date":"2020-07-11T11:43:15","date_gmt":"2020-07-11T11:43:15","guid":{"rendered":"http:\/\/magyar-misszio.ch\/?page_id=2094"},"modified":"2026-03-02T19:52:24","modified_gmt":"2026-03-02T19:52:24","slug":"keresztseg","status":"publish","type":"page","link":"https:\/\/magyar-misszio.ch\/?page_id=2094","title":{"rendered":"keresztseg"},"content":{"rendered":"\t\t<div data-elementor-type=\"wp-page\" data-elementor-id=\"2094\" class=\"elementor elementor-2094\" data-elementor-post-type=\"page\">\n\t\t\t\t\t\t<section class=\"elementor-section elementor-top-section elementor-element elementor-element-69473a3a elementor-section-boxed elementor-section-height-default elementor-section-height-default\" data-id=\"69473a3a\" data-element_type=\"section\">\n\t\t\t\t\t\t<div class=\"elementor-container elementor-column-gap-default\">\n\t\t\t\t\t<div class=\"elementor-column elementor-col-100 elementor-top-column elementor-element elementor-element-1fb181ef\" data-id=\"1fb181ef\" data-element_type=\"column\">\n\t\t\t<div class=\"elementor-widget-wrap elementor-element-populated\">\n\t\t\t\t\t\t<div class=\"elementor-element elementor-element-65f32916 elementor-widget elementor-widget-text-editor\" data-id=\"65f32916\" data-element_type=\"widget\" data-widget_type=\"text-editor.default\">\n\t\t\t\t<div class=\"elementor-widget-container\">\n\t\t\t\t\t\t\t\t\t<p style=\"text-align: justify;\"><span style=\"color: #ff0000;\"><strong><span style=\"font-size: 18pt;\"><img fetchpriority=\"high\" decoding=\"async\" class=\"size-medium wp-image-7684 alignleft\" src=\"https:\/\/magyar-misszio.ch\/wp-content\/uploads\/szenteltviz-Claude-4.6-perplexity-300x167.jpg\" alt=\"\" width=\"300\" height=\"167\" srcset=\"https:\/\/magyar-misszio.ch\/wp-content\/uploads\/szenteltviz-Claude-4.6-perplexity-300x167.jpg 300w, https:\/\/magyar-misszio.ch\/wp-content\/uploads\/szenteltviz-Claude-4.6-perplexity-1024x572.jpg 1024w, https:\/\/magyar-misszio.ch\/wp-content\/uploads\/szenteltviz-Claude-4.6-perplexity-768x429.jpg 768w, https:\/\/magyar-misszio.ch\/wp-content\/uploads\/szenteltviz-Claude-4.6-perplexity.jpg 1376w\" sizes=\"(max-width: 300px) 100vw, 300px\" \/>Kereszts\u00e9g szents\u00e9ge<\/span><\/strong><\/span><\/p><p style=\"text-align: justify;\"><em>Gyermekkeresztel\u00e9st vagy feln\u0151tt-keresztel\u00e9st szeretne k\u00e9rni?<\/em><\/p><p style=\"text-align: justify;\">B\u00e1r sok ember tapasztalata m\u00e1st mutat, m\u00e9gis a <span style=\"color: #ff0000;\"><b>feln\u0151tt keresztelked\u00e9s<\/b><\/span> az els\u0151 az egyh\u00e1zban. Amikor egy ember megismerve J\u00e9zus \u00f6r\u00f6mh\u00edr\u00e9t a vil\u00e1gban, d\u00f6nt\u00e9st hoz mellette \u00e9s k\u00f6vetni akarja. Ha ezt a d\u00f6nt\u00e9st meghozta vagy k\u00f6zel \u00e1ll hozz\u00e1, \u00f6r\u00f6mmel \u00e1llunk rendelkez\u00e9s\u00e9re besz\u00e9lget\u00e9sekben \u00e9s felk\u00e9sz\u00edt\u00e9sben.<\/p><p style=\"text-align: justify;\">A feln\u0151tt keresztel\u00e9s klasszikus helye \u00e9s id\u0151pontja a h\u00fasv\u00e9t, de nem felt\u00e9tlen\u00fcl. El\u0151k\u00e9sz\u00edt\u0151vel, az \u00fan. katekumen\u00e1tussal kapcsolatos inform\u00e1ci\u00f3kat pl\u00e9b\u00e1nosunkt\u00f3l k\u00e9rhet (ld. misszi\u00f3nk\/kapcsolat men\u00fcpont, ill.\u00a0<a href=\"https:\/\/magyar-misszio.ch\/?page_id=50\" target=\"_blank\" rel=\"noopener\">ide kattintva<\/a>). N\u00e9h\u00e1ny inform\u00e1ci\u00f3t err\u0151l <a href=\"https:\/\/magyar-misszio.ch\/?page_id=763\" target=\"_blank\" rel=\"noopener\">ide kattintva<\/a> is tal\u00e1lunk.<\/p><p style=\"text-align: justify;\">A <span style=\"color: #ff0000;\"><b>gyermekkeresztel\u00e9s<\/b> <\/span>kiv\u00e9telk\u00e9nt indult az egyh\u00e1zban, hiszen a gyermek nem tud d\u00f6nt\u00e9st hozni eg\u00e9sz \u00e9let\u00e9re n\u00e9zve. A sz\u00fcl\u0151k joga \u00e9s felel\u0151ss\u00e9ge, hogy meggy\u0151z\u0151d\u00e9s\u00fcknek megfelel\u0151en, min\u00e9l t\u00f6bbet\u00a0 ny\u00fajtsanak szeretett gyermekek sz\u00e1m\u00e1ra.<\/p><p style=\"text-align: justify;\">El\u0151sz\u00f6r is szeretn\u00e9k gratul\u00e1lni gyermek\u00fckh\u00f6z \u00e9s k\u00edv\u00e1njuk, hogy eg\u00e9sz \u00e9let\u00fckben nagyon sok \u00f6r\u00f6met \u00e9s boldogs\u00e1got nyerjenek \u00e1ltala. Ne felejts\u00fck el, hogy mindez Isten aj\u00e1nd\u00e9ka, Isten teremt minden embert \u00e9s minden szeretet, minden \u00f6r\u00f6m, minden boldogs\u00e1g egy-egy csepp az \u0151 boldogs\u00e1g\u00e1b\u00f3l. Ez\u00e9rt mondjunk neki m\u00e9lt\u00f3 h\u00e1l\u00e1t \u00e9s k\u00f6sz\u00f6netet!<\/p><p style=\"text-align: justify;\">A kereszts\u00e9gben Isten gyermekeiv\u00e9 v\u00e1lunk k\u00fcl\u00f6nleges m\u00f3don, az \u0151 kegyelmeit kapjuk, \u00e9s a Szent\u00edr\u00e1s k\u00e9pletesen \u00fagy fogalmaz: &#8222;ez a kincs\u00fcnk azonban cser\u00e9ped\u00e9nyben van&#8220; (2Kor 4,7). Ez azt jelenti, hogy a kereszts\u00e9g nem egy egyszeri cselekedet csup\u00e1n, mert ha valaki nem gondozza a bel\u00e9 vetett magot, akkor &#8222;nem kel ki&#8220; \u00e9s nem sok \u00e9rtelme van. Ilyenkor \u00e9rv\u00e9nyes az, hogy minden tisztasz\u00edv\u0171 \u00e9s szeretetben \u00e9l\u0151 ember megel\u0151zi Isten orsz\u00e1g\u00e1ban a megkeresztelt \u00e9s hamis biztons\u00e1gtudatban l\u00e9v\u0151 embereket. A kereszts\u00e9g teh\u00e1t nem egy m\u00e1gikus er\u0151, hanem egy kapcsolat hathat\u00f3s kezdete.<\/p><p style=\"text-align: justify;\">Az egyh\u00e1z olyan mint egy j\u00f3 sz\u00fcl\u0151, \u00e9desanya (pl. a n\u00e9met nyelvben is n\u0151nem\u0171 jelz\u0151t kap), \u00e9s \u00edgy is h\u00edvjuk: anyaszentegyh\u00e1z, mert gondoskodni akar a r\u00e1b\u00edzott emberekr\u0151l, \u00e9s szeretettel szeretn\u00e9 k\u00eds\u00e9rni a gyermek testi n\u00f6veked\u00e9s\u00e9t az \u00e9letben (pl. k\u00fcl\u00f6nb\u00f6z\u0151 \u00e9letkorban a t\u00f6bbi fontos szents\u00e9ggel), de lelki n\u00f6veked\u00e9s\u00e9t m\u00e9g ink\u00e1bb. Ez ut\u00f3bbihoz kimer\u00edthetetlen kincsesrakt\u00e1runk van m\u00e1r a k\u00e9tezer \u00e9ves b\u00f6lcsess\u00e9gekb\u0151l \u00e9s tapasztalatb\u00f3l, \u00edgy egyed\u00fcl\u00e1ll\u00f3 seg\u00edts\u00e9get tudunk ny\u00fajtani, hogy eg\u00e9szs\u00e9ges lelk\u00fcletben n\u00f6vekedjen gyermek\u00fck.<\/p><p style=\"text-align: justify;\">A kereszts\u00e9gben teh\u00e1t a gyermek katolikus egyh\u00e1zunk tagj\u00e1v\u00e1 v\u00e1lik, \u00e9s mint j\u00f3 sz\u00fcl\u0151, szeretn\u00e9nk r\u00f3la folyamatosan gondoskodni a sz\u00fcl\u0151k k\u00f6zrem\u0171k\u00f6d\u00e9s\u00e9vel. Bizalmunk\u00e9rt bizalmat k\u00e9r\u00fcnk: a sz\u00fcl\u0151knek is ki kell fejezni\u00fck k\u00e9szs\u00e9g\u00fcket a kereszt\u00e9ny nevel\u00e9s mellett.\u00a0Ha mindezt \u00f6r\u00f6mmel tudj\u00e1k \u00edgy fogadni, akkor mi is \u00f6r\u00f6mmel \u00e1llunk rendelkez\u00e9s\u00fckre a kereszts\u00e9g szents\u00e9g\u00e9nek kiszolg\u00e1ltat\u00e1s\u00e1val.<\/p><p style=\"text-align: justify;\">Ebben az esetben sz\u00fcks\u00e9g lesz el\u0151zetes besz\u00e9lget\u00e9sre, ahol a lelkip\u00e1sztor \u00f6r\u00f6mmel v\u00e1rja a sz\u00fcl\u0151ket. Ha eddig nem tartoztak a sz\u00fcl\u0151k egyh\u00e1zi k\u00f6z\u00f6ss\u00e9g\u00fcnkh\u00f6z, misszi\u00f3nkhoz, akkor val\u00f3sz\u00edn\u0171leg t\u00f6bb ilyen besz\u00e9lget\u00e9sre is sz\u00fcks\u00e9g lesz, k\u00fcl\u00f6n\u00f6sen akkor, ha vall\u00e1sgyakorl\u00e1sukban hi\u00e1nyoss\u00e1gok lenn\u00e9nek.<\/p><p style=\"text-align: justify;\">N\u00e9h\u00e1ny el\u0151zetes l\u00e9p\u00e9s a lelkip\u00e1sztorral val\u00f3 tal\u00e1lkoz\u00e1shoz:<br \/>&#8211; id\u0151pont-egyeztet\u00e9s vele (pl. szentmis\u00e9k ut\u00e1n sekresty\u00e9ben, misszi\u00f3s h\u00e1zunkban az aper\u00f3k alkalm\u00e1val, telefonon &#8211; l\u00e1sd honlapunk kapcsolat men\u00fcpontj\u00e1t<a href=\"https:\/\/magyar-misszio.ch\/?page_id=50\" target=\"_blank\" rel=\"noopener\"> ide kattintva&#8230;<\/a>)<br \/>&#8211; keresztel\u00e9si \u0171rlapunk kit\u00f6lt\u00e9se (<a href=\"https:\/\/magyar-misszio.ch\/wp-content\/uploads\/2020\/07\/ker_urlap.pdf\" target=\"_blank\" rel=\"noopener\">ide kattintva<\/a> let\u00f6ltheti a kit\u00f6lt\u00e9shez), akkor is, ha csak a legfontosabb adatokat tudj\u00e1k hirtelen kit\u00f6lteni, \u00e9s v\u00e1lasz n\u00e9lk\u00fcl maradt k\u00e9rd\u00e9sek is maradnak<br \/>&#8211; misszi\u00f3nk akkor illet\u00e9kes keresztelni, ha magyarul besz\u00e9l\u0151 sz\u00fcl\u0151kr\u0151l van sz\u00f3 (legal\u00e1bb az egyik), \u00e9s tagjai a misszi\u00f3nknak. Misszi\u00f3nk minden tagj\u00e1t nyilv\u00e1ntartjuk n\u00e9vt\u00e1runkban (betartva a szigor\u00fa adatkezel\u00e9si szab\u00e1lyokat, \u00e9s senkinek nem adjuk tov\u00e1bb). Ha nem lenn\u00e9nek m\u00e9g tagjai misszi\u00f3nknak (legegyszer\u0171bb ellen\u0151rz\u00e9s: \u00e9vente legal\u00e1bb egyszer k\u00fcld\u00fcnk post\u00e1n levelet), akkor regisztr\u00e1lniuk kell magukat ( ezt megtehetik a fentebb eml\u00edtett kapcsolat men\u00fcpontn\u00e1l az \u0171rlap let\u00f6lt\u00e9s\u00e9vel vagy online-kit\u00f6lt\u00e9ssel; esetleg nyomtatott lapot k\u00e9rhet pl. szentmis\u00e9ink alkalm\u00e1val), hogy jogunk legyen a keresztel\u00e9shez.<br \/>&#8211; az egy\u00fcttm\u0171k\u00f6d\u00e9s\u00fck jel\u00e9\u00fcl \u00e9s annak jel\u00e9\u00fcl, hogy val\u00f3ban kapcsolatban szeretn\u00e9nek maradni k\u00f6z\u00f6ss\u00e9g\u00fcnkkel, lelkip\u00e1sztorunk v\u00e1rja az emailes h\u00edrlevel\u00fcnkre val\u00f3 feliratkoz\u00e1sunkat is. Ezt jelezhetik sz\u00f3ban, de jobb lenne online jelentkezni erre <a href=\"https:\/\/magyar-misszio.ch\/?page_id=101\" target=\"_blank\" rel=\"noopener\">ide kattintva&#8230;<\/a>.<br \/>&#8211; mivel misszi\u00f3nk nem pl\u00e9b\u00e1nia, ez\u00e9rt nincs anyak\u00f6nyv\u00fcnk sem, teh\u00e1t az adatokat a sv\u00e1jci pl\u00e9b\u00e1ni\u00e1nkon r\u00f6gz\u00edtj\u00fck (\u00e1ltal\u00e1ban a mellett\u00fcnk l\u00e9v\u0151 Bruder Klaus pl\u00e9b\u00e1ni\u00e1n). Mi teh\u00e1t a Bruder Klaus templomban vagyunk otthon, \u00e9s ott v\u00e1llalunk keresztel\u00e9seket is.<br \/>Id\u0151vel szeretn\u00e9nk misszi\u00f3nkban is egy f\u00e9nyk\u00e9pes kis f\u00fczetet a megkereszteltekr\u0151l, ehhez adunk egy A5-\u00f6s nagys\u00e1g\u00fa s\u00e1rga lapot, amit k\u00e9r\u00fcnk kit\u00f6lteni, de <a href=\"https:\/\/magyar-misszio.ch\/wp-content\/uploads\/sarga-lapra-a5-megkereszteltek-fenykepes-fuezetehez.pdf\" target=\"_blank\" rel=\"noopener\">ide kattintva<\/a> is le lehet t\u00f6lteni&#8230;<br \/>&#8211; szeretn\u00e9nk k\u00e9rni egy f\u00e9nyk\u00e9pet a gyermekr\u0151l, ez r\u00e1ker\u00fcl a magyar nyelv\u0171 eml\u00e9klapra is (n\u00e9met nyelv\u0171t is ki\u00e1ll\u00edtunk).<\/p><p style=\"text-align: justify;\">Keresztel\u00e9si sz\u00e1nd\u00e9k\u00e1t k\u00e9rj\u00fck, jelezze id\u0151ben az id\u0151pont \u00e9s az el\u0151k\u00e9sz\u00edt\u0151 megbesz\u00e9l\u00e9sek egyeztet\u00e9se miatt. Legjobb, ha pl. 3 h\u00f3nappal a keresztel\u00e9s el\u0151tt jelentkezik. Misszi\u00f3nk helyzete miatt a t\u00f6bbsz\u00f6ri tal\u00e1lkoz\u00e1s \u00e9s felk\u00e9sz\u00edt\u00e9s elh\u00faz\u00f3dhat. K\u00e9rj\u00fck, vegye figyelembe, hogy a keresztel\u00e9s id\u0151pontj\u00e1r\u00f3l az els\u0151 vagy m\u00e1sodik besz\u00e9lget\u00e9s ut\u00e1n tudunk \u00e9rdemben t\u00e1rgyalni (a katolikus vall\u00e1sban val\u00f3 j\u00e1rtass\u00e1gt\u00f3l f\u00fcgg az el\u0151k\u00e9sz\u00edt\u00e9s, ahogy erre fentebb m\u00e1r utaltunk.<\/p><p style=\"text-align: justify;\">Keresztsz\u00fcl\u0151kr\u0151l: ha a keresztsz\u00fcl\u0151k nem tartoznak misszi\u00f3nkhoz, akkor <span style=\"font-size: 1rem;\">keresztsz\u00fcl\u0151i igazol\u00e1sra is lesz majd sz\u00fcks\u00e9g (beszerezhet\u0151 a keresztsz\u00fcl\u0151k pl\u00e9b\u00e1ni\u00e1j\u00e1n, ahov\u00e1 tartoznak). \u00c1ltal\u00e1nos szab\u00e1ly, hogy k<\/span>eresztsz\u00fcl\u0151 lehet minden 16. \u00e9v\u00e9t bet\u00f6lt\u00f6tt, megb\u00e9rm\u00e1lt, katolikus szem\u00e9ly, aki a kereszt\u00e9ny n\u00e9vhez m\u00e9lt\u00f3 m\u00f3don \u00e9l (pl. egyh\u00e1zi h\u00e1zass\u00e1gban, vagy egyed\u00fcl).<\/p><p style=\"text-align: justify;\">Fentebb \u00edrtuk, hogy ha a sz\u00fcl\u0151k ki tudj\u00e1k \u00f6r\u00f6mmel fejezni k\u00e9szs\u00e9g\u00fcket a kereszt\u00e9ny nevel\u00e9s mellett, akkor mi is\u00a0 \u00f6r\u00f6mmel \u00e1llunk rendelkez\u00e9sre. <span style=\"background-color: #ede6e6;\">Ha ez nincs \u00edgy<\/span>, \u00e9s csak egy egyszeri cselekedetet akarnak, pl. csup\u00e1n megszok\u00e1sb\u00f3l, akkor nem k\u00edv\u00e1nunk ebben seg\u00edteni. Egyh\u00e1zunk hivatalosan \u00edgy fogalmaz ilyen esetre: el kell halasztani a keresztel\u00e9st (ak\u00e1r \u00e9vtizedekkel).<\/p><p style=\"text-align: right;\"><span style=\"color: #0000ff;\"><em>A felmer\u00fcl\u0151 egy\u00e9b k\u00e9rd\u00e9sekn\u00e9l<br \/>b\u00e1tran forduljon hozz\u00e1m,<br \/>szeretettel:<\/em><\/span><br \/><span style=\"color: #0000ff;\"><em>misszi\u00f3nk lelkip\u00e1sztora<\/em><\/span><\/p>\t\t\t\t\t\t\t\t<\/div>\n\t\t\t\t<\/div>\n\t\t\t\t\t<\/div>\n\t\t<\/div>\n\t\t\t\t\t<\/div>\n\t\t<\/section>\n\t\t\t\t<\/div>\n\t\t","protected":false},"excerpt":{"rendered":"<p>Kereszts\u00e9g szents\u00e9ge Gyermekkeresztel\u00e9st vagy feln\u0151tt-keresztel\u00e9st szeretne k\u00e9rni? B\u00e1r sok ember tapasztalata m\u00e1st mutat, m\u00e9gis a feln\u0151tt keresztelked\u00e9s az els\u0151 az egyh\u00e1zban. Amikor egy ember megismerve J\u00e9zus \u00f6r\u00f6mh\u00edr\u00e9t a vil\u00e1gban, d\u00f6nt\u00e9st hoz mellette \u00e9s k\u00f6vetni akarja. Ha ezt a d\u00f6nt\u00e9st meghozta vagy k\u00f6zel \u00e1ll hozz\u00e1, \u00f6r\u00f6mmel \u00e1llunk rendelkez\u00e9s\u00e9re besz\u00e9lget\u00e9sekben \u00e9s felk\u00e9sz\u00edt\u00e9sben. A feln\u0151tt keresztel\u00e9s klasszikus helye &hellip; <\/p>\n<p class=\"link-more\"><a href=\"https:\/\/magyar-misszio.ch\/?page_id=2094\" class=\"more-link\"><span class=\"screen-reader-text\">\u201ekeresztseg\u201c<\/span> weiterlesen<\/a><\/p>\n","protected":false},"author":2,"featured_media":0,"parent":0,"menu_order":0,"comment_status":"closed","ping_status":"closed","template":"","meta":{"footnotes":""},"class_list":["post-2094","page","type-page","status-publish","hentry"],"_links":{"self":[{"href":"https:\/\/magyar-misszio.ch\/index.php?rest_route=\/wp\/v2\/pages\/2094","targetHints":{"allow":["GET"]}}],"collection":[{"href":"https:\/\/magyar-misszio.ch\/index.php?rest_route=\/wp\/v2\/pages"}],"about":[{"href":"https:\/\/magyar-misszio.ch\/index.php?rest_route=\/wp\/v2\/types\/page"}],"author":[{"embeddable":true,"href":"https:\/\/magyar-misszio.ch\/index.php?rest_route=\/wp\/v2\/users\/2"}],"replies":[{"embeddable":true,"href":"https:\/\/magyar-misszio.ch\/index.php?rest_route=%2Fwp%2Fv2%2Fcomments&post=2094"}],"version-history":[{"count":12,"href":"https:\/\/magyar-misszio.ch\/index.php?rest_route=\/wp\/v2\/pages\/2094\/revisions"}],"predecessor-version":[{"id":7687,"href":"https:\/\/magyar-misszio.ch\/index.php?rest_route=\/wp\/v2\/pages\/2094\/revisions\/7687"}],"wp:attachment":[{"href":"https:\/\/magyar-misszio.ch\/index.php?rest_route=%2Fwp%2Fv2%2Fmedia&parent=2094"}],"curies":[{"name":"wp","href":"https:\/\/api.w.org\/{rel}","templated":true}]}}