{"id":2198,"date":"2020-10-09T16:26:33","date_gmt":"2020-10-09T16:26:33","guid":{"rendered":"http:\/\/magyar-misszio.ch\/?page_id=2198"},"modified":"2020-10-16T17:52:31","modified_gmt":"2020-10-16T17:52:31","slug":"rozsaf_gyermek","status":"publish","type":"page","link":"https:\/\/magyar-misszio.ch\/?page_id=2198","title":{"rendered":"rozsaf_gyermek"},"content":{"rendered":"<table style=\"border-collapse: collapse; width: 100%;\">\n<tbody>\n<tr>\n<td style=\"width: 35.7143%;\" colspan=\"2\">\n<p style=\"text-align: center;\"><span style=\"color: #ff0000;\"><strong><span style=\"font-size: 14pt;\">Egymilli\u00f3 gyermek<\/span><\/strong><\/span><\/p>\n<p style=\"text-align: center;\"><span style=\"color: #ff0000;\"><strong><span style=\"font-size: 14pt;\"><img decoding=\"async\" class=\"wp-image-2200 size-thumbnail aligncenter\" src=\"https:\/\/magyar-misszio.ch\/wp-content\/uploads\/2020\/10\/rozsaf_gyermek.jpg.jpg-150x150.jpg\" alt=\"\" width=\"150\" height=\"150\" data-id=\"2200\" srcset=\"https:\/\/magyar-misszio.ch\/wp-content\/uploads\/2020\/10\/rozsaf_gyermek.jpg.jpg-150x150.jpg 150w, https:\/\/magyar-misszio.ch\/wp-content\/uploads\/2020\/10\/rozsaf_gyermek.jpg.jpg-100x100.jpg 100w\" sizes=\"(max-width: 150px) 100vw, 150px\" \/><br \/>\nim\u00e1dkozza a r\u00f3zsaf\u00fcz\u00e9rt<\/span><\/strong><\/span><\/p>\n<\/td>\n<\/tr>\n<tr>\n<td style=\"width: 35.7143%; vertical-align: top;\"><img decoding=\"async\" class=\"aligncenter wp-image-2215 size-thumbnail\" src=\"https:\/\/magyar-misszio.ch\/wp-content\/uploads\/2020\/10\/Pio2.jpg-150x150.jpg\" alt=\"\" width=\"150\" height=\"150\" data-id=\"2215\" srcset=\"https:\/\/magyar-misszio.ch\/wp-content\/uploads\/2020\/10\/Pio2.jpg-150x150.jpg 150w, https:\/\/magyar-misszio.ch\/wp-content\/uploads\/2020\/10\/Pio2.jpg-100x100.jpg 100w\" sizes=\"(max-width: 150px) 100vw, 150px\" \/><\/td>\n<td style=\"width: 64.2857%; text-align: justify;\">A magyar egyh\u00e1z is szeretettel aj\u00e1nlja, hogy csatlakozzunk a p\u00e1pai alap\u00edt\u00e1s\u00fa ACN seg\u00e9lyszervezet felh\u00edv\u00e1s\u00e1hoz,<br \/>\n[expander_maker id=&#8220;1&#8243; more=&#8220;tov\u00e1bb&#8230;&#8220; less=&#8220;vissza&#8220;]<br \/>\nhogy id\u00e9n is legyen egymilli\u00f3 gyermek, aki im\u00e1dkozza a r\u00f3zsaf\u00fcz\u00e9rt okt. 18-\u00e1n. El\u0151zm\u00e9nyek: <span style=\"color: #0000ff;\"><strong>Szent Pio atya<\/strong><\/span> <span style=\"font-size: 1rem;\">mondta:<br \/>\n<\/span><em style=\"font-size: 1rem;\">ha egymilli\u00f3 gyermek<\/em><span style=\"font-size: 1rem;\">\u00a0<\/span><em style=\"font-size: 1rem;\">\u201e im\u00e1dkozza a r\u00f3zsaf\u00fcz\u00e9rt, akkor a vil\u00e1g meg fog v\u00e1ltozni\u201d. <\/em><span style=\"font-size: 1rem;\">Maga a kezdem\u00e9nyez\u00e9s kereszt\u00e9ny k\u00f6z\u00f6ss\u00e9gekt\u0151l, Venezuel\u00e1b\u00f3l indult: mik\u00f6zben <\/span><strong style=\"font-size: 1rem;\">2005 nyar\u00e1n<\/strong><span style=\"font-size: 1rem;\"> gyermekek k\u00f6z\u00f6sen im\u00e1dkozt\u00e1k a r\u00f3zsaf\u00fcz\u00e9rt, a mellett\u00fck lev\u0151 sz\u00fcl\u0151k k\u00e9zzel foghat\u00f3an \u00e9rezt\u00e9k a Sz\u0171zanya jelenl\u00e9t\u00e9t. Napjainkra ez a kezdem\u00e9nyez\u00e9s nemcsak D\u00e9l-Amerik\u00e1ban, hanem szerte a vil\u00e1gon elterjedt.<\/span><span style=\"font-size: 1rem;\"><span style=\"color: #0000ff;\"><strong>C\u00c9L<\/strong><\/span>:\u00a0okt\u00f3ber 18-\u00e1n, helyi id\u0151 szerint 9 \u00f3rakor vil\u00e1gszerte gyermekek im\u00e1dkoznak f\u00e9l \u00f3r\u00e1n \u00e1t a b\u00e9k\u00e9\u00e9rt \u00e9s az egys\u00e9g\u00e9rt. Az elm\u00falt esztend\u0151kben magyar f\u00f6ld\u00f6n is\u00a0 sz\u00e1mos hely\u00e9n csatlakoztak az esem\u00e9nyhez.<br \/>\n[\/expander_maker]<br \/>\n<\/span><\/td>\n<\/tr>\n<tr>\n<td style=\"width: 35.7143%; vertical-align: top;\"><img decoding=\"async\" class=\"aligncenter wp-image-2222 size-thumbnail\" src=\"https:\/\/magyar-misszio.ch\/wp-content\/uploads\/2020\/10\/csaladiima.jpg-150x150.jpg\" alt=\"\" width=\"150\" height=\"150\" data-id=\"2222\" srcset=\"https:\/\/magyar-misszio.ch\/wp-content\/uploads\/2020\/10\/csaladiima.jpg-150x150.jpg 150w, https:\/\/magyar-misszio.ch\/wp-content\/uploads\/2020\/10\/csaladiima.jpg-100x100.jpg 100w\" sizes=\"(max-width: 150px) 100vw, 150px\" \/><\/td>\n<td style=\"width: 64.2857%; text-align: justify;\"><span style=\"text-decoration: underline;\"><strong>Lev\u00e9l a sz\u00fcl\u0151kh\u00f6z<br \/>\n<\/strong><\/span>A kezdem\u00e9nyez\u00e9st felkarolta az \u201e<strong>Aid tot he Church in Need<\/strong>\u201d p\u00e1pai alap\u00edt\u00e1s\u00fa seg\u00e9lyszervezet, magyarul a nev\u00fck: \u201eSeg\u00edts\u00e9g a sz\u00fcks\u00e9gben l\u00e9v\u0151 egyh\u00e1znak\u201d, ACN r\u00f6vid\u00edt\u00e9ssel. (honlapjuk: <a href=\"https:\/\/acninternational.org\/de\/\">https:\/\/acninternational.org\/de\/<\/a>) <em>[expander_maker id=&#8220;1&#8243; more=&#8220;tov\u00e1bb&#8230;&#8220; less=&#8220;vissza&#8220;]<\/em>Az idei k\u00eds\u00e9r\u0151 level\u00fck a katolikus sz\u00fcl\u0151kh\u00f6z igen sz\u00edvhez sz\u00f3l\u00f3. R\u00e9szlet: <em>Az ut\u00f3bbi 200 \u00e9vben a Sz\u0171zanya az \u00f6sszes vil\u00e1gr\u00e9sz olyan sok hely\u00e9n jelent meg, hogy korunkat M\u00e1ria korszaknak is nevezik. M\u00e1ria a tud\u00f3sok minden v\u00e1rakoz\u00e1sa ellen\u00e9re az \u00fczeneteiben \u00f6r\u00f6m- \u00e9s b\u00e9k\u00e9vel teli j\u00f6vend\u0151r\u0151l besz\u00e9l, b\u00e1r nem hallgatja el, hogy az emberis\u00e9gnek tisztul\u00e1sra van sz\u00fcks\u00e9ge, \u00e9s hogy j\u00f6nnek f\u00e1jdalmas helyzetek is. Esz\u00fcnkbe juttatja az \u00fcdv\u00f6ss\u00e9g eszk\u00f6zeit, amelyeket mindenki haszn\u00e1lhat: egy \u00e9rme hord\u00e1sa, a r\u00f3zsaf\u00fcz\u00e9r h\u0171s\u00e9ges im\u00e1dkoz\u00e1sa, a kiengesztel\u0151d\u00e9s, a Szepl\u0151telen Sz\u00edv\u00e9nek val\u00f3 felaj\u00e1nl\u00e1s, a Biblia olvas\u00e1sa, a szeretetb\u0151l meghozott \u00e1ldozat, a szents\u00e9gek \u00fcnnepl\u00e9se.<br \/>\nEz\u00e9rt szeretn\u00e9nk benneteket id\u00e9n is megh\u00edvni arra, hogy okt\u00f3ber 18-\u00e1n vagy 19-\u00e9n (ha a r\u00f3zsaf\u00fcz\u00e9rt iskol\u00e1ban vagy \u00f3vod\u00e1ban im\u00e1dkozz\u00e1tok a gyermekekkel, hiszen okt\u00f3ber 18. id\u00e9n vas\u00e1rnapra esik) vegyetek r\u00e9szt az \u201eEgymilli\u00f3 gyermek im\u00e1dkozza a r\u00f3zsaf\u00fcz\u00e9rt\u201c elnevez\u00e9s\u0171, eg\u00e9sz vil\u00e1got \u00e1t\u00f6lel\u0151 imakezdem\u00e9nyez\u00e9sben. <span style=\"font-size: 1rem;\">[\/expander_maker]<\/span><\/em><\/td>\n<\/tr>\n<tr>\n<td style=\"width: 35.7143%; vertical-align: top;\"><a href=\"https:\/\/magyar-misszio.ch\/wp-content\/uploads\/2020\/10\/Level_gyerekeknek_2020.pdf\" target=\"_blank\" rel=\"noopener noreferrer\"><img loading=\"lazy\" decoding=\"async\" class=\"aligncenter wp-image-2203 size-thumbnail\" src=\"https:\/\/magyar-misszio.ch\/wp-content\/uploads\/2020\/10\/gyerekek.jpg-150x150.jpg\" alt=\"\" width=\"150\" height=\"150\" data-id=\"2203\" srcset=\"https:\/\/magyar-misszio.ch\/wp-content\/uploads\/2020\/10\/gyerekek.jpg-150x150.jpg 150w, https:\/\/magyar-misszio.ch\/wp-content\/uploads\/2020\/10\/gyerekek.jpg-100x100.jpg 100w\" sizes=\"(max-width: 150px) 100vw, 150px\" \/><\/a><\/td>\n<td style=\"width: 64.2857%;\">\n<p style=\"text-align: justify;\"><span style=\"text-decoration: underline;\"><strong>Gyermekeknek \u00edrt lev\u00e9l<br \/>\n<\/strong><\/span>A gyermekeknek is \u00edrtak levelet: <em>Az eg\u00e9sz vil\u00e1gon egy v\u00edrus terjedt el\u2026Isten\u2026 szeretne meg\u00f3vni benn\u00fcnket minden betegs\u00e9gt\u0151l. [expander_maker id=&#8220;1&#8243; more=&#8220;tov\u00e1bb&#8230;&#8220; less=&#8220;vissza&#8220;]\u00a0\u00a0<\/em><em>A\u00a0 legrosszabb\u00a0 fert\u0151z\u00e9s\u00a0 a\u00a0 b\u0171n.\u00a0 Hogy siker\u00fclj\u00f6n elker\u00fclni, Isten egy kiv\u00e1l\u00f3 tan\u00edt\u00f3 n\u00e9nit adott nek\u00fcnk: saj\u00e1t \u00c9desanyj\u00e1t. \u0150 szeretne k\u00e9zen fogni minket, meg\u00f3vni a gonoszt\u00f3l, \u00e9s minden nap seg\u00edteni nek\u00fcnk, hogy \u00fagy \u00e9lj\u00fcnk, mint J\u00e9zus. Eg\u00e9szen saj\u00e1tosan \u00e9rezz\u00fck k\u00f6zels\u00e9g\u00e9t, amikor r\u00f3zsaf\u00fcz\u00e9rt im\u00e1dkozunk. A r\u00f3zsaf\u00fcz\u00e9r olyan, mint valami \u201eolt\u00e1s\u201c a gonosz ellen.\u00a0 <\/em>Majd r\u00e9szletesen elmes\u00e9lik a gyermekeknek a m\u00e1ri\u00e1s csod\u00e1s\u00e9rem t\u00f6rt\u00e9net\u00e9t:<em><br \/>\n1830-ban P\u00e1rizsban is meg jelent egy fiatal szerzetesn\u0151v\u00e9rnek, Labour\u00e9 Katalinnak. <\/em><em>Amikor Katalin kilenc \u00e9ves volt, meghalt az \u00e9desany ja\u2026 <\/em>&#8211;\u00a0 el kell olvasni a t\u00f6rt\u00e9netet, a levelet (a gyerekeknek felolvasni, kez\u00fckbe adni&#8230;). <strong>A teljes levelet<\/strong> <a href=\"https:\/\/magyar-misszio.ch\/wp-content\/uploads\/2020\/10\/Level_gyerekeknek_2020.pdf\" target=\"_blank\" rel=\"noopener noreferrer\">ide kattintva<\/a> let\u00f6ltheted&#8230;\u00a0<span style=\"font-size: 1rem;\">[\/expander_maker]<\/span><\/p>\n<\/td>\n<\/tr>\n<tr>\n<td style=\"width: 35.7143%; text-align: justify;\" colspan=\"2\">A lev\u00e9lben a gyermekek megismerkedhetnek a m\u00e1ri\u00e1s &#8222;<span style=\"color: #339966;\"><strong>csod\u00e1s \u00e9rem<\/strong><\/span>&#8220; t\u00f6rt\u00e9net\u00e9vel is, de fontos nekik megmagyar\u00e1zni, hogy nem az \u00e9rem a csod\u00e1s, hanem amire eml\u00e9keztet, ha r\u00e1pillantunk: \u00e9gi \u00e9desany\u00e1nk, M\u00e1ria csod\u00e1latos \u00e9s az \u0150 seg\u00edts\u00e9ge, ha k\u00e9rj\u00fck \u0151t.<\/td>\n<\/tr>\n<tr>\n<td style=\"width: 35.7143%;\"><a href=\"https:\/\/magyar-misszio.ch\/wp-content\/uploads\/2020\/10\/rozsafuzer_hogyan.jpg\" target=\"_blank\" rel=\"noopener noreferrer\"><img loading=\"lazy\" decoding=\"async\" class=\"aligncenter wp-image-2230 size-thumbnail\" src=\"https:\/\/magyar-misszio.ch\/wp-content\/uploads\/2020\/10\/rozsafuzer_hogyan-150x150.jpg\" alt=\"\" width=\"150\" height=\"150\" data-id=\"2230\" srcset=\"https:\/\/magyar-misszio.ch\/wp-content\/uploads\/2020\/10\/rozsafuzer_hogyan-150x150.jpg 150w, https:\/\/magyar-misszio.ch\/wp-content\/uploads\/2020\/10\/rozsafuzer_hogyan-298x300.jpg 298w, https:\/\/magyar-misszio.ch\/wp-content\/uploads\/2020\/10\/rozsafuzer_hogyan-768x774.jpg 768w, https:\/\/magyar-misszio.ch\/wp-content\/uploads\/2020\/10\/rozsafuzer_hogyan-100x100.jpg 100w, https:\/\/magyar-misszio.ch\/wp-content\/uploads\/2020\/10\/rozsafuzer_hogyan.jpg 964w\" sizes=\"(max-width: 150px) 100vw, 150px\" \/><\/a><\/td>\n<td style=\"width: 64.2857%;\">Felaj\u00e1nl\u00f3 ima let\u00f6lt\u00e9se <a href=\"https:\/\/magyar-misszio.ch\/wp-content\/uploads\/2020\/10\/Felajanlo_ima_gyerekeknek.pdf\" target=\"_blank\" rel=\"noopener noreferrer\">ide kattintva&#8230;.<\/a><br \/>\nA r\u00f3zsaf\u00fcz\u00e9r im\u00e1dkoz\u00e1s\u00e1nak m\u00f3dja <a href=\"https:\/\/www.hogyankell.hu\/R%C3%B3zsaf%C3%BCz%C3%A9rt_im%C3%A1dkozni\" target=\"_blank\" rel=\"noopener noreferrer\">ide kattintva&#8230;<\/a>Itt egy frapp\u00e1ns k\u00e9pet is tal\u00e1lsz, vagy kattints a baloldali k\u00e9pre&#8230;<\/td>\n<\/tr>\n<\/tbody>\n<\/table>\n<p style=\"text-align: justify;\"><em>\u00a0<\/em><\/p>\n<p style=\"text-align: justify;\">\n","protected":false},"excerpt":{"rendered":"<p>Egymilli\u00f3 gyermek im\u00e1dkozza a r\u00f3zsaf\u00fcz\u00e9rt A magyar egyh\u00e1z is szeretettel aj\u00e1nlja, hogy csatlakozzunk a p\u00e1pai alap\u00edt\u00e1s\u00fa ACN seg\u00e9lyszervezet felh\u00edv\u00e1s\u00e1hoz, [expander_maker id=&#8220;1&#8243; more=&#8220;tov\u00e1bb&#8230;&#8220; less=&#8220;vissza&#8220;] hogy id\u00e9n is legyen egymilli\u00f3 gyermek, aki im\u00e1dkozza a r\u00f3zsaf\u00fcz\u00e9rt okt. 18-\u00e1n. El\u0151zm\u00e9nyek: Szent Pio atya mondta: ha egymilli\u00f3 gyermek\u00a0\u201e im\u00e1dkozza a r\u00f3zsaf\u00fcz\u00e9rt, akkor a vil\u00e1g meg fog v\u00e1ltozni\u201d. Maga a kezdem\u00e9nyez\u00e9s &hellip; <\/p>\n<p class=\"link-more\"><a href=\"https:\/\/magyar-misszio.ch\/?page_id=2198\" class=\"more-link\"><span class=\"screen-reader-text\">\u201erozsaf_gyermek\u201c<\/span> weiterlesen<\/a><\/p>\n","protected":false},"author":2,"featured_media":0,"parent":0,"menu_order":0,"comment_status":"closed","ping_status":"closed","template":"","meta":{"footnotes":""},"class_list":["post-2198","page","type-page","status-publish","hentry"],"_links":{"self":[{"href":"https:\/\/magyar-misszio.ch\/index.php?rest_route=\/wp\/v2\/pages\/2198","targetHints":{"allow":["GET"]}}],"collection":[{"href":"https:\/\/magyar-misszio.ch\/index.php?rest_route=\/wp\/v2\/pages"}],"about":[{"href":"https:\/\/magyar-misszio.ch\/index.php?rest_route=\/wp\/v2\/types\/page"}],"author":[{"embeddable":true,"href":"https:\/\/magyar-misszio.ch\/index.php?rest_route=\/wp\/v2\/users\/2"}],"replies":[{"embeddable":true,"href":"https:\/\/magyar-misszio.ch\/index.php?rest_route=%2Fwp%2Fv2%2Fcomments&post=2198"}],"version-history":[{"count":20,"href":"https:\/\/magyar-misszio.ch\/index.php?rest_route=\/wp\/v2\/pages\/2198\/revisions"}],"predecessor-version":[{"id":2239,"href":"https:\/\/magyar-misszio.ch\/index.php?rest_route=\/wp\/v2\/pages\/2198\/revisions\/2239"}],"wp:attachment":[{"href":"https:\/\/magyar-misszio.ch\/index.php?rest_route=%2Fwp%2Fv2%2Fmedia&parent=2198"}],"curies":[{"name":"wp","href":"https:\/\/api.w.org\/{rel}","templated":true}]}}