{"id":2289,"date":"2020-10-16T20:10:15","date_gmt":"2020-10-16T20:10:15","guid":{"rendered":"http:\/\/magyar-misszio.ch\/?page_id=2289"},"modified":"2026-02-24T18:17:41","modified_gmt":"2026-02-24T18:17:41","slug":"carlo_acutis","status":"publish","type":"page","link":"https:\/\/magyar-misszio.ch\/?page_id=2289","title":{"rendered":"Carlo_Acutis"},"content":{"rendered":"\t\t<div data-elementor-type=\"wp-page\" data-elementor-id=\"2289\" class=\"elementor elementor-2289\" data-elementor-post-type=\"page\">\n\t\t\t\t\t\t<section class=\"elementor-section elementor-top-section elementor-element elementor-element-32ff5545 elementor-section-boxed elementor-section-height-default elementor-section-height-default\" data-id=\"32ff5545\" data-element_type=\"section\">\n\t\t\t\t\t\t<div class=\"elementor-container elementor-column-gap-default\">\n\t\t\t\t\t<div class=\"elementor-column elementor-col-100 elementor-top-column elementor-element elementor-element-72d752a6\" data-id=\"72d752a6\" data-element_type=\"column\">\n\t\t\t<div class=\"elementor-widget-wrap elementor-element-populated\">\n\t\t\t\t\t\t<div class=\"elementor-element elementor-element-214ae98e elementor-widget elementor-widget-text-editor\" data-id=\"214ae98e\" data-element_type=\"widget\" data-widget_type=\"text-editor.default\">\n\t\t\t\t<div class=\"elementor-widget-container\">\n\t\t\t\t\t\t\t\t\t<p style=\"text-align: center;\"><span style=\"color: #ff0000; font-size: 18pt;\"><em><strong>15 \u00e9vesen szent<\/strong><\/em><\/span><\/p><p style=\"text-align: justify;\"><span style=\"color: #ff0000; font-size: 18pt;\"><em><strong><img fetchpriority=\"high\" decoding=\"async\" class=\"size-medium wp-image-2237 aligncenter\" src=\"https:\/\/magyar-misszio.ch\/wp-content\/uploads\/2020\/10\/foto_017-300x225.jpg\" alt=\"\" width=\"300\" height=\"225\" data-id=\"2237\" srcset=\"https:\/\/magyar-misszio.ch\/wp-content\/uploads\/2020\/10\/foto_017-300x225.jpg 300w, https:\/\/magyar-misszio.ch\/wp-content\/uploads\/2020\/10\/foto_017.jpg 720w\" sizes=\"(max-width: 300px) 100vw, 300px\" \/> <\/strong><\/em><\/span><\/p><p style=\"text-align: center;\"><span style=\"font-size: 14pt; color: #ff0000;\"><strong>\u2013 Boldog Carlo Acutis<\/strong><\/span><\/p><p style=\"text-align: center;\"><span style=\"font-size: 14pt; color: #0000ff;\"><strong>Szalagc\u00edmek<\/strong><\/span><\/p><p style=\"text-align: center;\">Egy mai fiatal, akinek \u00e9lete sokakat inspir\u00e1lt m\u00e1r. T\u00f6bb szalagc\u00edm is sz\u00f3l r\u00f3la:<\/p><p style=\"text-align: justify;\"><strong><img decoding=\"async\" class=\"alignleft wp-image-2246 size-thumbnail\" src=\"https:\/\/magyar-misszio.ch\/wp-content\/uploads\/2020\/10\/foto_015-150x150.jpg\" alt=\"\" width=\"150\" height=\"150\" data-id=\"2246\" srcset=\"https:\/\/magyar-misszio.ch\/wp-content\/uploads\/2020\/10\/foto_015-150x150.jpg 150w, https:\/\/magyar-misszio.ch\/wp-content\/uploads\/2020\/10\/foto_015-100x100.jpg 100w\" sizes=\"(max-width: 150px) 100vw, 150px\" \/>&#8211; \u201eAz els\u0151 farmernadr\u00e1gos \u00e9s t\u00faracip\u0151s szent\u201c<\/strong> \u2013 \u00fajs\u00e1gcikk-c\u00edm[expander_maker id=&#8220;1&#8243; more=&#8220;tov\u00e1bb&#8230;&#8220; less=&#8220;vissza&#8220;]Carlo Acutis egy norm\u00e1lis, egyszer\u0171, kedves fiatal volt. Szerette a focit, gyakran cs\u00f6k\u00f6ny\u00f6s is volt \u00e9s sz\u00edvesen j\u00e1tszott sz\u00e1m\u00edt\u00f3g\u00e9pes j\u00e1t\u00e9kokat \u2013 de \u00e9ppen itt volt az els\u0151 komoly elhat\u00e1roz\u00e1sa: a Playstation-j\u00e1t\u00e9kokn\u00e1l heti egy \u00f3r\u00e1s j\u00e1t\u00e9kid\u0151t \u00e1ll\u00edtott fel mag\u00e1nak szab\u00e1lyk\u00e9nt.<br \/><span style=\"font-size: 1rem;\">[\/expander_maker]<\/span><\/p><p>\u00a0<\/p><p>\u00a0<\/p><p style=\"text-align: justify;\"><strong>&#8211; \u201eA harmadik \u00e9vezred els\u0151 szentje\u201d<\/strong><em style=\"font-family: inherit; font-size: inherit;\">[expander_maker id=&#8220;1&#8243; more=&#8220;tov\u00e1bb&#8230;&#8220; less=&#8220;vissza&#8220;]<\/em>Nem az els\u0151 szentt\u00e9 avat\u00e1s, de a harmadik \u00e9vezredben az els\u0151 szentk\u00e9nt \u00e9lt kort\u00e1rsunk (eddigi inform\u00e1ci\u00f3ink szerint). Megind\u00edt\u00f3, hogy egy 15 \u00e9ves fi\u00fa hogyan tudja a mai vil\u00e1gban ezt kijelenteni, hogy: <strong><em>\u00a0<span style=\"color: #339966;\">\u201eBoldogan halok meg, mert \u00fagy \u00e9ltem, hogy egy percet sem t\u00e9kozoltam olyan dolgokra, ami Istennek nem tetszene.\u201c\u00a0 <\/span><\/em><\/strong>H\u00e1nyan mondhatj\u00e1k ezt el magukr\u00f3l nyugodt sz\u00edvvel? Kicsit m\u00f3dos\u00edtva tal\u00e1n k\u00f6vethetj\u00fck p\u00e9ld\u00e1j\u00e1t: <strong><em>Ezent\u00fal \u00fagy szeretn\u00e9k \u00e9lni, hogy egy percet se t\u00e9kozoljak olyan dolgokra, ami Istennek nem tetszene!<\/em><\/strong><\/p><p style=\"text-align: justify;\">Most n\u00e9zz\u00fck meg r\u00f6viden, mi\u00e9rt lett ez a teenager szent, mi\u00e9rt avatta egyh\u00e1zunk boldogg\u00e1?<\/p><p style=\"text-align: justify;\">1991-ben sz\u00fcletett. 2006. okt\u00f3ber 12-\u00e9n halt meg, mind\u00f6ssze 15 \u00e9vesen, miut\u00e1n hal\u00e1la el\u0151tt csup\u00e1n 3 nappal diagnosztiz\u00e1lt\u00e1k n\u00e1la a leuk\u00e9mia egyik legagressz\u00edvabb form\u00e1j\u00e1t. El\u0151sz\u00f6r csak megf\u00e1z\u00e1sra gondoltak, \u00e9s senki nem sejtette, hogy egy gy\u00f3gy\u00edthatatlan betegs\u00e9ge van, amely h\u00e1rom nap alatt v\u00e9gez vele. Mikor Carlo felismerte, hogy mi lesz betegs\u00e9g\u00e9nek kimenetele, \u00edgy sz\u00f3lt sz\u00fcleihez: <span style=\"color: #339966;\"><strong><em>\u201efelaj\u00e1nlom minden szenved\u00e9sem az \u00darnak a p\u00e1p\u00e1\u00e9rt \u00e9s az egyh\u00e1z\u00e9rt, hogy k\u00f6zvetlen\u00fcl \u2013 tiszt\u00edt\u00f3t\u0171z n\u00e9lk\u00fcl \u2013 a mennyorsz\u00e1gba juthassak.\u201c <\/em><\/strong><\/span>Assisi-ben lett eltemetve, ahol a boldogg\u00e1avat\u00e1s is t\u00f6rt\u00e9nt.<em style=\"font-family: inherit; font-size: inherit;\"><span style=\"font-size: 1rem;\">[\/expander_maker]<\/span><\/em><\/p><p>\u00a0<\/p><p>\u00a0<\/p><p style=\"text-align: justify;\"><strong><img decoding=\"async\" class=\"alignleft wp-image-2248 size-thumbnail\" src=\"https:\/\/magyar-misszio.ch\/wp-content\/uploads\/2020\/10\/foto_089-150x150.jpg\" alt=\"\" width=\"150\" height=\"150\" data-id=\"2248\" srcset=\"https:\/\/magyar-misszio.ch\/wp-content\/uploads\/2020\/10\/foto_089-150x150.jpg 150w, https:\/\/magyar-misszio.ch\/wp-content\/uploads\/2020\/10\/foto_089-100x100.jpg 100w\" sizes=\"(max-width: 150px) 100vw, 150px\" \/>&#8211; \u201eIsten influenszere\u201c, \u201ekiber-apostol\u201c vagy \u201caz internet v\u00e9d\u0151szentje\u201c<br \/><\/strong>&#8211; ahogy az olasz m\u00e9di\u00e1ban is nevezt\u00e9k<em style=\"text-align: justify; font-family: inherit; font-size: inherit;\"> [expander_maker id=&#8220;1&#8243; more=&#8220;tov\u00e1bb&#8230;&#8220; less=&#8220;vissza&#8220;]\u00a0<\/em>Calro m\u00e1r 10 \u00e9vesen seg\u00edtett egyh\u00e1zk\u00f6zs\u00e9g\u00e9nek a saj\u00e1t honlapjuk szerkeszt\u00e9s\u00e9ben. Tin\u00e9dzserk\u00e9nt a sz\u00e1m\u00edt\u00f3g\u00e9pes szenved\u00e9ly\u00e9t \u00e9s tud\u00e1s\u00e1t arra haszn\u00e1lta, hogy az internet seg\u00edts\u00e9g\u00e9vel evangeliz\u00e1ljon m\u00e1sokat.<\/p><p style=\"text-align: justify;\">Saj\u00e1t internet-oldalt is szerkesztett, ahol dokument\u00e1lta az \u00f6sszes eucharisztikus-csod\u00e1t, amit az egyh\u00e1z t\u00f6rt\u00e9nt\u00e9ben tal\u00e1lt, ezt nevezhetj\u00fck az \u0151 mesterm\u0171v\u00e9nek is.<br \/>Carlo minden sz\u00e1m\u00edt\u00f3g\u00e9pekkel \u00f6sszef\u00fcgg\u0151 ter\u00fcleten tehets\u00e9ges volt, bar\u00e1tai \u00e9s informatik\u00e1val foglalkoz\u00f3 feln\u0151tt ismer\u0151sei sz\u00e1m\u00edt\u00f3g\u00e9pes zseninek tartott\u00e1k.\u00a0<span style=\"font-size: 1rem;\">[\/expander_maker]<\/span><\/p><p>\u00a0<\/p><p style=\"text-align: justify;\"><strong><img loading=\"lazy\" decoding=\"async\" class=\"alignleft wp-image-2251 size-thumbnail\" src=\"https:\/\/magyar-misszio.ch\/wp-content\/uploads\/2020\/10\/foto_019-150x150.jpg\" alt=\"\" width=\"150\" height=\"150\" data-id=\"2251\" srcset=\"https:\/\/magyar-misszio.ch\/wp-content\/uploads\/2020\/10\/foto_019-150x150.jpg 150w, https:\/\/magyar-misszio.ch\/wp-content\/uploads\/2020\/10\/foto_019-298x300.jpg 298w, https:\/\/magyar-misszio.ch\/wp-content\/uploads\/2020\/10\/foto_019-100x100.jpg 100w, https:\/\/magyar-misszio.ch\/wp-content\/uploads\/2020\/10\/foto_019.jpg 511w\" sizes=\"(max-width: 150px) 100vw, 150px\" \/>&#8211; \u201eSz\u0171z M\u00e1ria az egyetlen n\u0151 az \u00e9letemben\u201c<\/strong> &#8211; mondta mag\u00e1r\u00f3l<em>[expander_maker id=&#8220;1&#8243; more=&#8220;tov\u00e1bb&#8230;&#8220; less=&#8220;vissza&#8220;]<\/em><span style=\"font-family: inherit; font-size: inherit;\">Igen figyelemrem\u00e9lt\u00f3, hogy ma egy fiatal fi\u00fa naponta a r\u00f3zsaf\u00fcz\u00e9rt im\u00e1dkozza. Az Istenany\u00e1hoz k\u00fcl\u00f6n\u00f6s lelki kapcsolatot \u00e9rzett. Egyszer \u00edgy sz\u00f3lt: <\/span><span style=\"color: #008080;\"><strong><em>\u201eA r\u00f3zsaf\u00fcz\u00e9r a legr\u00f6videbb l\u00e9tra, hogy felm\u00e1sszunk a mennyorsz\u00e1gba.\u201c<\/em><\/strong><span style=\"font-size: 1rem; color: #000000;\">[\/expander_maker]<\/span><\/span><\/p><p>\u00a0<\/p><p style=\"text-align: center;\"><span style=\"font-size: 14pt; color: #0000ff;\"><strong>Mi az, ami m\u00e9g igen sz\u00e9p volt az \u0151 \u00e9let\u00e9ben?<\/strong><\/span><\/p><p>\u00a0<\/p><p style=\"text-align: justify;\"><img loading=\"lazy\" decoding=\"async\" class=\"alignleft wp-image-2252 size-thumbnail\" src=\"https:\/\/magyar-misszio.ch\/wp-content\/uploads\/2020\/10\/foto_007-150x150.jpg\" alt=\"\" width=\"150\" height=\"150\" data-id=\"2252\" srcset=\"https:\/\/magyar-misszio.ch\/wp-content\/uploads\/2020\/10\/foto_007-150x150.jpg 150w, https:\/\/magyar-misszio.ch\/wp-content\/uploads\/2020\/10\/foto_007-298x300.jpg 298w, https:\/\/magyar-misszio.ch\/wp-content\/uploads\/2020\/10\/foto_007-100x100.jpg 100w, https:\/\/magyar-misszio.ch\/wp-content\/uploads\/2020\/10\/foto_007.jpg 511w\" sizes=\"(max-width: 150px) 100vw, 150px\" \/>Sz\u00edvesen <strong>seg\u00edtett az embereken<\/strong>. Pl. t\u00f6bbsz\u00f6r v\u00e1s\u00e1rolt a zsebp\u00e9nz\u00e9n h\u00e1l\u00f3zs\u00e1kokat a hajl\u00e9ktalanoknak, vagy vitt nekik \u00e9lelmiszert.<em>\u00a0[expander_maker id=&#8220;1&#8243; more=&#8220;tov\u00e1bb&#8230;&#8220; less=&#8220;vissza&#8220;]\u00a0<\/em>\u00c9desanyja nyilatkozta, amikor fia temet\u00e9sekor a templom t\u00f6mve lett: \u201eOlyan emberek j\u00f6ttek el, akiket soha nem l\u00e1ttam azel\u0151tt: hajl\u00e9ktalanok, menek\u00fcltek, gyerekek\u2026 Sokan olyan dolgokat mes\u00e9ltek Carlor\u00f3l, hogy mit tett, amikr\u0151l semmit sem tudtam. Tan\u00fas\u00e1got tettek a fiamr\u00f3l.\u201c<span style=\"font-size: 1rem;\">[\/expander_maker]<\/span><\/p><p>\u00a0<\/p><p style=\"text-align: justify;\"><strong>Eucharisztikus csod\u00e1k ki\u00e1ll\u00edt\u00e1sa<\/strong><\/p><p style=\"text-align: justify;\">M\u00e1r volt r\u00f3la sz\u00f3, hogy \u00f6ssze\u00e1ll\u00edtott egy internetoldalt, ahol dokument\u00e1lta az eucharisztikus csod\u00e1kat.<em>\u00a0[expander_maker id=&#8220;1&#8243; more=&#8220;tov\u00e1bb&#8230;&#8220; less=&#8220;vissza&#8220;]\u00a0<\/em>Ez az online-<strong>adatb\u00e1zis 120 csod\u00e1r\u00f3l<\/strong> sz\u00e1mol be az eg\u00e9sz vil\u00e1gb\u00f3l (pl. hogyan v\u00e9rzik a Szentostya vagy hogyan v\u00e1lt val\u00f3di h\u00fass\u00e1\u2026). Ebb\u0151l egy <strong>ki\u00e1ll\u00edt\u00e1s<\/strong>t is k\u00e9sz\u00edtett, amely az\u00f3ta bej\u00e1rta a f\u00e9l vil\u00e1got: K\u00edn\u00e1t, Oroszorsz\u00e1got, Latin-Amerik\u00e1t. Az USA-ban pl\u00e9b\u00e1ni\u00e1k ezreiben \u00e9s t\u00f6bb mint 100 egyetemen ki\u00e1ll\u00edtott\u00e1k ezt. Carlo ezenk\u00edv\u00fcl k\u00e9sz\u00edtett m\u00e9g ki\u00e1ll\u00edt\u00e1st M\u00e1ria jelen\u00e9seir\u0151l is, mely szint\u00e9n j\u00e1rta az orsz\u00e1gokat. A ki\u00e1ll\u00edt\u00e1sokat, gy\u0171jtem\u00e9nyeket mi is megtekinthetj\u00fck az interneten. (ld. a linkekn\u00e9l)<span style=\"font-size: 1rem;\">[\/expander_maker]<\/span><\/p><p>\u00a0<\/p><p style=\"text-align: justify;\"><img loading=\"lazy\" decoding=\"async\" class=\"alignleft wp-image-2254 size-thumbnail\" src=\"https:\/\/magyar-misszio.ch\/wp-content\/uploads\/2020\/10\/foto_082-150x150.jpg\" alt=\"\" width=\"150\" height=\"150\" data-id=\"2254\" srcset=\"https:\/\/magyar-misszio.ch\/wp-content\/uploads\/2020\/10\/foto_082-150x150.jpg 150w, https:\/\/magyar-misszio.ch\/wp-content\/uploads\/2020\/10\/foto_082-100x100.jpg 100w\" sizes=\"(max-width: 150px) 100vw, 150px\" \/>Hal\u00e1la ut\u00e1n a Vatik\u00e1n <strong>egy csod\u00e1t is<\/strong> elismert:<em>\u00a0[expander_maker id=&#8220;1&#8243; more=&#8220;tov\u00e1bb&#8230;&#8220; less=&#8220;vissza&#8220;]\u00a0<\/em>egy s\u00falyos beteg brazil fi\u00fa gy\u00f3gyul\u00e1s\u00e1t, aki velesz\u00fcletett betegs\u00e9g\u00e9b\u0151l gy\u00f3gyult meg, miut\u00e1n Carlo \u00e9gi k\u00f6zbenj\u00e1r\u00e1s\u00e1t k\u00e9rte.<br \/>Ezenk\u00edv\u00fcl tudunk m\u00e9g t\u00f6bb csod\u00e1r\u00f3l, amir\u0151l orvosi leletek is vannak, de az egyh\u00e1zi vizsg\u00e1lat m\u00e9g enn\u00e9l is szigor\u00fabb, \u00edgy tov\u00e1bbi h\u00edrek nincsenek a t\u00f6bbi csod\u00e1r\u00f3l egy\u0151lre. De nagyok sok , h\u00e1laad\u00e1sr\u00f3l sz\u00e1molnak m\u00e9g be a vil\u00e1g t\u00f6bb r\u00e9sz\u00e9b\u0151l.<span style=\"font-size: 1rem;\">[\/expander_maker]<\/span><\/p><p>\u00a0<\/p><p style=\"text-align: center;\"><span style=\"font-size: 14pt; color: #0000ff;\"><strong>Tov\u00e1bbi id\u00e9zetek t\u0151le \u00e9s r\u00f3la<\/strong><\/span><\/p><p style=\"text-align: justify;\"><span style=\"color: #008080;\"><em><img loading=\"lazy\" decoding=\"async\" class=\"alignleft wp-image-2255 size-thumbnail\" src=\"https:\/\/magyar-misszio.ch\/wp-content\/uploads\/2020\/10\/foto_006-1-150x150.jpg\" alt=\"\" width=\"150\" height=\"150\" data-id=\"2255\" srcset=\"https:\/\/magyar-misszio.ch\/wp-content\/uploads\/2020\/10\/foto_006-1-150x150.jpg 150w, https:\/\/magyar-misszio.ch\/wp-content\/uploads\/2020\/10\/foto_006-1-100x100.jpg 100w\" sizes=\"(max-width: 150px) 100vw, 150px\" \/>\u201eMin\u00e9l t\u00f6bbsz\u00f6r j\u00e1rulsz szent\u00e1ldoz\u00e1shoz, ann\u00e1l jobban fogsz hasonl\u00edtani J\u00e9zushoz \u00e9s m\u00e1r most a f\u00f6ld\u00f6n a mennyorsz\u00e1g el\u0151\u00edz\u00e9t fogod megtapasztalni.\u201c<\/em><\/span> (Boldog Carlo Acutis)<em>\u00a0[expander_maker id=&#8220;1&#8243; more=&#8220;tov\u00e1bb&#8230;&#8220; less=&#8220;vissza&#8220;]\u00a0<\/em><span style=\"color: #008080;\"><em>\u201eNek\u00fcnk k\u00f6nnyebb dolgunk van, mint az apostolok idej\u00e9ben az embereknek, akik 2000 \u00e9ve Krisztussal egyid\u0151ben \u00e9ltek. Mi, ha tal\u00e1lkozni akarunk vele, el\u00e9g, ha b\u00e1rhol bemegy\u00fcnk egy templomba. H\u00e1zunk ajtaja el\u0151tt van a mennyei Jeruzs\u00e1lem.\u201c <\/em><\/span>(Boldog Carlo Acutis)<\/p><p style=\"text-align: justify;\"><span style=\"color: #008080;\"><em>\u201eHa minden nap szent\u00e1ldoz\u00e1shoz j\u00e1rulsz \u00e9s szents\u00e9gim\u00e1d\u00e1st tartasz, akkor egyenes utad van a mennyorsz\u00e1gba.\u201c <\/em><\/span>(Boldog Carlo Acutis)<\/p><p style=\"text-align: justify;\"><span style=\"color: #008080;\"><em>\u201eHa Carlo valahova utazott, el\u0151tte megkereste az interneten azokat az inform\u00e1ci\u00f3kat, hogy ahov\u00e1 megy, ott hol \u00e9s mikor van szentmise, hogy ne maradjon azon a napon sem szentmise n\u00e9lk\u00fcl.\u201c <\/em><\/span>(Luana Pennino, Carlo nagymam\u00e1ja)<\/p><p style=\"text-align: justify;\"><em><span style=\"color: #008080;\">\u201eHa sok\u00e1ig vagyunk a napon, akkor lebarnulunk. Ha pedig az Euchariszti\u00e1ban jelen l\u00e9v\u0151 J\u00e9zus el\u0151tt id\u0151z\u00fcnk, akkor szentek lesz\u00fcnk.\u201c<\/span> <\/em>(Boldog Carlo Acutis)<\/p><p style=\"text-align: justify;\"><span style=\"color: #008080;\"><em>\u201eA v\u00e9gtelen kell hogy legyen a c\u00e9lunk, nem a v\u00e9ges. \u00a0A V\u00e9gtelen a sz\u00fcl\u0151f\u00f6ld\u00fcnk. Id\u0151tlen id\u0151k \u00f3ta v\u00e1rnak minket a mennyorsz\u00e1gban.\u201d<\/em><\/span> (Boldog Carlo Acutis)<\/p><p style=\"text-align: justify;\"><span style=\"color: #008080;\"><em>\u201eMi\u00e9rt t\u00f6r\u0151dnek az emberek annyira test\u00fck sz\u00e9ps\u00e9g\u00e9vel,\u00a0 saj\u00e1t lelk\u00fck sz\u00e9ps\u00e9g\u00e9r\u0151l pedig elfeledkeznek? <\/em><\/span>(Boldog Carlo Acutis)<\/p><p style=\"text-align: justify;\">Igyekezett meggy\u0151zni t\u00e1rsait, hogy vigy\u00e1zzanak a test\u00fckre, \u00e9s eml\u00e9keztette \u0151ket, hogy \u201ea test a Szentl\u00e9lek temploma\u201c.<\/p><p style=\"text-align: justify;\">Figyelmeztette bar\u00e1tait, hogy ne essenek az internet csapd\u00e1j\u00e1ba pornogr\u00e1f oldalak n\u00e9zeget\u00e9s\u00e9vel, mert azok \u201ehipnotiz\u00e1lj\u00e1k\u201c \u0151ket \u00e9s a feln\u0151tteket is f\u00fcgg\u0151v\u00e9 teszik. Iskolat\u00e1rsainak igyekezett az \u00f6nuralom \u00e9s akarat fontoss\u00e1g\u00e1r\u00f3l besz\u00e9lni.<\/p><p style=\"text-align: justify;\"><em><span style=\"color: #008080;\">\u201eMindenki eredetinek sz\u00fcletik, \u00e9s m\u00e9gis sokan f\u00e9nym\u00e1solatk\u00e9nt halnak meg.\u201d<\/span> <\/em>(Boldog Carlo Acutis) <em>\u201eEredetik\u00e9nt\u201d<\/em> meghalni Carlo szerint \u00fagy kell, hogy az ember hagyja, hogy Krisztus vezesse, \u00e9s k\u00f6zben sz\u00fcntelen\u00fcl \u0150r\u00e1 n\u00e9z.<\/p><p style=\"text-align: justify;\"><em><span style=\"color: #008080;\">\u201eMit haszn\u00e1l az embernek, ha ezer csat\u00e1t is megnyer, de saj\u00e1t mag\u00e1t nem tudja legy\u0151zni?\u201c<\/span> <\/em>(Boldog Carlo Acutis)<\/p><p style=\"text-align: justify;\"><span style=\"color: #008080;\"><em>\u201eCarlo soha nem rejtette el el\u0151l\u00fcnk a hit\u00e9t\u201d<\/em> <\/span>(Giovanni Morra, iskolat\u00e1rsa)<\/p><p style=\"text-align: justify;\">Gimn\u00e1ziumi hitoktat\u00f3ja mes\u00e9lte, hogy egy az abortuszr\u00f3l sz\u00f3l\u00f3 besz\u00e9lget\u00e9sn\u00e9l \u0151 volt az egyetlen az oszt\u00e1lyban, aki teljesen az abortusz ellen volt.<\/p><p style=\"text-align: justify;\"><span style=\"color: #008080;\"><em>\u201eMegkeresztelkedtem, mert Carlo hite szikr\u00e1t gy\u00fajtott bennem.\u201c<\/em><\/span> (Rajesh Mohur, bar\u00e1tja)<span style=\"font-size: 1rem;\">[\/expander_maker]<\/span><\/p><p>\u00a0<\/p><p>\u00a0<\/p><p style=\"text-align: justify;\"><strong><u><img loading=\"lazy\" decoding=\"async\" class=\"alignleft wp-image-2256 size-thumbnail\" src=\"https:\/\/magyar-misszio.ch\/wp-content\/uploads\/2020\/10\/foto_085-150x150.jpg\" alt=\"\" width=\"150\" height=\"150\" data-id=\"2256\" srcset=\"https:\/\/magyar-misszio.ch\/wp-content\/uploads\/2020\/10\/foto_085-150x150.jpg 150w, https:\/\/magyar-misszio.ch\/wp-content\/uploads\/2020\/10\/foto_085-100x100.jpg 100w\" sizes=\"(max-width: 150px) 100vw, 150px\" \/>Elhat\u00e1roz\u00e1sai:<\/u><\/strong><em>\u00a0[expander_maker id=&#8220;1&#8243; more=&#8220;tov\u00e1bb&#8230;&#8220; less=&#8220;vissza&#8220;]\u00a0<\/em>Egyik internetoldalon elhat\u00e1roz\u00e1sait, \u201etitkait\u201d is nyilv\u00e1noss\u00e1 tette, hogy hogyan v\u00e1lhat szentt\u00e9 az ember:<\/p><ol style=\"text-align: justify;\"><li style=\"list-style-type: none;\"><ol><li style=\"text-align: justify;\">Teljes sz\u00edvedb\u0151l kell v\u00e1gynod arra, hogy szent legy\u00e9l. Ha ez a v\u00e1gy m\u00e9g nincs meg a sz\u00edvedben, akkor k\u00e9rd az Urat ez\u00e9rt sokszor.<\/li><li style=\"text-align: justify;\">Menj minden nap szentmis\u00e9re \u00e9s menj\u00e9l szent\u00e1ldoz\u00e1shoz,<\/li><li style=\"text-align: justify;\">Ne feledd a r\u00f3zsaf\u00fcz\u00e9rt naponta im\u00e1dkozni.<\/li><li style=\"text-align: justify;\">Minden nap olvass egy keveset a szent\u00edr\u00e1sb\u00f3l.<\/li><li style=\"text-align: justify;\">Ha lehets\u00e9ges, id\u0151zz el egy kicsit szents\u00e9gim\u00e1d\u00e1ssal az Olt\u00e1riszents\u00e9g el\u0151tt, mert J\u00e9zus val\u00f3ban jelen van. Tapasztalni fogod, hogy milyen csod\u00e1latosan fogsz lelkileg n\u00f6vekedni.<\/li><li style=\"text-align: justify;\">Minden h\u00e9ten menj\u00e9l gy\u00f3nni, \u00e9s a kisebb b\u0171n\u00f6ket is valld meg.<\/li><li style=\"text-align: justify;\">Im\u00e1dkozz m\u00e1sok\u00e9rt \u00e9s aj\u00e1nlj fel \u00e1ldozatokat \u00e9s j\u00f3tetteket az \u00darnak \u00e9s M\u00e1ri\u00e1nak, hogy seg\u00edt m\u00e1sokon.<\/li><li style=\"text-align: justify;\">K\u00e9rd \u0151rz\u0151angyalodat, hogy \u00e1lland\u00f3an seg\u00edtsen, hogy a legjobb bar\u00e1tod legyen.[\/expander_maker]<\/li><\/ol><\/li><\/ol><p>\u00a0<\/p><p>\u00a0<\/p><p style=\"text-align: center;\"><span style=\"font-size: 14pt; color: #0000ff;\"><strong>Egy\u00e9b inform\u00e1ci\u00f3k, vide\u00f3k, pr\u00e9dik\u00e1ci\u00f3&#8230;<\/strong><\/span><\/p><p style=\"text-align: justify;\"><span style=\"font-size: 1rem;\"><strong><u><img loading=\"lazy\" decoding=\"async\" class=\"alignleft wp-image-2257 size-thumbnail\" src=\"https:\/\/magyar-misszio.ch\/wp-content\/uploads\/2020\/10\/foto_083-150x150.jpg\" alt=\"\" width=\"150\" height=\"150\" data-id=\"2257\" srcset=\"https:\/\/magyar-misszio.ch\/wp-content\/uploads\/2020\/10\/foto_083-150x150.jpg 150w, https:\/\/magyar-misszio.ch\/wp-content\/uploads\/2020\/10\/foto_083-100x100.jpg 100w\" sizes=\"(max-width: 150px) 100vw, 150px\" \/>Hivatalos honlap<\/u><\/strong> (t\u00f6bbnyelv\u0171)<br \/><a href=\"http:\/\/www.carloacutis.com\/\" target=\"_blank\" rel=\"noopener noreferrer\">www.carloacutis.com<\/a><br \/>Innen Carlo t\u00f6bb ki\u00e1ll\u00edt\u00e1s\u00e1t is el lehet \u00e9rni.<em>\u00a0[expander_maker id=&#8220;1&#8243; more=&#8220;tov\u00e1bb&#8230;&#8220; less=&#8220;vissza&#8220;]\u00a0<\/em>Let\u00f6lthet\u0151 anyagok: <a href=\"http:\/\/www.carloacutis.com\/de\/association\" target=\"_blank\" rel=\"noopener noreferrer\">www.carloacutis.com\/de\/association<\/a><\/span><\/p><p style=\"text-align: justify;\"><strong><u>Az eucharisztikus csod\u00e1k ki\u00e1ll\u00edt\u00e1sa<\/u><\/strong><br \/>magyar nyelv is kiv\u00e1laszthat\u00f3:<br \/><a href=\"http:\/\/www.miracolieucaristici.org\" target=\"_blank\" rel=\"noopener noreferrer\">www.miracolieucaristici.org<\/a><br \/>Carlo ezt m\u00e1r 11 \u00e9vesen elkezdte szerkeszteni, ennek tabl\u00f3-v\u00e1ltozata ki\u00e1ll\u00edt\u00e1sk\u00e9nt bej\u00e1rta m\u00e1r a f\u00e9l vil\u00e1got.<\/p><p><span style=\"text-decoration: underline;\"><strong>Pr\u00e9dik\u00e1ci\u00f3 a z\u00fcrichi misszi\u00f3ban<\/strong><\/span><br \/><img loading=\"lazy\" decoding=\"async\" class=\"wp-image-2247 alignleft\" src=\"https:\/\/magyar-misszio.ch\/wp-content\/uploads\/2020\/10\/6PBO8p4TKlp8DhUWH0lR4L-150x150.jpg\" alt=\"\" width=\"157\" height=\"157\" data-id=\"2247\" \/>Boldog Carlo Acutis &#8211; pr\u00e9dik\u00e1ci\u00f3 (2020.okt.18.)<br \/>+ \u00e9nek: <span style=\"font-size: 10pt;\">Laudate omnes Gentes (T\u00f6r\u00f6k Levente k\u00e1ntor \u00e9s Ih\u00e1sz M\u00e1ria k\u00f3rusvezet\u0151)<br \/><a href=\"https:\/\/magyar-misszio.ch\/wp-content\/uploads\/2020\/10\/20201018_Carlo_Acutis.mp3\">let\u00f6lt\u00e9s&#8230;<\/a><br \/>meghallgat\u00e1s:<\/span><\/p><p><audio class=\"wp-audio-shortcode\" id=\"audio-2289-1\" loop preload=\"none\" style=\"width: 100%;\" controls=\"controls\"><source type=\"audio\/mpeg\" src=\"https:\/\/magyar-misszio.ch\/wp-content\/uploads\/2020\/10\/20201018_Carlo_Acutis.mp3?_=1\" \/><a href=\"https:\/\/magyar-misszio.ch\/wp-content\/uploads\/2020\/10\/20201018_Carlo_Acutis.mp3\">https:\/\/magyar-misszio.ch\/wp-content\/uploads\/2020\/10\/20201018_Carlo_Acutis.mp3<\/a><\/audio><\/p><p>\u00a0<\/p><p style=\"text-align: justify;\"><u><strong>Vide\u00f3k a youtube-on<\/strong><br \/><\/u>Keress r\u00e1 Carlo Acutis nev\u00e9re nev\u00e9re.<br \/>Itt a t\u00f6bbnyelven is megjelent ismertet\u0151 (n\u00e9met: Auf Reisen mit Carlo) l\u00e1that\u00f3:<iframe src=\"https:\/\/www.youtube.com\/embed\/V6Z6LjLiXxY\" width=\"560\" height=\"315\" frameborder=\"0\" allowfullscreen=\"allowfullscreen\" data-mce-fragment=\"1\"><\/iframe><\/p><p>A k\u00f6vetkez\u0151 vide\u00f3n\u00e1l t\u00f6bb nyelven ki lehet v\u00e1lasztani a feliratoz\u00e1st (s\u0151t automatikus magyar ford\u00edt\u00e1st is be lehet \u00e1ll\u00edtani):<br \/><iframe src=\"https:\/\/www.youtube.com\/embed\/CuLT7CNiOWQ\" width=\"560\" height=\"315\" frameborder=\"0\" allowfullscreen=\"allowfullscreen\"><\/iframe><\/p><p style=\"text-align: justify;\"><strong><u>A chur-i egyh\u00e1zmegy\u00e9nk honlapj\u00e1n:<br \/><\/u><\/strong><a href=\"http:\/\/www.bistum-chur.ch\" target=\"_blank\" rel=\"noopener noreferrer\">www.bistum-chur.ch<\/a>\u00a0\u00a0 keresd: <a href=\"https:\/\/www.bistum-chur.ch\/gemeinsam-auf-dem-weg\/wochenthema-4-10-oktober\/\">Wochenthema 4. \u2013 10. Oktober: Seligsprechung von Carlo Acutis<\/a><\/p><p><strong><u>Sv\u00e1jci bar\u00e1ti k\u00f6r egyes\u00fclete<\/u><\/strong> ( \u201eFreunde Carlo Acutis\u201c):<br \/><a href=\"http:\/\/www.carlo-acutis.ch\" target=\"_blank\" rel=\"noopener noreferrer\">www.carlo-acutis.ch<\/a><\/p><p style=\"text-align: justify;\"><span style=\"font-size: 1rem;\">[\/expander_maker]<\/span><\/p>\t\t\t\t\t\t\t\t<\/div>\n\t\t\t\t<\/div>\n\t\t\t\t\t<\/div>\n\t\t<\/div>\n\t\t\t\t\t<\/div>\n\t\t<\/section>\n\t\t\t\t<\/div>\n\t\t","protected":false},"excerpt":{"rendered":"<p>15 \u00e9vesen szent \u2013 Boldog Carlo Acutis Szalagc\u00edmek Egy mai fiatal, akinek \u00e9lete sokakat inspir\u00e1lt m\u00e1r. T\u00f6bb szalagc\u00edm is sz\u00f3l r\u00f3la: &#8211; \u201eAz els\u0151 farmernadr\u00e1gos \u00e9s t\u00faracip\u0151s szent\u201c \u2013 \u00fajs\u00e1gcikk-c\u00edm[expander_maker id=&#8220;1&#8243; more=&#8220;tov\u00e1bb&#8230;&#8220; less=&#8220;vissza&#8220;]Carlo Acutis egy norm\u00e1lis, egyszer\u0171, kedves fiatal volt. Szerette a focit, gyakran cs\u00f6k\u00f6ny\u00f6s is volt \u00e9s sz\u00edvesen j\u00e1tszott sz\u00e1m\u00edt\u00f3g\u00e9pes j\u00e1t\u00e9kokat \u2013 de \u00e9ppen &hellip; <\/p>\n<p class=\"link-more\"><a href=\"https:\/\/magyar-misszio.ch\/?page_id=2289\" class=\"more-link\"><span class=\"screen-reader-text\">\u201eCarlo_Acutis\u201c<\/span> weiterlesen<\/a><\/p>\n","protected":false},"author":2,"featured_media":0,"parent":0,"menu_order":0,"comment_status":"closed","ping_status":"closed","template":"","meta":{"footnotes":""},"class_list":["post-2289","page","type-page","status-publish","hentry"],"_links":{"self":[{"href":"https:\/\/magyar-misszio.ch\/index.php?rest_route=\/wp\/v2\/pages\/2289","targetHints":{"allow":["GET"]}}],"collection":[{"href":"https:\/\/magyar-misszio.ch\/index.php?rest_route=\/wp\/v2\/pages"}],"about":[{"href":"https:\/\/magyar-misszio.ch\/index.php?rest_route=\/wp\/v2\/types\/page"}],"author":[{"embeddable":true,"href":"https:\/\/magyar-misszio.ch\/index.php?rest_route=\/wp\/v2\/users\/2"}],"replies":[{"embeddable":true,"href":"https:\/\/magyar-misszio.ch\/index.php?rest_route=%2Fwp%2Fv2%2Fcomments&post=2289"}],"version-history":[{"count":22,"href":"https:\/\/magyar-misszio.ch\/index.php?rest_route=\/wp\/v2\/pages\/2289\/revisions"}],"predecessor-version":[{"id":7670,"href":"https:\/\/magyar-misszio.ch\/index.php?rest_route=\/wp\/v2\/pages\/2289\/revisions\/7670"}],"wp:attachment":[{"href":"https:\/\/magyar-misszio.ch\/index.php?rest_route=%2Fwp%2Fv2%2Fmedia&parent=2289"}],"curies":[{"name":"wp","href":"https:\/\/api.w.org\/{rel}","templated":true}]}}