{"id":2389,"date":"2020-10-31T14:47:41","date_gmt":"2020-10-31T14:47:41","guid":{"rendered":"http:\/\/magyar-misszio.ch\/?page_id=2389"},"modified":"2025-12-23T15:35:03","modified_gmt":"2025-12-23T15:35:03","slug":"eletunk","status":"publish","type":"page","link":"https:\/\/magyar-misszio.ch\/?page_id=2389","title":{"rendered":"Eletunk"},"content":{"rendered":"<p style=\"text-align: center;\"><strong><span style=\"color: #800000; font-size: 18pt;\"><img decoding=\"async\" class=\"alignleft wp-image-2390 size-thumbnail\" src=\"https:\/\/magyar-misszio.ch\/wp-content\/uploads\/2020\/10\/kep_eletunk-150x150.jpg\" alt=\"\" width=\"150\" height=\"150\" data-id=\"2390\" srcset=\"https:\/\/magyar-misszio.ch\/wp-content\/uploads\/2020\/10\/kep_eletunk-150x150.jpg 150w, https:\/\/magyar-misszio.ch\/wp-content\/uploads\/2020\/10\/kep_eletunk-100x100.jpg 100w\" sizes=\"(max-width: 150px) 100vw, 150px\" \/>Meg\u00fajult az eur\u00f3pai katolikusok \u00fajs\u00e1gja, az &#8222;\u00c9let\u00fcnk&#8220;<\/span><br \/>\n<\/strong><\/p>\n<p style=\"text-align: justify;\">A t\u00f6bb mint 50 \u00e9ves \u00fajs\u00e1gja az eur\u00f3pai magyar katolikusoknak a megsz\u0171n\u00e9s hat\u00e1r\u00e1hoz \u00e9rkezett (nagyon \u00e9rdekes honlapjukon a t\u00f6rt\u00e9net\u00fcket is elolvasni <a href=\"https:\/\/www.eletunk.net\/egyeb\/eletunk-tortenete\/\">itt&#8230;<\/a>) Hogy m\u00e9gsem ez k\u00f6vetkezett be, a kiad\u00f3v\u00e1lt\u00e1snak \u00e9s n\u00e9h\u00e1ny szem\u00e9ly hat\u00e1rozott elk\u00f6telez\u0151d\u00e9s\u00e9nek k\u00f6sz\u00f6nhet\u0151, amellyel az \u00fajs\u00e1g megmarad\u00e1s\u00e1nak \u00fcgye mell\u00e9 \u00e1lltak.<\/p>\n<p>Olvassa rendszeresen az eur\u00f3pai magyar katolikusok lapj\u00e1t!:<\/p>\n<p style=\"text-align: justify;\">1.\/ Az \u00fajs\u00e1gnak van <strong><span style=\"color: #ff6600;\">honlap<\/span><\/strong>ja is: <a href=\"http:\/\/www.eletunk.net\" target=\"_blank\" rel=\"noopener noreferrer\">www.eletunk.net<\/a> \u00e9s rem\u00e9lik, hogy ezt terjessz\u00fck is a k\u00fclf\u00f6ldi magyarok k\u00f6r\u00e9ben. Facebook: <a href=\"http:\/\/www.facebook.com\/eletunkujsag\" target=\"_blank\" rel=\"noopener noreferrer\">www.facebook.com\/eletunkujsag<\/a><\/p>\n<p style=\"text-align: justify;\">2.\/ 2021-t\u0151l lehet\u0151s\u00e9g van az \u00fajs\u00e1g <span style=\"color: #ff6600;\"><strong>elektronikus el\u0151fizet\u00e9s<\/strong><\/span>\u00e9re is. Ez \u00e9vente 20 Euro. Ebben sz\u00edvesen felaj\u00e1nlom seg\u00edts\u00e9gemet (pl. online-kifizet\u00e9s), aki sz\u00f3l nekem. Itt, a digit\u00e1lis v\u00e1ltozatn\u00e1l nincsen jelentkez\u00e9si hat\u00e1rid\u0151. (<em>Aki digit\u00e1lis v\u00e1ltozatra fizet el\u0151, minden h\u00f3napban kap egy linket \u00e9s egy k\u00f3dot, vagy emailk\u00e9nt csatolt f\u00e1jlk\u00e9nt is k\u00e9rheti). Mintap\u00e9ld\u00e1ny <a href=\"https:\/\/magyar-misszio.ch\/wp-content\/uploads\/2020\/10\/Eletunk_2020-09_szeptember.pdf\" target=\"_blank\" rel=\"noopener noreferrer\">itt let\u00f6lthet\u0151&#8230;.<\/a><\/em><\/p>\n<p>3.\/ <span style=\"color: #ff6600;\"><strong>Nyomtatott \u00fajs\u00e1g<\/strong><\/span> el\u0151fizet\u00e9se: Aki <span style=\"color: #000000;\">a havi nyomtatott \u00fajs\u00e1got<\/span> a Misszi\u00f3nk (postai) k\u00f6zvet\u00edt\u00e9s\u00e9vel sz\u00edvesen megrendeli, az \u00e9v v\u00e9g\u00e9ig jelezze sz\u00e1nd\u00e9k\u00e1t. A d\u00edj\u00e1t (ami \u00e9vente 55 chf) a hat\u00e1rid\u0151ig nem fontos m\u00e9g rendezni. <span style=\"font-size: 10pt;\">\u00a0<\/span><\/p>\n<p style=\"text-align: justify;\"><span style=\"font-size: 14pt;\"><strong>K\u00e9rd\u0151\u00edv:<\/strong><\/span><span style=\"text-decoration: underline; font-size: 14pt;\"><strong><br \/>\n<\/strong><\/span>A j\u00f6v\u0151 tervez\u00e9s\u00e9hez, a &#8222;tov\u00e1bbl\u00e9p\u00e9shez-tov\u00e1bbfejl\u0151d\u00e9shez-tov\u00e1bbjobb\u00edt\u00e1shoz&#8220; a kiad\u00f3 szeretne megismerni min\u00e9l t\u00f6bb v\u00e9lem\u00e9nyt. Ez\u00e9rt szeretettel v\u00e1rnak visszajelz\u00e9seket egy k\u00e9rd\u0151\u00edvre (anon\u00edm), melyet <a href=\"https:\/\/docs.google.com\/forms\/d\/e\/1FAIpQLSd7nwd2haCW94E2qUtzcnjr04J_Uz_C20c3wxZSWzBuOyyOrg\/viewform\" target=\"_blank\" rel=\"noopener noreferrer\">ide kattintva<\/a> tudunk kit\u00f6lteni, vagy <a href=\"https:\/\/magyar-misszio.ch\/wp-content\/uploads\/2020\/10\/eletunk_kerdoiv.pdf\" target=\"_blank\" rel=\"noopener noreferrer\">ide kattintva<\/a> let\u00f6lteni \u00e9s emailen elk\u00fcldeni a megadott email-c\u00edmre.<\/p>\n<p><span style=\"color: #0000ff; background-color: #ffff00;\"><strong><span style=\"font-size: 14pt; background-color: #ffff00;\">Tov\u00e1bbi figyelemfelkelt\u00e9s:<\/span><\/strong><\/span><\/p>\n<ul>\n<li><strong><span style=\"color: #ff0000;\">magyar lelk\u00e9szs\u00e9gek a vil\u00e1gon<\/span><\/strong> t\u00e9rk\u00e9pn\u00e9zetben, listan\u00e9zetben: <a href=\"https:\/\/www.eletunk.net\/miserend\/\" target=\"_blank\" rel=\"noopener\">ide kattintva&#8230;<\/a><\/li>\n<li><strong><span style=\"color: #ff0000;\">magyar katolikus kiadv\u00e1nyok:<\/span><\/strong> <a href=\"https:\/\/www.eletunk.net\/magyar-katolikus-kiadvanyok-2\/\" target=\"_blank\" rel=\"noopener\">ide kattintva&#8230;<\/a><\/li>\n<li><strong><span style=\"color: #99cc00;\">f\u00e9nyk\u00e9pes besz\u00e1mol\u00f3 \u00e9s szentmise az \u00fajs\u00e1g\u00e9rt Z\u00fcrichben:<\/span><\/strong><br \/>\na cikket Kov\u00e1cs Krisztin\u00e1t\u00f3l az \u00c9let\u00fcnk honlapj\u00e1n<a href=\"https:\/\/www.eletunk.net\/szentmisek-az-eletunk-ujsag-kozossegeert\/szentmise-zurichben-az-eletunk-ujsagert\/\" target=\"_blank\" rel=\"noopener\"> ide kattintva lehet olvasni&#8230;<\/a><\/li>\n<li><span style=\"color: #339966;\"><strong>pl\u00e9b\u00e1nosunkkal interj\u00fa:<\/strong><\/span><br \/>\n&#8211; \u201eHa komolyan vessz\u00fck az Euchariszti\u00e1t, a k\u00f6zt\u00fcnk jelen l\u00e9v\u0151 J\u00e9zust, o\u00e1zisokk\u00e1 v\u00e1ltoznak k\u00f6z\u00f6ss\u00e9geink\u201d \u2013 Bemutatjuk az ez\u00fcstmis\u00e9s Varga P\u00e9ter aty\u00e1t, z\u00fcrichi magyar lelk\u00e9szt\u00a0 (hosszabb, online &#8211; 2020.j\u00fal.20.):\u00a0 <a href=\"https:\/\/www.eletunk.net\/portre\/ha-komolyan-vesszuk-az-eucharisztiat-a-koztunk-jelen-levo-jezust-oazisokka-valtoznak-kozossegeink-bemutatjuk-az-ezustmises-varga-peter-atyat-zurichi-magyar-lelkeszt\/\" target=\"_blank\" rel=\"noopener\">ide kattintva&#8230;.<\/a><br \/>\n&#8211; &#8222;\u00daj utak \u00e9s m\u00f3dszerek keres\u0151je&#8220;, Papi arc\u00e9lek. (2020.augusztusi kinyomtatott sz\u00e1mban) &#8211; <a href=\"https:\/\/magyar-misszio.ch\/wp-content\/uploads\/2021\/01\/Papi_arcelek.pdf\" target=\"_blank\" rel=\"noopener\">ide kattintva&#8230;<\/a><br \/>\n&#8211; &#8222;Ez\u00fcstmis\u00e9j\u00fcket \u00fcnneplik&#8220; (2020.szeptemberi kinyomtatott sz\u00e1mban) &#8211; <a href=\"https:\/\/magyar-misszio.ch\/wp-content\/uploads\/2021\/01\/Eletunk_2020-09_szeptember.pdf\" target=\"_blank\" rel=\"noopener\">ide kattintva&#8230;<\/a><br \/>\n&#8211; &#8222;Sz\u00e1z \u00e9v sz\u00e1z gondolat&#8220; \/ 97.sorsz\u00e1m (online, 2020) &#8211; <a href=\"https:\/\/www.eletunk.net\/szaz-ev-szaz-gondolat\/https:\/\/www.eletunk.net\/szaz-ev-szaz-gondolat\/\" target=\"_blank\" rel=\"noopener\">ide kattintva&#8230;<\/a><\/li>\n<li><span style=\"color: #339966;\"><strong>Krisztusf\u00fcz\u00e9rr\u0151l &#8211; \u00c9let\u00fcnk gy\u00f6ngyeir\u0151l<\/strong><\/span> (pl\u00e9b\u00e1nosunk kiadv\u00e1nyair\u00f3l)<br \/>\n&#8211; &#8222;V\u00e1ljunk m\u00e1sok sz\u00e1m\u00e1ra mi is gy\u00f6ngyszemekk\u00e9&#8220; (2020. decemberei kinyomtatott sz\u00e1mban) &#8211; <a href=\"https:\/\/magyar-misszio.ch\/wp-content\/uploads\/2021\/01\/Kereszteny_Elet_2020_december_20-27_4old.pdf\" target=\"_blank\" rel=\"noopener\">ide kattintva&#8230;<\/a><br \/>\n&#8211; &#8222;Tizennyolc gy\u00f6ngyszem: \u00fat \u00f6nmagunkhoz \u00e9s Istenhez \u2013 Ismerje meg a Krisztusf\u00fcz\u00e9rt, az \u00c9let gy\u00f6ngyeit!&#8220; (hosszabb, online &#8211; 2020.11.23):<a href=\"https:\/\/www.eletunk.net\/beszamolo-ismerteto\/tizennyolc-gyongyszem-ut-onmagunkhoz-es-istenhez-ismerje-meg-a-krisztusfuzert-az-elet-gyongyeit\/\" target=\"_blank\" rel=\"noopener\"> ide kattintva&#8230;.<\/a><br \/>\n&#8211; &#8222;\u00dat lelk\u00fcnk m\u00e9ly\u00e9hez \u00e9s Isten orsz\u00e1g\u00e1hoz&#8220; (2020.janu\u00e1ri kinyomtatott sz\u00e1mban) <a href=\"https:\/\/magyar-misszio.ch\/wp-content\/uploads\/2021\/01\/Eletunk_2021_01_januar.pdf\" target=\"_blank\" rel=\"noopener\">&#8211; ide kattintva..<\/a><\/li>\n<li><strong style=\"font-size: 12pt;\"><span style=\"color: #0000ff;\">Tempfli Imre<\/span><\/strong><span style=\"font-size: 12pt;\"> elk\u00f6sz\u00f6nt stuttgarti egyh\u00e1zk\u00f6zs\u00e9g\u00e9t\u0151l:<\/span><a style=\"font-size: 12pt;\" href=\"https:\/\/www.eletunk.net\/portre\/tempfli-imre-elkoszont-stuttgarti-egyhazkozsegetol\/\" target=\"_blank\" rel=\"noopener\"> ide kattintva&#8230;<\/a><\/li>\n<li><span style=\"font-size: 12pt;\"><strong><span style=\"color: #0000ff;\">Podcast-sorozat<\/span><\/strong>ot ind\u00edtott a NEK Titk\u00e1rs\u00e1g: <a href=\"https:\/\/www.eletunk.net\/nek2020\/podcast-ami-nekunk-szol-podcast-sorozatot-inditott-a-nek-titkarsag\/\" target=\"_blank\" rel=\"noopener\">ide kattintva&#8230;<\/a><\/span><\/li>\n<\/ul>\n","protected":false},"excerpt":{"rendered":"<p>Meg\u00fajult az eur\u00f3pai katolikusok \u00fajs\u00e1gja, az &#8222;\u00c9let\u00fcnk&#8220; A t\u00f6bb mint 50 \u00e9ves \u00fajs\u00e1gja az eur\u00f3pai magyar katolikusoknak a megsz\u0171n\u00e9s hat\u00e1r\u00e1hoz \u00e9rkezett (nagyon \u00e9rdekes honlapjukon a t\u00f6rt\u00e9net\u00fcket is elolvasni itt&#8230;) Hogy m\u00e9gsem ez k\u00f6vetkezett be, a kiad\u00f3v\u00e1lt\u00e1snak \u00e9s n\u00e9h\u00e1ny szem\u00e9ly hat\u00e1rozott elk\u00f6telez\u0151d\u00e9s\u00e9nek k\u00f6sz\u00f6nhet\u0151, amellyel az \u00fajs\u00e1g megmarad\u00e1s\u00e1nak \u00fcgye mell\u00e9 \u00e1lltak. Olvassa rendszeresen az eur\u00f3pai magyar katolikusok &hellip; <\/p>\n<p class=\"link-more\"><a href=\"https:\/\/magyar-misszio.ch\/?page_id=2389\" class=\"more-link\"><span class=\"screen-reader-text\">\u201eEletunk\u201c<\/span> weiterlesen<\/a><\/p>\n","protected":false},"author":2,"featured_media":0,"parent":0,"menu_order":0,"comment_status":"closed","ping_status":"closed","template":"","meta":{"footnotes":""},"class_list":["post-2389","page","type-page","status-publish","hentry"],"_links":{"self":[{"href":"https:\/\/magyar-misszio.ch\/index.php?rest_route=\/wp\/v2\/pages\/2389","targetHints":{"allow":["GET"]}}],"collection":[{"href":"https:\/\/magyar-misszio.ch\/index.php?rest_route=\/wp\/v2\/pages"}],"about":[{"href":"https:\/\/magyar-misszio.ch\/index.php?rest_route=\/wp\/v2\/types\/page"}],"author":[{"embeddable":true,"href":"https:\/\/magyar-misszio.ch\/index.php?rest_route=\/wp\/v2\/users\/2"}],"replies":[{"embeddable":true,"href":"https:\/\/magyar-misszio.ch\/index.php?rest_route=%2Fwp%2Fv2%2Fcomments&post=2389"}],"version-history":[{"count":16,"href":"https:\/\/magyar-misszio.ch\/index.php?rest_route=\/wp\/v2\/pages\/2389\/revisions"}],"predecessor-version":[{"id":7617,"href":"https:\/\/magyar-misszio.ch\/index.php?rest_route=\/wp\/v2\/pages\/2389\/revisions\/7617"}],"wp:attachment":[{"href":"https:\/\/magyar-misszio.ch\/index.php?rest_route=%2Fwp%2Fv2%2Fmedia&parent=2389"}],"curies":[{"name":"wp","href":"https:\/\/api.w.org\/{rel}","templated":true}]}}