{"id":2409,"date":"2020-11-12T12:41:09","date_gmt":"2020-11-12T12:41:09","guid":{"rendered":"http:\/\/magyar-misszio.ch\/?page_id=2409"},"modified":"2020-11-20T18:16:48","modified_gmt":"2020-11-20T18:16:48","slug":"ueldoezoett-keresztenyek","status":"publish","type":"page","link":"https:\/\/magyar-misszio.ch\/?page_id=2409","title":{"rendered":"\u00fcld\u00f6z\u00f6tt kereszt\u00e9nyek"},"content":{"rendered":"<p style=\"text-align: center;\"><span style=\"color: #ff0000;\"><strong><span style=\"font-size: 18pt;\"><img decoding=\"async\" class=\"alignleft wp-image-2413\" src=\"https:\/\/magyar-misszio.ch\/wp-content\/uploads\/2020\/11\/gyertya_acn_2020.jpg-300x289.jpg\" alt=\"\" width=\"200\" height=\"192\" data-id=\"2413\" srcset=\"https:\/\/magyar-misszio.ch\/wp-content\/uploads\/2020\/11\/gyertya_acn_2020.jpg-300x289.jpg 300w, https:\/\/magyar-misszio.ch\/wp-content\/uploads\/2020\/11\/gyertya_acn_2020.jpg.jpg 612w\" sizes=\"(max-width: 200px) 100vw, 200px\" \/>Vil\u00e1gszerte 200-260 milli\u00f3 kereszt\u00e9ny szenved \u00fcld\u00f6ztet\u00e9st\u00a0<\/span><br \/>\n<\/strong><\/span><em>Ez jelenleg a vil\u00e1g kereszt\u00e9nys\u00e9g\u00e9nek 9-11.5 sz\u00e1zal\u00e9ka. Vagyis kb. minden 10. kereszt\u00e9nyt \u00fcld\u00f6znek ma hit\u00fck miatt.<\/em><\/p>\n<p style=\"text-align: justify;\">A kereszt\u00e9ny\u00fcld\u00f6z\u00e9sek az ut\u00f3bbi \u00e9vtizedekben s\u00falyosbodtak, egyre t\u00f6bb esetr\u0151l tudunk. Az extr\u00e9m \u00e9s er\u0151szakos vall\u00e1soss\u00e1g sajnos terjed. \u00dcld\u00f6z\u00e9st szenvednek vil\u00e1gszerte legink\u00e1bb a kereszt\u00e9nyek (leg\u00fcld\u00f6z\u00f6ttebb vall\u00e1s, a t\u00f6bbi vall\u00e1si \u00fcld\u00f6z\u00f6tteket figyelembe v\u00e9ve 80%-a kereszt\u00e9ny az \u00fcld\u00f6z\u00f6tteknek), de tudunk muszlimok \u00fcld\u00f6z\u00e9s\u00e9r\u0151l (India), vagy zsid\u00f3k \u00fcld\u00f6z\u00e9s\u00e9r\u0151l is.<\/p>\n<p><span style=\"font-size: 14pt; color: #0000ff;\"><strong>P\u00e9ld\u00e1k:<\/strong><\/span><\/p>\n<ul>\n<li style=\"text-align: justify;\">L\u00edbi\u00e1ban kereszt\u00e9nyeket nyilv\u00e1nosan lefejeznek (pl. 2015-ben k\u00f6zvet\u00edt\u00e9s 21 ember hal\u00e1l\u00e1r\u00f3l)<\/li>\n<li style=\"text-align: justify;\">Irakban megtizel\u0151d\u00f6tt a l\u00e9tsz\u00e1munk, \u00e9s ma is hal\u00e1lvesz\u00e9lyben \u00e9lnek sokan<\/li>\n<li style=\"text-align: justify;\">Indi\u00e1ban t\u00e1mad\u00e1sok, elhurcol\u00e1sok, k\u00ednz\u00e1sok\u2026<\/li>\n<li style=\"text-align: justify;\">Mexik\u00f3: megf\u00e9leml\u00edt\u00e9sek, gyilkoss\u00e1gok (papokat is el\u0151szeretettel)<\/li>\n<li style=\"text-align: justify;\">\u00c9szak-K\u00f3rea: Biblia birtokl\u00e1s\u00e1\u00e9rt, kereszt\u00e9ny hit-gyakorl\u00e1s\u00e9rt keresztrefesz\u00edt\u00e9sek, eleven el\u00e9get\u00e9sek, koncentr\u00e1ci\u00f3s t\u00e1borok<\/li>\n<li style=\"text-align: justify;\">Nig\u00e9ria: t\u00e1mad\u00e1sok, eleven el\u00e9get\u00e9sek<\/li>\n<li style=\"text-align: justify;\">K\u00edna, India: digit\u00e1lis megfigyel\u00e9se a kereszt\u00e9ny k\u00f6z\u00f6ss\u00e9geknek<\/li>\n<li style=\"text-align: justify;\">Eur\u00f3pa: \u00fcld\u00f6z\u00e9s helyett besz\u00e9l\u00fcnk itt a kereszt\u00e9nyek elhallgattat\u00e1s\u00e1r\u00f3l \u00e9s megk\u00fcl\u00f6nb\u00f6ztet\u00e9sekr\u0151l: pl. homoszexualit\u00e1s \u00fcgy\u00e9ben, egynem\u0171 h\u00e1zass\u00e1gok \u00fcgy\u00e9ben stb.: a kereszt\u00e9nyek v\u00e9lem\u00e9ny\u00e9nek hangj\u00e1t elnyomj\u00e1k, az ellenv\u00e9lem\u00e9ny megsz\u00f3lalhat, s\u0151t sok ellen\u00fcnk elk\u00f6vetett er\u0151szakos cselekm\u00e9nyr\u0151l tudunk, amir\u0151l rendszeresen besz\u00e1mol a CitizenGo (ld. al\u00e1bb)<\/li>\n<\/ul>\n<p><span style=\"color: #0000ff; font-size: 14pt;\"><strong>F\u00e1jdalmasan felt\u00f6r benn\u00fcnk a k\u00e9rd\u00e9s: mi\u00e9rt?<\/strong><\/span><\/p>\n<ul>\n<li style=\"text-align: justify;\">vannak l\u00e1that\u00f3 v\u00e1laszok r\u00e1:<br \/>\n&#8211; egy-egy vall\u00e1s extr\u00e9mist\u00e1i nem t\u0171rik el a m\u00e1sikat<br \/>\n&#8211; politikai okokb\u00f3l f\u00e9lnek a kereszt\u00e9nyek elveit\u0151l (pl. K\u00f3rea, K\u00edna)<br \/>\n&#8211; (drog)-b\u0171n\u00f6z\u00e9s g\u00e1tja a kereszt\u00e9ny magatart\u00e1s \u00e9s fell\u00e9p\u00e9s (pl.Mexik\u00f3)<br \/>\n&#8211; az ellenv\u00e9lem\u00e9ny legink\u00e1bb \u00fagy terjedhet, ha lej\u00e1ratj\u00e1k \u00e9s elhallgattatj\u00e1k a kereszt\u00e9nyeket (Eur\u00f3pa)<\/li>\n<li style=\"text-align: justify;\">van nem l\u00e1that\u00f3 oka is: a \u201evil\u00e1g fejedelme\u201d \u2013 ahogy J\u00e9zus nevezte egyszer a gonosz lelket \u2013 k\u00fczd a hit ellen<\/li>\n<\/ul>\n<p><span style=\"color: #0000ff; font-size: 14pt;\"><strong>\u00c9s Te?<\/strong><\/span><\/p>\n<ul>\n<li style=\"text-align: justify;\">Vigy\u00e1zz, ne legy\u00e9l k\u00f6z\u00f6mb\u00f6s a h\u00edrek hallat\u00e1n, mint sokan! Ne szokj hozz\u00e1 \u00e9s ne lankadjon \u00e9rdekl\u0151d\u00e9sed a kereszt\u00e9nyek f\u00e1jdalma ir\u00e1nt. Minden eset ut\u00e1n mondj foh\u00e1szt, k\u00e9rj er\u0151t a neh\u00e9z helyzet\u0171 h\u00edv\u0151knek!<\/li>\n<li style=\"text-align: justify;\">Inform\u00e1l\u00f3dj, l\u00e1togasd meg id\u0151nk\u00e9nt pl. a k\u00f6vetkez\u0151 honlapokat:<br \/>\n&#8211; katolikus Kirche in Not: <a href=\"http:\/\/www.kirche-in-not.ch\" target=\"_blank\" rel=\"noopener noreferrer\">kirche-in-not.ch<\/a> (t\u00e9m\u00e1val kapcsolatos <a href=\"http:\/\/religionsfreiheit.kirche-in-not.ch\/laenderwahl.html\" target=\"_blank\" rel=\"noopener noreferrer\">oldaluk itt\u2026<\/a>)<br \/>\n&#8211; az \u00f6kumenikus Opendoors: <a href=\"http:\/\/www.opendoors.de\/christenverfolgung\/\" target=\"_blank\" rel=\"noopener noreferrer\">www.opendoors.de\/christenverfolgung\/<\/a> \u00a0(interakt\u00edv <a href=\"https:\/\/www.opendoors.de\/christenverfolgung\/weltverfolgungsindex\/weltverfolgungsindex-karte\" target=\"_blank\" rel=\"noopener noreferrer\">vil\u00e1gk\u00e1rtya a t\u00e9m\u00e1ban itt\u2026,<\/a> orsz\u00e1gok list\u00e1ja\u00a0 \u00e9s negat\u00edv <a href=\"https:\/\/www.opendoors.de\/christenverfolgung\/weltverfolgungsindex\/laenderprofile\" target=\"_blank\" rel=\"noopener noreferrer\">ranglista itt\u2026<\/a>)<br \/>\n&#8211; a civil kezdem\u00e9nyez\u00e9s \u2013 CitizenGo: \u00a0<a href=\"http:\/\/www.citizengo.org\/hu\" target=\"_blank\" rel=\"noopener noreferrer\">www.citizengo.org\/hu<\/a>, <a href=\"http:\/\/www.citizengo.org\/de\" target=\"_blank\" rel=\"noopener noreferrer\">www.citizengo.org\/de<\/a> \u00a0\u00a0 (legut\u00f3bbi h\u00edrek \u2013 2020.11.22.: Lengyelorsz\u00e1g, V\u00e1c, Facebook, ENSZ, LMBTQ-propaganda)<br \/>\n&#8211; egy\u00e9b besz\u00e1mol\u00f3k: <a href=\"https:\/\/www.katholisch.de\/aktuelles\/themenseiten\/christenverfolgung\" target=\"_blank\" rel=\"noopener noreferrer\">www.katholisch.de<\/a> oldalon (linkre kattints)<\/li>\n<li style=\"text-align: justify;\">Tudsz-e h\u00e1l\u00e1t adni az\u00e9rt, ha nem \u00e9r megk\u00fcl\u00f6nb\u00f6ztet\u00e9s hited\u00e9rt itt Eur\u00f3p\u00e1ban? \u00c9s ha igen, tudsz-e b\u00e1tor maradni?<\/li>\n<li style=\"text-align: justify;\">Tudsz im\u00e1dkozni a bajban l\u00e9v\u0151 kereszt\u00e9nyek\u00e9rt, hittel az ima erej\u00e9ben? (imalapja a szoci\u00e1lis testv\u00e9reknek <a href=\"https:\/\/szocialistestverek.hu\/images\/stories\/pdf_rtf_szovegek\/uldozottekert_imalap.pdf\" target=\"_blank\" rel=\"noopener noreferrer\">ide kattintva\u2026<\/a>; Szent Mih\u00e1ly ima <a href=\"https:\/\/www.karizmatikus.hu\/imak\/imaink\/7384-imank-szent-mihaly-ima.html\" target=\"_blank\" rel=\"noopener noreferrer\">ide kattintva\u2026<\/a>)<\/li>\n<li style=\"text-align: justify;\">Van kedved egy\u00e9nileg vagy egy\u00fctt cselekedni? (egy\u00e9b im\u00e1k, ima-cd, gyertya, emailes t\u00e1mogat\u00e1sok, p\u00e9nz\u00fcgyi seg\u00edts\u00e9g \u2013 b\u0151vebben l\u00e1sd al\u00e1bb, vagy egyszer\u0171en add tov\u00e1bb ezeket az inform\u00e1ci\u00f3kat)<\/li>\n<\/ul>\n<p><span style=\"color: #0000ff; font-size: 14pt;\"><strong>Magyarorsz\u00e1g j\u00f3 p\u00e9ld\u00e1ja \u00e9len j\u00e1r Eur\u00f3p\u00e1ban<\/strong><\/span><\/p>\n<ul>\n<li>a kereszt\u00e9ny\u00fcld\u00f6z\u00e9s elleni nemzetk\u00f6zi konferenci\u00e1k tart\u00e1sa Budapesten<\/li>\n<li>Hungary Helps \u2013 program (Magyarorsz\u00e1g seg\u00edt), honlap: <a href=\"http:\/\/hungaryhelps.gov.hu\/hu\/\" target=\"_blank\" rel=\"noopener noreferrer\">http:\/\/hungaryhelps.gov.hu\/hu\/<\/a> (sv\u00e1jciaknak tov\u00e1bbadhat\u00f3 az angol v\u00e1ltozat: <a href=\"http:\/\/hungaryhelps.gov.hu\/en\/\" target=\"_blank\" rel=\"noopener noreferrer\">http:\/\/hungaryhelps.gov.hu\/en\/<\/a> )<\/li>\n<li><em>Az elm\u00falt \u00e9vekben csaknem h\u00e1romezer (!!!) templom \u00e9s k\u00f6z\u00f6ss\u00e9gi t\u00e9r (k\u00f6z\u00f6ss\u00e9gi h\u00e1zak, k\u00f6z\u00f6ss\u00e9gek egy\u00e9b t\u00e1mogat\u00e1sa) \u00fajult meg Magyarorsz\u00e1gon \u00e9s a K\u00e1rp\u00e1t-medence magyarlakta ter\u00fcletein.\u00a0<\/em><\/li>\n<\/ul>\n<p><span style=\"color: #0000ff; font-size: 14pt;\"><strong>Cselekedj\u00fcnk egy\u00fctt<\/strong><\/span> (vagy egy\u00e9nileg is megtehet\u0151)<\/p>\n<ul>\n<li style=\"text-align: justify;\">ingyenes ima-cd rendel\u00e9se az Opendoors-t\u00f3l, amit \u00e9vente h\u00e1romszor k\u00fcldenek (<a href=\"https:\/\/www.opendoors.de\/nachrichten\/kostenlos-informiert-bleiben\/gebets-cd-direkt-verbunden\" target=\"_blank\" rel=\"noopener noreferrer\">link itt&#8230;<\/a>).<span style=\"color: #339966;\"> <em>Aki seg\u00edts\u00e9g\u00fcnket k\u00e9ri, nov.30-ig sz\u00f3ljon!<\/em><\/span><\/li>\n<li style=\"text-align: justify;\">\u00fcld\u00f6z\u00f6ttek gyerty\u00e1ja a Kirche in Not-t\u00f3l (<a href=\"https:\/\/kirche-in-not.ch\/shop\/karten-und-geschenke\/?tx_cartproducts_products%5Bproduct%5D=56&amp;cHash=a3ef7fc51de5a49f21191a35cd74acab\" target=\"_blank\" rel=\"noopener noreferrer\">link itt\u2026<\/a>). Az elm\u00falt \u00e9v n\u00e9h\u00e1ny v\u00e9rtan\u00faj\u00e1nak nev\u00e9vel a gyerty\u00e1n (amennyi r\u00e1f\u00e9rt) \u00e9s kis t\u00f6rt\u00e9netek hozz\u00e1. \u00c1ra 20 chf (+egy\u00fcttes rendel\u00e9sn\u00e9l postak\u00f6ls\u00e9g sz\u00e9tosztlik).<span style=\"color: #339966;\"><em> Aki seg\u00edts\u00e9g\u00fcnket k\u00e9ri, nov.30-ig sz\u00f3ljon!<\/em><\/span><\/li>\n<li style=\"text-align: justify;\">T\u00e1mogassuk im\u00e1nk mellett anyagilag is egy\u00fctt pl. a Kirche in Not seg\u00e9lyszervezetet. (Misszi\u00f3nk karit\u00e1sz-csoportja az elm\u00falt k\u00e9t \u00e9vben k\u00fcl\u00f6n gy\u0171jt\u00e9s n\u00e9lk\u00fcl is k\u00fcld\u00f6tt nekik t\u00e1mogat\u00e1st. <span style=\"color: #339966;\"><em>Id\u00e9n, aki \u00f6sszefog\u00e1sunkkal egy\u00fctt akarja ezt tenni, nov.30-ig k\u00f6z\u00f6lje vel\u00fcnk a t\u00e1mogat\u00e1s \u00f6sszeg\u00e9t \u2013 a p\u00e9nz eljuttat\u00e1sa k\u00e9s\u0151bb is r\u00e1\u00e9r.<\/em><\/span>)<\/li>\n<li style=\"text-align: justify;\">tudatos\u00edtsuk: ha n\u00e9ha egy\u00fctt elim\u00e1dkozzuk pl. a Szent Mih\u00e1ly im\u00e1t, akkor erre a sz\u00e1nd\u00e9kra k\u00fcl\u00f6n\u00f6sen is gondolhatunk<\/li>\n<\/ul>\n<p>Inspir\u00e1l\u00f3 m\u00e1sik oldalunk:\u00a0<span style=\"font-size: 12pt; color: #ff0000;\"> Ki\u00e1llunk az igazs\u00e1gok\u00e9rt! &#8211; Te is ? <span style=\"color: #0000ff;\">&#8211; <a href=\"https:\/\/magyar-misszio.ch\/?page_id=604\">katt ide&#8230;<\/a><\/span><\/span><\/p>\n<p><iframe src=\"https:\/\/www.youtube.com\/embed\/o7A-QTpSPRw\" width=\"560\" height=\"315\" frameborder=\"0\" allowfullscreen=\"allowfullscreen\"><\/iframe><\/p>\n<p>A Kirche in Not v\u00e1ndorki\u00e1ll\u00edt\u00e1sa templomunkban (2020.nov.):<img fetchpriority=\"high\" decoding=\"async\" class=\"aligncenter wp-image-2418 size-full\" src=\"https:\/\/magyar-misszio.ch\/wp-content\/uploads\/2020\/11\/kiallitaas.jpg.jpg\" alt=\"\" width=\"1206\" height=\"798\" data-id=\"2418\" srcset=\"https:\/\/magyar-misszio.ch\/wp-content\/uploads\/2020\/11\/kiallitaas.jpg.jpg 1206w, https:\/\/magyar-misszio.ch\/wp-content\/uploads\/2020\/11\/kiallitaas.jpg-300x199.jpg 300w, https:\/\/magyar-misszio.ch\/wp-content\/uploads\/2020\/11\/kiallitaas.jpg-1024x678.jpg 1024w, https:\/\/magyar-misszio.ch\/wp-content\/uploads\/2020\/11\/kiallitaas.jpg-768x508.jpg 768w\" sizes=\"(max-width: 767px) 89vw, (max-width: 1000px) 54vw, (max-width: 1071px) 543px, 580px\" \/><\/p>\n<p>Pr\u00e9dik\u00e1ci\u00f3 templomunkban a t\u00e9m\u00e1r\u00f3l, 2020. nov. 15-\u00e9n:<\/p>\n<audio class=\"wp-audio-shortcode\" id=\"audio-2409-1\" preload=\"none\" style=\"width: 100%;\" controls=\"controls\"><source type=\"audio\/mpeg\" src=\"https:\/\/magyar-misszio.ch\/wp-content\/uploads\/2020\/11\/mai-keresztenyueldoezesek.mp3?_=1\" \/><a href=\"https:\/\/magyar-misszio.ch\/wp-content\/uploads\/2020\/11\/mai-keresztenyueldoezesek.mp3\">https:\/\/magyar-misszio.ch\/wp-content\/uploads\/2020\/11\/mai-keresztenyueldoezesek.mp3<\/a><\/audio>\n","protected":false},"excerpt":{"rendered":"<p>Vil\u00e1gszerte 200-260 milli\u00f3 kereszt\u00e9ny szenved \u00fcld\u00f6ztet\u00e9st\u00a0 Ez jelenleg a vil\u00e1g kereszt\u00e9nys\u00e9g\u00e9nek 9-11.5 sz\u00e1zal\u00e9ka. Vagyis kb. minden 10. kereszt\u00e9nyt \u00fcld\u00f6znek ma hit\u00fck miatt. A kereszt\u00e9ny\u00fcld\u00f6z\u00e9sek az ut\u00f3bbi \u00e9vtizedekben s\u00falyosbodtak, egyre t\u00f6bb esetr\u0151l tudunk. Az extr\u00e9m \u00e9s er\u0151szakos vall\u00e1soss\u00e1g sajnos terjed. \u00dcld\u00f6z\u00e9st szenvednek vil\u00e1gszerte legink\u00e1bb a kereszt\u00e9nyek (leg\u00fcld\u00f6z\u00f6ttebb vall\u00e1s, a t\u00f6bbi vall\u00e1si \u00fcld\u00f6z\u00f6tteket figyelembe v\u00e9ve 80%-a kereszt\u00e9ny &hellip; <\/p>\n<p class=\"link-more\"><a href=\"https:\/\/magyar-misszio.ch\/?page_id=2409\" class=\"more-link\"><span class=\"screen-reader-text\">\u201e\u00fcld\u00f6z\u00f6tt kereszt\u00e9nyek\u201c<\/span> weiterlesen<\/a><\/p>\n","protected":false},"author":2,"featured_media":0,"parent":0,"menu_order":0,"comment_status":"closed","ping_status":"closed","template":"","meta":{"footnotes":""},"class_list":["post-2409","page","type-page","status-publish","hentry"],"_links":{"self":[{"href":"https:\/\/magyar-misszio.ch\/index.php?rest_route=\/wp\/v2\/pages\/2409","targetHints":{"allow":["GET"]}}],"collection":[{"href":"https:\/\/magyar-misszio.ch\/index.php?rest_route=\/wp\/v2\/pages"}],"about":[{"href":"https:\/\/magyar-misszio.ch\/index.php?rest_route=\/wp\/v2\/types\/page"}],"author":[{"embeddable":true,"href":"https:\/\/magyar-misszio.ch\/index.php?rest_route=\/wp\/v2\/users\/2"}],"replies":[{"embeddable":true,"href":"https:\/\/magyar-misszio.ch\/index.php?rest_route=%2Fwp%2Fv2%2Fcomments&post=2409"}],"version-history":[{"count":9,"href":"https:\/\/magyar-misszio.ch\/index.php?rest_route=\/wp\/v2\/pages\/2409\/revisions"}],"predecessor-version":[{"id":2446,"href":"https:\/\/magyar-misszio.ch\/index.php?rest_route=\/wp\/v2\/pages\/2409\/revisions\/2446"}],"wp:attachment":[{"href":"https:\/\/magyar-misszio.ch\/index.php?rest_route=%2Fwp%2Fv2%2Fmedia&parent=2409"}],"curies":[{"name":"wp","href":"https:\/\/api.w.org\/{rel}","templated":true}]}}