{"id":2465,"date":"2020-11-26T18:29:25","date_gmt":"2020-11-26T18:29:25","guid":{"rendered":"http:\/\/magyar-misszio.ch\/?page_id=2465"},"modified":"2024-05-08T11:26:37","modified_gmt":"2024-05-08T11:26:37","slug":"online-dialogus","status":"publish","type":"page","link":"https:\/\/magyar-misszio.ch\/?page_id=2465","title":{"rendered":"online dialogus"},"content":{"rendered":"\t\t<div data-elementor-type=\"wp-page\" data-elementor-id=\"2465\" class=\"elementor elementor-2465\" data-elementor-post-type=\"page\">\n\t\t\t\t\t\t<section class=\"elementor-section elementor-top-section elementor-element elementor-element-5e48588f elementor-section-boxed elementor-section-height-default elementor-section-height-default\" data-id=\"5e48588f\" data-element_type=\"section\">\n\t\t\t\t\t\t<div class=\"elementor-container elementor-column-gap-default\">\n\t\t\t\t\t<div class=\"elementor-column elementor-col-100 elementor-top-column elementor-element elementor-element-440414f\" data-id=\"440414f\" data-element_type=\"column\">\n\t\t\t<div class=\"elementor-widget-wrap elementor-element-populated\">\n\t\t\t\t\t\t<div class=\"elementor-element elementor-element-163fe520 elementor-widget elementor-widget-text-editor\" data-id=\"163fe520\" data-element_type=\"widget\" data-widget_type=\"text-editor.default\">\n\t\t\t\t<div class=\"elementor-widget-container\">\n\t\t\t\t\t\t\t\t\t<h3><span style=\"font-size: 18pt; color: #ff0000;\"><img decoding=\"async\" class=\"alignleft wp-image-2466\" src=\"https:\/\/magyar-misszio.ch\/wp-content\/uploads\/2020\/11\/kommunikacio-300x246.jpg\" alt=\"\" width=\"200\" height=\"164\" data-id=\"2466\" srcset=\"https:\/\/magyar-misszio.ch\/wp-content\/uploads\/2020\/11\/kommunikacio-300x246.jpg 300w, https:\/\/magyar-misszio.ch\/wp-content\/uploads\/2020\/11\/kommunikacio-768x630.jpg 768w, https:\/\/magyar-misszio.ch\/wp-content\/uploads\/2020\/11\/kommunikacio.jpg 800w\" sizes=\"(max-width: 200px) 100vw, 200px\" \/>ONLINE DIAL\u00d3GUS\u00a0 <\/span><span style=\"font-size: 18pt;\">(t\u00e9m\u00e1k<br \/><a href=\"#tema\">itt alul<\/a>)<br \/><\/span><\/h3><p><span style=\"font-size: 14pt; color: #0000ff;\">Probl\u00e9m\u00e1ink egyik f\u0151 forr\u00e1sa: <\/span><span style=\"font-size: 14pt; color: #0000ff;\">a kev\u00e9s kommunik\u00e1ci\u00f3<\/span><\/p><p class=\"Textbody\" style=\"text-align: justify; text-justify: inter-ideograph;\"><span lang=\"HU\">\u00dajb\u00f3l \u00e9s \u00fajb\u00f3l <strong>h\u00e1zass\u00e1gok mennek t\u00f6nkre, mert<\/strong> valahol elakadt az \u0151szinte besz\u00e9lget\u00e9s. <strong>Sz\u00fcl\u0151-gyermek kapcsolatok sora romlik meg, ha<\/strong> nincs igazi egym\u00e1sra-odafigyel\u00e9s \u00e9s dial\u00f3gus. <strong>Egyh\u00e1zi k\u00f6z\u00f6ss\u00e9gek \u00fcresednek ki, ha<\/strong> csak mag\u00e1nyos kereszt\u00e9nyek t\u00f6ltik meg a teret. <strong>Elt\u00e1volodik Teremt\u0151j\u00e9t\u0151l is<\/strong> mindenki, aki nem sz\u00e1n id\u0151t a Vele val\u00f3 besz\u00e9lget\u00e9sre.<\/span><\/p><p style=\"text-align: justify;\"><span style=\"font-size: 14pt; color: #0000ff;\">A meg\u00fajul\u00e1s egyik \u00fatja: <\/span><span style=\"font-size: 14pt; color: #0000ff;\">a besz\u00e9lget\u00e9sek<\/span><\/p><p class=\"Textbody\"><span lang=\"HU\">A meg\u00fajul\u00e1s egyik legfontosabb eleme, hogy besz\u00e9lgess\u00fcnk, hallgassuk meg egym\u00e1st, figyelj\u00fcnk egym\u00e1sra!<br \/>M\u00e9g egy t\u00e9ny: egy\u00e9ni kereszt\u00e9ny \u00e9let\u00fcnk csak \u201ecs\u00f6kkentett m\u00f3dban fut\u201d akkor, ha hit\u00fcnkr\u0151l nem k\u00e9rdez\u00fcnk, nem besz\u00e9lget\u00fcnk, nem hallgatjuk meg egym\u00e1s tapasztalatait. T\u00f6rekedj\u00fcnk teh\u00e1t r\u00e1, s adjunk ennek nagyobb teret! Hogyan?<br \/>\u2013 T\u00e1voli c\u00e9lunk, hogy mindenkinek legyen k\u00f6z\u00f6ss\u00e9ge: olyan tal\u00e1lkoz\u00e1si alkalmak, ahol a hit-t\u00e9m\u00e1kr\u00f3l is besz\u00e9lget\u00e9si lehet\u0151s\u00e9ge van.<br \/>\u2013 Ehhez seg\u00edt hozz\u00e1, ha az online-lehet\u0151s\u00e9geket is kihaszn\u00e1ljuk.<br \/><\/span><span lang=\"HU\">Ez\u00e9rt most elind\u00edtjuk, s k\u00e9s\u0151bb majd fejleszteni szeretn\u00e9nk az al\u00e1bbi kezdem\u00e9nyez\u00e9st:<\/span><\/p><p style=\"text-align: center;\"><span style=\"font-size: 14pt; color: #ff0000;\"><strong>Online dial\u00f3gus<\/strong><\/span><\/p><p class=\"Textbody\"><span lang=\"HU\">Itt id\u0151r\u0151l id\u0151re felvet\u00fcnk egy t\u00e9m\u00e1t (ezt honlapunkon is olvashatjuk, a hozz\u00e1sz\u00f3l\u00e1sok, \u201ebesz\u00e9lget\u00e9s\u201d pedig a facebook-oldalunkon t\u00f6rt\u00e9nhet).<\/span><\/p>\t\t\t\t\t\t\t\t<\/div>\n\t\t\t\t<\/div>\n\t\t\t\t\t<\/div>\n\t\t<\/div>\n\t\t\t\t\t<\/div>\n\t\t<\/section>\n\t\t\t\t<section class=\"elementor-section elementor-top-section elementor-element elementor-element-70abe88 elementor-section-boxed elementor-section-height-default elementor-section-height-default\" data-id=\"70abe88\" data-element_type=\"section\">\n\t\t\t\t\t\t<div class=\"elementor-container elementor-column-gap-default\">\n\t\t\t\t\t<div class=\"elementor-column elementor-col-100 elementor-top-column elementor-element elementor-element-719d02c\" data-id=\"719d02c\" data-element_type=\"column\">\n\t\t\t<div class=\"elementor-widget-wrap elementor-element-populated\">\n\t\t\t\t\t\t<div class=\"elementor-element elementor-element-bbcb424 elementor-widget elementor-widget-text-editor\" data-id=\"bbcb424\" data-element_type=\"widget\" data-widget_type=\"text-editor.default\">\n\t\t\t\t<div class=\"elementor-widget-container\">\n\t\t\t\t\t\t\t\t\t<p style=\"text-align: center;\"><span style=\"font-size: 14pt; color: #ff0000;\"><strong><a name=\"tema\"><\/a>T\u00c9M\u00c1INK<\/strong><\/span><\/p>\t\t\t\t\t\t\t\t<\/div>\n\t\t\t\t<\/div>\n\t\t\t\t\t<\/div>\n\t\t<\/div>\n\t\t\t\t\t<\/div>\n\t\t<\/section>\n\t\t\t\t<section class=\"elementor-section elementor-top-section elementor-element elementor-element-d71e604 elementor-section-boxed elementor-section-height-default elementor-section-height-default\" data-id=\"d71e604\" data-element_type=\"section\">\n\t\t\t\t\t\t<div class=\"elementor-container elementor-column-gap-default\">\n\t\t\t\t\t<div class=\"elementor-column elementor-col-50 elementor-top-column elementor-element elementor-element-45cb05d\" data-id=\"45cb05d\" data-element_type=\"column\">\n\t\t\t<div class=\"elementor-widget-wrap elementor-element-populated\">\n\t\t\t\t\t\t<div class=\"elementor-element elementor-element-7090557 elementor-widget elementor-widget-text-editor\" data-id=\"7090557\" data-element_type=\"widget\" data-widget_type=\"text-editor.default\">\n\t\t\t\t<div class=\"elementor-widget-container\">\n\t\t\t\t\t\t\t\t\t<h3><b><span style=\"color: #0000ff;\"><img decoding=\"async\" class=\"alignleft wp-image-5633 size-thumbnail\" src=\"https:\/\/magyar-misszio.ch\/wp-content\/uploads\/2023bucsu-1.jpg-1-150x150.jpg\" alt=\"\" width=\"150\" height=\"150\" data-id=\"5633\" srcset=\"https:\/\/magyar-misszio.ch\/wp-content\/uploads\/2023bucsu-1.jpg-1-150x150.jpg 150w, https:\/\/magyar-misszio.ch\/wp-content\/uploads\/2023bucsu-1.jpg-1-100x100.jpg 100w, https:\/\/magyar-misszio.ch\/wp-content\/uploads\/2023bucsu-1.jpg-1-440x440.jpg 440w\" sizes=\"(max-width: 150px) 100vw, 150px\" \/>Legyen-e b\u00facs\u00fank aug. utols\u00f3 vas\u00e1rnapj\u00e1n?<\/span><br \/><\/b>\u2013\u00a0<a href=\"https:\/\/magyar-misszio.ch\/?page_id=5637\" target=\"_blank\" rel=\"noopener\">kattints ide\u2026<\/a><\/h3>\t\t\t\t\t\t\t\t<\/div>\n\t\t\t\t<\/div>\n\t\t\t\t\t<\/div>\n\t\t<\/div>\n\t\t\t\t<div class=\"elementor-column elementor-col-50 elementor-top-column elementor-element elementor-element-682f88d\" data-id=\"682f88d\" data-element_type=\"column\">\n\t\t\t<div class=\"elementor-widget-wrap elementor-element-populated\">\n\t\t\t\t\t\t<div class=\"elementor-element elementor-element-6d1dde1 elementor-widget elementor-widget-text-editor\" data-id=\"6d1dde1\" data-element_type=\"widget\" data-widget_type=\"text-editor.default\">\n\t\t\t\t<div class=\"elementor-widget-container\">\n\t\t\t\t\t\t\t\t\t<h3><span style=\"color: #0000ff;\"><strong><img decoding=\"async\" class=\"wp-image-5149 size-thumbnail alignleft\" src=\"https:\/\/magyar-misszio.ch\/wp-content\/uploads\/2023\/05\/Csiksomlyo.jpg-150x150.jpg\" alt=\"\" width=\"150\" height=\"150\" data-id=\"5149\" srcset=\"https:\/\/magyar-misszio.ch\/wp-content\/uploads\/2023\/05\/Csiksomlyo.jpg-150x150.jpg 150w, https:\/\/magyar-misszio.ch\/wp-content\/uploads\/2023\/05\/Csiksomlyo.jpg-100x100.jpg 100w, https:\/\/magyar-misszio.ch\/wp-content\/uploads\/2023\/05\/Csiksomlyo.jpg-440x440.jpg 440w\" sizes=\"(max-width: 150px) 100vw, 150px\" \/>Az \u00faj vagy a r\u00e9gi sz\u00e9kelyhimnuszt<\/strong><\/span><\/h3><p>\u00e9nekelj\u00fck ink\u00e1bb a katolikus templomokban?<\/p><p><a href=\"https:\/\/magyar-misszio.ch\/?page_id=5124\" target=\"_blank\" rel=\"noopener\">kattints ide&#8230;<\/a><\/p>\t\t\t\t\t\t\t\t<\/div>\n\t\t\t\t<\/div>\n\t\t\t\t\t<\/div>\n\t\t<\/div>\n\t\t\t\t\t<\/div>\n\t\t<\/section>\n\t\t\t\t<section class=\"elementor-section elementor-top-section elementor-element elementor-element-e564337 elementor-section-boxed elementor-section-height-default elementor-section-height-default\" data-id=\"e564337\" data-element_type=\"section\">\n\t\t\t\t\t\t<div class=\"elementor-container elementor-column-gap-default\">\n\t\t\t\t\t<div class=\"elementor-column elementor-col-50 elementor-top-column elementor-element elementor-element-c556d52\" data-id=\"c556d52\" data-element_type=\"column\">\n\t\t\t<div class=\"elementor-widget-wrap elementor-element-populated\">\n\t\t\t\t\t\t<div class=\"elementor-element elementor-element-cdc550e elementor-widget elementor-widget-text-editor\" data-id=\"cdc550e\" data-element_type=\"widget\" data-widget_type=\"text-editor.default\">\n\t\t\t\t<div class=\"elementor-widget-container\">\n\t\t\t\t\t\t\t\t\t<h4 dir=\"auto\"><img loading=\"lazy\" decoding=\"async\" class=\"alignleft wp-image-5230 size-thumbnail\" src=\"https:\/\/magyar-misszio.ch\/wp-content\/uploads\/2023\/05\/Ferenc_papa-150x150.jpg\" alt=\"\" width=\"150\" height=\"150\" data-id=\"5230\" srcset=\"https:\/\/magyar-misszio.ch\/wp-content\/uploads\/2023\/05\/Ferenc_papa-150x150.jpg 150w, https:\/\/magyar-misszio.ch\/wp-content\/uploads\/2023\/05\/Ferenc_papa-100x100.jpg 100w\" sizes=\"(max-width: 150px) 100vw, 150px\" \/><span style=\"color: #0000ff;\"><strong>J\u00e9zus boldogg\u00e1 tud tenni &#8211; elhiszed?<\/strong><\/span><\/h4><div dir=\"auto\">\u00a0<\/div><div dir=\"auto\">A c\u00f6lib\u00e1tusr\u00f3l&#8230;<\/div><div dir=\"auto\"><a href=\"https:\/\/magyar-misszio.ch\/?page_id=5218\">Ide kattintva&#8230;<\/a><\/div>\t\t\t\t\t\t\t\t<\/div>\n\t\t\t\t<\/div>\n\t\t\t\t\t<\/div>\n\t\t<\/div>\n\t\t\t\t<div class=\"elementor-column elementor-col-50 elementor-top-column elementor-element elementor-element-515deca\" data-id=\"515deca\" data-element_type=\"column\">\n\t\t\t<div class=\"elementor-widget-wrap elementor-element-populated\">\n\t\t\t\t\t\t<div class=\"elementor-element elementor-element-52325df elementor-widget elementor-widget-text-editor\" data-id=\"52325df\" data-element_type=\"widget\" data-widget_type=\"text-editor.default\">\n\t\t\t\t<div class=\"elementor-widget-container\">\n\t\t\t\t\t\t\t\t\t<h3><span style=\"color: #0000ff;\"><strong><img loading=\"lazy\" decoding=\"async\" class=\"alignleft wp-image-506 size-thumbnail\" src=\"https:\/\/magyar-misszio.ch\/wp-content\/uploads\/2018\/08\/szentmise-150x150.jpg\" alt=\"\" width=\"150\" height=\"150\" data-id=\"506\" srcset=\"https:\/\/magyar-misszio.ch\/wp-content\/uploads\/2018\/08\/szentmise-150x150.jpg 150w, https:\/\/magyar-misszio.ch\/wp-content\/uploads\/2018\/08\/szentmise-100x100.jpg 100w\" sizes=\"(max-width: 150px) 100vw, 150px\" \/>Szentmis\u00e9re j\u00e1r\u00e1s<\/strong><\/span><\/h3><p>vitaind\u00edt\u00f3 lelkip\u00e1sztori lev\u00e9l <a href=\"https:\/\/magyar-misszio.ch\/wp-content\/uploads\/2018\/08\/templombajarasrol_lelkipasztori_level.pdf\">ide kattintva&#8230;<\/a><\/p><p>Hozz\u00e1sz\u00f3l\u00e1si lehet\u0151s\u00e9g itt a facebook-bejegyz\u00e9sn\u00e9l&#8230;<\/p>\t\t\t\t\t\t\t\t<\/div>\n\t\t\t\t<\/div>\n\t\t\t\t\t<\/div>\n\t\t<\/div>\n\t\t\t\t\t<\/div>\n\t\t<\/section>\n\t\t\t\t<section class=\"elementor-section elementor-top-section elementor-element elementor-element-4a82f7e elementor-section-boxed elementor-section-height-default elementor-section-height-default\" data-id=\"4a82f7e\" data-element_type=\"section\">\n\t\t\t\t\t\t<div class=\"elementor-container elementor-column-gap-default\">\n\t\t\t\t\t<div class=\"elementor-column elementor-col-50 elementor-top-column elementor-element elementor-element-137e6dc\" data-id=\"137e6dc\" data-element_type=\"column\">\n\t\t\t<div class=\"elementor-widget-wrap elementor-element-populated\">\n\t\t\t\t\t\t<div class=\"elementor-element elementor-element-d771b91 elementor-widget elementor-widget-text-editor\" data-id=\"d771b91\" data-element_type=\"widget\" data-widget_type=\"text-editor.default\">\n\t\t\t\t<div class=\"elementor-widget-container\">\n\t\t\t\t\t\t\t\t\t<p><img loading=\"lazy\" decoding=\"async\" class=\"alignleft wp-image-4920 size-thumbnail\" src=\"https:\/\/magyar-misszio.ch\/wp-content\/uploads\/2023\/04\/Ferenc_p_Mo-1.jpg-1-150x150.jpg\" alt=\"\" width=\"150\" height=\"150\" data-id=\"4920\" srcset=\"https:\/\/magyar-misszio.ch\/wp-content\/uploads\/2023\/04\/Ferenc_p_Mo-1.jpg-1-150x150.jpg 150w, https:\/\/magyar-misszio.ch\/wp-content\/uploads\/2023\/04\/Ferenc_p_Mo-1.jpg-1-100x100.jpg 100w, https:\/\/magyar-misszio.ch\/wp-content\/uploads\/2023\/04\/Ferenc_p_Mo-1.jpg-1-440x440.jpg 440w\" sizes=\"(max-width: 150px) 100vw, 150px\" \/>Mit sz\u00f3lunk ahhoz, hogy eltorz\u00edtott \u00e9s fakenews-h\u00edreket terjesztettek a magyar p\u00e1pal\u00e1togat\u00e1sr\u00f3l<br \/><strong style=\"color: #0000ff; font-size: 1.125rem;\">a nyugati sajt\u00f3ban<br \/><\/strong><a href=\"https:\/\/magyar-misszio.ch\/?page_id=4929\" target=\"_blank\" rel=\"noopener\"><span style=\"text-decoration: underline;\">kattints ide&#8230;<\/span><\/a><\/p>\t\t\t\t\t\t\t\t<\/div>\n\t\t\t\t<\/div>\n\t\t\t\t\t<\/div>\n\t\t<\/div>\n\t\t\t\t<div class=\"elementor-column elementor-col-50 elementor-top-column elementor-element elementor-element-d474222\" data-id=\"d474222\" data-element_type=\"column\">\n\t\t\t<div class=\"elementor-widget-wrap elementor-element-populated\">\n\t\t\t\t\t\t<div class=\"elementor-element elementor-element-a052a74 elementor-widget elementor-widget-text-editor\" data-id=\"a052a74\" data-element_type=\"widget\" data-widget_type=\"text-editor.default\">\n\t\t\t\t<div class=\"elementor-widget-container\">\n\t\t\t\t\t\t\t\t\t<h3 class=\"cim\"><span style=\"color: #0000ff;\"><strong><img loading=\"lazy\" decoding=\"async\" class=\"wp-image-3470 size-thumbnail alignleft\" src=\"https:\/\/magyar-misszio.ch\/wp-content\/uploads\/2021\/10\/Franziskus-ganz-Ohr-kep.docx-150x150.jpg\" alt=\"\" width=\"150\" height=\"150\" data-id=\"3470\" srcset=\"https:\/\/magyar-misszio.ch\/wp-content\/uploads\/2021\/10\/Franziskus-ganz-Ohr-kep.docx-150x150.jpg 150w, https:\/\/magyar-misszio.ch\/wp-content\/uploads\/2021\/10\/Franziskus-ganz-Ohr-kep.docx-100x100.jpg 100w\" sizes=\"(max-width: 150px) 100vw, 150px\" \/>Szinod\u00e1lis \u00fat<\/strong><\/span><\/h3>\nMost besz\u00e9lgess\u00fcnk az egyh\u00e1z j\u00f6v\u0151j\u00e9r\u0151l\n2021-2023\u00a0 \u00a0 \u00a0 \u00a0 \u00a0 \u00a0 \u00a0 \u00a0 \u00a0<a href=\"https:\/\/magyar-misszio.ch\/?page_id=5067\" target=\"_blank\" rel=\"noopener\">kattints ide<\/a>\u2026.\t\t\t\t\t\t\t\t<\/div>\n\t\t\t\t<\/div>\n\t\t\t\t\t<\/div>\n\t\t<\/div>\n\t\t\t\t\t<\/div>\n\t\t<\/section>\n\t\t\t\t<section class=\"elementor-section elementor-top-section elementor-element elementor-element-b95f3ae elementor-section-boxed elementor-section-height-default elementor-section-height-default\" data-id=\"b95f3ae\" data-element_type=\"section\">\n\t\t\t\t\t\t<div class=\"elementor-container elementor-column-gap-default\">\n\t\t\t\t\t<div class=\"elementor-column elementor-col-50 elementor-top-column elementor-element elementor-element-81d2fcd\" data-id=\"81d2fcd\" data-element_type=\"column\">\n\t\t\t<div class=\"elementor-widget-wrap elementor-element-populated\">\n\t\t\t\t\t\t<div class=\"elementor-element elementor-element-3641441 elementor-widget elementor-widget-text-editor\" data-id=\"3641441\" data-element_type=\"widget\" data-widget_type=\"text-editor.default\">\n\t\t\t\t<div class=\"elementor-widget-container\">\n\t\t\t\t\t\t\t\t\t<h3><b><span style=\"color: #0000ff;\"><img loading=\"lazy\" decoding=\"async\" class=\"alignleft wp-image-4437 size-thumbnail\" src=\"https:\/\/magyar-misszio.ch\/wp-content\/uploads\/2022\/11\/velemeny-150x150.jpg\" alt=\"\" width=\"150\" height=\"150\" data-id=\"4437\" srcset=\"https:\/\/magyar-misszio.ch\/wp-content\/uploads\/2022\/11\/velemeny-150x150.jpg 150w, https:\/\/magyar-misszio.ch\/wp-content\/uploads\/2022\/11\/velemeny-100x100.jpg 100w\" sizes=\"(max-width: 150px) 100vw, 150px\" \/>Legyen-e d\u00e9lut\u00e1n a z\u00fcrichi szentmise?<\/span><br \/><\/b>\u2013\u00a0<a href=\"https:\/\/magyar-misszio.ch\/?page_id=4959\" target=\"_blank\" rel=\"noopener\">kattints ide\u2026<\/a><\/h3>\t\t\t\t\t\t\t\t<\/div>\n\t\t\t\t<\/div>\n\t\t\t\t\t<\/div>\n\t\t<\/div>\n\t\t\t\t<div class=\"elementor-column elementor-col-50 elementor-top-column elementor-element elementor-element-c3164ae\" data-id=\"c3164ae\" data-element_type=\"column\">\n\t\t\t<div class=\"elementor-widget-wrap elementor-element-populated\">\n\t\t\t\t\t\t\t<\/div>\n\t\t<\/div>\n\t\t\t\t\t<\/div>\n\t\t<\/section>\n\t\t\t\t<section class=\"elementor-section elementor-top-section elementor-element elementor-element-f2b9a8a elementor-section-boxed elementor-section-height-default elementor-section-height-default\" data-id=\"f2b9a8a\" data-element_type=\"section\">\n\t\t\t\t\t\t<div class=\"elementor-container elementor-column-gap-default\">\n\t\t\t\t\t<div class=\"elementor-column elementor-col-50 elementor-top-column elementor-element elementor-element-a2ab141\" data-id=\"a2ab141\" data-element_type=\"column\">\n\t\t\t<div class=\"elementor-widget-wrap elementor-element-populated\">\n\t\t\t\t\t\t\t<\/div>\n\t\t<\/div>\n\t\t\t\t<div class=\"elementor-column elementor-col-50 elementor-top-column elementor-element elementor-element-956d3ec\" data-id=\"956d3ec\" data-element_type=\"column\">\n\t\t\t<div class=\"elementor-widget-wrap elementor-element-populated\">\n\t\t\t\t\t\t\t<\/div>\n\t\t<\/div>\n\t\t\t\t\t<\/div>\n\t\t<\/section>\n\t\t\t\t<\/div>\n\t\t","protected":false},"excerpt":{"rendered":"<p>ONLINE DIAL\u00d3GUS\u00a0 (t\u00e9m\u00e1kitt alul) Probl\u00e9m\u00e1ink egyik f\u0151 forr\u00e1sa: a kev\u00e9s kommunik\u00e1ci\u00f3 \u00dajb\u00f3l \u00e9s \u00fajb\u00f3l h\u00e1zass\u00e1gok mennek t\u00f6nkre, mert valahol elakadt az \u0151szinte besz\u00e9lget\u00e9s. Sz\u00fcl\u0151-gyermek kapcsolatok sora romlik meg, ha nincs igazi egym\u00e1sra-odafigyel\u00e9s \u00e9s dial\u00f3gus. Egyh\u00e1zi k\u00f6z\u00f6ss\u00e9gek \u00fcresednek ki, ha csak mag\u00e1nyos kereszt\u00e9nyek t\u00f6ltik meg a teret. Elt\u00e1volodik Teremt\u0151j\u00e9t\u0151l is mindenki, aki nem sz\u00e1n id\u0151t a &hellip; <\/p>\n<p class=\"link-more\"><a href=\"https:\/\/magyar-misszio.ch\/?page_id=2465\" class=\"more-link\"><span class=\"screen-reader-text\">\u201eonline dialogus\u201c<\/span> weiterlesen<\/a><\/p>\n","protected":false},"author":2,"featured_media":0,"parent":0,"menu_order":0,"comment_status":"closed","ping_status":"closed","template":"","meta":{"footnotes":""},"class_list":["post-2465","page","type-page","status-publish","hentry"],"_links":{"self":[{"href":"https:\/\/magyar-misszio.ch\/index.php?rest_route=\/wp\/v2\/pages\/2465","targetHints":{"allow":["GET"]}}],"collection":[{"href":"https:\/\/magyar-misszio.ch\/index.php?rest_route=\/wp\/v2\/pages"}],"about":[{"href":"https:\/\/magyar-misszio.ch\/index.php?rest_route=\/wp\/v2\/types\/page"}],"author":[{"embeddable":true,"href":"https:\/\/magyar-misszio.ch\/index.php?rest_route=\/wp\/v2\/users\/2"}],"replies":[{"embeddable":true,"href":"https:\/\/magyar-misszio.ch\/index.php?rest_route=%2Fwp%2Fv2%2Fcomments&post=2465"}],"version-history":[{"count":53,"href":"https:\/\/magyar-misszio.ch\/index.php?rest_route=\/wp\/v2\/pages\/2465\/revisions"}],"predecessor-version":[{"id":6528,"href":"https:\/\/magyar-misszio.ch\/index.php?rest_route=\/wp\/v2\/pages\/2465\/revisions\/6528"}],"wp:attachment":[{"href":"https:\/\/magyar-misszio.ch\/index.php?rest_route=%2Fwp%2Fv2%2Fmedia&parent=2465"}],"curies":[{"name":"wp","href":"https:\/\/api.w.org\/{rel}","templated":true}]}}