{"id":2567,"date":"2020-12-29T18:25:30","date_gmt":"2020-12-29T18:25:30","guid":{"rendered":"http:\/\/magyar-misszio.ch\/?page_id=2567"},"modified":"2020-12-29T20:25:30","modified_gmt":"2020-12-29T20:25:30","slug":"chiara-corbelle","status":"publish","type":"page","link":"https:\/\/magyar-misszio.ch\/?page_id=2567","title":{"rendered":"Chiara Corbelle"},"content":{"rendered":"<p><strong><img fetchpriority=\"high\" decoding=\"async\" class=\"size-medium wp-image-2577 alignleft\" src=\"https:\/\/magyar-misszio.ch\/wp-content\/uploads\/2020\/12\/Gebet-um-Fuersprache-Bildchen-168x300.jpg\" alt=\"\" width=\"168\" height=\"300\" data-id=\"2577\" srcset=\"https:\/\/magyar-misszio.ch\/wp-content\/uploads\/2020\/12\/Gebet-um-Fuersprache-Bildchen-168x300.jpg 168w, https:\/\/magyar-misszio.ch\/wp-content\/uploads\/2020\/12\/Gebet-um-Fuersprache-Bildchen-573x1024.jpg 573w, https:\/\/magyar-misszio.ch\/wp-content\/uploads\/2020\/12\/Gebet-um-Fuersprache-Bildchen.jpg 600w\" sizes=\"(max-width: 168px) 100vw, 168px\" \/><span style=\"font-size: 18pt; color: #ff0000;\">Chiara Corbella Petrillo &#8211; a szent\u00e9let\u0171 h\u00e1zast\u00e1rs \u00e9s \u00e9desanya<\/span><\/strong><\/p>\n<p style=\"text-align: justify;\"><strong>Chiara Corbella <\/strong>fiatal \u00e9desanyak\u00e9nt, 28 \u00e9vesen halt meg 2012-ben. H\u00edress\u00e9 az tette, hogy f\u00e9rj\u00e9vel egy\u00fctt h\u0151sies m\u00f3don fogadta el, hogy k\u00e9t olyan beteg gyermeket hoz a vil\u00e1gra, akiknek nem volt es\u00e9ly\u00fck az \u00e9letre. Tudt\u00e1k, hogy mindketten meghalnak a sz\u00fclet\u00e9s ut\u00e1n: M\u00e1ria f\u00e9l \u00f3r\u00e1ig, D\u00e1vid pedig 38 percig \u00e9lt. Boldogan tartott\u00e1k \u0151ket a kez\u00fckben \u00e9s a kereszts\u00e9g ut\u00e1n meg is haltak. De a sz\u00fcl\u0151k nem a hal\u00e1l oldal\u00e1t l\u00e1tt\u00e1k, hanem, hogy mindk\u00e9t gyermek\u00fck r\u00f6gt\u00f6n a mennyorsz\u00e1gba ker\u00fclhet, ahol jobb helye lesz.<br \/>\nMajd harmadik gyermek\u00fcket \u00fagy v\u00e1rt\u00e1k, hogy Chiar\u00e1n\u00e1l r\u00e1kos daganat kezd\u0151d\u00f6tt, de \u0151 visszautas\u00edtotta a kezel\u00e9st gyermeke sz\u00fclet\u00e9s\u00e9ig. Majd kb. 1 \u00e9v m\u00falva alapvet\u0151en ennek k\u00f6vetkezt\u00e9ben meghalt.<\/p>\n<p style=\"text-align: justify;\"><span style=\"color: #0000ff;\"><strong>L\u00e1tsz\u00f3lag ez egy trag\u00e9dia<\/strong><\/span>. <span style=\"color: #0000ff;\"><strong>Val\u00f3j\u00e1ban egy szeretet-t\u00f6rt\u00e9net.<\/strong><\/span> Ahogy Chiara harmadik v\u00e1rand\u00f3s\u00e1ga alatt \u00edrta: <em>&#8222;Isten nem teljes\u00edti a babon\u00e1s hit\u00e9t azoknak, akik azt hiszik, hogy ismerik \u0150t, \u00e9s \u00fagy fordulnak fel\u00e9je, mint aki csak <strong>csokol\u00e1d\u00e9s s\u00fctem\u00e9nyeket osztogat<\/strong>. Isten megmutatja, hogy csod\u00e1kat tesz, de nem a mi korl\u00e1tolt logik\u00e1nk szerint, mert \u0150 nagyobb a k\u00edv\u00e1ns\u00e1gainkn\u00e1l.&#8220;<\/em> (Az id\u00e9zetek ebben a besz\u00e1mol\u00f3ban az \u00e9let\u00e9r\u0151l \u00edrt k\u00f6nyv n\u00e9met v\u00e1ltozat\u00e1nak ford\u00edt\u00e1sa.)<\/p>\n<p style=\"text-align: justify;\"><span style=\"color: #0000ff;\"><strong>L\u00e1tsz\u00f3lag ez egy szomor\u00fa t\u00f6rt\u00e9net, de akkor<\/strong> <\/span>hogyan maradhatott volna hal\u00e1l\u00e1ig ez az asszony mosolyg\u00f3s \u00e9s boldog?<br \/>\n<img decoding=\"async\" class=\"size-full wp-image-2580 alignleft\" src=\"https:\/\/magyar-misszio.ch\/wp-content\/uploads\/2020\/12\/chiara-book.jpg\" alt=\"\" width=\"95\" height=\"146\" data-id=\"2580\" \/>&#8211; S\u0151t a k\u00f6nyv angol c\u00edme: az \u00f6r\u00f6m tan\u00faja. Hogyan lehetett k\u00e9t gyermek\u00fck temet\u00e9s\u00e9n \u00fcnnepelni\u00fck, hogy \u0151k m\u00e1r Istenn\u00e9l vannak?<br \/>\n&#8211; Hogyan vallhatott \u00edgy r\u00f3luk: &#8222;Isten megengedte, hogy \u00e1t\u00f6lelj\u00fck, megkeresztelj\u00fck \u0151ket \u00e9s der\u0171sen, a bens\u0151nket \u00e1tj\u00e1r\u00f3, nagy \u00f6r\u00f6mmel \u00e1tadjuk \u0151ket az Atya karj\u00e1ba.&#8220;<\/p>\n<p>&#8211; Hogyan \u00edrhatta egy\u00e9ves fi\u00e1nak c\u00edmzett level\u00e9ben hal\u00e1la el\u0151tt egy h\u00e9ttel, hogy: <em>\u201eA mennybe megyek, hogy M\u00e1ri\u00e1va \u00e9s D\u00e1viddal legyek, te maradj itt a pap\u00e1val. Onnan fogok im\u00e1dkozni \u00e9rtetek.\u201c<br \/>\n<\/em>&#8211; Hogyan halhatott meg szenved\u00e9sek k\u00f6z\u00f6tt m\u00e9gis boldogan \u00e9s mosollyal az arc\u00e1n?<\/p>\n<p style=\"text-align: justify;\"><span style=\"color: #0000ff;\"><strong>F\u00e9rje<\/strong> <\/span>sz\u00edve majdnem megszakadt \u00e9s m\u00e9gis b\u00edzva Isten szeretet\u00e9ben, \u00edgy vallott: <img decoding=\"async\" class=\" wp-image-2581 alignright\" src=\"https:\/\/magyar-misszio.ch\/wp-content\/uploads\/2020\/12\/Chiara-tanusagtetel-300x208.jpg\" alt=\"\" width=\"238\" height=\"165\" data-id=\"2581\" srcset=\"https:\/\/magyar-misszio.ch\/wp-content\/uploads\/2020\/12\/Chiara-tanusagtetel-300x208.jpg 300w, https:\/\/magyar-misszio.ch\/wp-content\/uploads\/2020\/12\/Chiara-tanusagtetel.jpg 443w\" sizes=\"(max-width: 238px) 100vw, 238px\" \/> <em>&#8211; \u201eHa a feles\u00e9gem Ahhoz megy, Aki \u0151t jobban szereti, mint \u00e9n, mi\u00e9rt legyek szomor\u00fa?\u201c\u00a0<\/em><br \/>\n<em>&#8211; \u201eA szeretet nem azt jelenti, hogy birtokolok, a h\u00e1zass\u00e1g azt jelenti, hogy seg\u00edtek a m\u00e1siknak boldognak lenni. Most ott vagyunk, hogy ez t\u00f6rt\u00e9njen.\u201d<\/em><\/p>\n<p style=\"text-align: justify;\"><span style=\"color: #0000ff;\"><strong>Mi volt ennek h\u00e1zasp\u00e1rnak titka?<\/strong><\/span> Mit\u0151l lettek igaz\u00e1n boldogok? Azt a v\u00e1laszt adhatn\u00e1nk, hogy a klasszikus kereszt\u00e9ny er\u00e9nyeket \u00e9lt\u00e9k meg: <strong>hit, rem\u00e9ny, szeretet.<\/strong><\/p>\n<p style=\"text-align: justify;\"><span style=\"color: #ff0000;\"><strong>Szeretet<\/strong><\/span>: kis t\u00falz\u00e1ssal azt mondhatjuk, hogy az \u0151 t\u00f6rt\u00e9net\u00fck \u00e9s a r\u00f3la sz\u00f3l\u00f3 k\u00f6nyv a k\u00f6nyv a szeretet egyik &#8222;tank\u00f6nyve&#8220;, mely seg\u00edt megtan\u00edtani, hogy hogyan szeress\u00fck Istent \u00e9s hogyan szeress\u00fck egym\u00e1st:<\/p>\n<ul>\n<li style=\"text-align: justify;\">\u00f6nfel\u00e1ldoz\u00f3 m\u00f3don. Chiara erre adott p\u00e9ld\u00e1t, k\u00fcl\u00f6n\u00f6s h\u0151siess\u00e9ggel harmadik gyermek\u00e9n\u00e9l.<\/li>\n<li style=\"text-align: justify;\">De ne csak a nagy dolgokra gondoljunk: mert van m\u00f3dja, hogy a mosogat\u00e1s \u00e9s a takar\u00edt\u00e1s is tele legyen szeretettel:<\/li>\n<\/ul>\n<p><em>\u201eEgyik nap Christiana, a csal\u00e1d bar\u00e1tja egy katolikus \u00fajs\u00e1gban a k\u00f6vetkez\u0151 cikket tal\u00e1lta: \u201eA konyha \u00c9nekek \u00e9neke\u201d. Az volt olvashat\u00f3 benne, hogy a h\u00e1zass\u00e1g a szeretetben mindent meg tud szentelni, amit a\u00a0 h\u00e1zast\u00e1rs\u00e9rt szeretetb\u0151l tesz\u00fcnk, \u00f6n\u00e1tad\u00e1ssal \u2013 \u00e9s ez fontosabb lesz, mint ezer ima. P\u00e9ld\u00e1ul: \u201efeltakar\u00edtom a padl\u00f3t h\u00e1l\u00e1b\u00f3l, mert\u2026\u201d, \u201erendbe rakom az \u00e1gyat, hogy felaj\u00e1nljam az\u00e9rt, hogy\u2026\u201d, \u00e9s hasonl\u00f3k. Mikor Chiara megkapta ezt a cikket Christian\u00e1t\u00f3l, nagyon tetszett neki. Att\u00f3l kezdve a\u00a0 h\u00e1zimunka is im\u00e1ds\u00e1gg\u00e1 v\u00e1lt sz\u00e1m\u00e1ra.\u201d<\/em><\/p>\n<ul>\n<li style=\"text-align: justify;\">a m\u00e1sik boldogs\u00e1g\u00e1nak keres\u00e9se. F\u00e9rje \u00edgy nyilatkozott:<em> \u201eA szeretet nem azt jelenti, hogy birtokolok, a h\u00e1zass\u00e1g azt jelenti, hogy seg\u00edtek a m\u00e1siknak boldognak lenni. Most ott vagyunk, hogy ez t\u00f6rt\u00e9njen.\u201d<\/em><\/li>\n<li style=\"text-align: justify;\">jegyeskurzuson misszi\u00f3nkban a legt\u00f6bben meglep\u0151dnek mindig, amikor arr\u00f3l besz\u00e9lget\u00fcnk, hogy a h\u00e1zast\u00e1rs az els\u0151 helyen \u00e1ll, a gyermek a m\u00e1sodik helyen. Vajon kit szeretett jobban Chiara: gyermek\u00e9t, aki miatt meg is halt, vagy f\u00e9rj\u00e9t (Enrico-t)? <em>\u201eChiara bizalmasan a k\u00f6vetkez\u0151t mondta Enrico-nak: \u201eAmit a legnehezebbnek esik itt hagynom, az te vagy, Enrico.\u201d Egy \u00e9desanya sz\u00e1m\u00e1ra ezt tal\u00e1n neh\u00e9z meg\u00e9rteni, mert sokan arra hajlanak, hogy gyermek\u00fcket a f\u00e9rj\u00fckn\u00e9l jobban szeress\u00e9k.\u201d<\/em><\/li>\n<\/ul>\n<p><span style=\"color: #ff0000;\"><strong>A hit er\u00e9ny\u00e9ben p\u00e9ld\u00e1t adnak:<\/strong><\/span><\/p>\n<ul>\n<li style=\"text-align: justify;\">Mindk\u00e9t fiatal megismerked\u00e9s\u00fck el\u0151tt is a karizmatikus lelki mozgalomnak a tagja. Mindketten elzar\u00e1ndokolnak a h\u00edres M\u00e1ria-kegyhelyre, Medjugorj\u00e9ba. Ott tal\u00e1lkoznak.<\/li>\n<li style=\"text-align: justify;\">Mikor m\u00e1r jegyesek, elhat\u00e1rozz\u00e1k: az Isten szeretete, J\u00e9zus lesz az els\u0151 helyen, a h\u00e1zast\u00e1rs ut\u00e1na j\u00f6n.<\/li>\n<li style=\"text-align: justify;\">Keresik az Isten akarat\u00e1t, ez\u00e9rt t\u00f6bbsz\u00f6r is zar\u00e1ndoklatokra mennek.<\/li>\n<li style=\"text-align: justify;\">Mikor Chiara betegg\u00e9 v\u00e1lik, m\u00e1r a rokonokkal egy\u00fctt im\u00e1dkozz\u00e1k rendszeresen a r\u00f3zsaf\u00fcz\u00e9rt. Ut\u00f3ls\u00f3 h\u00f3napjaiban volt, hogy ak\u00e1r 70 f\u0151 is \u00f6sszegy\u0171lt sz\u00fclei h\u00e1z\u00e1ban im\u00e1dkozni.<\/li>\n<li style=\"text-align: justify;\">Egy ferences szerzetest lelkivezet\u0151k\u00e9nt v\u00e1lasztottak, aki sok lelki tan\u00e1csot adott nekik. S\u0151t utols\u00f3 h\u00f3napj\u00e1ban minden nap a h\u00e1zasp\u00e1r otthon\u00e1ban mis\u00e9zett, szents\u00e9gim\u00e1d\u00e1st tartottak a r\u00f3zsaf\u00fcz\u00e9r mellett.<\/li>\n<\/ul>\n<p><span style=\"color: #ff0000;\"><strong>A harmadik er\u00e9ny, a rem\u00e9ny. Erre ragyog\u00f3 p\u00e9ld\u00e1t adnak.<\/strong><\/span> H\u0151sies p\u00e9ld\u00e1t.<\/p>\n<ul>\n<li style=\"text-align: justify;\">a hal\u00e1l ut\u00e1ni \u00e9let rem\u00e9nye, s\u0151t annak biztos tudata az, ami miatt mindent kib\u00edrtak. <img loading=\"lazy\" decoding=\"async\" class=\" wp-image-2578 alignright\" src=\"https:\/\/magyar-misszio.ch\/wp-content\/uploads\/2020\/12\/chiara_violino-225x300.jpg\" alt=\"\" width=\"171\" height=\"228\" data-id=\"2578\" srcset=\"https:\/\/magyar-misszio.ch\/wp-content\/uploads\/2020\/12\/chiara_violino-225x300.jpg 225w, https:\/\/magyar-misszio.ch\/wp-content\/uploads\/2020\/12\/chiara_violino.jpg 450w\" sizes=\"(max-width: 171px) 100vw, 171px\" \/>Hal\u00e1la el\u00f6tt ezt \u00edrta:<strong><span style=\"color: #ff00ff;\"><em> \u201ebeleszerett\u00fcnk az \u00f6r\u00f6k \u00e9letbe.\u201d<\/em> <\/span><\/strong>(levele egy\u00e9ves kisfi\u00e1hoz)<\/li>\n<li style=\"text-align: justify;\">egym\u00e1sban er\u0151s\u00edtett\u00e9k a mennyorsz\u00e1gba vetett hitet<\/li>\n<li style=\"text-align: justify;\">nemcsak er\u0151t adott nekik, hanem ez\u00e9rt maradtak mosolyg\u00f3sak, ez\u00e9rt volt f\u00e1jdalmuk mellett \u00f6r\u00f6m benn\u00fck, amikor eltemett\u00e9k k\u00e9t gyermek\u00fcket, mert tudt\u00e1k, hogy \u0151nekik m\u00e1r sokkal jobb hely\u00fck van a mennyorsz\u00e1gban,<\/li>\n<li style=\"text-align: justify;\">ez\u00e9rt tudott Chiara a szenved\u00e9s mellett \u00f6r\u00f6mmel k\u00e9sz\u00fclni a tal\u00e1lkoz\u00e1sra J\u00e9zussal, ez\u00e9rt \u00f6lt\u00f6ztett\u00e9k hal\u00e1la ut\u00e1n menyasszonyi ruh\u00e1ba<\/li>\n<li style=\"text-align: center;\">kisfi\u00e1nak ezt \u00edrta m\u00e9g <em>\u201eA mennybe megyek, hogy M\u00e1ri\u00e1va \u00e9s D\u00e1viddal legyek, te maradj itt a pap\u00e1val. Onnan fogok im\u00e1dkozni \u00e9rtetek.\u201c<br \/>\n<img loading=\"lazy\" decoding=\"async\" class=\"alignnone size-medium wp-image-2579\" src=\"https:\/\/magyar-misszio.ch\/wp-content\/uploads\/2020\/12\/Chiara-Benedek_papaval-300x200.jpg\" alt=\"\" width=\"300\" height=\"200\" data-id=\"2579\" srcset=\"https:\/\/magyar-misszio.ch\/wp-content\/uploads\/2020\/12\/Chiara-Benedek_papaval-300x200.jpg 300w, https:\/\/magyar-misszio.ch\/wp-content\/uploads\/2020\/12\/Chiara-Benedek_papaval.jpg 720w\" sizes=\"(max-width: 300px) 100vw, 300px\" \/><\/em><\/li>\n<\/ul>\n<p style=\"text-align: justify;\"><span style=\"color: #0000ff;\"><strong>A temet\u00e9si szentmis\u00e9t<\/strong> <\/span>egy b\u00edboros vezette 20 pappal, de ez ink\u00e1bb n\u00e9zett ki \u00fcnnepnek, mint temet\u00e9snek: \u00e9nekkel, tapssal \u00e9s k\u00e9tezer ember r\u00e9szv\u00e9tel\u00e9vel.\u00a0A b\u00edboros mondott egy sz\u00e9p hasonlatot:\u00a0<em>\u201eAz \u00e9let olyan, mint egy nagy h\u00edmz\u00e9s, aminek mi az als\u00f3 oldal\u00e1t l\u00e1tjuk, ami tele van k\u00fcl\u00f6nb\u00f6z\u0151 c\u00e9rn\u00e1kkal \u00e9s bonyolultan \u00f6ssze-vissza \u00e1llnak. N\u00e9ha a hit\u00fcnk m\u00e9gis lehet\u0151v\u00e9 teszi, hogy ennek a h\u00edmz\u00e9snek a sz\u00edn\u00e9t vagy annak kis darabj\u00e1t is l\u00e1thassuk.\u201d<\/em><\/p>\n<p style=\"text-align: justify;\">2018-ban megindult a <span style=\"color: #0000ff;\"><strong>boldogg\u00e1 avat\u00e1si elj\u00e1r\u00e1s!<\/strong><\/span> (El\u0151tte 10 \u00e9vvel napra pontosan, 2008. szept.21-\u00e9n fogadtak \u00f6r\u00f6k h\u0171s\u00e9get egym\u00e1snak.)<\/p>\n<p style=\"text-align: justify;\">Nagyon sok megrend\u00edt\u0151 dolgot lehet m\u00e9g olvasni r\u00f3la. Az emberek gondolkod\u00e1s\u00e1nak meg kell v\u00e1ltoznia, mert <strong>Isten sokszor m\u00e1sk\u00e9nt gondolkodik<\/strong>, mint az emberek. \u00c9s egyed\u00fcl \u0150 gondolkodik helyesen. Nek\u00fcnk az \u0150 gondolatait kell keresn\u00fcnk \u00e9s Hozz\u00e1 kell igazodnunk (legjobb, ha most \u00f6r\u00f6mmel \u00e9s \u00f6nk\u00e9nt, mintsem r\u00e1k\u00e9nyszer\u0171lj\u00fcnk a tiszt\u00edt\u00f3t\u0171zben).<br \/>\nA kulcs mindenk\u00e9ppen az, hogy mindent a szeretet \u00e9s az \u00f6r\u00f6k \u00e9let t\u00e1vlat\u00e1b\u00f3l kell a f\u00f6ld\u00f6n tekinteni. Ennek a h\u00e1zasp\u00e1rnak a szenved\u00e9s- \u00e9s szeretett\u00f6rt\u00e9net\u00e9nek az eredm\u00e9nye: <span style=\"color: #0000ff;\"><strong>2 gyermek \u00e9desanyj\u00e1val a mennyben van, 1 gyermek apj\u00e1val maradt m\u00e9g a f\u00f6ld\u00f6n.<\/strong><\/span><\/p>\n<p style=\"text-align: justify;\">Egy m\u00e1sik fontos gondolatsor, ami v\u00e9gigmegy a k\u00f6nyv\u00f6n: meg kell tanulni az Istenre hagyatkoz\u00e1st, a teljes bizalmat:\u00a0<strong><em>\u201eIstenre hallgatni azt jelenti, hogy az ember megtanul k\u00e9szen \u00e1llni arra, hogy elfogadja azt, amit nem \u00e9rt.\u201d<\/em> <\/strong>(Chiara feljegyz\u00e9s\u00e9b\u0151l)<\/p>\n<p style=\"text-align: justify;\">Befejez\u00e9s\u00fcl hadd \u00e1lljon itt m\u00e9g k\u00e9t id\u00e9zet abb\u00f3l a lev\u00e9lb\u0151l, amelyet egy\u00e9ves fi\u00e1nak c\u00edmzett:<\/p>\n<p style=\"text-align: justify;\"><em>&#8222;Az \u00e9let\u00fcnk legfontosabb dolga <span style=\"color: #ff0000;\">a Szeretet,<\/span> mert a szeretet egy\u00fcttl\u00e9t\u00e9b\u0151l sz\u00fclet\u00fcnk, mert az\u00e9rt \u00e9l\u00fcnk, hogy szeress\u00fcnk \u00e9s szeretve legy\u00fcnk, \u00e9s az\u00e9rt halunk meg, hogy Isten igazi szeretet\u00e9t megismerhess\u00fck.&#8220;<\/em><br \/>\n<em>&#8222;Az ember \u00e9let\u00e9nek c\u00e9lja az, hogy szeressen, \u00e9s k\u00e9sz legyen megtanulni a m\u00e1sikat \u00fagy szeretni, ahogy arra csak Isten tud minket megtan\u00edtani.&#8220;<\/em><\/p>\n<p style=\"text-align: justify;\"><span style=\"color: #0000ff;\"><strong>K\u00e9t im\u00e1ds\u00e1g<\/strong><\/span> (n\u00e9met nyelven)<br \/>\nFelaj\u00e1nl\u00f3 ima M\u00e1ri\u00e1nak (melyek f\u00e9rj\u00e9vel naponta im\u00e1dkozott) &#8211; <a href=\"https:\/\/magyar-misszio.ch\/wp-content\/uploads\/2020\/12\/Weihgebet-an-Maria.pdf\" target=\"_blank\" rel=\"noopener\">t\u00f6ltsd innen le&#8230;<\/a><br \/>\nIma boldogg\u00e1 avat\u00e1s\u00e1\u00e1\u00e9rt &#8211; <a href=\"https:\/\/magyar-misszio.ch\/wp-content\/uploads\/2020\/12\/Gebet-um-Fuersprache.pdf\" target=\"_blank\" rel=\"noopener\">t\u00f6ltsd innen le&#8230;<\/a><br \/>\n<span style=\"color: #0000ff;\"><em>J\u00f3s\u00e1gos Isten\u00fcnk, add, az evang\u00e9lium f\u00e9nye, mely Chiar\u00e1ban megcsillant, testv\u00e9reink lelk\u00e9ben \u00fajra l\u00e1ngra lobbantsa az \u00f6r\u00f6k \u00e9let meggy\u0151z\u0151d\u00e9s\u00e9t!<\/em><\/span><\/p>\n<p><span style=\"color: #0000ff;\"><strong><span style=\"font-size: 14pt;\"><br \/>\nOlvass tov\u00e1bb Chiar\u00e1r\u00f3l!<\/span><\/strong><\/span><br \/>\n&#8211; beszerezhet\u0151 mind a <a href=\"https:\/\/www.exlibris.ch\/de\/buecher-buch\/deutschsprachige-buecher\/simone-troisi\/chiara-corbella-petrillo\/id\/9783906073279\" target=\"_blank\" rel=\"noopener\">n\u00e9met<\/a>, mind a <a href=\"https:\/\/szitkonyvek.hu\/termek\/6505\" target=\"_blank\" rel=\"noopener\">magyar nyelv\u0171<\/a> k\u00f6nyv (ha tudunk, mi is seg\u00edt\u00fcnk benne)<br \/>\n&#8211; honlap r\u00f3la:<br \/>\n<a href=\"https:\/\/www.chiaracorbellapetrillo.org\/de\/chiaras-geschichte\/\" target=\"_blank\" rel=\"noopener\">https:\/\/www.chiaracorbellapetrillo.org\/de\/chiaras-geschichte\/<\/a><br \/>\n&#8211; cikkek r\u00f3la:<br \/>\n<a href=\"https:\/\/magyar-misszio.ch\/wp-content\/uploads\/2020\/12\/Chiara-elete-Golartis-Gyoengyi.pdf\" target=\"_blank\" rel=\"noopener\">Golarits Gy\u00f6ngyi, vil\u00e1gi eln\u00f6k\u00fcnk \u00f6sszefoglal\u00f3ja \u00e9let\u00e9r\u0151l<\/a><br \/>\n<a href=\"https:\/\/www.magyarkurir.hu\/hirek\/az-ur-igaja-edes-chiara-corbella-fiatalon-meghalt-szenteletu-edesanya-ferjenek-tanusagtetele\" target=\"_blank\" rel=\"noopener\">Van t\u00f6bb a testi gy\u00f3gyul\u00e1sn\u00e1l \u2013 vallja a fiatalon meghalt szent \u00e9let\u0171 anya, Chiara Corbella f\u00e9rje | Magyar Kur\u00edr &#8211; katolikus h\u00edrport\u00e1l (magyarkurir.hu)<\/a><br \/>\n<a href=\"https:\/\/katolikus.ma\/meghalt-hogy-megvedje-gyermeket\/\" target=\"_blank\" rel=\"noopener\">Meghalt, hogy megv\u00e9dje gyermek\u00e9t | Katolikus.ma<\/a><br \/>\n<a href=\"https:\/\/metropolita.hu\/2017\/05\/chiara-corbella-egy-mai-szent-edesanya\/\" target=\"_blank\" rel=\"noopener\">Chiara Corbella, egy mai szent \u00e9desanya \u2013 Metropolita<\/a><\/p>\n<p style=\"text-align: justify;\"><span style=\"color: #0000ff; font-size: 14pt;\"><strong>Vagy hallgasd meg a 2020-as kar\u00e1csonynapi pr\u00e9dik\u00e1ci\u00f3t r\u00f3la a z\u00fcrichi misszi\u00f3nkban:<br \/>\n<\/strong><em><span style=\"font-size: 10pt; color: #000000;\">(kar\u00e1csony napj\u00e1n \u00e9let\u00e9b\u0151l egy szempontot vizsg\u00e1ltunk: hogyan ad p\u00e9ld\u00e1t nek\u00fcnk a szeretet megval\u00f3s\u00edt\u00e1s\u00e1ra. Ut\u00e1na szent csal\u00e1d vas\u00e1rnapj\u00e1n a t\u00f6bbi szempont alapj\u00e1n elm\u00e9lkedt\u00fcnk az \u00e9lete seg\u00edts\u00e9g\u00e9vel, de az a felv\u00e9tel nem siker\u00fclt.)<\/span><\/em><\/span><\/p>\n<audio class=\"wp-audio-shortcode\" id=\"audio-2567-1\" preload=\"none\" style=\"width: 100%;\" controls=\"controls\"><source type=\"audio\/mpeg\" src=\"https:\/\/magyar-misszio.ch\/wp-content\/uploads\/2020\/12\/201225.mp3?_=1\" \/><a href=\"https:\/\/magyar-misszio.ch\/wp-content\/uploads\/2020\/12\/201225.mp3\">https:\/\/magyar-misszio.ch\/wp-content\/uploads\/2020\/12\/201225.mp3<\/a><\/audio>\n<p>&nbsp;<\/p>\n<p><span style=\"color: #0000ff; font-size: 14pt;\"><strong>N\u00e9zd meg pl. ezt a k\u00e9t kis vide\u00f3t:<\/strong><\/span><br \/>\n2009-ben f\u00e9rj\u00e9vel tan\u00fas\u00e1got tesz:<\/p>\n<p><iframe src=\"https:\/\/www.youtube.com\/embed\/9CCWktERgZk\" width=\"560\" height=\"315\" frameborder=\"0\" allowfullscreen=\"allowfullscreen\"><\/iframe><\/p>\n<p>F\u00e9rje besz\u00e9l feles\u00e9g\u00e9r\u0151l, 2017-ben:<\/p>\n<p><iframe src=\"https:\/\/www.youtube.com\/embed\/TMFvwCvdi-E\" width=\"560\" height=\"315\" frameborder=\"0\" allowfullscreen=\"allowfullscreen\"><\/iframe><\/p>\n<p>&nbsp;<\/p>\n<p>&nbsp;<\/p>\n","protected":false},"excerpt":{"rendered":"<p>Chiara Corbella Petrillo &#8211; a szent\u00e9let\u0171 h\u00e1zast\u00e1rs \u00e9s \u00e9desanya Chiara Corbella fiatal \u00e9desanyak\u00e9nt, 28 \u00e9vesen halt meg 2012-ben. H\u00edress\u00e9 az tette, hogy f\u00e9rj\u00e9vel egy\u00fctt h\u0151sies m\u00f3don fogadta el, hogy k\u00e9t olyan beteg gyermeket hoz a vil\u00e1gra, akiknek nem volt es\u00e9ly\u00fck az \u00e9letre. Tudt\u00e1k, hogy mindketten meghalnak a sz\u00fclet\u00e9s ut\u00e1n: M\u00e1ria f\u00e9l \u00f3r\u00e1ig, D\u00e1vid pedig 38 &hellip; <\/p>\n<p class=\"link-more\"><a href=\"https:\/\/magyar-misszio.ch\/?page_id=2567\" class=\"more-link\"><span class=\"screen-reader-text\">\u201eChiara Corbelle\u201c<\/span> weiterlesen<\/a><\/p>\n","protected":false},"author":2,"featured_media":0,"parent":0,"menu_order":0,"comment_status":"closed","ping_status":"closed","template":"","meta":{"footnotes":""},"class_list":["post-2567","page","type-page","status-publish","hentry"],"_links":{"self":[{"href":"https:\/\/magyar-misszio.ch\/index.php?rest_route=\/wp\/v2\/pages\/2567","targetHints":{"allow":["GET"]}}],"collection":[{"href":"https:\/\/magyar-misszio.ch\/index.php?rest_route=\/wp\/v2\/pages"}],"about":[{"href":"https:\/\/magyar-misszio.ch\/index.php?rest_route=\/wp\/v2\/types\/page"}],"author":[{"embeddable":true,"href":"https:\/\/magyar-misszio.ch\/index.php?rest_route=\/wp\/v2\/users\/2"}],"replies":[{"embeddable":true,"href":"https:\/\/magyar-misszio.ch\/index.php?rest_route=%2Fwp%2Fv2%2Fcomments&post=2567"}],"version-history":[{"count":19,"href":"https:\/\/magyar-misszio.ch\/index.php?rest_route=\/wp\/v2\/pages\/2567\/revisions"}],"predecessor-version":[{"id":2604,"href":"https:\/\/magyar-misszio.ch\/index.php?rest_route=\/wp\/v2\/pages\/2567\/revisions\/2604"}],"wp:attachment":[{"href":"https:\/\/magyar-misszio.ch\/index.php?rest_route=%2Fwp%2Fv2%2Fmedia&parent=2567"}],"curies":[{"name":"wp","href":"https:\/\/api.w.org\/{rel}","templated":true}]}}