{"id":260,"date":"2018-02-16T15:31:09","date_gmt":"2018-02-16T15:31:09","guid":{"rendered":"http:\/\/magyar-misszio.ch\/?page_id=260"},"modified":"2018-02-16T15:31:09","modified_gmt":"2018-02-16T15:31:09","slug":"nagybojti_gondolatok","status":"publish","type":"page","link":"https:\/\/magyar-misszio.ch\/?page_id=260","title":{"rendered":"nagybojti_gondolatok"},"content":{"rendered":"<p><span style=\"font-size: 14pt; color: #ff0000;\"><strong>Feliratkoz\u00e1s napi gondolatokra <\/strong>(email)<\/span><\/p>\n<ul>\n<li><span style=\"color: #0000ff;\">Nagyb\u00f6jti napl\u00f3 \u2013 Laudetur Kiad\u00f3t\u00f3l<\/span><br \/>\n<em>ami nem vesz 5 percn\u00e9l t\u00f6bb id\u0151t ig\u00e9nybe, m\u00e9gis nagy hat\u00e1ssal lesz a napj\u00e1ra.<br \/>\nMit tartalmaz az ingyenes Nagyb\u00f6jti Napl\u00f3?<br \/>\nSzem\u00e9lyes hangv\u00e9tel\u0171 gondolatokat, im\u00e1ds\u00e1gokat, r\u00f6vid t\u00f6rt\u00e9neteket, j\u00f3 p\u00e9ld\u00e1kat, elm\u00e9ly\u00fcl\u00e9st seg\u00edt\u0151 vide\u00f3t, k\u00e9pet, cselekv\u00e9sre sarkall\u00f3 szempontokat, amelyeknek a napi szent\u00edr\u00e1si szakaszok adj\u00e1k meg az alapj\u00e1t.<br \/>\n<\/em><a href=\"http:\/\/laudetur.hu\/nagybojtinaplo\/\">laudetur.hu\/nagybojtinaplo<\/a><\/li>\n<li><span style=\"color: #0000ff;\">Nagyb\u00f6jti \u00e9s \u00e1dventi \u00fczenetek list\u00e1ja<\/span> \u2013 ez egy r\u00f6videbb napi email:<br \/>\n<a href=\"https:\/\/szepi.hu\/mailman\/listinfo\/uzenet\">https:\/\/szepi.hu\/mailman\/listinfo\/uzenet<\/a><\/li>\n<li><span style=\"color: #0000ff;\">Regnum Christi Apostoli Mozgalom napi elm\u00e9lked\u00e9se<\/span> (az \u00e9v minden napj\u00e1ra): evang\u00e9lium, elm\u00e9lked\u00e9s, elhat\u00e1roz\u00e1s-javaslat<br \/>\n<a href=\"http:\/\/www.napielmelkedes.hu\">napielmelkedes.hu<\/a><\/li>\n<\/ul>\n","protected":false},"excerpt":{"rendered":"<p>Feliratkoz\u00e1s napi gondolatokra (email) Nagyb\u00f6jti napl\u00f3 \u2013 Laudetur Kiad\u00f3t\u00f3l ami nem vesz 5 percn\u00e9l t\u00f6bb id\u0151t ig\u00e9nybe, m\u00e9gis nagy hat\u00e1ssal lesz a napj\u00e1ra. Mit tartalmaz az ingyenes Nagyb\u00f6jti Napl\u00f3? Szem\u00e9lyes hangv\u00e9tel\u0171 gondolatokat, im\u00e1ds\u00e1gokat, r\u00f6vid t\u00f6rt\u00e9neteket, j\u00f3 p\u00e9ld\u00e1kat, elm\u00e9ly\u00fcl\u00e9st seg\u00edt\u0151 vide\u00f3t, k\u00e9pet, cselekv\u00e9sre sarkall\u00f3 szempontokat, amelyeknek a napi szent\u00edr\u00e1si szakaszok adj\u00e1k meg az alapj\u00e1t. laudetur.hu\/nagybojtinaplo Nagyb\u00f6jti &hellip; <\/p>\n<p class=\"link-more\"><a href=\"https:\/\/magyar-misszio.ch\/?page_id=260\" class=\"more-link\"><span class=\"screen-reader-text\">\u201enagybojti_gondolatok\u201c<\/span> weiterlesen<\/a><\/p>\n","protected":false},"author":2,"featured_media":0,"parent":0,"menu_order":0,"comment_status":"closed","ping_status":"closed","template":"","meta":{"footnotes":""},"class_list":["post-260","page","type-page","status-publish","hentry"],"_links":{"self":[{"href":"https:\/\/magyar-misszio.ch\/index.php?rest_route=\/wp\/v2\/pages\/260","targetHints":{"allow":["GET"]}}],"collection":[{"href":"https:\/\/magyar-misszio.ch\/index.php?rest_route=\/wp\/v2\/pages"}],"about":[{"href":"https:\/\/magyar-misszio.ch\/index.php?rest_route=\/wp\/v2\/types\/page"}],"author":[{"embeddable":true,"href":"https:\/\/magyar-misszio.ch\/index.php?rest_route=\/wp\/v2\/users\/2"}],"replies":[{"embeddable":true,"href":"https:\/\/magyar-misszio.ch\/index.php?rest_route=%2Fwp%2Fv2%2Fcomments&post=260"}],"version-history":[{"count":1,"href":"https:\/\/magyar-misszio.ch\/index.php?rest_route=\/wp\/v2\/pages\/260\/revisions"}],"predecessor-version":[{"id":262,"href":"https:\/\/magyar-misszio.ch\/index.php?rest_route=\/wp\/v2\/pages\/260\/revisions\/262"}],"wp:attachment":[{"href":"https:\/\/magyar-misszio.ch\/index.php?rest_route=%2Fwp%2Fv2%2Fmedia&parent=260"}],"curies":[{"name":"wp","href":"https:\/\/api.w.org\/{rel}","templated":true}]}}