{"id":2638,"date":"2021-01-05T18:37:15","date_gmt":"2021-01-05T18:37:15","guid":{"rendered":"http:\/\/magyar-misszio.ch\/?page_id=2638"},"modified":"2021-11-07T10:25:10","modified_gmt":"2021-11-07T10:25:10","slug":"vilagmeretue-szentsegimadas","status":"publish","type":"page","link":"https:\/\/magyar-misszio.ch\/?page_id=2638","title":{"rendered":"vilagmeret\u00fc szents\u00e9gim\u00e1d\u00e1s"},"content":{"rendered":"<p><span style=\"color: #ff0000; font-size: 14pt;\"><strong><img fetchpriority=\"high\" decoding=\"async\" class=\"size-medium wp-image-2435 alignleft\" src=\"https:\/\/magyar-misszio.ch\/wp-content\/uploads\/2020\/11\/joejjetek.jpg-300x284.jpg\" alt=\"\" width=\"300\" height=\"284\" data-id=\"2435\" srcset=\"https:\/\/magyar-misszio.ch\/wp-content\/uploads\/2020\/11\/joejjetek.jpg-300x284.jpg 300w, https:\/\/magyar-misszio.ch\/wp-content\/uploads\/2020\/11\/joejjetek.jpg.jpg 539w\" sizes=\"(max-width: 300px) 100vw, 300px\" \/><\/strong><\/span><\/p>\n<p><strong><span style=\"color: #ff0000; font-size: 14pt;\">Vil\u00e1gm\u00e9ret\u0171 szents\u00e9gim\u00e1d\u00e1s<\/span> 2021. nov. 20-\u00e1n <\/strong>(szombaton, Krisztus Kir\u00e1ly \u00fcnnepe el\u0151tt)<\/p>\n<p>Gyere az \u00dar el\u00e9!<br \/>\nEz m\u00e1r nem az els\u0151 alkalom, hogy az eg\u00e9sz vil\u00e1gon sz\u00e1mtalan (t\u00f6bb ezer) helysz\u00ednen egyszerre l\u00e9p\u00fcnk az \u00dar jelenl\u00e9te el\u00e9. Ahogy tett\u00fck ezt t\u00f6bbsz\u00f6r a NEK (Nemzetk\u00f6zi Eucharisztikus Kongresszus) lelki k\u00e9sz\u00fcletek\u00e9nt, most folytatjuk&#8230;<\/p>\n<p>Szombaton 19.00-kor. Hol? Rem\u00e9lj\u00fck templomunkban tudunk lenni (visszaigazol\u00e1st m\u00e9g nem kaptunk), de ha foglalt lenne, akkor misszi\u00f3s h\u00e1zunk 1. emelet\u00e9n.<\/p>\n<p><img decoding=\"async\" class=\"size-medium wp-image-2434 aligncenter\" src=\"https:\/\/magyar-misszio.ch\/wp-content\/uploads\/2020\/11\/vilagmeretu-szentsegimadas.jpg-300x131.jpg\" alt=\"\" width=\"300\" height=\"131\" data-id=\"2434\" srcset=\"https:\/\/magyar-misszio.ch\/wp-content\/uploads\/2020\/11\/vilagmeretu-szentsegimadas.jpg-300x131.jpg 300w, https:\/\/magyar-misszio.ch\/wp-content\/uploads\/2020\/11\/vilagmeretu-szentsegimadas.jpg-1024x448.jpg 1024w, https:\/\/magyar-misszio.ch\/wp-content\/uploads\/2020\/11\/vilagmeretu-szentsegimadas.jpg-768x336.jpg 768w, https:\/\/magyar-misszio.ch\/wp-content\/uploads\/2020\/11\/vilagmeretu-szentsegimadas.jpg.jpg 1245w\" sizes=\"(max-width: 300px) 100vw, 300px\" \/><\/p>\n<p>Ha nem tudsz j\u00f6nni: az is sz\u00e9p, ha l\u00e9lekben vagy vel\u00fcnk:<br \/>\n&#8211; Esetleg otthonr\u00f3l tudsz lelki szents\u00e9gim\u00e1d\u00e1st v\u00e9g\u00e9zni. Ehhez van n\u00e9h\u00e1ny online javaslatunk (pl. online-szents\u00e9gim\u00e1d\u00e1s): <a href=\"https:\/\/magyar-misszio.ch\/?page_id=1303\" target=\"_blank\" rel=\"noopener noreferrer\">honlapunkon itt tal\u00e1lod<\/a> a linkeket \u00e9s gondolatokat a szents\u00e9gim\u00e1d\u00e1s fontoss\u00e1g\u00e1r\u00f3l\u2026<br \/>\n&#8211; A mostani im\u00e1ds\u00e1gainkat is elim\u00e1dkozhatod, amit mi fogunk k\u00f6z\u00f6sen im\u00e1dkozni:\u00a0 &#8211; <a href=\"https:\/\/magyar-misszio.ch\/wp-content\/uploads\/2021\/06\/Litania-az-Oltariszentsegrol.pdf\" target=\"_blank\" rel=\"noopener\">lit\u00e1nia<\/a>, &#8211; <a href=\"https:\/\/magyar-misszio.ch\/wp-content\/uploads\/2021\/06\/Misszionkert-valo-imaoesszefogasnak-nehany-imaja.pdf\" target=\"_blank\" rel=\"noopener\">misszi\u00f3s \u00f6sszefog\u00e1sunk im\u00e1i,<\/a> &#8211; <a href=\"https:\/\/magyar-misszio.ch\/wp-content\/uploads\/2021\/06\/rozsafuezer-titkaival-valo-imadsagra-az-Ur-elott.pdf\" target=\"_blank\" rel=\"noopener\">a r\u00f3zsaf\u00fcz\u00e9r titkaival elm\u00e9lkedve<\/a>, &#8211; <a href=\"https:\/\/magyar-misszio.ch\/wp-content\/uploads\/2021\/06\/eneklap_szentsegimadas.pdf\" target=\"_blank\" rel=\"noopener\">\u00e9neklap<\/a><\/p>\n<p>&nbsp;<\/p>\n<p><span style=\"color: #ff0000; font-size: 14pt;\"><strong>Kor\u00e1bbiak:\u00a0<\/strong><\/span><\/p>\n<p>2021.j\u00fan.5.<\/p>\n<p style=\"text-align: justify;\">2020.nov.21:<br \/>\nMi is egyike vagyunk a 3568. helysz\u00ednnek vil\u00e1gon (2020.nov-i adat), ahol szents\u00e9gim\u00e1d\u00e1ssal im\u00e1dkozunk l\u00e9lekben egyes\u00fclve sokakkal, hogy min\u00e9l t\u00f6bb ember legyen Krisztus-k\u00f6vet\u0151, Eucharisztia-im\u00e1d\u00f3. Ez az igazi c\u00e9lja a 2021 szeptember\u00e9ben tartand\u00f3 52. Nemzetk\u00f6zi Eucharisztikus Kongresszusnak is, amelynek felk\u00e9sz\u00fcl\u00e9si folyamat\u00e1ban ez a 7. vil\u00e1gm\u00e9ret\u0171 szents\u00e9gim\u00e1d\u00e1s.<\/p>\n<p style=\"text-align: justify;\">A <a href=\"https:\/\/corpusdomini.iec2020.hu\/#\/\" target=\"_blank\" rel=\"noopener noreferrer\">k\u00f6zponti honlapon<\/a> keress meg minket!&#8230; Sv\u00e1jcban nem is mi vagyunk az egyetlen helysz\u00edn, hanem&#8230;.<\/p>\n<p style=\"text-align: justify;\">Aki sz\u00edvesen j\u00f6n: Bruder Klaus templom, szombat este 19.30 (Krisztus Kir\u00e1ly \u00fcnnepe el\u0151est\u00e9j\u00e9n, 2020.nov.21.).<\/p>\n<p>Ha nem tudsz j\u00f6nni: az is sz\u00e9p, ha l\u00e9lekben vagy vel\u00fcnk:<br \/>\n&#8211; Esetleg otthonr\u00f3l tudsz lelki szents\u00e9gim\u00e1d\u00e1st v\u00e9g\u00e9zni. Ehhez van n\u00e9h\u00e1ny online javaslatunk (pl. online-szents\u00e9gim\u00e1d\u00e1s): <a href=\"https:\/\/magyar-misszio.ch\/?page_id=1303\" target=\"_blank\" rel=\"noopener noreferrer\">honlapunkon itt tal\u00e1lod<\/a> a linkeket \u00e9s gondolatokat a szents\u00e9gim\u00e1d\u00e1s fontoss\u00e1g\u00e1r\u00f3l\u2026<br \/>\n&#8211; A mostani imalapunkat is elim\u00e1dkozhatod, amit mi fogunk k\u00f6z\u00f6sen im\u00e1dkozni (<a href=\"https:\/\/magyar-misszio.ch\/wp-content\/uploads\/2020\/11\/szentsegimadas_20201121.pdf\" target=\"_blank\" rel=\"noopener noreferrer\">itt let\u00f6ltheted&#8230;<\/a>)<\/p>\n","protected":false},"excerpt":{"rendered":"<p>Vil\u00e1gm\u00e9ret\u0171 szents\u00e9gim\u00e1d\u00e1s 2021. nov. 20-\u00e1n (szombaton, Krisztus Kir\u00e1ly \u00fcnnepe el\u0151tt) Gyere az \u00dar el\u00e9! Ez m\u00e1r nem az els\u0151 alkalom, hogy az eg\u00e9sz vil\u00e1gon sz\u00e1mtalan (t\u00f6bb ezer) helysz\u00ednen egyszerre l\u00e9p\u00fcnk az \u00dar jelenl\u00e9te el\u00e9. Ahogy tett\u00fck ezt t\u00f6bbsz\u00f6r a NEK (Nemzetk\u00f6zi Eucharisztikus Kongresszus) lelki k\u00e9sz\u00fcletek\u00e9nt, most folytatjuk&#8230; Szombaton 19.00-kor. Hol? Rem\u00e9lj\u00fck templomunkban tudunk lenni (visszaigazol\u00e1st &hellip; <\/p>\n<p class=\"link-more\"><a href=\"https:\/\/magyar-misszio.ch\/?page_id=2638\" class=\"more-link\"><span class=\"screen-reader-text\">\u201evilagmeret\u00fc szents\u00e9gim\u00e1d\u00e1s\u201c<\/span> weiterlesen<\/a><\/p>\n","protected":false},"author":2,"featured_media":0,"parent":0,"menu_order":0,"comment_status":"closed","ping_status":"closed","template":"","meta":{"footnotes":""},"class_list":["post-2638","page","type-page","status-publish","hentry"],"_links":{"self":[{"href":"https:\/\/magyar-misszio.ch\/index.php?rest_route=\/wp\/v2\/pages\/2638","targetHints":{"allow":["GET"]}}],"collection":[{"href":"https:\/\/magyar-misszio.ch\/index.php?rest_route=\/wp\/v2\/pages"}],"about":[{"href":"https:\/\/magyar-misszio.ch\/index.php?rest_route=\/wp\/v2\/types\/page"}],"author":[{"embeddable":true,"href":"https:\/\/magyar-misszio.ch\/index.php?rest_route=\/wp\/v2\/users\/2"}],"replies":[{"embeddable":true,"href":"https:\/\/magyar-misszio.ch\/index.php?rest_route=%2Fwp%2Fv2%2Fcomments&post=2638"}],"version-history":[{"count":5,"href":"https:\/\/magyar-misszio.ch\/index.php?rest_route=\/wp\/v2\/pages\/2638\/revisions"}],"predecessor-version":[{"id":3550,"href":"https:\/\/magyar-misszio.ch\/index.php?rest_route=\/wp\/v2\/pages\/2638\/revisions\/3550"}],"wp:attachment":[{"href":"https:\/\/magyar-misszio.ch\/index.php?rest_route=%2Fwp%2Fv2%2Fmedia&parent=2638"}],"curies":[{"name":"wp","href":"https:\/\/api.w.org\/{rel}","templated":true}]}}