{"id":2695,"date":"2021-01-21T17:00:48","date_gmt":"2021-01-21T17:00:48","guid":{"rendered":"http:\/\/magyar-misszio.ch\/?page_id=2695"},"modified":"2024-10-16T15:03:53","modified_gmt":"2024-10-16T15:03:53","slug":"egysegert","status":"publish","type":"page","link":"https:\/\/magyar-misszio.ch\/?page_id=2695","title":{"rendered":"egys\u00e9g\u00e9rt"},"content":{"rendered":"\t\t<div data-elementor-type=\"wp-page\" data-elementor-id=\"2695\" class=\"elementor elementor-2695\" data-elementor-post-type=\"page\">\n\t\t\t\t\t\t<section class=\"elementor-section elementor-top-section elementor-element elementor-element-21ef1e79 elementor-section-boxed elementor-section-height-default elementor-section-height-default\" data-id=\"21ef1e79\" data-element_type=\"section\">\n\t\t\t\t\t\t<div class=\"elementor-container elementor-column-gap-default\">\n\t\t\t\t\t<div class=\"elementor-column elementor-col-100 elementor-top-column elementor-element elementor-element-64a381f7\" data-id=\"64a381f7\" data-element_type=\"column\">\n\t\t\t<div class=\"elementor-widget-wrap elementor-element-populated\">\n\t\t\t\t\t\t<div class=\"elementor-element elementor-element-5f811b56 elementor-widget elementor-widget-text-editor\" data-id=\"5f811b56\" data-element_type=\"widget\" data-widget_type=\"text-editor.default\">\n\t\t\t\t<div class=\"elementor-widget-container\">\n\t\t\t\t\t\t\t\t\t<p><img decoding=\"async\" class=\"wp-image-2696 alignright\" style=\"filter: invert(0);\" src=\"https:\/\/magyar-misszio.ch\/wp-content\/uploads\/2021\/01\/priere-1-244x300.jpg\" alt=\"\" width=\"175\" height=\"216\" data-id=\"2696\" srcset=\"https:\/\/magyar-misszio.ch\/wp-content\/uploads\/2021\/01\/priere-1-244x300.jpg 244w, https:\/\/magyar-misszio.ch\/wp-content\/uploads\/2021\/01\/priere-1.jpg 609w\" sizes=\"(max-width: 175px) 100vw, 175px\" \/><\/p><p><strong><span style=\"font-size: 18pt; color: #ff0000;\">V\u00e1gy\u00f3djunk az egys\u00e9gre, im\u00e1dkozzunk az egys\u00e9g\u00e9rt<\/span><\/strong><\/p><ul><li style=\"list-style-type: none;\"><ul><li style=\"list-style-type: none;\"><ul><li style=\"list-style-type: none;\"><ul><li style=\"list-style-type: none;\"><ul><li style=\"list-style-type: none;\"><ul><li>lelk\u00fcnk egys\u00e9g\u00e9\u00e9rt Istennel<\/li><li>embert\u00e1rsainkkal<\/li><li>kereszt\u00e9ny t\u00e1rsainkkal<\/li><\/ul><\/li><\/ul><\/li><\/ul><\/li><\/ul><\/li><\/ul><\/li><\/ul><p><strong>Az oldal tartalma:<\/strong><br \/><a href=\"#imahet\">Imah\u00e9tr\u0151l,<\/a> 2021-es, 2022-es, 2024-es imaf\u00fczet, v\u00e1ltoztat\u00e1s sz\u00e1nd\u00e9ka<br \/><a href=\"#kozosseg\">A sv\u00e1jci \u00f6kumenikus szerzetesi k\u00f6z\u00f6ss\u00e9gr\u0151l\u00a0<\/a><\/p><p><span style=\"font-size: 14pt; color: #ff0000;\"><strong><a id=\"imahet\"><\/a><br \/>\u00d6kumenikus imah\u00e9t<\/strong><\/span><\/p><p>Az egys\u00e9g\u00e9rt val\u00f3 im\u00e1ds\u00e1gok kiemelt alkalma az \u00e9vr\u0151l-\u00e9vre visszat\u00e9r\u0151 imah\u00e9t (Eur\u00f3p\u00e1ban janu\u00e1rban).<\/p><p style=\"text-align: justify;\"><img fetchpriority=\"high\" decoding=\"async\" class=\"size-medium wp-image-2702 alignright\" style=\"filter: invert(0);\" src=\"https:\/\/magyar-misszio.ch\/wp-content\/uploads\/2021\/01\/okum.imafuzet.2021.jpg-201x300.jpg\" alt=\"\" width=\"201\" height=\"300\" data-id=\"2702\" srcset=\"https:\/\/magyar-misszio.ch\/wp-content\/uploads\/2021\/01\/okum.imafuzet.2021.jpg-201x300.jpg 201w, https:\/\/magyar-misszio.ch\/wp-content\/uploads\/2021\/01\/okum.imafuzet.2021.jpg.jpg 418w\" sizes=\"(max-width: 201px) 100vw, 201px\" \/><br \/>Minden \u00e9vben a vil\u00e1gb\u00f3l valamelyik orsz\u00e1g kereszt\u00e9nyei<a href=\"#_ftn1\" name=\"_ftnref1\">[1]<\/a> k\u00e9sz\u00edtik el\u0151 ezt az imahetet. 2021-ben sv\u00e1jci kereszt\u00e9nyek k\u00e9sz\u00edtett\u00e9k el az imah\u00e9t im\u00e1ds\u00e1gait, amelyek a kiadott imaf\u00fczetben vannak k\u00f6zz\u00e9 t\u00e9ve. (Imaf\u00fczet n\u00e9met\u00fcl <a href=\"https:\/\/magyar-misszio.ch\/wp-content\/uploads\/2021\/01\/okum.imafuzet.2021-DE.pdf\" target=\"_blank\" rel=\"noopener\">itt&#8230;<\/a>, magyarul <a href=\"https:\/\/magyar-misszio.ch\/wp-content\/uploads\/2021\/01\/okum.imafuzet.2021.pdf\" target=\"_blank\" rel=\"noopener\">itt&#8230;<\/a>, magyar hivatalos olda<span style=\"background-color: #ffffff;\">l <a style=\"background-color: #ffffff;\" href=\"http:\/\/meot.hu\/index.php\/keresztyen-m\/355-okumenikus-imahet-2021\" target=\"_blank\" rel=\"noopener\">\u00a0itt&#8230;.<\/a>)<\/span><\/p><p><strong>A 2022-es imaf\u00fczetet<\/strong> <a href=\"https:\/\/magyar-misszio.ch\/wp-content\/uploads\/2022\/01\/ImahetiFuzet2022.pdf\" target=\"_blank\" rel=\"noopener\">ide kattintva<\/a> \u00e9rj\u00fck el&#8230;<\/p><p style=\"text-align: justify;\">A XIX. sz\u00e1zad v\u00e9g\u00e9n kezd elterjedni ez az ima\u00f6sszefog\u00e1s\u2026.<br \/>Magyarorsz\u00e1gon el\u0151sz\u00f6r 1886-ban hirdetnek meg imahetet.<\/p><p style=\"text-align: justify;\"><strong>Z\u00fcrichben <\/strong>a magyar kereszt\u00e9nyek k\u00f6z\u00f6tt m\u00e9g nincs meg a hagyom\u00e1nya az imah\u00e9t megtart\u00e1s\u00e1nak. Reform\u00e1tus \u00e9s katolikus oldalr\u00f3l is kifejezt\u00fck ezt a sz\u00e1nd\u00e9kunkat, amely kieg\u00e9sz\u00edten\u00e9 a nemzeti \u00fcnnepeink \u00f6kumenikus meg\u00fcnnepl\u00e9s\u00e9nek megv\u00e1ltoz\u00e1s\u00e1t. \u00a0A koronav\u00edrus-ideje viszont ezt most nem seg\u00edti, \u00edgy m\u00e9g sz\u00e1nd\u00e9kunk nem l\u00e9pett a tettek mezej\u00e9re. De ann\u00e1l ink\u00e1bb buzg\u00f3bban pr\u00f3b\u00e1ljunk most fizikai tal\u00e1lkoz\u00e1s n\u00e9lk\u00fcl is ez\u00e9rt a sz\u00e1nd\u00e9k\u00e9rt im\u00e1dkozni!<\/p><p>A javasolt imaalkalmak h\u00e1rmas eleme:<\/p><ul><li>a csendben J\u00e9zust\u00f3l v\u00e1rjuk emberi szem\u00e9lyis\u00e9g\u00fcnk \u00e9s a vele val\u00f3 egys\u00e9g\u00e9t<\/li><li>\u00e9lessz\u00fck fel magunkban az egym\u00e1s, a kereszt\u00e9nyek egys\u00e9g\u00e9nek v\u00e1gy\u00e1t<\/li><li>cselekedj\u00fck (liturgikus k\u00f6z\u00f6s cselekm\u00e9nyek, jelk\u00e9pek haszn\u00e1lata is)<\/li><\/ul><p>2021.okt\u00f3ber\u00e9ben a nemzeti \u00fcnnep\u00fcnk alkalm\u00e1val fel tudtuk haszn\u00e1lni az idei imaf\u00fczet im\u00e1ds\u00e1gait, otthonunkb\u00f3l is im\u00e1dkozhatunk erre a sz\u00e1nd\u00e9kra! Program- \u00e9s imaf\u00fczet\u00fcnk <a href=\"https:\/\/magyar-misszio.ch\/wp-content\/uploads\/2021\/10\/2021.-okt.-24..pdf\">itt el\u00e9rhet\u0151&#8230;.<\/a><\/p><p>A 2022-es Program- \u00e9s imaf\u00fczet\u00fcnk <a href=\"https:\/\/magyar-misszio.ch\/wp-content\/uploads\/2022\/10\/2022.-okt.-23.pdf\">itt el\u00e9rhet\u0151&#8230;.<\/a><br \/>A 2022-es Program- \u00e9s imaf\u00fczet\u00fcnk <a href=\"https:\/\/magyar-misszio.ch\/wp-content\/uploads\/ima-es-enekrend-2024.-okt.-20-23.pdfweb.pdf\">itt el\u00e9rhet\u0151&#8230;.<\/a><\/p><p><span style=\"font-size: 14pt; color: #ff00ff;\"><strong><a id=\"kozosseg\"><\/a><br \/><span style=\"color: #ff0000;\">A sv\u00e1jci \u00f6kumenikus szerzetesi k\u00f6z\u00f6ss\u00e9gr\u0151l\u00a0<\/span><\/strong><\/span><\/p><p>Azok a sv\u00e1jci kereszt\u00e9nyek, akik a 2021-es imaf\u00fczetet \u00f6ssze\u00e1ll\u00edtott\u00e1k, ez egy szerzetesi k\u00f6z\u00f6ss\u00e9g nyugat Sv\u00e1jcban. K\u00f6z\u00f6ss\u00e9gi \u00e9let\u00fcket meghat\u00e1roz\u00f3 szempontok:<\/p><ul style=\"list-style-type: square;\"><li>a csendben, mag\u00e1nyban Isten keres\u00e9se<br \/>&#8211; Az elindul\u00e1sukr\u00f3l: az 1930-as \u00e9vekben n\u00e9h\u00e1ny reform\u00e1tus h\u00f6lgy \u00fajra felfedezte, hogy az \u00e9let, a hit\u00e9let sz\u00e1m\u00e1ra a csend milyen fontos. A csendben \u00e9rtj\u00fck meg az Isten Szav\u00e1nak tan\u00edt\u00e1sait \u00e9s a h\u00e9tk\u00f6znapokban a csend hoz igazi gy\u00fcm\u00f6lcs\u00f6ket.<br \/>&#8211; napi f\u00e9l \u00f3r\u00e1s k\u00f6z\u00f6s csendes im\u00e1ds\u00e1g a templomukban sz\u00e9p jele ennek<br \/>&#8211; lelki napok, lelkigyakorlatok<br \/>&#8211; h\u00edvnak k\u00edv\u00fcl\u00e1ll\u00f3kat is ennek megtapasztal\u00e1s\u00e1ra: &#8222;gyere a puszt\u00e1ba&#8220; &#8211; felh\u00edv\u00e1ssal&#8230; Ak\u00e1r egy\u00e9nek ak\u00e1r csoportok a &#8222;csend h\u00e1z\u00e1ba&#8220; elvonulhatnak, \u00e9s a n\u0151v\u00e9rek lelki vezet\u00e9s\u00e9t is k\u00e9rhetik.<\/li><li>nyitotts\u00e1g mindenki fel\u00e9, ez\u00e9rt k\u00f6z\u00f6ss\u00e9g\u00fck \u00f6kumenikus<br \/>&#8211; kezdett\u0151l fogva jellemzi \u0151ket az egys\u00e9gre t\u00f6rekv\u00e9s, az \u00f6kumen\u00e9 \u00e9s az ez\u00e9rt val\u00f3 im\u00e1ds\u00e1g, \u00edgy r\u00e9g\u00f3ta seg\u00edtik az Egyh\u00e1zak \u00d6kumenikus Tan\u00e1cs\u00e1nak munk\u00e1j\u00e1t is<br \/>&#8211; a n\u0151v\u00e9rek \u00f6sszet\u00e9tele ez\u00e9rt nagyon sz\u00ednes, jelenleg \u00f6tvenen vannak egy\u00fctt ak\u00e1r reform\u00e1tus, evangelikus vagy m\u00e1s vall\u00e1s\u00faak is legyenek eredetileg<br \/>&#8211; \u00e9s nemzetk\u00f6zi, mert t\u00f6bb orsz\u00e1gb\u00f3l vannak a n\u0151v\u00e9rek<\/li><li style=\"text-align: justify;\">a k\u00f6z\u00f6s im\u00e1ds\u00e1gok megteremtik az Istennel \u00e9s egym\u00e1ssal val\u00f3 egys\u00e9get:<br \/>&#8211; napi n\u00e9gyszer k\u00f6z\u00f6s im\u00e1ds\u00e1gra j\u00f6nnek \u00f6ssze, ahol a Bibli\u00e1ra, mint \u00f6kumenikus kincsre k\u00fcl\u00f6n\u00f6sen hangs\u00falyt helyeznek<br \/>&#8211; de az Euchasztia \u00fcnnepl\u00e9se is fontos sz\u00e1mukra (v\u00f6. Taiz\u00e9-ben is az altemplomban van tabern\u00e1kulum \u00e9s rendszeres szentmise is, az \u00f6kumenikus istentiszteletek mellett). A jelenlegi szitu\u00e1ci\u00f3ban (pl.koronav\u00edrus-j\u00e1rv\u00e1ny) a &#8222;csend h\u00e1z\u00e1ban&#8220; tartanak t\u00f6bb Euchrisztia-\u00fcnnepl\u00e9st, amit cs\u00facspontnak tekintenek.<br \/>&#8211; Templomukban kiemelt helyet kap Andrej <a href=\"https:\/\/magyar-misszio.ch\/wp-content\/uploads\/2021\/01\/priere-1.jpg\" target=\"_blank\" rel=\"noopener\"><img decoding=\"async\" class=\"wp-image-2696 alignright\" style=\"filter: invert(0);\" src=\"https:\/\/magyar-misszio.ch\/wp-content\/uploads\/2021\/01\/priere-1-150x150.jpg\" alt=\"\" width=\"92\" height=\"92\" data-id=\"2696\" srcset=\"https:\/\/magyar-misszio.ch\/wp-content\/uploads\/2021\/01\/priere-1-150x150.jpg 150w, https:\/\/magyar-misszio.ch\/wp-content\/uploads\/2021\/01\/priere-1-100x100.jpg 100w\" sizes=\"(max-width: 92px) 100vw, 92px\" \/><\/a>Rubljov h\u00edres \u00e9s gy\u00f6ny\u00f6r\u0171 Szenth\u00e1roms\u00e1g ikonja, amely az egys\u00e9gre t\u00f6rekv\u00e9g kiindul\u00f3pontja, hogy az egy Istenben h\u00e1rom szem\u00e9ly van, \u00e9s mi is lehet\u00fcnk sokf\u00e9l\u00e9k, de meg kell tal\u00e1lnunk azt, ami k\u00f6z\u00f6s.<\/li><\/ul><p style=\"text-align: justify;\">Kik teh\u00e1t \u0151k? \u0150k a francia-Sv\u00e1jcn\u00e1l l\u00e9v\u0151 grandchamp-i \u00f6kumenikus szerzetesn\u0151v\u00e9rek. Min\u00e9l t\u00f6bbet olvasunk r\u00f3luk, ann\u00e1l nagyobb \u00f6r\u00f6m \u00e9s j\u00f3 \u00e9rtelemben vett b\u00fcszkes\u00e9g t\u00f6lthet el minket, hogy ilyen k\u00f6z\u00f6ss\u00e9g van Sv\u00e1jcban.<\/p><p style=\"text-align: justify;\">A kezdetben egy lyoni katolikus pap sokat seg\u00edtett nekik, Paul Couturier. \u0150 1940-ben \u00edgy \u00edrt Genevi\u00e8ve any\u00e1nak: &#8222;<em>N<\/em><em>e t\u00e1vozzanak kereszt\u00e9nyek \u00fagy a lelkigyakorlatr\u00f3l, hogy nem \u00e9reznek m\u00e9ly f\u00e1jdalmat a megosztotts\u00e1g miatt, \u00e9s elt\u00f6k\u00e9lts\u00e9get arra, hogy buzg\u00f3 im\u00e1ds\u00e1ggal \u00e9s folyamatos megtisztul\u00e1ssal munk\u00e1lj\u00e1k az egys\u00e9get<\/em> <em>[\u2026] Az egys\u00e9g k\u00e9rd\u00e9se sz\u00e1momra els\u0151sorban \u00e9s alap- vet\u0151en az ember bels\u0151 ir\u00e1nyults\u00e1g\u00e1nak k\u00e9rd\u00e9se. Ez\u00e9rt meg\u00e9rti, mekkora fontoss\u00e1got tulajdon\u00edtok az \u00d6n\u00f6k k\u00e9r\u00e9s\u00e9nek \u00e9s a lelkigyakorlatok tart\u00e1s\u00e1nak. Buzg\u00f3n k\u00f6ny\u00f6r\u00f6gj\u00fcnk, azaz engedj\u00fck, hogy Krisztus szabadon \u00e1radjon bens\u0151nkbe.&#8220;<\/em><\/p><p style=\"text-align: justify;\">Nemsok\u00e1ra kialakult egy szoros kapcsolat a franciaorsz\u00e1gi taiz\u00e9-i \u00f6kumenikus szerzetes (f\u00e9rfi) k\u00f6z\u00f6ss\u00e9ggel, annak alap\u00edt\u00f3j\u00e1val, Roger Sch\u00fctzzel.\u00a0Roger testv\u00e9r \u00edgy \u00edrt: &#8222;<em>A<\/em><em>z egys\u00e9g\u00e9rt folytatott \u00e1lland\u00f3 k\u00fczdelem harmonikuss\u00e1 teszi az embert: a gondolathoz tetteket, a l\u00e9tez\u00e9shez cselekv\u00e9s ad. Ezt az <\/em><em>egyens\u00faly \u00fagy saj\u00e1t\u00edtjuk el, hogy \u2013 l\u00e9p\u00e9sr\u0151l l\u00e9p\u00e9sre \u2013 igyeksz\u00fcnk \u00f6sszhangban lenni azzal, ami a legjobb benn\u00fcnk, \u00e9s azzal, ami bens\u0151nk legm\u00e9lye: Krisztus benn\u00fcnk.&#8220;\u00a0 \u00a0<\/em>A taiz\u00e9-i (f\u00e9rfi) szerzetes k\u00f6z\u00f6ss\u00e9ggel teh\u00e1t a grandchamp-i (n\u0151i) szerzetes k\u00f6z\u00f6ss\u00e9g szoros lelki kapcsolatot \u00e1pol.<\/p><p style=\"text-align: justify;\">K\u00f6zvetlen\u00fcl a m\u00e1sodik vil\u00e1gh\u00e1bor\u00fa ut\u00e1n, annak hat\u00e1s\u00e1ra n\u00e9met \u00e9s holland, majd indon\u00e9z, osztr\u00e1k, kong\u00f3i, cseh, sv\u00e9d \u00e9s lett n\u0151k csatlakoztak k\u00fcl\u00f6nb\u00f6z\u0151 felekezetekb\u0151l a sv\u00e1jci \u00e9s francia alap\u00edt\u00f3khoz. A k\u00f6z\u00f6ss\u00e9g jelenleg mintegy \u00f6tven, k\u00fcl\u00f6nb\u00f6z\u0151 koroszt\u00e1lyhoz tartoz\u00f3 tagot sz\u00e1ml\u00e1l.<\/p><p style=\"text-align: justify;\">Lelkis\u00e9g\u00fck alakul\u00e1s\u00e1ban seg\u00edtett a magyar <a href=\"https:\/\/www.sonnenhof-grandchamp.org\/kommunitat\/#berufung\" target=\"_blank\" rel=\"noopener\">J\u00e1lics Ferenc SJ<\/a> jezsuita atya &#8222;kontemplat\u00edv lelkigyakorlatai&#8220; is, ami\u00e9rt szint\u00e9n h\u00e1l\u00e1sak. amit k\u00fcl\u00f6n h\u00e1l\u00e1san kiemelnek, s amely a <a href=\"https:\/\/www.bethasda.org\/index.php\/fr\/\" target=\"_blank\" rel=\"noopener\">Bethesda<\/a> lelkis\u00e9gi mozgalom \u00fatj\u00e1n jutott el hozz\u00e1juk.<\/p><p style=\"text-align: justify;\">A grandchamp-i sv\u00e1jci n\u0151v\u00e9rek 1952-ben \u00e1tvett\u00e9k a taiz\u00e9-i szerzetes-szab\u00e1lyzatot, amelynek a testv\u00e9ri egym\u00e1s fel\u00e9 fordul\u00e1s, kiengesztel\u0151d\u00e9s a l\u00e9nyeg\u00e9hez tartozik.<\/p><p>\u00a0<\/p><p style=\"text-align: justify;\">\u00a0<img loading=\"lazy\" decoding=\"async\" class=\" wp-image-2705 alignleft\" style=\"filter: invert(0);\" src=\"https:\/\/magyar-misszio.ch\/wp-content\/uploads\/2021\/01\/terkep-300x122.jpg\" alt=\"\" width=\"275\" height=\"112\" data-id=\"2705\" srcset=\"https:\/\/magyar-misszio.ch\/wp-content\/uploads\/2021\/01\/terkep-300x122.jpg 300w, https:\/\/magyar-misszio.ch\/wp-content\/uploads\/2021\/01\/terkep.jpg 360w\" sizes=\"(max-width: 275px) 100vw, 275px\" \/>K\u00e9t helysz\u00ednen vannak jelen (nyugat) Sv\u00e1jcban, a f\u0151 \u00e1llom\u00e1suk az eml\u00edtett Grandchamp \u00e9s a B\u00e1zel k\u00f6zeli Sonnenhofban vezetik m\u00e9g a \u201ecsend h\u00e1z\u00e1t\u201d, ahol l\u00e1togat\u00f3kat is sz\u00edvesen fogadnak. N\u00e9h\u00e1ny n\u0151v\u00e9r jelen van m\u00e9g \u00e9szak-Franciaorsz\u00e1gban, Hollandi\u00e1ban is (\u00e9s 2014-ig a Szentf\u00f6ld\u00f6n is jelen voltak, ahov\u00e1 sz\u00edvessen visszat\u00e9rn\u00e9nek).<\/p><p style=\"text-align: justify;\">A n\u0151v\u00e9rek k\u00f6rnyezettudatoss\u00e1ga is \u00e9rz\u00e9kelhet\u0151 m\u00f3don fejl\u0151d\u00f6tt egy biokert telep\u00edt\u00e9s\u00e9vel, k\u00f6rnyezetbar\u00e1t term\u00e9kek haszn\u00e1lat\u00e1val, tudatos t\u00e1pl\u00e1lkoz\u00e1ssal.<\/p><p style=\"text-align: justify;\">A k\u00f6z\u00f6ss\u00e9gr\u0151l l\u00e1sd m\u00e9g:<br \/>&#8211; <a href=\"http:\/\/www.grandchamp.org\/de\" target=\"_blank\" rel=\"noopener\">www.grandchamp.org\/de\u00a0<\/a>vagy <a href=\"https:\/\/www.sonnenhof-grandchamp.org\/\" target=\"_blank\" rel=\"noopener\">www.sonnenhof-grandchamp.org<\/a><br \/>&#8211; megv\u00e1s\u00e1rolhat\u00f3 k\u00f6nyv: Mein Leben in Grandchamp (27.5 chf).<\/p><p style=\"text-align: justify;\">Befejez\u00e9s\u00fcl hadd \u00e1lljon itt egy im\u00e1ds\u00e1g, amit a n\u0151v\u00e9rek minden nap elmondanak \u00e9s egym\u00e1snak k\u00edv\u00e1nnak. Ez az ima megtal\u00e1lhat\u00f3 az eml\u00edtett imaf\u00fczetben is:<\/p><p style=\"text-align: justify;\"><span style=\"color: #3366ff;\"><em>&#8222;Im\u00e1dkozzunk \u00e9s dolgozzunk az\u00e9rt, hogy Isten orsz\u00e1ga elj\u00f6jj\u00f6n k\u00f6z\u00e9nk. Minden nap Isten ig\u00e9je leheljen \u00e9letet a munk\u00e1ba \u00e9s a pihen\u00e9sbe. Tartsa meg mindenben a bels\u0151 csendet, hogy Krisztusban maradhassunk. T\u00f6lts\u00f6n be a boldogs\u00e1gok lelke: az \u00f6r\u00f6m, az egyszer\u0171s\u00e9g \u00e9s az irgalmass\u00e1g.&#8220;<\/em><\/span><\/p><table style=\"border-collapse: collapse; width: 100%;\"><tbody><tr><td style=\"width: 33.3333%;\"><img loading=\"lazy\" decoding=\"async\" class=\"alignnone size-medium wp-image-2718\" style=\"filter: invert(0);\" src=\"https:\/\/magyar-misszio.ch\/wp-content\/uploads\/2021\/01\/soeurs-opt-cropped-resized-300x169.jpg\" alt=\"\" width=\"300\" height=\"169\" data-id=\"2718\" srcset=\"https:\/\/magyar-misszio.ch\/wp-content\/uploads\/2021\/01\/soeurs-opt-cropped-resized-300x169.jpg 300w, https:\/\/magyar-misszio.ch\/wp-content\/uploads\/2021\/01\/soeurs-opt-cropped-resized-768x432.jpg 768w, https:\/\/magyar-misszio.ch\/wp-content\/uploads\/2021\/01\/soeurs-opt-cropped-resized.jpg 1000w\" sizes=\"(max-width: 300px) 100vw, 300px\" \/><\/td><td style=\"width: 33.3333%;\"><img loading=\"lazy\" decoding=\"async\" class=\"alignnone size-medium wp-image-2719\" style=\"filter: invert(0);\" src=\"https:\/\/magyar-misszio.ch\/wp-content\/uploads\/2021\/01\/Tanz-1000-300x225.jpg\" alt=\"\" width=\"300\" height=\"225\" data-id=\"2719\" srcset=\"https:\/\/magyar-misszio.ch\/wp-content\/uploads\/2021\/01\/Tanz-1000-300x225.jpg 300w, https:\/\/magyar-misszio.ch\/wp-content\/uploads\/2021\/01\/Tanz-1000-768x576.jpg 768w, https:\/\/magyar-misszio.ch\/wp-content\/uploads\/2021\/01\/Tanz-1000.jpg 1000w\" sizes=\"(max-width: 300px) 100vw, 300px\" \/><\/td><td style=\"width: 33.3333%;\"><img loading=\"lazy\" decoding=\"async\" class=\"alignnone size-medium wp-image-2720\" style=\"filter: invert(0);\" src=\"https:\/\/magyar-misszio.ch\/wp-content\/uploads\/2021\/01\/danse-250-300x182.jpg\" alt=\"\" width=\"300\" height=\"182\" data-id=\"2720\" srcset=\"https:\/\/magyar-misszio.ch\/wp-content\/uploads\/2021\/01\/danse-250-300x182.jpg 300w, https:\/\/magyar-misszio.ch\/wp-content\/uploads\/2021\/01\/danse-250.jpg 413w\" sizes=\"(max-width: 300px) 100vw, 300px\" \/><\/td><\/tr><tr><td style=\"width: 33.3333%;\"><img loading=\"lazy\" decoding=\"async\" class=\"alignnone size-medium wp-image-2721\" style=\"filter: invert(0);\" src=\"https:\/\/magyar-misszio.ch\/wp-content\/uploads\/2021\/01\/soeurs-priere-chapelle-opt-250-300x200.jpg\" alt=\"\" width=\"300\" height=\"200\" data-id=\"2721\" srcset=\"https:\/\/magyar-misszio.ch\/wp-content\/uploads\/2021\/01\/soeurs-priere-chapelle-opt-250-300x200.jpg 300w, https:\/\/magyar-misszio.ch\/wp-content\/uploads\/2021\/01\/soeurs-priere-chapelle-opt-250.jpg 375w\" sizes=\"(max-width: 300px) 100vw, 300px\" \/><\/td><td style=\"width: 33.3333%;\"><img loading=\"lazy\" decoding=\"async\" class=\"alignnone size-medium wp-image-2722\" style=\"filter: invert(0);\" src=\"https:\/\/magyar-misszio.ch\/wp-content\/uploads\/2021\/01\/vocation-unite-opt-300x225.jpg\" alt=\"\" width=\"300\" height=\"225\" data-id=\"2722\" srcset=\"https:\/\/magyar-misszio.ch\/wp-content\/uploads\/2021\/01\/vocation-unite-opt-300x225.jpg 300w, https:\/\/magyar-misszio.ch\/wp-content\/uploads\/2021\/01\/vocation-unite-opt.jpg 768w\" sizes=\"(max-width: 300px) 100vw, 300px\" \/><\/td><td style=\"width: 33.3333%;\"><img loading=\"lazy\" decoding=\"async\" class=\"alignnone size-medium wp-image-2723\" style=\"filter: invert(0);\" src=\"https:\/\/magyar-misszio.ch\/wp-content\/uploads\/2021\/01\/Kapelle-leer-1000-300x200.jpg\" alt=\"\" width=\"300\" height=\"200\" data-id=\"2723\" srcset=\"https:\/\/magyar-misszio.ch\/wp-content\/uploads\/2021\/01\/Kapelle-leer-1000-300x200.jpg 300w, https:\/\/magyar-misszio.ch\/wp-content\/uploads\/2021\/01\/Kapelle-leer-1000-768x511.jpg 768w, https:\/\/magyar-misszio.ch\/wp-content\/uploads\/2021\/01\/Kapelle-leer-1000.jpg 1000w\" sizes=\"(max-width: 300px) 100vw, 300px\" \/><\/td><\/tr><tr><td style=\"width: 33.3333%;\"><img loading=\"lazy\" decoding=\"async\" class=\"alignnone size-medium wp-image-2724\" style=\"filter: invert(0);\" src=\"https:\/\/magyar-misszio.ch\/wp-content\/uploads\/2021\/01\/Grandchamp-300x225.jpg\" alt=\"\" width=\"300\" height=\"225\" data-id=\"2724\" srcset=\"https:\/\/magyar-misszio.ch\/wp-content\/uploads\/2021\/01\/Grandchamp-300x225.jpg 300w, https:\/\/magyar-misszio.ch\/wp-content\/uploads\/2021\/01\/Grandchamp-1024x768.jpg 1024w, https:\/\/magyar-misszio.ch\/wp-content\/uploads\/2021\/01\/Grandchamp-768x576.jpg 768w, https:\/\/magyar-misszio.ch\/wp-content\/uploads\/2021\/01\/Grandchamp-1536x1151.jpg 1536w, https:\/\/magyar-misszio.ch\/wp-content\/uploads\/2021\/01\/Grandchamp-2048x1535.jpg 2048w\" sizes=\"(max-width: 300px) 100vw, 300px\" \/><\/td><td style=\"width: 33.3333%;\"><img loading=\"lazy\" decoding=\"async\" class=\"alignnone size-medium wp-image-2726\" style=\"filter: invert(0);\" src=\"https:\/\/magyar-misszio.ch\/wp-content\/uploads\/2021\/01\/Sonnenhof-300x225.jpg\" alt=\"\" width=\"300\" height=\"225\" data-id=\"2726\" srcset=\"https:\/\/magyar-misszio.ch\/wp-content\/uploads\/2021\/01\/Sonnenhof-300x225.jpg 300w, https:\/\/magyar-misszio.ch\/wp-content\/uploads\/2021\/01\/Sonnenhof-1024x768.jpg 1024w, https:\/\/magyar-misszio.ch\/wp-content\/uploads\/2021\/01\/Sonnenhof-768x576.jpg 768w, https:\/\/magyar-misszio.ch\/wp-content\/uploads\/2021\/01\/Sonnenhof-1536x1152.jpg 1536w, https:\/\/magyar-misszio.ch\/wp-content\/uploads\/2021\/01\/Sonnenhof-2048x1536.jpg 2048w\" sizes=\"(max-width: 300px) 100vw, 300px\" \/><\/td><td style=\"width: 33.3333%;\"><img loading=\"lazy\" decoding=\"async\" class=\"alignnone size-medium wp-image-2727\" style=\"filter: invert(0);\" src=\"https:\/\/magyar-misszio.ch\/wp-content\/uploads\/2021\/01\/Kana-1000-300x208.jpg\" alt=\"\" width=\"300\" height=\"208\" data-id=\"2727\" srcset=\"https:\/\/magyar-misszio.ch\/wp-content\/uploads\/2021\/01\/Kana-1000-300x208.jpg 300w, https:\/\/magyar-misszio.ch\/wp-content\/uploads\/2021\/01\/Kana-1000-768x532.jpg 768w, https:\/\/magyar-misszio.ch\/wp-content\/uploads\/2021\/01\/Kana-1000.jpg 1000w\" sizes=\"(max-width: 300px) 100vw, 300px\" \/><\/td><\/tr><\/tbody><\/table><p><a href=\"#_ftnref1\" name=\"_ftn1\">[1]<\/a> A francia-Sv\u00e1jcn\u00e1l l\u00e9v\u0151 grandchamp-i \u00f6kumenikus szerzetesn\u0151v\u00e9rek, l\u00e1sd: <a href=\"http:\/\/www.grandchamp.org\/de\" target=\"_blank\" rel=\"noopener\">www.grandchamp.org\/de\u00a0<\/a>vagy <a href=\"https:\/\/www.sonnenhof-grandchamp.org\/\" target=\"_blank\" rel=\"noopener\">www.sonnenhof-grandchamp.org<\/a>4<\/p>\t\t\t\t\t\t\t\t<\/div>\n\t\t\t\t<\/div>\n\t\t\t\t\t<\/div>\n\t\t<\/div>\n\t\t\t\t\t<\/div>\n\t\t<\/section>\n\t\t\t\t<\/div>\n\t\t","protected":false},"excerpt":{"rendered":"<p>V\u00e1gy\u00f3djunk az egys\u00e9gre, im\u00e1dkozzunk az egys\u00e9g\u00e9rt lelk\u00fcnk egys\u00e9g\u00e9\u00e9rt Istennel embert\u00e1rsainkkal kereszt\u00e9ny t\u00e1rsainkkal Az oldal tartalma:Imah\u00e9tr\u0151l, 2021-es, 2022-es, 2024-es imaf\u00fczet, v\u00e1ltoztat\u00e1s sz\u00e1nd\u00e9kaA sv\u00e1jci \u00f6kumenikus szerzetesi k\u00f6z\u00f6ss\u00e9gr\u0151l\u00a0 \u00d6kumenikus imah\u00e9t Az egys\u00e9g\u00e9rt val\u00f3 im\u00e1ds\u00e1gok kiemelt alkalma az \u00e9vr\u0151l-\u00e9vre visszat\u00e9r\u0151 imah\u00e9t (Eur\u00f3p\u00e1ban janu\u00e1rban). Minden \u00e9vben a vil\u00e1gb\u00f3l valamelyik orsz\u00e1g kereszt\u00e9nyei[1] k\u00e9sz\u00edtik el\u0151 ezt az imahetet. 2021-ben sv\u00e1jci kereszt\u00e9nyek k\u00e9sz\u00edtett\u00e9k &hellip; <\/p>\n<p class=\"link-more\"><a href=\"https:\/\/magyar-misszio.ch\/?page_id=2695\" class=\"more-link\"><span class=\"screen-reader-text\">\u201eegys\u00e9g\u00e9rt\u201c<\/span> weiterlesen<\/a><\/p>\n","protected":false},"author":2,"featured_media":0,"parent":0,"menu_order":0,"comment_status":"closed","ping_status":"closed","template":"","meta":{"footnotes":""},"class_list":["post-2695","page","type-page","status-publish","hentry"],"_links":{"self":[{"href":"https:\/\/magyar-misszio.ch\/index.php?rest_route=\/wp\/v2\/pages\/2695","targetHints":{"allow":["GET"]}}],"collection":[{"href":"https:\/\/magyar-misszio.ch\/index.php?rest_route=\/wp\/v2\/pages"}],"about":[{"href":"https:\/\/magyar-misszio.ch\/index.php?rest_route=\/wp\/v2\/types\/page"}],"author":[{"embeddable":true,"href":"https:\/\/magyar-misszio.ch\/index.php?rest_route=\/wp\/v2\/users\/2"}],"replies":[{"embeddable":true,"href":"https:\/\/magyar-misszio.ch\/index.php?rest_route=%2Fwp%2Fv2%2Fcomments&post=2695"}],"version-history":[{"count":26,"href":"https:\/\/magyar-misszio.ch\/index.php?rest_route=\/wp\/v2\/pages\/2695\/revisions"}],"predecessor-version":[{"id":6912,"href":"https:\/\/magyar-misszio.ch\/index.php?rest_route=\/wp\/v2\/pages\/2695\/revisions\/6912"}],"wp:attachment":[{"href":"https:\/\/magyar-misszio.ch\/index.php?rest_route=%2Fwp%2Fv2%2Fmedia&parent=2695"}],"curies":[{"name":"wp","href":"https:\/\/api.w.org\/{rel}","templated":true}]}}