{"id":2760,"date":"2021-02-06T13:28:40","date_gmt":"2021-02-06T13:28:40","guid":{"rendered":"http:\/\/magyar-misszio.ch\/?page_id=2760"},"modified":"2021-03-08T17:59:19","modified_gmt":"2021-03-08T17:59:19","slug":"remenysugar","status":"publish","type":"page","link":"https:\/\/magyar-misszio.ch\/?page_id=2760","title":{"rendered":"remenysugar"},"content":{"rendered":"<p style=\"text-align: center;\"><span style=\"font-size: 18pt; color: #0000ff;\"><b>2021. nagyb\u00f6jt: egy s\u00falyosan beteg gyermeket gondoz\u00f3 magyar otthon t\u00e1mogat\u00e1sa<br \/>\n&#8211; Rem\u00e9nysug\u00e1r-projekt<\/b><\/span><\/p>\n<p>&nbsp;<\/p>\n<p style=\"text-align: left;\"><strong><span style=\"font-size: 14pt;\"><span style=\"color: #ff0000;\"><img fetchpriority=\"high\" decoding=\"async\" class=\"size-medium wp-image-2761 alignleft\" src=\"https:\/\/magyar-misszio.ch\/wp-content\/uploads\/2021\/02\/remenysugar1-300x211.jpg\" alt=\"\" width=\"300\" height=\"211\" data-id=\"2761\" srcset=\"https:\/\/magyar-misszio.ch\/wp-content\/uploads\/2021\/02\/remenysugar1-300x211.jpg 300w, https:\/\/magyar-misszio.ch\/wp-content\/uploads\/2021\/02\/remenysugar1.jpg 603w\" sizes=\"(max-width: 300px) 100vw, 300px\" \/><\/span><br \/>\nAz oldal tartalma:<br \/>\n<span style=\"color: #0000ff;\">&#8211; projekt bemutat\u00e1sa <a href=\"#projekt\">itt&#8230;<\/a><br \/>\n<\/span><\/span><\/strong><span style=\"color: #0000ff;\"><strong><span style=\"font-size: 14pt;\">&#8211; milyen m\u00f3dokon tud seg\u00edteni: <a href=\"#modok\">l\u00e1sd itt&#8230;<\/a><\/span><\/strong><\/span><\/p>\n<p>&nbsp;<\/p>\n<p>&nbsp;<\/p>\n<p><span style=\"font-size: 18pt; color: #ff0000;\"><strong><a id=\"projekt\"><\/a>Projekt bemutat\u00e1sa<\/strong><\/span><\/p>\n<p style=\"text-align: center;\"><strong><span style=\"font-size: 18pt; color: #0000ff;\"><b><img decoding=\"async\" class=\"size-medium wp-image-2762 alignleft\" src=\"https:\/\/magyar-misszio.ch\/wp-content\/uploads\/2021\/02\/remenysugar2-300x177.jpg\" alt=\"\" width=\"300\" height=\"177\" data-id=\"2762\" srcset=\"https:\/\/magyar-misszio.ch\/wp-content\/uploads\/2021\/02\/remenysugar2-300x177.jpg 300w, https:\/\/magyar-misszio.ch\/wp-content\/uploads\/2021\/02\/remenysugar2.jpg 702w\" sizes=\"(max-width: 300px) 100vw, 300px\" \/><\/b><\/span>A P\u00e1pai Misszi\u00f3s M\u0171vek magyarorsz\u00e1gi szervezet\u00e9nek<br \/>\n(<\/strong>Benvin Sebastian atya) 2021-es t\u00e1mogat\u00e1si projektje<br \/>\n<a href=\"http:\/\/papaimisszio.hu\/hu\/donations\/\">http:\/\/papaimisszio.hu\/<\/a>\u00a0 &#8211; honlapujukra k\u00e9s\u0151bb ker\u00fcl fel<\/p>\n<p><strong>Le\u00edr\u00e1s Sebastian aty\u00e1t\u00f3l:<\/strong><\/p>\n<p style=\"text-align: center;\"><strong>REM\u00c9NYSUG\u00c1R OTTHON<\/strong><\/p>\n<p style=\"text-align: justify;\">Kedves Testv\u00e9rek!\u00a0Szeretettel k\u00f6sz\u00f6ntelek benneteket. Az idei gyermekmisszi\u00f3s projekt\u00fcnket aj\u00e1nlom sz\u00edves figyelmetekbe. Ha van r\u00e1 m\u00f3d seg\u00edteni, nagyon h\u00e1l\u00e1sak lenn\u00e9nk. Val\u00f3ban r\u00e1szorulnak. P\u00e9nzadom\u00e1nyt nem fogadnak el. Ez\u00e9rt egy olyan sz\u00e1ml\u00e1t fogok nyitni, amely csak ezt a c\u00e9lt fogja szolg\u00e1lni. Minden adom\u00e1nyt, amely erre a sz\u00e1ml\u00e1ra \u00e9rkezik, arra ford\u00edtunk, hogy megv\u00e1s\u00e1roljuk a felsorolt t\u00e1rgyakat \u00e9s ezeket eljuttattom hozz\u00e1juk.<\/p>\n<p style=\"text-align: justify;\">Az \u00e1llami fenntart\u00e1s\u00fa Rem\u00e9nysug\u00e1r Otthon Balassagyarmaton, N\u00f3gr\u00e1d megye nagy t\u00f6rt\u00e9nelmi m\u00falt\u00fa sz\u00e9p kisv\u00e1ros\u00e1ban tal\u00e1lhat\u00f3. A di\u00f3sjenei \u00e9s a berceli otthon k\u00f6z\u00f6s igazgat\u00e1sa al\u00e1 tartoznak. ( A h\u00e1rom otthonnak egy igazgat\u00f3ja van.)<\/p>\n<p>Jelenleg 83 f\u0151 gondozottat l\u00e1tnak el.<\/p>\n<p style=\"text-align: justify;\">Az otthon \u00e9p\u00fclete eredetileg csecsem\u0151otthonnak k\u00e9sz\u00fclt, \u00edgy jelenlegi funkci\u00f3inak az ell\u00e1t\u00e1s\u00e1ra neh\u00e9zkesen lehet megfelel\u0151v\u00e9 tenni.<\/p>\n<p>T\u00f6bb egys\u00e9gb\u0151l \u00e1ll:<\/p>\n<ul>\n<li style=\"text-align: justify;\">Anyasz\u00e1ll\u00f3<br \/>\nItt \u00e1tmenetileg kapnak elhelyez\u00e9st olyan \u00e9desany\u00e1k gyermek\u00fckkel, gyermekeikkel, akik kr\u00edzishelyzetbe ker\u00fcltek. Olyan \u00e9lethelyzetben vannak, amely nem teszi lehet\u0151v\u00e9 a gyermekek norm\u00e1lis gondoz\u00e1s\u00e1t a csal\u00e1d keretein bel\u00fcl. Ittl\u00e9t\u00fck alatt seg\u00edts\u00e9get kapnak nem csak a sz\u00e1ll\u00e1s biztos\u00edt\u00e1s\u00e1ban, hanem az anyai szerepre val\u00f3 felk\u00e9sz\u00edt\u00e9sben is. T\u00f6bben \u00e1llami gondozottk\u00e9nt n\u0151ttek fel, nincs mint\u00e1juk a csal\u00e1dr\u00f3l, nincsenek ismereteik a gyermekgondoz\u00e1sr\u00f3l, sokszor \u00e9rzelmileg sem alkalmasak az anyas\u00e1gra.<\/li>\n<\/ul>\n<ul>\n<li style=\"text-align: justify;\">Csecsem\u0151k elhelyez\u00e9s\u00e9re szolg\u00e1l\u00f3 r\u00e9sz<br \/>\nIde a sz\u00fclet\u00e9s\u00fckkor k\u00f3rh\u00e1zban hagyott csecsem\u0151k ker\u00fclnek, akiket \u00e1ltal\u00e1ban el\u00e9g r\u00f6vid id\u0151n bel\u00fcl \u00f6r\u00f6kbe fogadnak. Eg\u00e9szs\u00e9gesek, de sz\u00fcleik nem gondoskodnak r\u00f3luk.<\/li>\n<\/ul>\n<ul>\n<li style=\"text-align: justify;\">S\u00falyos, halmozottan fogyat\u00e9kos gondozottak<br \/>\n3 pavilonban vannak elhelyezve az itt l\u00e9v\u0151 gondozottak.<br \/>\n1.Az egyik r\u00e9szben vannak a nagyon s\u00falyos, mozg\u00e1sra alig, vagy egy\u00e1ltal\u00e1n nem k\u00e9pes ell\u00e1tottak. Az \u0151 gondoz\u00e1suk ig\u00e9nyli a legnagyobb figyelmet, odaad\u00e1st. Test\u00fcket \u00f3vni kell a felfekv\u00e9sekt\u0151l, t\u00e1pl\u00e1lkoz\u00e1sukhoz p\u00e9pes\u00edteni kell az \u00e9lelmiszereket. Pelenk\u00e1zni, mosdatni, etetni kell \u0151ket. Vannak, akiket szond\u00e1n kereszt\u00fcl t\u00e1pl\u00e1lnak. Teljes ell\u00e1t\u00e1st ig\u00e9nyelnek. \u00c1ltal\u00e1ban \u00e9rtelmileg is s\u00falyosan fogyat\u00e9kosok. Egy gondozottjuk sz\u00e1nk\u00f3baleset ut\u00e1n v\u00e1lt eg\u00e9szs\u00e9ges gyermekb\u0151l teljesen mozg\u00e1sk\u00e9ptelenn\u00e9. \u00c9rtelme \u00e9pp, de kifejezni nem tudja mag\u00e1t, mozogni nem tud. Ide t\u00f6bbnyire csal\u00e1dokb\u00f3l ker\u00fclnek a gyerekek. Ell\u00e1t\u00e1sukat a csal\u00e1d nem k\u00e9pes biztos\u00edtani. \u00c9let\u00fck v\u00e9g\u00e9ig itt maradhatnak. Sok s\u00falyos betegs\u00e9g\u00fck miatt gyakori k\u00f6zt\u00fck a hal\u00e1loz\u00e1s, az id\u0151s kort \u00e1ltal\u00e1ban nem \u00e9lik meg. Egy-k\u00e9t gondozott tud f\u00f6lkelni k\u00f6z\u00fcl\u00fck, a t\u00f6bbiek mozg\u00e1sra teljesen k\u00e9ptelenek.<br \/>\n2.K\u00e9t pavilonban f\u00f6lj\u00e1r\u00f3k kapnak elhelyez\u00e9st. \u0150k is s\u00falyosan fogyat\u00e9kosok, ell\u00e1t\u00e1sra szorulnak, de valamilyen szint\u0171 mozg\u00e1sra k\u00e9pesek, nem fekv\u0151k.<br \/>\nA 3.\u00a0 pavilon lak\u00f3i mindannyian kiz\u00e1r\u00f3 gondnoks\u00e1g alatt vannak. S\u00falyos \u00e9rtelmi, mozg\u00e1sszervi fogyat\u00e9kosok. T\u00f6bben tol\u00f3kocsival k\u00f6zlekednek.<\/li>\n<\/ul>\n<ul>\n<li style=\"text-align: justify;\">Lak\u00f3otthon<br \/>\nItt olyan \u00e9rtelmi, mozg\u00e1sszervi fogyat\u00e9kosok laknak, akik a t\u00f6bbiekt\u0151l \u00f6n\u00e1ll\u00f3bbak. T\u00f6bbs\u00e9g\u00fck j\u00e1r\u00f3k\u00e9pes. 2 \u00e1gyas szob\u00e1kban vannak elhelyezve. 24 \u00f3r\u00e1s fel\u00fcgyeletet ig\u00e9nyelnek. Sz\u00e1mukra fejleszt\u0151 foglalkoz\u00e1sokat szerveznek.<\/li>\n<\/ul>\n<p>Az otthon lak\u00f3i, a gondoz\u00f3k mindenf\u00e9le adom\u00e1nyt h\u00e1l\u00e1san fogadnak. Mindennapjaikat k\u00f6nny\u00edten\u00e9k a k\u00f6vetkez\u0151 dolgok:<br \/>\nruh\u00e1k (gombok n\u00e9lk\u00fcliek, farmerok nem, hiszen pelenk\u00e1t haszn\u00e1lnak), \u00e1gynem\u0171k<br \/>\npl\u00e9dek, matracok, haszn\u00e1lt b\u00fatorok, az \u00e9lelmiszerek p\u00e9pest\u00e9s\u00e9hez burgonyanyom\u00f3, turmix, gy\u00fcm\u00f6lcscentrifuga, v\u00edzforral\u00f3, porsz\u00edv\u00f3, mos\u00f3g\u00e9p, vasal\u00f3k, sz\u00e1r\u00edt\u00f3g\u00e9p, tiszt\u00e1lkod\u00e1si szerek, h\u0171t\u0151, sz\u0151nyegek, konyhai eszk\u00f6z\u00f6k (faz\u00e9k, kancs\u00f3, m\u0171anyag poh\u00e1r), tart\u00f3s \u00e9lelmiszerek.<\/p>\n<p style=\"text-align: justify;\">A le\u00edrtakat az otthon dolgoz\u00f3j\u00e1t\u00f3l tudom, aki 30 \u00e9ve gondozza a legelesettebbeket. Lak\u00f3hely\u00e9n (Patakon) egyh\u00e1zk\u00f6sz\u00e9g\u00e9nek akt\u00edv tagja, akolitus.<\/p>\n<p>Isten vigy\u00e1zzon r\u00e1tok ebben a neh\u00e9z helyzetben.<br \/>\nIm\u00e1val:<br \/>\nBenvin Sebastian atya<br \/>\n<a id=\"modok\"><\/a>P\u00e1pai Misszi\u00f3s M\u0171vek igazgat\u00f3ja<br \/>\n(l\u00e1sd m\u00e9g a honlapujukon <a href=\"http:\/\/papaimisszio.hu\/hu\/news\/item:Remenysugar-szeretetotthon\" target=\"_blank\" rel=\"noopener\">ide kattintva&#8230;<\/a>)<\/p>\n<p><span style=\"color: #ff0000;\"><strong><span style=\"font-size: 18pt;\">Milyen m\u00f3dokon tud seg\u00edteni?<span style=\"color: #800080;\"> (m\u00e1rc. v\u00e9g\u00e9ig)<\/span><\/span><\/strong><\/span><\/p>\n<ol>\n<li>2021. m\u00e1rc. 7-\u00e9n \u00e9s 14-\u00e9n templomi persellyel<\/li>\n<li>\u00c1tutal\u00e1ssal a St. Stephan Verein sz\u00e1ml\u00e1j\u00e1ra, Rem\u00e9nysug\u00e1r (Remenysugar) megjel\u00f6l\u00e9ssel (Verein St. Stephan, Z\u00fcrich 8057, Winterthurerstrasse 135,IBAN: CH59 0070 0112 8001 3211 1).<\/li>\n<li><span style=\"font-size: 1rem;\">Forint-\u00e1tutal\u00e1ssal a Testi-Lelki Seg\u00edts\u00e9g K\u00f6zhaszn\u00fa Alap\u00edtv\u00e1ny sz\u00e1ml\u00e1j\u00e1ra (<\/span><a style=\"font-size: 1rem;\" href=\"http:\/\/www.eljvele.hu\/alapitvany\/\" target=\"_blank\" rel=\"noopener\">honlap itt&#8230;<\/a><span style=\"font-size: 1rem;\">). Ez pl\u00e9b\u00e1nosunk karitat\u00edv alap\u00edtv\u00e1nya, melyet magyarorsz\u00e1gi \u00f6nk\u00e9ntesek ellenszolg\u00e1ltat\u00e1s n\u00e9lk\u00fcl kezelnek. (Testi-Lelki Seg\u00edts\u00e9g K\u00f6zhaszn\u00fa Alap\u00edtv\u00e1ny, 2220 Vecs\u00e9s, Erzs\u00e9bet t\u00e9r 2., IBAN: <\/span>HU08107012766898257151100005,\u00a0<span style=\"font-size: 1rem;\">BIC: CIBHHUHB. \u00cdrjuk oda a c\u00e9lt: pl. Rem\u00e9nysug\u00e1r.)<\/span><\/li>\n<li>Mobiltelefonja seg\u00edts\u00e9g\u00e9vel a k\u00f6vetkez\u0151 QR-k\u00f3ddal: <img decoding=\"async\" class=\"size-full wp-image-2768 alignright\" src=\"https:\/\/magyar-misszio.ch\/wp-content\/uploads\/2021\/02\/remenysugar-QR-Code.png\" alt=\"\" width=\"153\" height=\"153\" data-id=\"2768\" srcset=\"https:\/\/magyar-misszio.ch\/wp-content\/uploads\/2021\/02\/remenysugar-QR-Code.png 153w, https:\/\/magyar-misszio.ch\/wp-content\/uploads\/2021\/02\/remenysugar-QR-Code-150x150.png 150w, https:\/\/magyar-misszio.ch\/wp-content\/uploads\/2021\/02\/remenysugar-QR-Code-100x100.png 100w\" sizes=\"(max-width: 153px) 100vw, 153px\" \/><\/li>\n<li>Bankk\u00e1rty\u00e1val az al\u00e1bbi k\u00e9pre kattintva:<br \/>\n<a href=\"https:\/\/www.paypal.com\/donate?hosted_button_id=8VAT9ZATQ4D3E\" target=\"_blank\" rel=\"noopener\"><img loading=\"lazy\" decoding=\"async\" class=\"size-medium wp-image-2763 aligncenter\" src=\"https:\/\/magyar-misszio.ch\/wp-content\/uploads\/2021\/02\/remens.jpg-300x127.jpg\" alt=\"\" width=\"300\" height=\"127\" data-id=\"2763\" srcset=\"https:\/\/magyar-misszio.ch\/wp-content\/uploads\/2021\/02\/remens.jpg-300x127.jpg 300w, https:\/\/magyar-misszio.ch\/wp-content\/uploads\/2021\/02\/remens.jpg.jpg 734w\" sizes=\"(max-width: 300px) 100vw, 300px\" \/><\/a><\/li>\n<\/ol>\n<p style=\"text-align: center;\"><em><span style=\"font-size: 10pt;\">P\u00e1r m\u00e1sodpercet v\u00e1rni kell az oldal bet\u00f6lt\u00e9s\u00e9ig.<br \/>\n<\/span><\/em><em><span style=\"font-size: 10pt;\">(ez a bankk\u00e1rty\u00e1s fizet\u00e9s a vil\u00e1g egyik legismertebb fizet\u0151-rendszer\u00e9n, a Paypal-on kereszt\u00fcl t\u00f6rt\u00e9nik, teh\u00e1t banki szint\u0171 a biztons\u00e1ga)<\/span><\/em><img loading=\"lazy\" decoding=\"async\" src=\"https:\/\/www.paypal.com\/de_CH\/i\/scr\/pixel.gif\" alt=\"\" width=\"1\" height=\"1\" border=\"0\" \/><\/p>\n<hr \/>\n<p><img loading=\"lazy\" decoding=\"async\" class=\"size-medium wp-image-519 alignleft\" src=\"https:\/\/magyar-misszio.ch\/wp-content\/uploads\/2018\/08\/egyutt-300x146.jpg\" alt=\"\" width=\"300\" height=\"146\" data-id=\"519\" srcset=\"https:\/\/magyar-misszio.ch\/wp-content\/uploads\/2018\/08\/egyutt-300x146.jpg 300w, https:\/\/magyar-misszio.ch\/wp-content\/uploads\/2018\/08\/egyutt.jpg 576w\" sizes=\"(max-width: 300px) 100vw, 300px\" \/><span style=\"font-size: 14pt;\"><span style=\"color: #ff0000;\"><strong>K\u00f6z\u00f6ss\u00e9g\u00fcnk karit\u00e1sz-csoportj\u00e1r\u00f3l<\/strong><\/span>, c\u00e9lokr\u00f3l, \u00f6szefog\u00e1sokr\u00f3l l\u00e1sd karit\u00e1sz-oldalunkat <a href=\"https:\/\/magyar-misszio.ch\/?page_id=783\">ide kattintva&#8230;.<\/a><\/span><\/p>\n","protected":false},"excerpt":{"rendered":"<p>2021. nagyb\u00f6jt: egy s\u00falyosan beteg gyermeket gondoz\u00f3 magyar otthon t\u00e1mogat\u00e1sa &#8211; Rem\u00e9nysug\u00e1r-projekt &nbsp; Az oldal tartalma: &#8211; projekt bemutat\u00e1sa itt&#8230; &#8211; milyen m\u00f3dokon tud seg\u00edteni: l\u00e1sd itt&#8230; &nbsp; &nbsp; Projekt bemutat\u00e1sa A P\u00e1pai Misszi\u00f3s M\u0171vek magyarorsz\u00e1gi szervezet\u00e9nek (Benvin Sebastian atya) 2021-es t\u00e1mogat\u00e1si projektje http:\/\/papaimisszio.hu\/\u00a0 &#8211; honlapujukra k\u00e9s\u0151bb ker\u00fcl fel Le\u00edr\u00e1s Sebastian aty\u00e1t\u00f3l: REM\u00c9NYSUG\u00c1R OTTHON Kedves &hellip; <\/p>\n<p class=\"link-more\"><a href=\"https:\/\/magyar-misszio.ch\/?page_id=2760\" class=\"more-link\"><span class=\"screen-reader-text\">\u201eremenysugar\u201c<\/span> weiterlesen<\/a><\/p>\n","protected":false},"author":2,"featured_media":0,"parent":0,"menu_order":0,"comment_status":"closed","ping_status":"closed","template":"","meta":{"footnotes":""},"class_list":["post-2760","page","type-page","status-publish","hentry"],"_links":{"self":[{"href":"https:\/\/magyar-misszio.ch\/index.php?rest_route=\/wp\/v2\/pages\/2760","targetHints":{"allow":["GET"]}}],"collection":[{"href":"https:\/\/magyar-misszio.ch\/index.php?rest_route=\/wp\/v2\/pages"}],"about":[{"href":"https:\/\/magyar-misszio.ch\/index.php?rest_route=\/wp\/v2\/types\/page"}],"author":[{"embeddable":true,"href":"https:\/\/magyar-misszio.ch\/index.php?rest_route=\/wp\/v2\/users\/2"}],"replies":[{"embeddable":true,"href":"https:\/\/magyar-misszio.ch\/index.php?rest_route=%2Fwp%2Fv2%2Fcomments&post=2760"}],"version-history":[{"count":8,"href":"https:\/\/magyar-misszio.ch\/index.php?rest_route=\/wp\/v2\/pages\/2760\/revisions"}],"predecessor-version":[{"id":2875,"href":"https:\/\/magyar-misszio.ch\/index.php?rest_route=\/wp\/v2\/pages\/2760\/revisions\/2875"}],"wp:attachment":[{"href":"https:\/\/magyar-misszio.ch\/index.php?rest_route=%2Fwp%2Fv2%2Fmedia&parent=2760"}],"curies":[{"name":"wp","href":"https:\/\/api.w.org\/{rel}","templated":true}]}}