{"id":278,"date":"2018-03-13T11:14:57","date_gmt":"2018-03-13T11:14:57","guid":{"rendered":"http:\/\/magyar-misszio.ch\/?page_id=278"},"modified":"2025-10-09T11:09:23","modified_gmt":"2025-10-09T11:09:23","slug":"imalanc","status":"publish","type":"page","link":"https:\/\/magyar-misszio.ch\/?page_id=278","title":{"rendered":"imalanc"},"content":{"rendered":"\t\t<div data-elementor-type=\"wp-page\" data-elementor-id=\"278\" class=\"elementor elementor-278\" data-elementor-post-type=\"page\">\n\t\t\t\t\t\t<section class=\"elementor-section elementor-top-section elementor-element elementor-element-479c9502 elementor-section-boxed elementor-section-height-default elementor-section-height-default\" data-id=\"479c9502\" data-element_type=\"section\">\n\t\t\t\t\t\t<div class=\"elementor-container elementor-column-gap-default\">\n\t\t\t\t\t<div class=\"elementor-column elementor-col-100 elementor-top-column elementor-element elementor-element-2df26eca\" data-id=\"2df26eca\" data-element_type=\"column\">\n\t\t\t<div class=\"elementor-widget-wrap elementor-element-populated\">\n\t\t\t\t\t\t<div class=\"elementor-element elementor-element-541ee086 elementor-widget elementor-widget-text-editor\" data-id=\"541ee086\" data-element_type=\"widget\" data-widget_type=\"text-editor.default\">\n\t\t\t\t<div class=\"elementor-widget-container\">\n\t\t\t\t\t\t\t\t\t<p style=\"text-align: center;\"><span style=\"font-size: 24pt; font-family: impact, sans-serif; color: #ff0000;\">Egyh\u00e1zk\u00f6zs\u00e9gi imal\u00e1nc<\/span><\/p>\n<p style=\"text-align: justify;\"><span style=\"font-size: 14pt;\">Az imal\u00e1nc egy k\u00fcl\u00f6nleges form\u00e1ja az ima\u00f6sszefog\u00e1snak. Nem kell hozz\u00e1 tal\u00e1lkoznunk, csup\u00e1n sz\u00f3lunk egym\u00e1snak, hogy van egy sz\u00e1nd\u00e9k: seg\u00edts ez\u00e9rt vagy az\u00e9rt im\u00e1dkozni! N\u00e9zz\u00fcnk n\u00e9h\u00e1ny p\u00e9ld\u00e1t: &#8211; valakit \u00e9ppen m\u0171t\u00e9tre visznek vagy s\u00falyos beteg lesz stb. M\u00e1sik p\u00e9lda: valaki a k\u00f6z\u00f6ss\u00e9g\u00fcnkben elvesz\u00edti a munkahely\u00e9t, \u00e9s k\u00e9ri, hogy im\u00e1dkozzunk megold\u00e1s\u00e9rt\u2026 Ezt a sz\u00e1nd\u00e9kot egym\u00e1st\u00f3l k\u00e9rhetj\u00fck emailben (vagy telefonon sz\u00f3lva egym\u00e1snak), \u00e9s csak annyi a feladat, hogy legal\u00e1bb egy foh\u00e1szt mondjunk: pl. Irgalmas J\u00e9zus seg\u00edtsd \u0151(ke)t!&#8230;<\/span><\/p>\n<p style=\"text-align: justify;\"><span style=\"font-size: 14pt;\"><strong><u>Milyen k\u00f6telezetts\u00e9g<\/u><\/strong> van?: nem sok, csak legal\u00e1bb egy foh\u00e1szt kell mondani magadban a k\u00e9rt sz\u00e1nd\u00e9kra, vagy napi im\u00e1dat felaj\u00e1nlani arra is. B\u00e1r k\u00fcldhet\u00fcnk im\u00e1ds\u00e1gokat is egym\u00e1snak, de ez nem k\u00f6telez\u0151. (Teh\u00e1t otthonr\u00f3l im\u00e1dkozunk, nem kell ehhez elj\u00f6nni a templomba.)<\/span><\/p>\n<p style=\"text-align: justify;\"><span style=\"font-size: 14pt;\"><span style=\"text-decoration: underline;\">Id\u0151nk\u00e9nt eljut teh\u00e1t\u00a0hozz\u00e1d egy-egy k\u00e9r\u00e9s,<\/span> hogy mi\u00e9rt im\u00e1dkozzunk<u>, \u00e9s te magad is tudod k\u00e9rni a t\u00f6bbieket<\/u>, hogy mi\u00e9rt im\u00e1dkozzanak.<\/span><\/p>\n<p style=\"text-align: justify;\"><span style=\"font-size: 14pt;\"><u>Hogyan lehet<\/u> az egyh\u00e1zk\u00f6zs\u00e9gi imal\u00e1nchoz tartozni? T\u00f6bbf\u00e9lek\u00e9ppen:<\/span>\n<span style=\"font-size: 14pt;\"> &#8211; akinek van <u>email-je, l\u00e9trehoztunk egy k\u00fcl\u00f6nleges list\u00e1t<\/u>, amire csak azok \u00edrhatnak, \u00e9s csak azok kapj\u00e1k meg, akik a tagjaik. Ez teh\u00e1t egy z\u00e1rt lista, de csak \u00edgy lehet bizalmasan \u00edrni r\u00e1.\u00a0\u00a0\u00a0\u00a0\u00a0\u00a0 <\/span>\n<span style=\"font-size: 14pt;\"> &#8211; <u>akiknek nincs emailj\u00fck<\/u>, azok is lehetnek tagjai? Persze, az imal\u00e1ncban \u00fagy is benne lehet lenni, ha valakit csak telefonon vagy szem\u00e9lyesen tudunk el\u00e9rni. Ilyenkor mindenki sz\u00e1m\u00e1ra sz\u00fcks\u00e9ges egy kapcsolat-ember (\u201el\u00e1ncszem\u201d), aki az (emailes) \u00fczenetet is tov\u00e1bbadja neki.<\/span>\n<span style=\"font-size: 14pt;\"> \u00a0\u00a0\u00a0\u00a0\u00a0\u00a0\u00a0\u00a0<span style=\"color: #ff0000;\"> V\u00e1rjuk a jelentkez\u00e9sedet r\u00e1<\/span>. Jelentkezni lehet most itt vagy b\u00e1rhogyan: szem\u00e9lyesen, telefonon, emailen\u2026\u00a0\u00a0\u00a0\u00a0\u00a0\u00a0\u00a0\u00a0<\/span><\/p>\n<p style=\"text-align: justify;\"><span style=\"font-size: 14pt; color: #008080;\">A jelentkez\u00e9s\u00a0 feldolgoz\u00e1sa ut\u00e1n megk\u00fcldj\u00fck\u00a0 az imal\u00e1nc email-c\u00edm\u00e9t \u00e9s annak t\u00e1rhely\u00e9t, ahol egyre b\u0151v\u00fcl\u0151 sz\u00e9p im\u00e1ds\u00e1gokat lehet majd id\u0151vel tal\u00e1lni.<\/span><\/p>\n\n<div style=\"color: red; text-align: center;\">\n\n<span style=\"font-size: 18pt;\"><strong>JELENTKEZ\u00c9S:<\/strong><\/span>\n\n<\/div>\n<!-- ListaMester URLAP KEZDETE -->\n\n<div class=\"LMSubscribeForm\">\n<form id=\"lmForm133139\" action=\"https:\/\/listamester.hu\/restApi\/srv\/processSubscription\" method=\"POST\" accept-charset=\"UTF-8\" target=\"_top\">\n                            <div id=\"formBox133139\" class=\"LMFormBox LMblocked LMtopLabel LMrounded LMverticalGapClassic LMbw\">\n                                <div class=\"titleBox\">\n            <div class=\"fixFormTextElement\">Imal\u00e1ncba feliratkoz\u00e1s<\/div>\n        <\/div>\n                                <div class=\"subtitleBox\">\n            <div class=\"fixFormTextElement\">emailes bels\u0151 lista<\/div>\n        <\/div>\n                                <div class=\"controlsBox\">\n                                    <div class=\"fieldsetBox\"><div class=\"fieldContainer\">\n                <div class=\"fieldInner\">\n                    <div class=\"fieldsetBox\">\n                        <div class=\"controlContainer lm_email_box\">\n            <label class=\"labelText\" style=\"vertical-align: middle;\">Email<\/label>\n            <div class=\"inputContainer\">\n                <input type=\"email\" placeholder=\"Email\" name=\"LM_Email49888\" required id=\"email_49888\" title=\"\">\n                <i class=\"LMbar\"><\/i>\n            <\/div>\n                        <\/div>\n                    <\/div>\n                <\/div>\n            <\/div><div class=\"fieldContainer\">\n                <div class=\"fieldInner\">\n                    <div class=\"fieldsetBox\">\n                        <div class=\"controlContainer lm_name_box\">\n            <label class=\"labelText\" style=\"vertical-align: middle;\">N\u00e9v<\/label>\n            <div class=\"inputContainer\">\n                <input type=\"text\" placeholder=\"N\u00e9v\" name=\"LM_Name49888\" required id=\"name_49888\" title=\"\" value=\"\" >\n                <i class=\"LMbar\"><\/i>\n            <\/div>\n                        <\/div>\n                    <\/div>\n                <\/div>\n            <\/div><div class=\"fieldContainer\">\n                <div class=\"fieldInner\">\n                    <div class=\"fieldsetBox\">\n                        <div class=\"controlContainer lm_input_box_99502\">\n            <label class=\"labelText\" style=\"vertical-align: middle;\">keresztn\u00e9v, megsz\u00f3l\u00edt\u00e1s<\/label>\n            <div class=\"inputContainer\">\n                <input type=\"text\" placeholder=\"keresztn\u00e9v, megsz\u00f3l\u00edt\u00e1s\" name=\"LM_Answer99502\" required id=\"formControlID737012\" title=\"\" value=\"\" >\n                <i class=\"LMbar\"><\/i>\n            <\/div>\n                        <\/div>\n                    <\/div>\n                <\/div>\n            <\/div><div class=\"fieldContainer\">\n                <div class=\"fieldInner\">\n                    <div class=\"fieldsetBox\">\n                        <div class=\"controlContainer lm_input_box_99503\">\n            <label class=\"labelText\" style=\"vertical-align: middle;\">mobil-telefonsz\u00e1m (Handy, Natel)<\/label>\n            <div class=\"inputContainer\">\n                <input type=\"text\" placeholder=\"mobil-telefonsz\u00e1m (Handy, Natel)\" name=\"LM_Answer99503\" id=\"formControlID737014\" title=\"\" value=\"\" >\n                <i class=\"LMbar\"><\/i>\n            <\/div>\n                        <\/div>\n                    <\/div>\n                <\/div>\n            <\/div><div class=\"fieldContainer\">\n                <div class=\"fieldInner\">\n                    <div class=\"fieldsetBox\">\n                        <div class=\"controlContainer lm_input_box_99510\">\n            <label class=\"labelText\" style=\"vertical-align: middle;\">megjegyz\u00e9s, \u00fczenet<\/label>\n            <div class=\"inputContainer\">\n                <textarea placeholder=\"megjegyz\u00e9s, \u00fczenet\" name=\"LM_Answer99510\" id=\"formControlID737016\" title=\"\" ><\/textarea>\n                <i class=\"LMbar\"><\/i>\n            <\/div>\n                        <\/div>\n                    <\/div>\n                <\/div>\n            <\/div><\/div>\n                                    <div class=\"buttonFieldsetBox\">\n                                        <button type=\"submit\" class=\"LMsubmitBtn\" id=\"formControlID737001\" title=\"\">K\u00fcld\u00e9s<\/button>\n                                    <\/div>\n                                <\/div>\n                                <div class=\"footnoteBox\">\n            <div class=\"fixFormTextElement\">L\u00e1bjegyzet<\/div>\n        <\/div>\n                                <input id=\"LMInviter_133139\" type=\"hidden\" name=\"LM_InvitedBy\">\n                                <input id=\"LMVisitor_133139\" type=\"hidden\" name=\"LM_VisitedBy\">\n                                <input id=\"LMPartner_133139\" type=\"hidden\" name=\"LM_Partner\">\n                                <input id=\"LMSubscriptionUrl_133139\" type=\"hidden\" name=\"LM_SubscriptionUrl\" value=\"https:\/\/listamester.hu\/formEditor\/\">\n                                <script>\n                                    function FillGetParams() {\n                                        var url = window.location.href.toString();\n                                        document.getElementById('LMSubscriptionUrl_133139').value = url;\n                                        if(url.indexOf('?')>=0) {\n                                            var qstr = url.split('?')[1];\n                                            var qpars = qstr.split('&');\n                                            for (var i=0; i<qpars.length; i++) {\n                                                var nv = qpars[i].split('=');\n                                                var name = nv[0];\n                                                var val = nv[1];\n                                                if (name==='inviter') {\n                                                    document.getElementById('LMInviter_133139').value = val;\n                                                }\n                                                if (name==='visitor') {\n                                                    document.getElementById('LMVisitor_133139').value = val;\n                                                }\n                                                if (name==='partner') {\n                                                    document.getElementById('LMPartner_133139').value = val;\n                                                }\n                                            }\n                                        }\n                                    }\n                                    setTimeout(FillGetParams, 1000);\n                                <\/script>\n                            <\/div>\n                        <input type=\"hidden\" name=\"LM_GroupID\" value=\"49888\"\/>\n<input type=\"hidden\" name=\"LM_FormID\" value=\"20293\"\/>\n<\/form>\n<\/div>\n<script>\ndocument.getElementById(\"lmForm133139\").addEventListener(\"submit\", function(event) {\n  var sbtn = document.getElementsByClassName(\"LMsubmitBtn\")[0];\n  sbtn.disabled = true;\n  sbtn.style.textDecoration = \"underline\";\n  sbtn.classList.add(\"LMBlinking\");\n});\n<\/script>\n<script>\nfunction LMInitSubscriptionDataUpdater() {\n    var params = new URLSearchParams(window.location.search);\n    var mid = params.get('mid');\n    if (!!mid) {\n        var xhr = new XMLHttpRequest();\n        var url = '\/restApi\/srv\/ObtainMemberDetails\/' + mid;\n        xhr.open(\"GET\", url, true);\n        xhr.onreadystatechange = function () {\n            if (this.readyState === 4 && this.status === 200) {\n                var m = JSON.parse(this.responseText);\n                if (!m) return;\n                var gid = m['groupId'];\n                if (!gid) return;\n                document.getElementsByName('LM_VisitedBy')[0].value = m.id;\n                for (var key in m) {\n                    var values = m[key];\n                    for (var vidx = 0; vidx < values.length; vidx++) {\n                        var value = values[vidx];\n                        var ctrls = document.getElementsByName(key);\n                        if (ctrls &#038;&#038; ctrls.length > 0) {\n                            var ctrl0 = ctrls[0];\n                            if (ctrl0.tagName === 'INPUT') {\n                                switch (ctrl0.type) {\n                                    case 'radio':\n                                    case 'checkbox':\n                                        for (var i = 0; i < ctrls.length; i++) {\n                                            ctrl = ctrls[i];\n                                            if (ctrl.value === value) ctrl.checked = true;\n                                        }\n                                        break;\n                                    default:\n                                        \/\/ text, email\n                                        ctrl0.value = value;\n                                }\n                            } else {\n                                \/\/ tagName === SELECT\n                                if (ctrl0.multiple) {\n                                    for (var i = 0; i < ctrl0.options.length; i++) {\n                                        var o = ctrl0.options[i];\n                                        if (o.value === value) o.selected = true;\n                                    }\n                                } else {\n                                    ctrl0.value = value;\n                                }\n                            }\n                        }\n                    }\n                }\n            }\n        };\n        xhr.send();        \n    }\n}\nLMInitSubscriptionDataUpdater();\n<\/script>\n<!-- ListaMester URLAP VEGE -->\n\n&nbsp;\n\n&nbsp;\t\t\t\t\t\t\t\t<\/div>\n\t\t\t\t<\/div>\n\t\t\t\t\t<\/div>\n\t\t<\/div>\n\t\t\t\t\t<\/div>\n\t\t<\/section>\n\t\t\t\t<\/div>\n\t\t","protected":false},"excerpt":{"rendered":"<p>Egyh\u00e1zk\u00f6zs\u00e9gi imal\u00e1nc Az imal\u00e1nc egy k\u00fcl\u00f6nleges form\u00e1ja az ima\u00f6sszefog\u00e1snak. Nem kell hozz\u00e1 tal\u00e1lkoznunk, csup\u00e1n sz\u00f3lunk egym\u00e1snak, hogy van egy sz\u00e1nd\u00e9k: seg\u00edts ez\u00e9rt vagy az\u00e9rt im\u00e1dkozni! N\u00e9zz\u00fcnk n\u00e9h\u00e1ny p\u00e9ld\u00e1t: &#8211; valakit \u00e9ppen m\u0171t\u00e9tre visznek vagy s\u00falyos beteg lesz stb. M\u00e1sik p\u00e9lda: valaki a k\u00f6z\u00f6ss\u00e9g\u00fcnkben elvesz\u00edti a munkahely\u00e9t, \u00e9s k\u00e9ri, hogy im\u00e1dkozzunk megold\u00e1s\u00e9rt\u2026 Ezt a sz\u00e1nd\u00e9kot egym\u00e1st\u00f3l &hellip; <\/p>\n<p class=\"link-more\"><a href=\"https:\/\/magyar-misszio.ch\/?page_id=278\" class=\"more-link\"><span class=\"screen-reader-text\">\u201eimalanc\u201c<\/span> weiterlesen<\/a><\/p>\n","protected":false},"author":2,"featured_media":0,"parent":0,"menu_order":0,"comment_status":"closed","ping_status":"closed","template":"","meta":{"footnotes":""},"class_list":["post-278","page","type-page","status-publish","hentry"],"_links":{"self":[{"href":"https:\/\/magyar-misszio.ch\/index.php?rest_route=\/wp\/v2\/pages\/278","targetHints":{"allow":["GET"]}}],"collection":[{"href":"https:\/\/magyar-misszio.ch\/index.php?rest_route=\/wp\/v2\/pages"}],"about":[{"href":"https:\/\/magyar-misszio.ch\/index.php?rest_route=\/wp\/v2\/types\/page"}],"author":[{"embeddable":true,"href":"https:\/\/magyar-misszio.ch\/index.php?rest_route=\/wp\/v2\/users\/2"}],"replies":[{"embeddable":true,"href":"https:\/\/magyar-misszio.ch\/index.php?rest_route=%2Fwp%2Fv2%2Fcomments&post=278"}],"version-history":[{"count":6,"href":"https:\/\/magyar-misszio.ch\/index.php?rest_route=\/wp\/v2\/pages\/278\/revisions"}],"predecessor-version":[{"id":7480,"href":"https:\/\/magyar-misszio.ch\/index.php?rest_route=\/wp\/v2\/pages\/278\/revisions\/7480"}],"wp:attachment":[{"href":"https:\/\/magyar-misszio.ch\/index.php?rest_route=%2Fwp%2Fv2%2Fmedia&parent=278"}],"curies":[{"name":"wp","href":"https:\/\/api.w.org\/{rel}","templated":true}]}}