{"id":2827,"date":"2021-03-02T16:59:38","date_gmt":"2021-03-02T16:59:38","guid":{"rendered":"http:\/\/magyar-misszio.ch\/?page_id=2827"},"modified":"2021-03-03T15:55:55","modified_gmt":"2021-03-03T15:55:55","slug":"nemzeti-uennepuenk","status":"publish","type":"page","link":"https:\/\/magyar-misszio.ch\/?page_id=2827","title":{"rendered":"nemzeti \u00fcnnep\u00fcnk"},"content":{"rendered":"<table style=\"border-collapse: collapse; width: 101.006%; height: 798px;\">\n<tbody>\n<tr style=\"height: 255px;\">\n<td style=\"width: 50%; height: 255px;\"><span style=\"color: #ff0000;\"><img fetchpriority=\"high\" decoding=\"async\" class=\"alignnone size-medium wp-image-2846\" src=\"https:\/\/magyar-misszio.ch\/wp-content\/uploads\/2021\/03\/oku2021marc-300x192.jpg\" alt=\"\" width=\"300\" height=\"192\" data-id=\"2846\" srcset=\"https:\/\/magyar-misszio.ch\/wp-content\/uploads\/2021\/03\/oku2021marc-300x192.jpg 300w, https:\/\/magyar-misszio.ch\/wp-content\/uploads\/2021\/03\/oku2021marc.jpg 599w\" sizes=\"(max-width: 300px) 100vw, 300px\" \/><\/span><\/td>\n<td style=\"width: 51.2343%; text-align: center; height: 255px;\"><span style=\"font-size: 14pt; color: #ff0000;\"><span style=\"color: #0000ff;\"><strong>M\u00c1RC. 14-\u00c9N A HELFEREIBAN<br \/>\n16.00-KOR<\/strong><\/span><\/span><\/p>\n<p><span style=\"font-size: 14pt; color: #0000ff;\">C\u00cdM: Kirchgasse 13, 8001 Z\u00fcrich<\/span><\/td>\n<\/tr>\n<tr style=\"height: 158px;\">\n<td style=\"width: 101.234%; height: 158px;\" colspan=\"2\">\n<p style=\"text-align: justify;\"><span style=\"color: #000000;\">A koronav\u00edrus miatti korl\u00e1toz\u00e1sok az istentiszteleteket lehet\u0151v\u00e9 teszik, de csak max. 50 f\u0151 r\u00e9szv\u00e9tel\u00e9vel. Hogy senkit se kelljen elk\u00fcldeni, ez\u00e9rt k\u00e9rj\u00fck, hogy el\u0151re regisztr\u00e1ljunk az \u00fcnneps\u00e9gre. A Helferei-ba a reform\u00e1tus istentiszteletre mostan\u00e1ban rendszeresen j\u00e1r\u00f3 (kb.) 30 f\u0151nek nem kell itt regisztr\u00e1lni (\u0151ket a reform\u00e1tus lelk\u00e9szn\u0151 \u00edrja fel a list\u00e1ra), de akik ezen fel\u00fcl j\u00f6nnek, azoknak lehet itt online regisztr\u00e1lni, am\u00edg el nem \u00e9rj\u00fck az 50-es l\u00e9tsz\u00e1mot:<\/span><\/p>\n<\/td>\n<\/tr>\n<tr style=\"height: 185px;\">\n<td style=\"width: 101.234%; height: 185px;\" colspan=\"2\"><iframe id=\"edoobox_ungmis\" style=\"border: none; width: 100%; height: 100px;\" src=\"https:\/\/app1.edoobox.com\/UngMis\/vas%C3%A1rnapi%20szentmis%C3%A9k\/Event.ed.566618?edref=ungmis\" name=\"edooboxFrame_ungmis\" frameborder=\"0\" seamless=\"\" data-scrolltop=\"\"><a href=\"https:\/\/app1.edoobox.com\/UngMis\/vas%C3%A1rnapi%20szentmis%C3%A9k\/Event.ed.566618?edref=ungmis\">\u00dcbersicht anzeigen<\/a><\/iframe><span style=\"color: #ff0000;\"><script type=\"text\/javascript\" src=\"https:\/\/cdn1.edoobox.com\/edoobox.iframe.embedded.v2.2.js\"><\/script><\/span><\/td>\n<\/tr>\n<tr style=\"height: 176px;\">\n<td style=\"width: 101.234%; height: 176px;\" colspan=\"2\"><span style=\"color: #ff0000;\"><strong><a style=\"color: #ff0000;\" href=\"https:\/\/magyar-misszio.ch\/?page_id=1724\" target=\"_blank\" rel=\"noopener noreferrer\">Seg\u00edts\u00e9g\u00e9rt kattintson ide!<\/a><\/strong>\u00a0 \u00a0 \u00a0<\/span><\/p>\n<p>A regisztr\u00e1ci\u00f3 <strong>csak visszaigazol\u00e1ssal<\/strong> \u00e9rv\u00e9nyes, a rendszer emailt k\u00fcld (akkor is, ha valaki sz\u00f3ban, telefonon, emailben jelentkezik \u2013 visszaigazol\u00e1st k\u00fcld\u00fcnk akkor is).<br \/>\nFigyelem, az \u201eabschliessen\u201c gombot a v\u00e9g\u00e9n meg kell nyomni! (<a href=\"https:\/\/magyar-misszio.ch\/?page_id=1724#segit\" target=\"_blank\" rel=\"noopener\">ld. seg\u00edts\u00e9g\u2026<\/a>)<br \/>\nVan \u00e9rtelme <strong>a v\u00e1r\u00f3list\u00e1ra<\/strong> val\u00f3 feliratkoz\u00e1snak is, pl.: dec.24-re kor\u00e1bban 7 v\u00e1r\u00f3list\u00e1s volt, \u00e9s ut\u00e1na mindenki beker\u00fclt.\u00a0 A v\u00e1r\u00f3list\u00e1ra\u00a0 a rendszer\u00a0\u00a0<span style=\"text-decoration: underline;\">csak\u00a0 egyenk\u00e9nt\u00a0\u00a0<\/span>fogad\u00a0 el\u00a0 regisztr\u00e1ci\u00f3t!<\/td>\n<\/tr>\n<tr style=\"height: 24px;\">\n<td style=\"width: 50%; height: 24px;\"><\/td>\n<td style=\"width: 51.2343%; height: 24px;\"><\/td>\n<\/tr>\n<\/tbody>\n<\/table>\n","protected":false},"excerpt":{"rendered":"<p>M\u00c1RC. 14-\u00c9N A HELFEREIBAN 16.00-KOR C\u00cdM: Kirchgasse 13, 8001 Z\u00fcrich A koronav\u00edrus miatti korl\u00e1toz\u00e1sok az istentiszteleteket lehet\u0151v\u00e9 teszik, de csak max. 50 f\u0151 r\u00e9szv\u00e9tel\u00e9vel. Hogy senkit se kelljen elk\u00fcldeni, ez\u00e9rt k\u00e9rj\u00fck, hogy el\u0151re regisztr\u00e1ljunk az \u00fcnneps\u00e9gre. A Helferei-ba a reform\u00e1tus istentiszteletre mostan\u00e1ban rendszeresen j\u00e1r\u00f3 (kb.) 30 f\u0151nek nem kell itt regisztr\u00e1lni (\u0151ket a reform\u00e1tus lelk\u00e9szn\u0151 &hellip; <\/p>\n<p class=\"link-more\"><a href=\"https:\/\/magyar-misszio.ch\/?page_id=2827\" class=\"more-link\"><span class=\"screen-reader-text\">\u201enemzeti \u00fcnnep\u00fcnk\u201c<\/span> weiterlesen<\/a><\/p>\n","protected":false},"author":2,"featured_media":0,"parent":0,"menu_order":0,"comment_status":"closed","ping_status":"closed","template":"","meta":{"footnotes":""},"class_list":["post-2827","page","type-page","status-publish","hentry"],"_links":{"self":[{"href":"https:\/\/magyar-misszio.ch\/index.php?rest_route=\/wp\/v2\/pages\/2827","targetHints":{"allow":["GET"]}}],"collection":[{"href":"https:\/\/magyar-misszio.ch\/index.php?rest_route=\/wp\/v2\/pages"}],"about":[{"href":"https:\/\/magyar-misszio.ch\/index.php?rest_route=\/wp\/v2\/types\/page"}],"author":[{"embeddable":true,"href":"https:\/\/magyar-misszio.ch\/index.php?rest_route=\/wp\/v2\/users\/2"}],"replies":[{"embeddable":true,"href":"https:\/\/magyar-misszio.ch\/index.php?rest_route=%2Fwp%2Fv2%2Fcomments&post=2827"}],"version-history":[{"count":14,"href":"https:\/\/magyar-misszio.ch\/index.php?rest_route=\/wp\/v2\/pages\/2827\/revisions"}],"predecessor-version":[{"id":2850,"href":"https:\/\/magyar-misszio.ch\/index.php?rest_route=\/wp\/v2\/pages\/2827\/revisions\/2850"}],"wp:attachment":[{"href":"https:\/\/magyar-misszio.ch\/index.php?rest_route=%2Fwp%2Fv2%2Fmedia&parent=2827"}],"curies":[{"name":"wp","href":"https:\/\/api.w.org\/{rel}","templated":true}]}}