{"id":2860,"date":"2021-03-06T18:29:56","date_gmt":"2021-03-06T18:29:56","guid":{"rendered":"http:\/\/magyar-misszio.ch\/?page_id=2860"},"modified":"2021-03-06T18:29:56","modified_gmt":"2021-03-06T18:29:56","slug":"igen-a-hazassagra","status":"publish","type":"page","link":"https:\/\/magyar-misszio.ch\/?page_id=2860","title":{"rendered":"igen a h\u00e1zass\u00e1gra"},"content":{"rendered":"<p><span style=\"font-size: 14pt; color: #ff0000;\"><strong><img decoding=\"async\" class=\" wp-image-2858 alignleft\" src=\"https:\/\/magyar-misszio.ch\/wp-content\/uploads\/2021\/03\/Nein_Ehe_fuer_alle-300x103.jpg\" alt=\"\" width=\"259\" height=\"89\" data-id=\"2858\" srcset=\"https:\/\/magyar-misszio.ch\/wp-content\/uploads\/2021\/03\/Nein_Ehe_fuer_alle-300x103.jpg 300w, https:\/\/magyar-misszio.ch\/wp-content\/uploads\/2021\/03\/Nein_Ehe_fuer_alle.jpg 557w\" sizes=\"(max-width: 259px) 100vw, 259px\" \/>Igen a h\u00e1zass\u00e1gra,<br \/>\nnem az \u201eEhe f\u00fcr alle\u201d-ra<br \/>\n<\/strong><\/span><\/p>\n<p>&nbsp;<\/p>\n<p>A fatimai l\u00e1tnok, L\u00facia n\u0151v\u00e9r \u00edgy \u00edrt egyszer a bologna-i b\u00edborosnak: \u201eAz utols\u00f3 csata az \u00dar \u00e9s a S\u00e1t\u00e1n k\u00f6z\u00f6tt a h\u00e1zass\u00e1g\u00e9rt \u00e9s a csal\u00e1d\u00e9rt fog folyni.\u201d Ezekkel a megd\u00f6bbent\u0151 szavakkal kapott misszi\u00f3nk is levelet \u00e9s sz\u00f3r\u00f3lapokat, hogy csatlakozzunk az egynem\u0171ek h\u00e1zass\u00e1ga ellen itt Sv\u00e1cjban is. Elgondolkodtat\u00f3 az is, ahogyan a lev\u00e9l kezd\u0151dik: \u201eEgy felh\u00edv\u00e1s a h\u00edv\u0151 katolikusok sz\u00e1m\u00e1ra\u201d.<\/p>\n<p>A tiltakoz\u00f3 sz\u00f3r\u00f3lapokat hazavihetj\u00fck (h\u00e1tul kirakva) \u00e9s al\u00e1\u00edrva 2021. m\u00e1rc. 26-ig lehet postab\u00e9lyeg n\u00e9lk\u00fcl feladni. Egyet kell \u00e9rten\u00fcnk a felh\u00edv\u00e1ssal:<\/p>\n<ul>\n<li>Igen a h\u00e1zass\u00e1gra \u00e9s csal\u00e1dra<\/li>\n<li>Nem az egynem\u0171ek h\u00e1zass\u00e1g\u00e1ra (\u201eEhe f\u00fcr alle\u201d) \u00e9s a \u201efake\u201d-h\u00e1zass\u00e1gra<\/li>\n<li>A gyermekeknek joguk van megismerni genetikai sz\u00e1rmaz\u00e1sukat \u00e9s egy ap\u00e1val \u00e9s egy any\u00e1val val\u00f3 csal\u00e1di \u00e9letre<\/li>\n<\/ul>\n<p>Im\u00e1dkozzunk, hogy Isten rendje \u00e9s akarata \u00e9rv\u00e9nyes\u00fclj\u00f6n!<\/p>\n<p>Az eml\u00edtett lev\u00e9l <a href=\"https:\/\/magyar-misszio.ch\/wp-content\/uploads\/2021\/03\/202103-Brief.pdf\" target=\"_blank\" rel=\"noopener\">itt olvashat\u00f3&#8230;<\/a><br \/>\nA bek\u00fcldhet\u0151 sz\u00f3r\u00f3lap <a href=\"https:\/\/ehefueralle-nein.ch\/wp-content\/uploads\/2021\/01\/Ref_Bogen_Ehe-fuer-alle_DE-1-seitig-WEB.pdf\" target=\"_blank\" rel=\"noopener\">itt tal\u00e1lhat\u00f3&#8230;<\/a><\/p>\n<p>B\u0151vebben: <a href=\"https:\/\/ehefueralle-nein.ch\/\" target=\"_blank\" rel=\"noopener\">ehefueralle-nein.ch<\/a><\/p>\n","protected":false},"excerpt":{"rendered":"<p>Igen a h\u00e1zass\u00e1gra, nem az \u201eEhe f\u00fcr alle\u201d-ra &nbsp; A fatimai l\u00e1tnok, L\u00facia n\u0151v\u00e9r \u00edgy \u00edrt egyszer a bologna-i b\u00edborosnak: \u201eAz utols\u00f3 csata az \u00dar \u00e9s a S\u00e1t\u00e1n k\u00f6z\u00f6tt a h\u00e1zass\u00e1g\u00e9rt \u00e9s a csal\u00e1d\u00e9rt fog folyni.\u201d Ezekkel a megd\u00f6bbent\u0151 szavakkal kapott misszi\u00f3nk is levelet \u00e9s sz\u00f3r\u00f3lapokat, hogy csatlakozzunk az egynem\u0171ek h\u00e1zass\u00e1ga ellen itt Sv\u00e1cjban is. &hellip; <\/p>\n<p class=\"link-more\"><a href=\"https:\/\/magyar-misszio.ch\/?page_id=2860\" class=\"more-link\"><span class=\"screen-reader-text\">\u201eigen a h\u00e1zass\u00e1gra\u201c<\/span> weiterlesen<\/a><\/p>\n","protected":false},"author":2,"featured_media":0,"parent":0,"menu_order":0,"comment_status":"closed","ping_status":"closed","template":"","meta":{"footnotes":""},"class_list":["post-2860","page","type-page","status-publish","hentry"],"_links":{"self":[{"href":"https:\/\/magyar-misszio.ch\/index.php?rest_route=\/wp\/v2\/pages\/2860","targetHints":{"allow":["GET"]}}],"collection":[{"href":"https:\/\/magyar-misszio.ch\/index.php?rest_route=\/wp\/v2\/pages"}],"about":[{"href":"https:\/\/magyar-misszio.ch\/index.php?rest_route=\/wp\/v2\/types\/page"}],"author":[{"embeddable":true,"href":"https:\/\/magyar-misszio.ch\/index.php?rest_route=\/wp\/v2\/users\/2"}],"replies":[{"embeddable":true,"href":"https:\/\/magyar-misszio.ch\/index.php?rest_route=%2Fwp%2Fv2%2Fcomments&post=2860"}],"version-history":[{"count":1,"href":"https:\/\/magyar-misszio.ch\/index.php?rest_route=\/wp\/v2\/pages\/2860\/revisions"}],"predecessor-version":[{"id":2862,"href":"https:\/\/magyar-misszio.ch\/index.php?rest_route=\/wp\/v2\/pages\/2860\/revisions\/2862"}],"wp:attachment":[{"href":"https:\/\/magyar-misszio.ch\/index.php?rest_route=%2Fwp%2Fv2%2Fmedia&parent=2860"}],"curies":[{"name":"wp","href":"https:\/\/api.w.org\/{rel}","templated":true}]}}