{"id":2935,"date":"2021-04-10T12:42:05","date_gmt":"2021-04-10T12:42:05","guid":{"rendered":"http:\/\/magyar-misszio.ch\/?page_id=2935"},"modified":"2022-05-20T10:55:47","modified_gmt":"2022-05-20T10:55:47","slug":"2021punkosdhetfo","status":"publish","type":"page","link":"https:\/\/magyar-misszio.ch\/?page_id=2935","title":{"rendered":"2021punkosdhetfo"},"content":{"rendered":"\t\t<div data-elementor-type=\"wp-page\" data-elementor-id=\"2935\" class=\"elementor elementor-2935\" data-elementor-post-type=\"page\">\n\t\t\t\t\t\t<section class=\"elementor-section elementor-top-section elementor-element elementor-element-46013736 elementor-section-boxed elementor-section-height-default elementor-section-height-default\" data-id=\"46013736\" data-element_type=\"section\">\n\t\t\t\t\t\t<div class=\"elementor-container elementor-column-gap-default\">\n\t\t\t\t\t<div class=\"elementor-column elementor-col-100 elementor-top-column elementor-element elementor-element-53f15690\" data-id=\"53f15690\" data-element_type=\"column\">\n\t\t\t<div class=\"elementor-widget-wrap elementor-element-populated\">\n\t\t\t\t\t\t<div class=\"elementor-element elementor-element-5f66a61a elementor-widget elementor-widget-text-editor\" data-id=\"5f66a61a\" data-element_type=\"widget\" data-widget_type=\"text-editor.default\">\n\t\t\t\t<div class=\"elementor-widget-container\">\n\t\t\t\t\t\t\t\t\t<h4><strong><span style=\"color: #0000ff;\"><img decoding=\"async\" class=\" wp-image-2937 alignleft\" src=\"https:\/\/magyar-misszio.ch\/wp-content\/uploads\/2021\/04\/siebeneichi-300x214.jpg\" alt=\"\" width=\"172\" height=\"122\" data-id=\"2937\" srcset=\"https:\/\/magyar-misszio.ch\/wp-content\/uploads\/2021\/04\/siebeneichi-300x214.jpg 300w, https:\/\/magyar-misszio.ch\/wp-content\/uploads\/2021\/04\/siebeneichi.jpg 458w\" sizes=\"(max-width: 172px) 100vw, 172px\" \/><\/span><\/strong><span style=\"color: #ff0000; font-size: 14pt;\"><strong><br \/>P\u00fcnk\u00f6sdh\u00e9tf\u0151n (<span style=\"background-color: #ffff00;\">2021. <\/span>m\u00e1j.24)<\/strong><\/span><\/h4><p><span style=\"font-size: 14pt;\"><strong><span style=\"color: #ff0000;\">ism\u00e9t magyar zar\u00e1ndoklatot tartottunk Siebeneichba<\/span><\/strong><\/span><\/p><p>(Hol van a siebeneichi k\u00e1polna? <a href=\"https:\/\/goo.gl\/maps\/yC1CKamKFbeYNtkn6\" target=\"_blank\" rel=\"noopener\">Kattints ide a t\u00e9rk\u00e9phez..<\/a>.)<\/p><p><span style=\"font-size: 14pt;\"><img decoding=\"async\" class=\" wp-image-2938 alignleft\" src=\"https:\/\/magyar-misszio.ch\/wp-content\/uploads\/2021\/04\/56regikereszt-278x300.jpg\" alt=\"\" width=\"153\" height=\"165\" data-id=\"2938\" srcset=\"https:\/\/magyar-misszio.ch\/wp-content\/uploads\/2021\/04\/56regikereszt-278x300.jpg 278w, https:\/\/magyar-misszio.ch\/wp-content\/uploads\/2021\/04\/56regikereszt.jpg 337w\" sizes=\"(max-width: 153px) 100vw, 153px\" \/><\/span><\/p><p><span style=\"font-size: 14pt;\"><br \/>ut\u00e1na d\u00e9lut\u00e1n a t\u0151le nem messze l\u00e9v\u0151<\/span><\/p><p><span style=\"color: #008000; font-size: 14pt;\"><strong>1956-os \u00faj eml\u00e9kkereszt meg\u00e1ld\u00e1sa volt<br \/>Fl\u00fceli-Ranftban<br \/><\/strong><\/span><span style=\"font-size: 14pt;\"><strong><span style=\"font-size: 12pt;\">Az \u00f6sszefog\u00e1st 2020-ban meghirdet\u0151 oldal <a href=\"https:\/\/magyar-misszio.ch\/?page_id=2146\" target=\"_blank\" rel=\"noopener\">itt el\u00e9rhet\u0151<\/a> (inform\u00e1ci\u00f3k, vide\u00f3&#8230;)<\/span><\/strong><\/span><\/p><p>A d\u00e9lut\u00e1ni \u00fcnneps\u00e9g menet\u00e9t stb. tartalmaz\u00f3 <strong>f\u00fczetek<\/strong>:<br \/><span style=\"background-color: #ffff00;\">&#8211; teljes <a style=\"background-color: #ffff00;\" href=\"https:\/\/magyar-misszio.ch\/wp-content\/uploads\/2021\/05\/1956kereszt_fuzet.pdf\" target=\"_blank\" rel=\"noopener\">f\u00fczet let\u00f6lthet\u0151 ide kattintva&#8230;<\/a><\/span><br \/><span style=\"background-color: #ffff00;\">&#8211; a kioszt\u00e1sra ker\u00fcl\u0151 <a style=\"background-color: #ffff00;\" href=\"https:\/\/magyar-misszio.ch\/wp-content\/uploads\/2021\/05\/1956kereszt_fuzet_roev.pdf\" target=\"_blank\" rel=\"noopener\">r\u00f6vid v\u00e1ltozat itt&#8230;<\/a><\/span><\/p><p><strong>Kieg\u00e9sz\u00edt\u00e9s Bruder Klaushoz (medit\u00e1ci\u00f3s k\u00e9p&#8230;)<\/strong>: <span style=\"background-color: #ffff00;\"><a style=\"background-color: #ffff00;\" href=\"https:\/\/magyar-misszio.ch\/?page_id=3123\" target=\"_blank\" rel=\"noopener\">kattints ide&#8230;.<\/a><\/span><\/p><p>F\u00e9nyk\u00e9pek<\/p><p><a href=\"https:\/\/photos.app.goo.gl\/XETFAHEs9WXktBX37\" target=\"_blank\" rel=\"noopener\"><img decoding=\"async\" class=\"alignnone size-medium wp-image-3046\" style=\"font-size: 1rem;\" src=\"https:\/\/magyar-misszio.ch\/wp-content\/uploads\/2021\/05\/kepek1956kerszt-300x164.jpg\" alt=\"\" width=\"300\" height=\"164\" data-id=\"3046\" srcset=\"https:\/\/magyar-misszio.ch\/wp-content\/uploads\/2021\/05\/kepek1956kerszt-300x164.jpg 300w, https:\/\/magyar-misszio.ch\/wp-content\/uploads\/2021\/05\/kepek1956kerszt.jpg 611w\" sizes=\"(max-width: 300px) 100vw, 300px\" \/><\/a><span style=\"background-color: #ffff00;\"> <a style=\"font-size: 1rem; background-color: #ffff00;\" href=\"https:\/\/photos.app.goo.gl\/XETFAHEs9WXktBX37\" target=\"_blank\" rel=\"noopener\">kattints ide&#8230;<\/a><\/span><br \/>(Danke daf\u00fcr f\u00fcr Pater Josef Rosenast)<\/p><p><span style=\"text-decoration: underline;\"><strong>R\u00c9SZLETES EG\u00c9SZ NAPOS PROGRAM:<\/strong><\/span><\/p><p>9.00: gy\u00fclekez\u0151 az alpnachdorfi \u00e1llom\u00e1son <em>(parkol\u00e1s: fizet\u0151s lehet\u0151s\u00e9g ott, vagy kicsit t\u00e1volabb ingyenes)<br \/><\/em>\u00a09.15: Indul a zar\u00e1ndokl\u00e1s a k\u00e1poln\u00e1ba &#8211; a j\u00e1rv\u00e1ny miatt a b\u00e1zeli egyh\u00e1zmegy\u00e9ben csak egyenk\u00e9nt lehet (vagy csal\u00e1dostul). Teh\u00e1t nem lehet most k\u00f6z\u00f6s \u00e9nek \u00e9s ima!<br \/>\u00datk\u00f6zben haszn\u00e1lhatjuk:<br \/>&#8211; <span style=\"background-color: #ffff00;\">zar\u00e1ndok kis f\u00fczet\u00fcnk<\/span>et im\u00e1ds\u00e1gokkal, \u00e9nekekkel\u00a0 az egy\u00e9ni- ill. csal\u00e1di zar\u00e1ndoklathoz: <a href=\"https:\/\/magyar-misszio.ch\/wp-content\/uploads\/2021\/05\/2021zarandokfuezet.pdf\" target=\"_blank\" rel=\"noopener\"><span style=\"background-color: #ffff00;\">kattints ide\u2026<\/span><\/a><br \/>&#8211; <span style=\"font-size: 1rem;\">meghallgathat\u00f3 <span style=\"background-color: #ffff00;\">im\u00e1k \u00e9s \u00e9nekek<\/span> zar\u00e1ndokl\u00e1s k\u00f6zben(ak\u00e1r m\u00e1r otthonr\u00f3l telefonunkra is let\u00f6lthet\u0151ek): el\u00e9rhet\u0151s\u00e9ge ideiglenes volt<\/span><\/p><p><span style=\"font-size: 14pt;\"><span style=\"color: #ff0000; background-color: #ccffff;\"><strong>11.00 szentmise a siebeneich-i k\u00e1poln\u00e1ban <\/strong><\/span>(<\/span>f\u0151celebr\u00e1ns: \u00a0Dr. Liviu Jitianu, a z\u00fcrichi Erl\u00f6serkirche pl\u00e9b\u00e1nosa)<br \/><em><span style=\"background-color: #ccffff;\">Megjegyz\u00e9s: csak m\u00e1j.4-\u00e9n<\/span><\/em><em><span style=\"background-color: #ccffff;\"> t\u00e1j\u00e9koztattak minket, hogy az eddigi k\u00f6zl\u00e9s\u00fckkel ellent\u00e9tben nem 50, hanem kb. 20(+csal\u00e1dtagok lehetnek egym\u00e1s mellett, +szolg\u00e1lattev\u0151k m\u00e9g) f\u0151 f\u00e9r be a k\u00e1poln\u00e1ba. Ez\u00e9rt van k\u00e9t feliratkoz\u00e1si lehet\u0151s\u00e9g: &#8222;m\u00e1j.24. &#8211; SIEBENEICH p\u00fcnk\u00f6sdh\u00e9tf\u0151 zar\u00e1ndoklat <span style=\"background-color: #ffff00;\">-1.<\/span>&#8220; \u00e9s &#8222;&#8230;<span style=\"background-color: #ffff00;\">-2&#8243;<\/span>.<br \/>Ki jelentkezzen a &#8222;m\u00e1j.24. &#8211; SIEBENEICH p\u00fcnk\u00f6sdh\u00e9tf\u0151 zar\u00e1ndoklat <span style=\"background-color: #ffff00;\">-2.<\/span>&#8222;-re?<br \/>&#8211; aki v\u00e1llalja, hogy j\u00f3 id\u0151 eset\u00e9n a k\u00e1poln\u00e1n k\u00edv\u00fclr\u0151l hallgatja a szentmis\u00e9t (hangos\u00edt\u00e1st szeretn\u00e9nk megoldani).<br \/>&#8211; vagy rossz id\u0151 eset\u00e9n &#8211; ha van r\u00e1 lehet\u0151s\u00e9g\u00fcnk, \u00e9s ha t\u00f6bbs\u00e9g k\u00edv\u00e1nja &#8211; m\u00e9g egy szentmis\u00e9t tartunk kb. 12.00 sz\u00e1mukra, vagy im\u00e1ds\u00e1got szent\u00e1ldoz\u00e1ssal.\u00a0<\/span><\/em><\/p><p><span style=\"font-size: 14pt;\"><strong>\u00c9tteremlehet\u0151s\u00e9g:<\/strong> <\/span>akik a hat\u00e1rid\u0151ig (p\u00e9ntek este 9-ig) jelentkeztek, azoknak tudott az Allegro-Alpnach \u00e9tterem (<a href=\"https:\/\/www.allegro-alpnach.ch\/Homepage.html\" target=\"_blank\" rel=\"noopener\">honlapjuk<\/a>) helyet foglalni terasz-lehet\u0151s\u00e9ggel, mely es\u0151s id\u0151 eset\u00e9n is haszn\u00e1lhat\u00f3. Akik ezen k\u00edv\u00fcl j\u00f6nn\u00e9nek, azok sz\u00e1m\u00e1ra m\u00e1r kevesebb j\u00f3 fedett terasz-lehet\u0151s\u00e9g van (bel\u00fcl m\u00e9g az el\u0151\u00edr\u00e1sok miatt nem lehet).<br \/><em>Megjegyz\u00e9s: k\u00e9t \u00e9tterem lemondta a foglal\u00e1sunkat. (Egyiknek nincs terasz-lehet\u0151s\u00e9ge, m\u00e1sik kevesellte a l\u00e9tsz\u00e1mot, hogy miattunk k\u00fcl\u00f6n kinyissanak.)<\/em><\/p><p><span style=\"color: #ff0000; background-color: #ccffff; font-size: 14pt;\"><strong>16.00 keresztmeg\u00e1ld\u00e1s Fl\u00fceli-Ranftban<\/strong> <\/span>(kb. 1 \u00f3ra)<br \/>(Hol van ez a kereszt? <a href=\"https:\/\/goo.gl\/maps\/76skuyE9UQTT7XyZA\" target=\"_blank\" rel=\"noopener\">Kattints ide a t\u00e9rk\u00e9phez..<\/a>.)<\/p>\t\t\t\t\t\t\t\t<\/div>\n\t\t\t\t<\/div>\n\t\t\t\t\t<\/div>\n\t\t<\/div>\n\t\t\t\t\t<\/div>\n\t\t<\/section>\n\t\t\t\t<\/div>\n\t\t","protected":false},"excerpt":{"rendered":"<p>P\u00fcnk\u00f6sdh\u00e9tf\u0151n (2021. m\u00e1j.24) ism\u00e9t magyar zar\u00e1ndoklatot tartottunk Siebeneichba (Hol van a siebeneichi k\u00e1polna? Kattints ide a t\u00e9rk\u00e9phez&#8230;) ut\u00e1na d\u00e9lut\u00e1n a t\u0151le nem messze l\u00e9v\u0151 1956-os \u00faj eml\u00e9kkereszt meg\u00e1ld\u00e1sa voltFl\u00fceli-RanftbanAz \u00f6sszefog\u00e1st 2020-ban meghirdet\u0151 oldal itt el\u00e9rhet\u0151 (inform\u00e1ci\u00f3k, vide\u00f3&#8230;) A d\u00e9lut\u00e1ni \u00fcnneps\u00e9g menet\u00e9t stb. tartalmaz\u00f3 f\u00fczetek:&#8211; teljes f\u00fczet let\u00f6lthet\u0151 ide kattintva&#8230;&#8211; a kioszt\u00e1sra ker\u00fcl\u0151 r\u00f6vid v\u00e1ltozat itt&#8230; &hellip; <\/p>\n<p class=\"link-more\"><a href=\"https:\/\/magyar-misszio.ch\/?page_id=2935\" class=\"more-link\"><span class=\"screen-reader-text\">\u201e2021punkosdhetfo\u201c<\/span> weiterlesen<\/a><\/p>\n","protected":false},"author":2,"featured_media":0,"parent":0,"menu_order":0,"comment_status":"closed","ping_status":"closed","template":"","meta":{"footnotes":""},"class_list":["post-2935","page","type-page","status-publish","hentry"],"_links":{"self":[{"href":"https:\/\/magyar-misszio.ch\/index.php?rest_route=\/wp\/v2\/pages\/2935","targetHints":{"allow":["GET"]}}],"collection":[{"href":"https:\/\/magyar-misszio.ch\/index.php?rest_route=\/wp\/v2\/pages"}],"about":[{"href":"https:\/\/magyar-misszio.ch\/index.php?rest_route=\/wp\/v2\/types\/page"}],"author":[{"embeddable":true,"href":"https:\/\/magyar-misszio.ch\/index.php?rest_route=\/wp\/v2\/users\/2"}],"replies":[{"embeddable":true,"href":"https:\/\/magyar-misszio.ch\/index.php?rest_route=%2Fwp%2Fv2%2Fcomments&post=2935"}],"version-history":[{"count":36,"href":"https:\/\/magyar-misszio.ch\/index.php?rest_route=\/wp\/v2\/pages\/2935\/revisions"}],"predecessor-version":[{"id":4051,"href":"https:\/\/magyar-misszio.ch\/index.php?rest_route=\/wp\/v2\/pages\/2935\/revisions\/4051"}],"wp:attachment":[{"href":"https:\/\/magyar-misszio.ch\/index.php?rest_route=%2Fwp%2Fv2%2Fmedia&parent=2935"}],"curies":[{"name":"wp","href":"https:\/\/api.w.org\/{rel}","templated":true}]}}