{"id":2985,"date":"2021-05-08T19:06:22","date_gmt":"2021-05-08T19:06:22","guid":{"rendered":"http:\/\/magyar-misszio.ch\/?page_id=2985"},"modified":"2024-05-09T13:55:35","modified_gmt":"2024-05-09T13:55:35","slug":"ujraepites","status":"publish","type":"page","link":"https:\/\/magyar-misszio.ch\/?page_id=2985","title":{"rendered":"ujraepites"},"content":{"rendered":"\t\t<div data-elementor-type=\"wp-page\" data-elementor-id=\"2985\" class=\"elementor elementor-2985\" data-elementor-post-type=\"page\">\n\t\t\t\t\t\t<section class=\"elementor-section elementor-top-section elementor-element elementor-element-73cd1a3 elementor-section-boxed elementor-section-height-default elementor-section-height-default\" data-id=\"73cd1a3\" data-element_type=\"section\">\n\t\t\t\t\t\t<div class=\"elementor-container elementor-column-gap-default\">\n\t\t\t\t\t<div class=\"elementor-column elementor-col-100 elementor-top-column elementor-element elementor-element-56497f8a\" data-id=\"56497f8a\" data-element_type=\"column\">\n\t\t\t<div class=\"elementor-widget-wrap elementor-element-populated\">\n\t\t\t\t\t\t<div class=\"elementor-element elementor-element-65ca3614 elementor-widget elementor-widget-text-editor\" data-id=\"65ca3614\" data-element_type=\"widget\" data-widget_type=\"text-editor.default\">\n\t\t\t\t<div class=\"elementor-widget-container\">\n\t\t\t\t\t\t\t\t\t<h3><strong><span style=\"color: #ffcc00; font-size: 18pt;\"><img fetchpriority=\"high\" decoding=\"async\" class=\"size-full wp-image-2986 alignleft\" style=\"filter: invert(0);\" src=\"https:\/\/magyar-misszio.ch\/wp-content\/uploads\/2021\/05\/ujraepites.jpg\" alt=\"\" width=\"300\" height=\"221\" data-id=\"2986\" \/>\u00c9p\u00edts\u00fck (\u00fajj\u00e1) a mi &#8222;Isten orsz\u00e1gunkat!&#8220;<\/span><\/strong><\/h3><p>Ahogy 2021 h\u00fasv\u00e9t 3. vas\u00e1rnapj\u00e1n meghirdett\u00fck (l\u00e1sd honlapon is a pr\u00e9dik\u00e1ci\u00f3 <a href=\"https:\/\/magyar-misszio.ch\/?page_id=1899\" target=\"_blank\" rel=\"noopener\">ide kattintva<\/a>), most a koronav\u00edrus ut\u00e1n minden egyh\u00e1zi k\u00f6z\u00f6ss\u00e9g \u00fajra\u00e9led\u00e9se a h\u00edvekt\u0151l f\u00fcgg. Sokfel\u00e9 szinte a null\u00e1r\u00f3l indulnak (sok lelkip\u00e1sztor \u00edgy \u00e9rzi). Val\u00f3sz\u00edn\u0171leg sok embert kell \u00fajra b\u00e1tor\u00edtani, hogy \u00fajra rendszeresen k\u00f6z\u00f6ss\u00e9gi \u00e9letet \u00e9s k\u00f6z\u00f6ss\u00e9gi-ima\u00e9letet \u00e9ljen.<\/p><p><span style=\"color: #00ccff;\"><strong><span style=\"font-size: 14pt;\">Ima\u00f6sszefog\u00e1sok (els\u0151 \u00e9s legfontosabb l\u00e9p\u00e9s)<br \/><\/span><\/strong><em><span style=\"font-size: 12pt;\">&#8222;Imamaratonunk a mi kis Isten orsz\u00e1gunk\u00e9rt&#8220;<\/span><\/em><\/span><\/p><p>Ahol im\u00e1ds\u00e1gban \u00f6sszefognak, ott lesz igazi eredm\u00e9ny, mert Istenre b\u00edzz\u00e1k. Ima\u00f6sszefog\u00e1sainkba h\u00edvunk, hogy csatlakozz hozz\u00e1nk. Ak\u00e1r otthonr\u00f3l is im\u00e1dkozva. A legfontosabb, hogy a sz\u00e1nd\u00e9kot \u00e9leszd fel magadban: Uram, \u00faj\u00edtsd meg egyh\u00e1zadat, egyh\u00e1zk\u00f6z\u00f6ss\u00e9geidet, kis Isten-orsz\u00e1ga helysz\u00edneidet, misszi\u00f3nkat&#8230; A k\u00f6vetkez\u0151 im\u00e1ds\u00e1gokat hirdett\u00fck meg (id\u0151rendi sorrendben, de b\u00e1rmelyiket, b\u00e1rmikor Te is megteheted):<\/p><ul><li><h3><span style=\"color: #ff99cc;\"><span style=\"font-weight: bold;\">\u00d6sszefoglal\u00f3 imalapunk-1. <\/span><\/span><span style=\"font-size: 1rem;\">\u00a0<\/span><a style=\"font-size: 1rem;\" href=\"https:\/\/magyar-misszio.ch\/wp-content\/uploads\/2021\/06\/Misszionkert-valo-imaoesszefogasnak-nehany-imaja.pdf\" target=\"_blank\" rel=\"noopener\">ide kattintva&#8230;.\u00a0<\/a><br \/><span style=\"color: #ff99cc;\"><span style=\"font-weight: bold;\">\u00d6sszefoglal\u00f3 imalapunk-2. <\/span><\/span>\u00a0<a style=\"font-size: 1rem;\" href=\"https:\/\/magyar-misszio.ch\/wp-content\/uploads\/2022\/07\/Misszionkert-II.-valo-imaoesszefogasnak-nehany-imaja.pdf\" target=\"_blank\" rel=\"noopener\">ide kattintva&#8230;.<\/a><\/h3><\/li><\/ul><ul><li><img decoding=\"async\" class=\"wp-image-2887 alignleft\" style=\"filter: invert(0);\" src=\"https:\/\/magyar-misszio.ch\/wp-content\/uploads\/2021\/03\/stjoseph2-220x300.jpg\" alt=\"\" width=\"109\" height=\"148\" data-id=\"2887\" srcset=\"https:\/\/magyar-misszio.ch\/wp-content\/uploads\/2021\/03\/stjoseph2-220x300.jpg 220w, https:\/\/magyar-misszio.ch\/wp-content\/uploads\/2021\/03\/stjoseph2.jpg 418w\" sizes=\"(max-width: 109px) 100vw, 109px\" \/>Szent J\u00f3zsef kilenced. (Megtal\u00e1lhat\u00f3 itt: honlapunk\/lelki sarok\/<a href=\"https:\/\/magyar-misszio.ch\/?page_id=2890\" target=\"_blank\" rel=\"noopener\">Szent J\u00f3zsef \u00e9v,<\/a> k\u00f6zvetlen\u00fcl <a href=\"https:\/\/magyar-misszio.ch\/wp-content\/uploads\/2021\/04\/Kilenced_szent_jozsef.pdf\" target=\"_blank\" rel=\"noopener\">a r\u00f6videbb v\u00e1ltozat itt&#8230;<\/a>,<a href=\"https:\/\/metropolita.hu\/2011\/10\/kilenced-szent-jozsefhez\/\" target=\"_blank\" rel=\"noopener\"> hosszabb itt&#8230;<\/a>)<\/li><\/ul><ul><li><img decoding=\"async\" class=\" wp-image-2998 alignleft\" style=\"filter: invert(0);\" src=\"https:\/\/magyar-misszio.ch\/wp-content\/uploads\/2021\/05\/BrKlaus_mit_Dorothee-202x300.jpg\" alt=\"\" width=\"102\" height=\"151\" data-id=\"2998\" srcset=\"https:\/\/magyar-misszio.ch\/wp-content\/uploads\/2021\/05\/BrKlaus_mit_Dorothee-202x300.jpg 202w, https:\/\/magyar-misszio.ch\/wp-content\/uploads\/2021\/05\/BrKlaus_mit_Dorothee-688x1024.jpg 688w, https:\/\/magyar-misszio.ch\/wp-content\/uploads\/2021\/05\/BrKlaus_mit_Dorothee-768x1143.jpg 768w, https:\/\/magyar-misszio.ch\/wp-content\/uploads\/2021\/05\/BrKlaus_mit_Dorothee-1032x1536.jpg 1032w, https:\/\/magyar-misszio.ch\/wp-content\/uploads\/2021\/05\/BrKlaus_mit_Dorothee.jpg 1179w\" sizes=\"(max-width: 102px) 100vw, 102px\" \/>Fl\u00fcei Szent Mikl\u00f3st k\u00e9rve (= Bruder Klaus):<br \/>&#8211; kilenced.\u00a0 <a href=\"https:\/\/magyar-misszio.ch\/wp-content\/uploads\/2021\/05\/kilenced_BrKl.pdf\" target=\"_blank\" rel=\"noopener\">Hosszabb v\u00e1ltozat k\u00e9pekkel itt..<\/a>., <a href=\"https:\/\/magyar-misszio.ch\/wp-content\/uploads\/2021\/05\/kilenced_BrKl.pdf\" target=\"_blank\" rel=\"noopener\">r\u00f6videbb v\u00e1ltozat itt&#8230;<\/a><br \/>&#8211; <strong>im\u00e1ds\u00e1gaink<\/strong> k\u00f6zbenj\u00e1r\u00e1s\u00e1t k\u00e9rve 2021. p\u00fcnk\u00f6sdh\u00e9tf\u0151j\u00e9n: <a href=\"https:\/\/magyar-misszio.ch\/wp-content\/uploads\/2021\/05\/BrKlaushoz.pdf\" target=\"_blank\" rel=\"noopener\">ide kattintva&#8230;\u00a0\u00a0\u00a0<\/a><br \/>&#8211; ismert im\u00e1ja kombin\u00e1lva a l\u00e9legz\u00e9ssel: <a href=\"https:\/\/magyar-misszio.ch\/wp-content\/uploads\/2021\/06\/ima-lelegzesre.pdf\" target=\"_blank\" rel=\"noopener\">ide kattintva&#8230;<\/a><\/li><\/ul><ul><li><img loading=\"lazy\" decoding=\"async\" class=\" wp-image-2938 alignleft\" style=\"filter: invert(0);\" src=\"https:\/\/magyar-misszio.ch\/wp-content\/uploads\/2021\/04\/56regikereszt-278x300.jpg\" alt=\"\" width=\"133\" height=\"143\" data-id=\"2938\" srcset=\"https:\/\/magyar-misszio.ch\/wp-content\/uploads\/2021\/04\/56regikereszt-278x300.jpg 278w, https:\/\/magyar-misszio.ch\/wp-content\/uploads\/2021\/04\/56regikereszt.jpg 337w\" sizes=\"(max-width: 133px) 100vw, 133px\" \/>P\u00fcnk\u00f6sdh\u00e9tf\u0151n a Siebeneich-i Zar\u00e1ndoklatunkn\u00e1l \u00e9s ut\u00e1na d\u00e9lut\u00e1n Fl\u00fceli-Ranftban Bruder Klaushoz is im\u00e1dkozunk az 1956-os kereszt meg\u00faj\u00edt\u00e1s\u00e1n\u00e1l haz\u00e1nk\u00e9rt, magyarok\u00e9rt, misszi\u00f3nk\u00e9rt<br \/>(ld. <a href=\"https:\/\/magyar-misszio.ch\/?page_id=2935\" target=\"_blank\" rel=\"noopener\">k\u00fcl\u00f6n oldal itt..<\/a>. &#8211; ott a d\u00e9lut\u00e1ni f\u00fczetben megtal\u00e1lhat\u00f3 a &#8222;nemzeti ima\u00e9v im\u00e1ds\u00e1ga&#8220;)<\/li><\/ul><ul><li><img loading=\"lazy\" decoding=\"async\" class=\" wp-image-1903 alignleft\" style=\"filter: invert(0);\" src=\"https:\/\/magyar-misszio.ch\/wp-content\/uploads\/2020\/05\/punkosd-300x131.jpg\" alt=\"\" width=\"197\" height=\"86\" data-id=\"1903\" srcset=\"https:\/\/magyar-misszio.ch\/wp-content\/uploads\/2020\/05\/punkosd-300x131.jpg 300w, https:\/\/magyar-misszio.ch\/wp-content\/uploads\/2020\/05\/punkosd-1024x448.jpg 1024w, https:\/\/magyar-misszio.ch\/wp-content\/uploads\/2020\/05\/punkosd-768x336.jpg 768w, https:\/\/magyar-misszio.ch\/wp-content\/uploads\/2020\/05\/punkosd-1536x673.jpg 1536w, https:\/\/magyar-misszio.ch\/wp-content\/uploads\/2020\/05\/punkosd.jpg 1900w\" sizes=\"(max-width: 197px) 100vw, 197px\" \/>P\u00fcnk\u00f6sdv\u00e1r\u00f3 Szentl\u00e9lek-kilenced <a href=\"https:\/\/magyar-misszio.ch\/wp-content\/uploads\/szentlelekvaro_kilenced_honlap.pdf\">ide kattintva<\/a><br \/>M\u00e1sik Szentl\u00e9lek-kilenced: i<a href=\"https:\/\/magyar-misszio.ch\/wp-content\/uploads\/2021\/05\/Szentlelek_kilenced.pdf\" target=\"_blank\" rel=\"noopener\">de kattintva&#8230;<\/a><\/li><\/ul><div>\u00a0<\/div><div>\u00a0<\/div><ul><li><img loading=\"lazy\" decoding=\"async\" class=\" wp-image-2628 alignleft\" style=\"filter: invert(0);\" src=\"https:\/\/magyar-misszio.ch\/wp-content\/uploads\/2020\/12\/beke2021.jpg-300x203.jpg\" alt=\"\" width=\"171\" height=\"116\" data-id=\"2628\" srcset=\"https:\/\/magyar-misszio.ch\/wp-content\/uploads\/2020\/12\/beke2021.jpg-300x203.jpg 300w, https:\/\/magyar-misszio.ch\/wp-content\/uploads\/2020\/12\/beke2021.jpg.jpg 394w\" sizes=\"(max-width: 171px) 100vw, 171px\" \/>M\u00e1jusra a p\u00e1pa ima-maratont k\u00e9rt a j\u00e1rv\u00e1ny megsz\u00fcn\u00e9s\u00e9\u00e9rt \u00e9s az \u00e9let \u00fajraindul\u00e1s\u00e1\u00e9rt (ez az egyh\u00e1zk\u00f6zs\u00e9geket is jelenti) <a href=\"https:\/\/www.vaticannews.va\/hu\/vatikan\/news\/2021-04\/papa-imaszandek-imamaraton-kegyhelyek-virus-beke-egeszseg.html\" target=\"_blank\" rel=\"noopener\">l\u00e1sd itt&#8230;<\/a><br \/><br \/><br \/><\/li><\/ul><div>\u00a0<\/div><ul><li><img loading=\"lazy\" decoding=\"async\" class=\"alignleft wp-image-3180 size-thumbnail\" style=\"filter: invert(0);\" src=\"https:\/\/magyar-misszio.ch\/wp-content\/uploads\/2021\/06\/Pio-atya-150x150.jpg\" alt=\"\" width=\"150\" height=\"150\" data-id=\"3180\" srcset=\"https:\/\/magyar-misszio.ch\/wp-content\/uploads\/2021\/06\/Pio-atya-150x150.jpg 150w, https:\/\/magyar-misszio.ch\/wp-content\/uploads\/2021\/06\/Pio-atya-100x100.jpg 100w\" sizes=\"(max-width: 150px) 100vw, 150px\" \/>Pio atya &#8222;ellen\u00e1llhatatlan kilencede&#8220;<\/li><li><a href=\"https:\/\/magyar-misszio.ch\/wp-content\/uploads\/2021\/06\/Ellenallhatatlan-kilenced.pdf\" target=\"_blank\" rel=\"noopener\">ide kattintva..<\/a><\/li><\/ul><div>\u00a0<\/div><div>\u00a0<\/div><div>\u00a0<\/div><div>\u00a0<\/div><ul><li>Szent Mih\u00e1ly ima\u00a0<a style=\"background-color: #ffffff;\" href=\"https:\/\/magyar-misszio.ch\/?page_id=4131\" target=\"_blank\" rel=\"noopener\">ide kattintva..<\/a><a href=\"https:\/\/magyar-misszio.ch\/?page_id=4131\" target=\"_blank\" rel=\"noopener\"><img loading=\"lazy\" decoding=\"async\" class=\"alignleft wp-image-4144 size-thumbnail\" style=\"filter: invert(0);\" src=\"https:\/\/magyar-misszio.ch\/wp-content\/uploads\/2022\/07\/Szent-Mihaly-arkangyal-Foto-catholic.org_.jpg-150x150.jpg\" alt=\"\" width=\"150\" height=\"150\" data-id=\"4144\" srcset=\"https:\/\/magyar-misszio.ch\/wp-content\/uploads\/2022\/07\/Szent-Mihaly-arkangyal-Foto-catholic.org_.jpg-150x150.jpg 150w, https:\/\/magyar-misszio.ch\/wp-content\/uploads\/2022\/07\/Szent-Mihaly-arkangyal-Foto-catholic.org_.jpg-300x297.jpg 300w, https:\/\/magyar-misszio.ch\/wp-content\/uploads\/2022\/07\/Szent-Mihaly-arkangyal-Foto-catholic.org_.jpg-100x100.jpg 100w\" sizes=\"(max-width: 150px) 100vw, 150px\" \/><\/a><\/li><\/ul><ul><li><h2><span style=\"color: var( --e-global-color-text ); font-family: var( --e-global-typography-text-font-family ), Sans-serif; font-weight: var( --e-global-typography-text-font-weight ); font-size: 1rem;\">\u00a0<\/span><\/h2><\/li><\/ul><ul><li><img loading=\"lazy\" decoding=\"async\" class=\" wp-image-3061 alignleft\" style=\"filter: invert(0);\" src=\"https:\/\/magyar-misszio.ch\/wp-content\/uploads\/2021\/05\/Bild1-300x259.png\" alt=\"\" width=\"268\" height=\"232\" data-id=\"3061\" srcset=\"https:\/\/magyar-misszio.ch\/wp-content\/uploads\/2021\/05\/Bild1-300x259.png 300w, https:\/\/magyar-misszio.ch\/wp-content\/uploads\/2021\/05\/Bild1.png 514w\" sizes=\"(max-width: 268px) 100vw, 268px\" \/>Im\u00e1ds\u00e1gos seg\u00e9dlet zar\u00e1ndoklathoz (meghallgathat\u00f3 im\u00e1k \u00e9s \u00e9nekek zar\u00e1ndokl\u00e1s k\u00f6zben) -a link csak r\u00f6vid ideig volt el\u00e9rhet\u0151, a zar\u00e1ndoklathoz.<\/li><\/ul>\t\t\t\t\t\t\t\t<\/div>\n\t\t\t\t<\/div>\n\t\t\t\t\t<\/div>\n\t\t<\/div>\n\t\t\t\t\t<\/div>\n\t\t<\/section>\n\t\t\t\t<\/div>\n\t\t","protected":false},"excerpt":{"rendered":"<p>\u00c9p\u00edts\u00fck (\u00fajj\u00e1) a mi &#8222;Isten orsz\u00e1gunkat!&#8220; Ahogy 2021 h\u00fasv\u00e9t 3. vas\u00e1rnapj\u00e1n meghirdett\u00fck (l\u00e1sd honlapon is a pr\u00e9dik\u00e1ci\u00f3 ide kattintva), most a koronav\u00edrus ut\u00e1n minden egyh\u00e1zi k\u00f6z\u00f6ss\u00e9g \u00fajra\u00e9led\u00e9se a h\u00edvekt\u0151l f\u00fcgg. Sokfel\u00e9 szinte a null\u00e1r\u00f3l indulnak (sok lelkip\u00e1sztor \u00edgy \u00e9rzi). Val\u00f3sz\u00edn\u0171leg sok embert kell \u00fajra b\u00e1tor\u00edtani, hogy \u00fajra rendszeresen k\u00f6z\u00f6ss\u00e9gi \u00e9letet \u00e9s k\u00f6z\u00f6ss\u00e9gi-ima\u00e9letet \u00e9ljen. Ima\u00f6sszefog\u00e1sok (els\u0151 &hellip; <\/p>\n<p class=\"link-more\"><a href=\"https:\/\/magyar-misszio.ch\/?page_id=2985\" class=\"more-link\"><span class=\"screen-reader-text\">\u201eujraepites\u201c<\/span> weiterlesen<\/a><\/p>\n","protected":false},"author":2,"featured_media":0,"parent":0,"menu_order":0,"comment_status":"closed","ping_status":"closed","template":"","meta":{"footnotes":""},"class_list":["post-2985","page","type-page","status-publish","hentry"],"_links":{"self":[{"href":"https:\/\/magyar-misszio.ch\/index.php?rest_route=\/wp\/v2\/pages\/2985","targetHints":{"allow":["GET"]}}],"collection":[{"href":"https:\/\/magyar-misszio.ch\/index.php?rest_route=\/wp\/v2\/pages"}],"about":[{"href":"https:\/\/magyar-misszio.ch\/index.php?rest_route=\/wp\/v2\/types\/page"}],"author":[{"embeddable":true,"href":"https:\/\/magyar-misszio.ch\/index.php?rest_route=\/wp\/v2\/users\/2"}],"replies":[{"embeddable":true,"href":"https:\/\/magyar-misszio.ch\/index.php?rest_route=%2Fwp%2Fv2%2Fcomments&post=2985"}],"version-history":[{"count":43,"href":"https:\/\/magyar-misszio.ch\/index.php?rest_route=\/wp\/v2\/pages\/2985\/revisions"}],"predecessor-version":[{"id":6532,"href":"https:\/\/magyar-misszio.ch\/index.php?rest_route=\/wp\/v2\/pages\/2985\/revisions\/6532"}],"wp:attachment":[{"href":"https:\/\/magyar-misszio.ch\/index.php?rest_route=%2Fwp%2Fv2%2Fmedia&parent=2985"}],"curies":[{"name":"wp","href":"https:\/\/api.w.org\/{rel}","templated":true}]}}