{"id":3003,"date":"2021-05-15T10:33:18","date_gmt":"2021-05-15T10:33:18","guid":{"rendered":"http:\/\/magyar-misszio.ch\/?page_id=3003"},"modified":"2023-05-27T18:16:30","modified_gmt":"2023-05-27T18:16:30","slug":"zarandoklathoz-imak","status":"publish","type":"page","link":"https:\/\/magyar-misszio.ch\/?page_id=3003","title":{"rendered":"zar\u00e1ndoklathoz im\u00e1k"},"content":{"rendered":"\t\t<div data-elementor-type=\"wp-page\" data-elementor-id=\"3003\" class=\"elementor elementor-3003\" data-elementor-post-type=\"page\">\n\t\t\t\t\t\t<section class=\"elementor-section elementor-top-section elementor-element elementor-element-4d77511b elementor-section-boxed elementor-section-height-default elementor-section-height-default\" data-id=\"4d77511b\" data-element_type=\"section\">\n\t\t\t\t\t\t<div class=\"elementor-container elementor-column-gap-default\">\n\t\t\t\t\t<div class=\"elementor-column elementor-col-100 elementor-top-column elementor-element elementor-element-4c2c664e\" data-id=\"4c2c664e\" data-element_type=\"column\">\n\t\t\t<div class=\"elementor-widget-wrap elementor-element-populated\">\n\t\t\t\t\t\t<div class=\"elementor-element elementor-element-549ca22f elementor-widget elementor-widget-text-editor\" data-id=\"549ca22f\" data-element_type=\"widget\" data-widget_type=\"text-editor.default\">\n\t\t\t\t<div class=\"elementor-widget-container\">\n\t\t\t\t\t\t\t\t\t<h2 style=\"text-align: center;\"><img decoding=\"async\" class=\"size-medium wp-image-3008 alignright\" src=\"https:\/\/magyar-misszio.ch\/wp-content\/uploads\/2021\/05\/zarandoklat_karpatalja.ma_foto_BundaSzabolcs-300x160.jpg\" alt=\"\" width=\"300\" height=\"160\" data-id=\"3008\" srcset=\"https:\/\/magyar-misszio.ch\/wp-content\/uploads\/2021\/05\/zarandoklat_karpatalja.ma_foto_BundaSzabolcs-300x160.jpg 300w, https:\/\/magyar-misszio.ch\/wp-content\/uploads\/2021\/05\/zarandoklat_karpatalja.ma_foto_BundaSzabolcs.jpg 620w\" sizes=\"(max-width: 300px) 100vw, 300px\" \/><span style=\"color: #0000ff;\"><strong>Im\u00e1ds\u00e1gos seg\u00e9dleg zar\u00e1ndoklathoz\u00a0<\/strong><\/span><\/h2><p>\u00a0<\/p><p><strong>Zar\u00e1ndokl\u00e1s k\u00f6zben h\u00e1l\u00e1t adunk Istennek a csodasz\u00e9p teremtett vil\u00e1g\u00e9rt.<\/strong><\/p><p><strong>Csendben im\u00e1dkozunk, elm\u00e9lkedhet\u00fcnk.<\/strong><\/p><p><strong>Kereszt\u00e9ny egyh\u00e1zunk kincsest\u00e1r\u00e1b\u00f3l sz\u00e1mtalan sz\u00e9p im\u00e1t mondhatunk, \u00e9nekelhet\u00fcnk egy\u00fctt, vagy k\u00f6z\u00f6sen. N\u00e9h\u00e1ny javaslat:<\/strong><\/p><p>01. <span style=\"color: #0000ff;\">im\u00e1ds\u00e1gra k\u00e9sz\u00fclve<\/span> <em><span style=\"font-size: 10pt;\">(kattints a lej\u00e1tsz\u00e1s gombra, vagy <a href=\"https:\/\/magyar-misszio.ch\/wp-content\/uploads\/2021\/05\/01-a-jo-imadsag-kegyelmeert.mp3\">ide kattintva<\/a> let\u00f6ltheted)<\/span><\/em><\/p><p><audio class=\"wp-audio-shortcode\" id=\"audio-3003-1\" preload=\"none\" style=\"width: 100%;\" controls=\"controls\"><source type=\"audio\/mpeg\" src=\"https:\/\/magyar-misszio.ch\/wp-content\/uploads\/2021\/05\/01-a-jo-imadsag-kegyelmeert.mp3?_=1\" \/><a href=\"https:\/\/magyar-misszio.ch\/wp-content\/uploads\/2021\/05\/01-a-jo-imadsag-kegyelmeert.mp3\">https:\/\/magyar-misszio.ch\/wp-content\/uploads\/2021\/05\/01-a-jo-imadsag-kegyelmeert.mp3<\/a><\/audio><\/p><p>02. <span style=\"color: #0000ff;\">im\u00e1ds\u00e1g:<\/span> Szent Patrik \u00fati im\u00e1ja <em><span style=\"font-size: 10pt;\">(kattints a lej\u00e1tsz\u00e1s gombra, vagy <a href=\"https:\/\/magyar-misszio.ch\/wp-content\/uploads\/2021\/05\/38-Szent-Patrik-uti-imaja.mp3\">ide kattintva<\/a> let\u00f6ltheted)<\/span><\/em><\/p><p><audio class=\"wp-audio-shortcode\" id=\"audio-3003-2\" preload=\"none\" style=\"width: 100%;\" controls=\"controls\"><source type=\"audio\/mpeg\" src=\"https:\/\/magyar-misszio.ch\/wp-content\/uploads\/2021\/05\/38-Szent-Patrik-uti-imaja.mp3?_=2\" \/><a href=\"https:\/\/magyar-misszio.ch\/wp-content\/uploads\/2021\/05\/38-Szent-Patrik-uti-imaja.mp3\">https:\/\/magyar-misszio.ch\/wp-content\/uploads\/2021\/05\/38-Szent-Patrik-uti-imaja.mp3<\/a><\/audio><\/p><p>03. <span style=\"color: #0000ff;\">im\u00e1ds\u00e1g:<\/span> Isteni irgalmass\u00e1g egy tizede (Felv\u00e9tel fiatalokkal val\u00f3 \u00e9nekl\u00e9skor. Ha \u00f6tsz\u00f6r im\u00e1dkozzuk vagy \u00e9nekelj\u00fck el, akkor a teljes irgalmass\u00e1g r\u00f3zsaf\u00fcz\u00e9r\u00e9t jelenti) <em><span style=\"font-size: 10pt;\">(kattints a lej\u00e1tsz\u00e1s gombra, vagy <a href=\"https:\/\/magyar-misszio.ch\/wp-content\/uploads\/2021\/05\/02-irgalmassag-rozsf.-tized-fiatalokkal.mp3\">ide kattintva<\/a> let\u00f6ltheted)<\/span><\/em><\/p><p><audio class=\"wp-audio-shortcode\" id=\"audio-3003-3\" preload=\"none\" style=\"width: 100%;\" controls=\"controls\"><source type=\"audio\/mpeg\" src=\"https:\/\/magyar-misszio.ch\/wp-content\/uploads\/2021\/05\/02-irgalmassag-rozsf.-tized-fiatalokkal.mp3?_=3\" \/><a href=\"https:\/\/magyar-misszio.ch\/wp-content\/uploads\/2021\/05\/02-irgalmassag-rozsf.-tized-fiatalokkal.mp3\">https:\/\/magyar-misszio.ch\/wp-content\/uploads\/2021\/05\/02-irgalmassag-rozsf.-tized-fiatalokkal.mp3<\/a><\/audio><\/p><p>04. \u00e9nek: Irgalmas Isten\u00fcnk j\u00f3s\u00e1g\u00e1t&#8230; &#8211; taiz\u00e9i \u00e9nek\u00a0 <em><span style=\"font-size: 10pt;\">(kattints a lej\u00e1tsz\u00e1s gombra, vagy <a href=\"https:\/\/magyar-misszio.ch\/wp-content\/uploads\/2021\/05\/Irgalmas-Istenuenk.mp3\">ide kattintva<\/a> let\u00f6ltheted)<\/span><\/em><\/p><p><audio class=\"wp-audio-shortcode\" id=\"audio-3003-4\" preload=\"none\" style=\"width: 100%;\" controls=\"controls\"><source type=\"audio\/mpeg\" src=\"https:\/\/magyar-misszio.ch\/wp-content\/uploads\/2021\/05\/Irgalmas-Istenuenk.mp3?_=4\" \/><a href=\"https:\/\/magyar-misszio.ch\/wp-content\/uploads\/2021\/05\/Irgalmas-Istenuenk.mp3\">https:\/\/magyar-misszio.ch\/wp-content\/uploads\/2021\/05\/Irgalmas-Istenuenk.mp3<\/a><\/audio><\/p><p>05. <span style=\"color: #0000ff;\">im\u00e1ds\u00e1g:<\/span> Sz\u0171z M\u00e1ria r\u00f3zsaf\u00fcz\u00e9re, vil\u00e1goss\u00e1gos titkokkal (ha kev\u00e9s az id\u0151, akkor pl. csak egy tizedet im\u00e1dkozhatunk)\u00a0 <em><span style=\"font-size: 10pt;\">(kattints a lej\u00e1tsz\u00e1s gombra, vagy <a href=\"https:\/\/magyar-misszio.ch\/wp-content\/uploads\/2021\/05\/Vilagossagos.mp3\">ide kattintva<\/a> let\u00f6ltheted)<\/span><\/em><\/p><p><audio class=\"wp-audio-shortcode\" id=\"audio-3003-5\" preload=\"none\" style=\"width: 100%;\" controls=\"controls\"><source type=\"audio\/mpeg\" src=\"https:\/\/magyar-misszio.ch\/wp-content\/uploads\/2021\/05\/Vilagossagos.mp3?_=5\" \/><a href=\"https:\/\/magyar-misszio.ch\/wp-content\/uploads\/2021\/05\/Vilagossagos.mp3\">https:\/\/magyar-misszio.ch\/wp-content\/uploads\/2021\/05\/Vilagossagos.mp3<\/a><\/audio><\/p><p>06. \u00e9nek: Any\u00e1mnak az Egyh\u00e1znak&#8230; <em><span style=\"font-size: 10pt;\">(kattints a lej\u00e1tsz\u00e1s gombra, vagy <a href=\"https:\/\/magyar-misszio.ch\/wp-content\/uploads\/2021\/05\/Anyamnak-az-egyhaznak-.mp3\">ide kattintva<\/a> let\u00f6ltheted)<\/span><\/em><\/p><p><audio class=\"wp-audio-shortcode\" id=\"audio-3003-6\" preload=\"none\" style=\"width: 100%;\" controls=\"controls\"><source type=\"audio\/mpeg\" src=\"https:\/\/magyar-misszio.ch\/wp-content\/uploads\/2021\/05\/Anyamnak-az-egyhaznak-.mp3?_=6\" \/><a href=\"https:\/\/magyar-misszio.ch\/wp-content\/uploads\/2021\/05\/Anyamnak-az-egyhaznak-.mp3\">https:\/\/magyar-misszio.ch\/wp-content\/uploads\/2021\/05\/Anyamnak-az-egyhaznak-.mp3<\/a><\/audio><\/p><p>07. <span style=\"color: #0000ff;\">im\u00e1ds\u00e1g:<\/span> Lisieux-i Szent Ter\u00e9z foh\u00e1sza <em><span style=\"font-size: 10pt;\">(kattints a lej\u00e1tsz\u00e1s gombra, vagy <a href=\"https:\/\/magyar-misszio.ch\/wp-content\/uploads\/2021\/05\/13-Lisieux-i-Szent-Terez-fohasza.mp3\">ide kattintva<\/a> let\u00f6ltheted)<\/span><\/em><\/p><p><audio class=\"wp-audio-shortcode\" id=\"audio-3003-7\" preload=\"none\" style=\"width: 100%;\" controls=\"controls\"><source type=\"audio\/mpeg\" src=\"https:\/\/magyar-misszio.ch\/wp-content\/uploads\/2021\/05\/13-Lisieux-i-Szent-Terez-fohasza.mp3?_=7\" \/><a href=\"https:\/\/magyar-misszio.ch\/wp-content\/uploads\/2021\/05\/13-Lisieux-i-Szent-Terez-fohasza.mp3\">https:\/\/magyar-misszio.ch\/wp-content\/uploads\/2021\/05\/13-Lisieux-i-Szent-Terez-fohasza.mp3<\/a><\/audio><\/p><p>08. <span style=\"color: #0000ff;\">im\u00e1ds\u00e1g:<\/span> d\u00e9lt\u00e1jban &#8211; \u00dar Angyal im\u00e1ds\u00e1g\u00a0 <em><span style=\"font-size: 10pt;\">(kattints a lej\u00e1tsz\u00e1s gombra, vagy <a href=\"https:\/\/magyar-misszio.ch\/wp-content\/uploads\/2021\/05\/08-Ur-Angyal.mp3\">ide kattintva<\/a> let\u00f6ltheted)<\/span><\/em><\/p><p><audio class=\"wp-audio-shortcode\" id=\"audio-3003-8\" preload=\"none\" style=\"width: 100%;\" controls=\"controls\"><source type=\"audio\/mpeg\" src=\"https:\/\/magyar-misszio.ch\/wp-content\/uploads\/2021\/05\/08-Ur-Angyal.mp3?_=8\" \/><a href=\"https:\/\/magyar-misszio.ch\/wp-content\/uploads\/2021\/05\/08-Ur-Angyal.mp3\">https:\/\/magyar-misszio.ch\/wp-content\/uploads\/2021\/05\/08-Ur-Angyal.mp3<\/a><\/audio><\/p><p>09.\u00a0 \u00e9nek: Fiv\u00e9rem Nap <em><span style=\"font-size: 10pt;\">(kattints a lej\u00e1tsz\u00e1s gombra, vagy <a href=\"https:\/\/magyar-misszio.ch\/wp-content\/uploads\/2021\/05\/Fiverem-Nap.mp3\">ide kattintva<\/a> let\u00f6ltheted)<\/span><\/em><\/p><p><audio class=\"wp-audio-shortcode\" id=\"audio-3003-9\" preload=\"none\" style=\"width: 100%;\" controls=\"controls\"><source type=\"audio\/mpeg\" src=\"https:\/\/magyar-misszio.ch\/wp-content\/uploads\/2021\/05\/Fiverem-Nap.mp3?_=9\" \/><a href=\"https:\/\/magyar-misszio.ch\/wp-content\/uploads\/2021\/05\/Fiverem-Nap.mp3\">https:\/\/magyar-misszio.ch\/wp-content\/uploads\/2021\/05\/Fiverem-Nap.mp3<\/a><\/audio><\/p><p>10. <span style=\"color: #0000ff;\">im\u00e1ds\u00e1g:<\/span> Naphimnusz &#8211; Assisi Szent Ferenc im\u00e1ja\u00a0<em><span style=\"font-size: 10pt;\">(kattints a lej\u00e1tsz\u00e1s gombra, vagy <a href=\"https:\/\/magyar-misszio.ch\/wp-content\/uploads\/2021\/05\/59-Naphimnusz-Assziszi-Szent-Ferenc.mp3\">ide kattintva<\/a> let\u00f6ltheted)<\/span><\/em><\/p><p><audio class=\"wp-audio-shortcode\" id=\"audio-3003-10\" preload=\"none\" style=\"width: 100%;\" controls=\"controls\"><source type=\"audio\/mpeg\" src=\"https:\/\/magyar-misszio.ch\/wp-content\/uploads\/2021\/05\/59-Naphimnusz-Assziszi-Szent-Ferenc.mp3?_=10\" \/><a href=\"https:\/\/magyar-misszio.ch\/wp-content\/uploads\/2021\/05\/59-Naphimnusz-Assziszi-Szent-Ferenc.mp3\">https:\/\/magyar-misszio.ch\/wp-content\/uploads\/2021\/05\/59-Naphimnusz-Assziszi-Szent-Ferenc.mp3<\/a><\/audio><\/p><p>11. \u00e9nek: Minden mi \u00e9l&#8230; <em><span style=\"font-size: 10pt;\">(kattints a lej\u00e1tsz\u00e1s gombra, vagy <a href=\"https:\/\/magyar-misszio.ch\/wp-content\/uploads\/2021\/05\/Minden-mi-el.mp3\">ide kattintva<\/a> let\u00f6ltheted)<\/span><\/em><\/p><p><audio class=\"wp-audio-shortcode\" id=\"audio-3003-11\" preload=\"none\" style=\"width: 100%;\" controls=\"controls\"><source type=\"audio\/mpeg\" src=\"https:\/\/magyar-misszio.ch\/wp-content\/uploads\/2021\/05\/Minden-mi-el.mp3?_=11\" \/><a href=\"https:\/\/magyar-misszio.ch\/wp-content\/uploads\/2021\/05\/Minden-mi-el.mp3\">https:\/\/magyar-misszio.ch\/wp-content\/uploads\/2021\/05\/Minden-mi-el.mp3<\/a><\/audio><\/p><p>12. <span style=\"color: #0000ff;\">im\u00e1ds\u00e1g:<\/span> Apostoli hitvall\u00e1s\u00a0<em><span style=\"font-size: 10pt;\">(kattints a lej\u00e1tsz\u00e1s gombra, vagy <a href=\"https:\/\/magyar-misszio.ch\/wp-content\/uploads\/2021\/05\/09-apostoli-hitvallas.mp3\">ide kattintva<\/a> let\u00f6ltheted)<\/span><\/em><\/p><p><audio class=\"wp-audio-shortcode\" id=\"audio-3003-12\" preload=\"none\" style=\"width: 100%;\" controls=\"controls\"><source type=\"audio\/mpeg\" src=\"https:\/\/magyar-misszio.ch\/wp-content\/uploads\/2021\/05\/09-apostoli-hitvallas.mp3?_=12\" \/><a href=\"https:\/\/magyar-misszio.ch\/wp-content\/uploads\/2021\/05\/09-apostoli-hitvallas.mp3\">https:\/\/magyar-misszio.ch\/wp-content\/uploads\/2021\/05\/09-apostoli-hitvallas.mp3<\/a><\/audio><\/p><p>13. <span style=\"color: #0000ff;\">im\u00e1ds\u00e1g:<\/span> B\u00e1cskai ima az egyh\u00e1z\u00e9rt\u00a0<em><span style=\"font-size: 10pt;\">(kattints a lej\u00e1tsz\u00e1s gombra, vagy <a href=\"https:\/\/magyar-misszio.ch\/wp-content\/uploads\/2021\/05\/54-bacskai-ima-az-egyhazert.mp3\">ide kattintva<\/a> let\u00f6ltheted)<\/span><\/em><\/p><p><audio class=\"wp-audio-shortcode\" id=\"audio-3003-13\" preload=\"none\" style=\"width: 100%;\" controls=\"controls\"><source type=\"audio\/mpeg\" src=\"https:\/\/magyar-misszio.ch\/wp-content\/uploads\/2021\/05\/54-bacskai-ima-az-egyhazert.mp3?_=13\" \/><a href=\"https:\/\/magyar-misszio.ch\/wp-content\/uploads\/2021\/05\/54-bacskai-ima-az-egyhazert.mp3\">https:\/\/magyar-misszio.ch\/wp-content\/uploads\/2021\/05\/54-bacskai-ima-az-egyhazert.mp3<\/a><\/audio><\/p><p>14. \u00e9nek: Szentl\u00e9lek j\u00f6jj&#8230; <em><span style=\"font-size: 10pt;\">(kattints a lej\u00e1tsz\u00e1s gombra, vagy <a href=\"https:\/\/magyar-misszio.ch\/wp-content\/uploads\/2021\/05\/10-Szentlelek-joejj.mp3\">ide kattintva<\/a> let\u00f6ltheted)<\/span><\/em><\/p><p><audio class=\"wp-audio-shortcode\" id=\"audio-3003-14\" preload=\"none\" style=\"width: 100%;\" controls=\"controls\"><source type=\"audio\/mpeg\" src=\"https:\/\/magyar-misszio.ch\/wp-content\/uploads\/2021\/05\/10-Szentlelek-joejj.mp3?_=14\" \/><a href=\"https:\/\/magyar-misszio.ch\/wp-content\/uploads\/2021\/05\/10-Szentlelek-joejj.mp3\">https:\/\/magyar-misszio.ch\/wp-content\/uploads\/2021\/05\/10-Szentlelek-joejj.mp3<\/a><\/audio><\/p><p>15. <span style=\"color: #0000ff;\">im\u00e1ds\u00e1g:<\/span> II.R\u00e1k\u00f3czi Feren im\u00e1ja haz\u00e1nk\u00e9rt <em><span style=\"font-size: 10pt;\">(kattints a lej\u00e1tsz\u00e1s gombra, vagy <a href=\"https:\/\/magyar-misszio.ch\/wp-content\/uploads\/2021\/05\/53-II.Rakoczi-Feren-imaja-hazankert.mp3\">ide kattintva<\/a> let\u00f6ltheted)<\/span><\/em><\/p><p><audio class=\"wp-audio-shortcode\" id=\"audio-3003-15\" preload=\"none\" style=\"width: 100%;\" controls=\"controls\"><source type=\"audio\/mpeg\" src=\"https:\/\/magyar-misszio.ch\/wp-content\/uploads\/2021\/05\/53-II.Rakoczi-Feren-imaja-hazankert.mp3?_=15\" \/><a href=\"https:\/\/magyar-misszio.ch\/wp-content\/uploads\/2021\/05\/53-II.Rakoczi-Feren-imaja-hazankert.mp3\">https:\/\/magyar-misszio.ch\/wp-content\/uploads\/2021\/05\/53-II.Rakoczi-Feren-imaja-hazankert.mp3<\/a><\/audio><\/p><p>16. \u00e9nek: Teremts bennem &#8230; <em><span style=\"font-size: 10pt;\">(kattints a lej\u00e1tsz\u00e1s gombra, vagy <a href=\"https:\/\/magyar-misszio.ch\/wp-content\/uploads\/2021\/05\/53-II.Rakoczi-Feren-imaja-hazankert.mp3\">ide kattintva<\/a> let\u00f6ltheted)<\/span><\/em><\/p><p><audio class=\"wp-audio-shortcode\" id=\"audio-3003-16\" preload=\"none\" style=\"width: 100%;\" controls=\"controls\"><source type=\"audio\/mpeg\" src=\"https:\/\/magyar-misszio.ch\/wp-content\/uploads\/2021\/05\/Teremts-bennem-.mp3?_=16\" \/><a href=\"https:\/\/magyar-misszio.ch\/wp-content\/uploads\/2021\/05\/Teremts-bennem-.mp3\">https:\/\/magyar-misszio.ch\/wp-content\/uploads\/2021\/05\/Teremts-bennem-.mp3<\/a><\/audio><\/p><p>17. <span style=\"color: #0000ff;\">im\u00e1ds\u00e1g:<\/span> P\u00e1zm\u00e1ny P\u00e9ter foh\u00e1sza\u00a0<em><span style=\"font-size: 10pt;\">(kattints a lej\u00e1tsz\u00e1s gombra, vagy <a href=\"https:\/\/magyar-misszio.ch\/wp-content\/uploads\/2021\/05\/16-Pazmany-Peter-fohasza.mp3\">ide kattintva<\/a> let\u00f6ltheted)<\/span><\/em><\/p><p><audio class=\"wp-audio-shortcode\" id=\"audio-3003-17\" preload=\"none\" style=\"width: 100%;\" controls=\"controls\"><source type=\"audio\/mpeg\" src=\"https:\/\/magyar-misszio.ch\/wp-content\/uploads\/2021\/05\/16-Pazmany-Peter-fohasza.mp3?_=17\" \/><a href=\"https:\/\/magyar-misszio.ch\/wp-content\/uploads\/2021\/05\/16-Pazmany-Peter-fohasza.mp3\">https:\/\/magyar-misszio.ch\/wp-content\/uploads\/2021\/05\/16-Pazmany-Peter-fohasza.mp3<\/a><\/audio><\/p><p>18. \u00e9nek: Csak legy\u00e9l t\u00f6bb &#8230; <em><span style=\"font-size: 10pt;\">(kattints a lej\u00e1tsz\u00e1s gombra, vagy <a href=\"https:\/\/magyar-misszio.ch\/wp-content\/uploads\/2021\/05\/Csak-legyel-toebb-szeretet.mp3\">ide kattintva<\/a> let\u00f6ltheted)<\/span><\/em><\/p><p><audio class=\"wp-audio-shortcode\" id=\"audio-3003-18\" preload=\"none\" style=\"width: 100%;\" controls=\"controls\"><source type=\"audio\/mpeg\" src=\"https:\/\/magyar-misszio.ch\/wp-content\/uploads\/2021\/05\/Csak-legyel-toebb-szeretet.mp3?_=18\" \/><a href=\"https:\/\/magyar-misszio.ch\/wp-content\/uploads\/2021\/05\/Csak-legyel-toebb-szeretet.mp3\">https:\/\/magyar-misszio.ch\/wp-content\/uploads\/2021\/05\/Csak-legyel-toebb-szeretet.mp3<\/a><\/audio><\/p><p>19. <span style=\"color: #0000ff;\">im\u00e1ds\u00e1g:<\/span> Szent Ferenc im\u00e1ja\u00a0<em><span style=\"font-size: 10pt;\">(kattints a lej\u00e1tsz\u00e1s gombra, vagy <a href=\"https:\/\/magyar-misszio.ch\/wp-content\/uploads\/2021\/05\/20-Szent-Ferenc-imaja.mp3\">ide kattintva<\/a> let\u00f6ltheted)<\/span><\/em><\/p><p><audio class=\"wp-audio-shortcode\" id=\"audio-3003-19\" preload=\"none\" style=\"width: 100%;\" controls=\"controls\"><source type=\"audio\/mpeg\" src=\"https:\/\/magyar-misszio.ch\/wp-content\/uploads\/2021\/05\/20-Szent-Ferenc-imaja.mp3?_=19\" \/><a href=\"https:\/\/magyar-misszio.ch\/wp-content\/uploads\/2021\/05\/20-Szent-Ferenc-imaja.mp3\">https:\/\/magyar-misszio.ch\/wp-content\/uploads\/2021\/05\/20-Szent-Ferenc-imaja.mp3<\/a><\/audio><\/p><p>20. \u00e9nek: J\u00f6jj, itt az id\u0151&#8230; <em><span style=\"font-size: 10pt;\">(kattints a lej\u00e1tsz\u00e1s gombra, vagy <a href=\"https:\/\/magyar-misszio.ch\/wp-content\/uploads\/2021\/05\/53-II.Rakoczi-Feren-imaja-hazankert.mp3\">ide kattintva<\/a> let\u00f6ltheted)<\/span><\/em><\/p><p><audio class=\"wp-audio-shortcode\" id=\"audio-3003-20\" preload=\"none\" style=\"width: 100%;\" controls=\"controls\"><source type=\"audio\/mpeg\" src=\"https:\/\/magyar-misszio.ch\/wp-content\/uploads\/2021\/05\/01-Joejj-itt-az-ido.mp3?_=20\" \/><a href=\"https:\/\/magyar-misszio.ch\/wp-content\/uploads\/2021\/05\/01-Joejj-itt-az-ido.mp3\">https:\/\/magyar-misszio.ch\/wp-content\/uploads\/2021\/05\/01-Joejj-itt-az-ido.mp3<\/a><\/audio><\/p><p>21. <span style=\"color: #0000ff;\">im\u00e1ds\u00e1g:<\/span> k\u00e9red a kezemet&#8230; <em><span style=\"font-size: 10pt;\">(kattints a lej\u00e1tsz\u00e1s gombra, vagy <a href=\"https:\/\/magyar-misszio.ch\/wp-content\/uploads\/2021\/05\/21-kered-a-kezemet.mp3\">ide kattintva<\/a> let\u00f6ltheted)<\/span><\/em><\/p><p><audio class=\"wp-audio-shortcode\" id=\"audio-3003-21\" preload=\"none\" style=\"width: 100%;\" controls=\"controls\"><source type=\"audio\/mpeg\" src=\"https:\/\/magyar-misszio.ch\/wp-content\/uploads\/2021\/05\/21-kered-a-kezemet.mp3?_=21\" \/><a href=\"https:\/\/magyar-misszio.ch\/wp-content\/uploads\/2021\/05\/21-kered-a-kezemet.mp3\">https:\/\/magyar-misszio.ch\/wp-content\/uploads\/2021\/05\/21-kered-a-kezemet.mp3<\/a><\/audio><\/p><p>22. \u00e9nek: Krisztusf\u00fcz\u00e9r &#8211; \u00e1ld\u00e1s \u00e9nek <em><span style=\"font-size: 10pt;\">(kattints a lej\u00e1tsz\u00e1s gombra, vagy <a href=\"https:\/\/magyar-misszio.ch\/wp-content\/uploads\/2021\/05\/28.Folytasd-eletutadat-enek.mp3\">ide kattintva<\/a> <\/span><\/em><em><span style=\"font-size: 10pt;\">let\u00f6ltheted)<\/span><\/em><\/p><p><audio class=\"wp-audio-shortcode\" id=\"audio-3003-22\" preload=\"none\" style=\"width: 100%;\" controls=\"controls\"><source type=\"audio\/mpeg\" src=\"https:\/\/magyar-misszio.ch\/wp-content\/uploads\/2021\/05\/28.Folytasd-eletutadat-enek.mp3?_=22\" \/><a href=\"https:\/\/magyar-misszio.ch\/wp-content\/uploads\/2021\/05\/28.Folytasd-eletutadat-enek.mp3\">https:\/\/magyar-misszio.ch\/wp-content\/uploads\/2021\/05\/28.Folytasd-eletutadat-enek.mp3<\/a><\/audio><\/p><hr \/><p>*\u00a0 \u00a0*\u00a0 \u00a0*<\/p><p>kieg\u00e9sz\u00edt\u00e9s\u00fcl m\u00e9g:<\/p><p><span style=\"color: #0000ff;\">im\u00e1ds\u00e1g:<\/span> Sz\u0171z M\u00e1ria r\u00f3zsaf\u00fcz\u00e9re:\u00a0 \u00f6rvendetes olvas\u00f3 <em><span style=\"font-size: 10pt;\">(kattints a lej\u00e1tsz\u00e1s gombra, vagy <a href=\"https:\/\/magyar-misszio.ch\/wp-content\/uploads\/2021\/05\/Orvendetes.mp3\">ide kattintva<\/a> <\/span><\/em><em><span style=\"font-size: 10pt;\">let\u00f6ltheted)<\/span><\/em><\/p><p><audio class=\"wp-audio-shortcode\" id=\"audio-3003-23\" preload=\"none\" style=\"width: 100%;\" controls=\"controls\"><source type=\"audio\/mpeg\" src=\"https:\/\/magyar-misszio.ch\/wp-content\/uploads\/2021\/05\/Orvendetes.mp3?_=23\" \/><a href=\"https:\/\/magyar-misszio.ch\/wp-content\/uploads\/2021\/05\/Orvendetes.mp3\">https:\/\/magyar-misszio.ch\/wp-content\/uploads\/2021\/05\/Orvendetes.mp3<\/a><\/audio><\/p><p>f\u00e1jdalmas olvas\u00f3 <em><span style=\"font-size: 10pt;\">(kattints a lej\u00e1tsz\u00e1s gombra, vagy <a href=\"https:\/\/magyar-misszio.ch\/wp-content\/uploads\/2021\/05\/Fajdalmas.mp3\">ide kattintva<\/a> <\/span><\/em><em><span style=\"font-size: 10pt;\">let\u00f6ltheted)<\/span><\/em><\/p><p><audio class=\"wp-audio-shortcode\" id=\"audio-3003-24\" preload=\"none\" style=\"width: 100%;\" controls=\"controls\"><source type=\"audio\/mpeg\" src=\"https:\/\/magyar-misszio.ch\/wp-content\/uploads\/2021\/05\/Fajdalmas.mp3?_=24\" \/><a href=\"https:\/\/magyar-misszio.ch\/wp-content\/uploads\/2021\/05\/Fajdalmas.mp3\">https:\/\/magyar-misszio.ch\/wp-content\/uploads\/2021\/05\/Fajdalmas.mp3<\/a><\/audio><\/p><p>dics\u0151s\u00e9ges olvas\u00f3\u00a0<em><span style=\"font-size: 10pt;\">(kattints a lej\u00e1tsz\u00e1s gombra, vagy <a href=\"https:\/\/magyar-misszio.ch\/wp-content\/uploads\/2021\/05\/Dicsoseges.mp3\">ide kattintva<\/a> <\/span><\/em><em><span style=\"font-size: 10pt;\">let\u00f6ltheted)<\/span><\/em><\/p><p><audio class=\"wp-audio-shortcode\" id=\"audio-3003-25\" preload=\"none\" style=\"width: 100%;\" controls=\"controls\"><source type=\"audio\/mpeg\" src=\"https:\/\/magyar-misszio.ch\/wp-content\/uploads\/2021\/05\/Dicsoseges.mp3?_=25\" \/><a href=\"https:\/\/magyar-misszio.ch\/wp-content\/uploads\/2021\/05\/Dicsoseges.mp3\">https:\/\/magyar-misszio.ch\/wp-content\/uploads\/2021\/05\/Dicsoseges.mp3<\/a><\/audio><\/p>\t\t\t\t\t\t\t\t<\/div>\n\t\t\t\t<\/div>\n\t\t\t\t\t<\/div>\n\t\t<\/div>\n\t\t\t\t\t<\/div>\n\t\t<\/section>\n\t\t\t\t<\/div>\n\t\t","protected":false},"excerpt":{"rendered":"<p>Im\u00e1ds\u00e1gos seg\u00e9dleg zar\u00e1ndoklathoz\u00a0 \u00a0 Zar\u00e1ndokl\u00e1s k\u00f6zben h\u00e1l\u00e1t adunk Istennek a csodasz\u00e9p teremtett vil\u00e1g\u00e9rt. Csendben im\u00e1dkozunk, elm\u00e9lkedhet\u00fcnk. Kereszt\u00e9ny egyh\u00e1zunk kincsest\u00e1r\u00e1b\u00f3l sz\u00e1mtalan sz\u00e9p im\u00e1t mondhatunk, \u00e9nekelhet\u00fcnk egy\u00fctt, vagy k\u00f6z\u00f6sen. N\u00e9h\u00e1ny javaslat: 01. im\u00e1ds\u00e1gra k\u00e9sz\u00fclve (kattints a lej\u00e1tsz\u00e1s gombra, vagy ide kattintva let\u00f6ltheted) 02. im\u00e1ds\u00e1g: Szent Patrik \u00fati im\u00e1ja (kattints a lej\u00e1tsz\u00e1s gombra, vagy ide kattintva let\u00f6ltheted) 03. &hellip; <\/p>\n<p class=\"link-more\"><a href=\"https:\/\/magyar-misszio.ch\/?page_id=3003\" class=\"more-link\"><span class=\"screen-reader-text\">\u201ezar\u00e1ndoklathoz im\u00e1k\u201c<\/span> weiterlesen<\/a><\/p>\n","protected":false},"author":2,"featured_media":0,"parent":0,"menu_order":0,"comment_status":"closed","ping_status":"closed","template":"","meta":{"footnotes":""},"class_list":["post-3003","page","type-page","status-publish","hentry"],"_links":{"self":[{"href":"https:\/\/magyar-misszio.ch\/index.php?rest_route=\/wp\/v2\/pages\/3003","targetHints":{"allow":["GET"]}}],"collection":[{"href":"https:\/\/magyar-misszio.ch\/index.php?rest_route=\/wp\/v2\/pages"}],"about":[{"href":"https:\/\/magyar-misszio.ch\/index.php?rest_route=\/wp\/v2\/types\/page"}],"author":[{"embeddable":true,"href":"https:\/\/magyar-misszio.ch\/index.php?rest_route=\/wp\/v2\/users\/2"}],"replies":[{"embeddable":true,"href":"https:\/\/magyar-misszio.ch\/index.php?rest_route=%2Fwp%2Fv2%2Fcomments&post=3003"}],"version-history":[{"count":16,"href":"https:\/\/magyar-misszio.ch\/index.php?rest_route=\/wp\/v2\/pages\/3003\/revisions"}],"predecessor-version":[{"id":5198,"href":"https:\/\/magyar-misszio.ch\/index.php?rest_route=\/wp\/v2\/pages\/3003\/revisions\/5198"}],"wp:attachment":[{"href":"https:\/\/magyar-misszio.ch\/index.php?rest_route=%2Fwp%2Fv2%2Fmedia&parent=3003"}],"curies":[{"name":"wp","href":"https:\/\/api.w.org\/{rel}","templated":true}]}}