{"id":3075,"date":"2021-05-22T13:08:18","date_gmt":"2021-05-22T13:08:18","guid":{"rendered":"http:\/\/magyar-misszio.ch\/?page_id=3075"},"modified":"2021-05-22T13:08:18","modified_gmt":"2021-05-22T13:08:18","slug":"hirmondo","status":"publish","type":"page","link":"https:\/\/magyar-misszio.ch\/?page_id=3075","title":{"rendered":"hirmondo"},"content":{"rendered":"<p><span style=\"font-size: 18pt;\"><strong><span style=\"color: #ff0000;\">Sv\u00e1jci<\/span> Magyarh\u00e1z <span style=\"color: #339966;\">H\u00edrmond\u00f3<\/span> \u00fajs\u00e1g &#8211; \u00fajra<img decoding=\"async\" class=\"size-medium wp-image-3073 aligncenter\" src=\"https:\/\/magyar-misszio.ch\/wp-content\/uploads\/2021\/05\/hirmondo-reklam.jpg-300x163.jpg\" alt=\"\" width=\"300\" height=\"163\" data-id=\"3073\" srcset=\"https:\/\/magyar-misszio.ch\/wp-content\/uploads\/2021\/05\/hirmondo-reklam.jpg-300x163.jpg 300w, https:\/\/magyar-misszio.ch\/wp-content\/uploads\/2021\/05\/hirmondo-reklam.jpg-768x418.jpg 768w, https:\/\/magyar-misszio.ch\/wp-content\/uploads\/2021\/05\/hirmondo-reklam.jpg.jpg 886w\" sizes=\"(max-width: 300px) 100vw, 300px\" \/><\/strong><\/span><\/p>\n<p style=\"text-align: justify;\">Nagy szeretettel aj\u00e1nljuk a sv\u00e1jci magyarok magyar nyelv\u0171 \u00fajs\u00e1gj\u00e1t. \u00a0Hossz\u00fa id\u0151 \u00f3ta \u00fajra! Olyan sok mondanival\u00f3 lett benne, hogy 100 oldalas \u2013 \u00edgy m\u00e1r ink\u00e1bb f\u00fczet vagy k\u00f6nyv, de a m\u00e9rete a fele a r\u00e9ginek:<\/p>\n<ul>\n<li>nagyon sok sz\u00ednes k\u00e9ppel, sok inform\u00e1ci\u00f3val \u00e9s besz\u00e1mol\u00f3val.<\/li>\n<li>Helyet kap benne a Z\u00fcrichi -, B\u00e1zeli &#8211; , Berni -, Genfi Kr\u00f3nika, katolikus \u00e9s reform\u00e1tus egyh\u00e1zak, cserk\u00e9szek, gyermekoldalak, esem\u00e9ny- \u00e9s n\u00e9vnapt\u00e1r, rekl\u00e1moz\u00e1si lehet\u0151s\u00e9gek stb.<\/li>\n<li>Az eleg\u00e1ns kivitelez\u00e9s\u0171 H\u00edrmond\u00f3 megv\u00e9teli lehet\u0151s\u00e9gei:<br \/>\n&#8211; \u00e9ves el\u0151fizet\u00e9s 32 chf (postak\u00f6lts\u00e9ggel), egyenk\u00e9nti lapsz\u00e1m: 10 chf (<a href=\"https:\/\/hirmondo.ch\/product\/eves-elofizetes\/\" target=\"_blank\" rel=\"noopener\">hirmondo.ch\/u\/elofizetes<\/a> &#8211; \u00a0el\u0151fizet\u00e9sben sz\u00edvesen seg\u00edt\u00fcnk)<br \/>\n&#8211; digit\u00e1lisan \u00e9ves el\u0151fizet\u00e9s 28 chf, egyenk\u00e9nti lapsz\u00e1m digit\u00e1lisan 9 chf \u00a0(<a href=\"http:\/\/hirmondo.ch\/u\/digitalis-elofizetes\" target=\"_blank\" rel=\"noopener\">hirmondo.ch\/u\/digitalis-elofizetes<\/a>\u00a0 &#8211; el\u0151fizet\u00e9sben sz\u00edvesen seg\u00edt\u00fcnk)<\/li>\n<li>Internetoldala: <a href=\"https:\/\/hirmondo.ch\/\" target=\"_blank\" rel=\"noopener\">hirmondo.ch<\/a>, itt archivum is megtal\u00e1lhat\u00f3, r\u00e9gebbi sz\u00e1mokb\u00f3l is vannak let\u00f6lthet\u0151ek<\/li>\n<\/ul>\n<p>A kiadv\u00e1nyt meg lehet v\u00e1s\u00e1rolni misszi\u00f3nkn\u00e1l is, a szentmis\u00e9k ut\u00e1n is (pl. sekresty\u00e9ben, ha nincs a templom h\u00e1tulj\u00e1ban).<\/p>\n<p><span style=\"color: #0000ff;\"><strong>Megk\u00f6sz\u00f6nj\u00fck a Sv\u00e1jci Magyarh\u00e1z Alap\u00edtv\u00e1nynak<\/strong>,<\/span> hogy a mi h\u00edreinket is k\u00f6zz\u00e9 teszi.<\/p>\n<p><span style=\"color: #0000ff;\"><strong>A 2021. tavaszi sz\u00e1mban megjelent cikkeink<\/strong> <\/span>(<a href=\"https:\/\/magyar-misszio.ch\/wp-content\/uploads\/2021\/05\/Hirmondo2021tavasz-cikkeink.pdf\" target=\"_blank\" rel=\"noopener\">egyben ide kattintva let\u00f6lthet\u0151&#8230;<\/a>):<br \/>\n&#8211; visszatekint\u00e9s a 2020-as \u00e9vre<br \/>\n&#8211; Az 1956-os eml\u00e9kkeresztr\u0151l<br \/>\n&#8211; Karit\u00e1sz-gy\u0171jt\u00e9s a Rem\u00e9nysug\u00e1r Gyermekotthonnak<br \/>\n&#8211; \u00c9let\u00fcnk &#8211; Az eur\u00f3pai magyar katolikusok \u00fajs\u00e1gj\u00e1nak aj\u00e1nl\u00e1sa<\/p>\n<p>&nbsp;<\/p>\n<p>&nbsp;<\/p>\n<p>&nbsp;<\/p>\n","protected":false},"excerpt":{"rendered":"<p>Sv\u00e1jci Magyarh\u00e1z H\u00edrmond\u00f3 \u00fajs\u00e1g &#8211; \u00fajra Nagy szeretettel aj\u00e1nljuk a sv\u00e1jci magyarok magyar nyelv\u0171 \u00fajs\u00e1gj\u00e1t. \u00a0Hossz\u00fa id\u0151 \u00f3ta \u00fajra! Olyan sok mondanival\u00f3 lett benne, hogy 100 oldalas \u2013 \u00edgy m\u00e1r ink\u00e1bb f\u00fczet vagy k\u00f6nyv, de a m\u00e9rete a fele a r\u00e9ginek: nagyon sok sz\u00ednes k\u00e9ppel, sok inform\u00e1ci\u00f3val \u00e9s besz\u00e1mol\u00f3val. Helyet kap benne a Z\u00fcrichi -, &hellip; <\/p>\n<p class=\"link-more\"><a href=\"https:\/\/magyar-misszio.ch\/?page_id=3075\" class=\"more-link\"><span class=\"screen-reader-text\">\u201ehirmondo\u201c<\/span> weiterlesen<\/a><\/p>\n","protected":false},"author":2,"featured_media":0,"parent":0,"menu_order":0,"comment_status":"closed","ping_status":"closed","template":"","meta":{"footnotes":""},"class_list":["post-3075","page","type-page","status-publish","hentry"],"_links":{"self":[{"href":"https:\/\/magyar-misszio.ch\/index.php?rest_route=\/wp\/v2\/pages\/3075","targetHints":{"allow":["GET"]}}],"collection":[{"href":"https:\/\/magyar-misszio.ch\/index.php?rest_route=\/wp\/v2\/pages"}],"about":[{"href":"https:\/\/magyar-misszio.ch\/index.php?rest_route=\/wp\/v2\/types\/page"}],"author":[{"embeddable":true,"href":"https:\/\/magyar-misszio.ch\/index.php?rest_route=\/wp\/v2\/users\/2"}],"replies":[{"embeddable":true,"href":"https:\/\/magyar-misszio.ch\/index.php?rest_route=%2Fwp%2Fv2%2Fcomments&post=3075"}],"version-history":[{"count":1,"href":"https:\/\/magyar-misszio.ch\/index.php?rest_route=\/wp\/v2\/pages\/3075\/revisions"}],"predecessor-version":[{"id":3076,"href":"https:\/\/magyar-misszio.ch\/index.php?rest_route=\/wp\/v2\/pages\/3075\/revisions\/3076"}],"wp:attachment":[{"href":"https:\/\/magyar-misszio.ch\/index.php?rest_route=%2Fwp%2Fv2%2Fmedia&parent=3075"}],"curies":[{"name":"wp","href":"https:\/\/api.w.org\/{rel}","templated":true}]}}