{"id":3260,"date":"2021-07-03T13:33:48","date_gmt":"2021-07-03T13:33:48","guid":{"rendered":"http:\/\/magyar-misszio.ch\/?page_id=3260"},"modified":"2021-07-03T13:33:48","modified_gmt":"2021-07-03T13:33:48","slug":"tamogatas202108","status":"publish","type":"page","link":"https:\/\/magyar-misszio.ch\/?page_id=3260","title":{"rendered":"t\u00e1mogat\u00e1s202108"},"content":{"rendered":"<p style=\"text-align: center;\"><span style=\"font-size: 18pt; color: #0000ff;\"><b>2021. nyara: erd\u00e9lyi aty\u00e1k t\u00e1mogat\u00e1sa a budapesti Eucharisztikus Kongresszuson val\u00f3 r\u00e9szv\u00e9thez<\/b><\/span><\/p>\n<p>&nbsp;<\/p>\n<p style=\"text-align: left;\"><strong><span style=\"font-size: 14pt;\"><img decoding=\"async\" class=\"size-full wp-image-3259 alignleft\" src=\"https:\/\/magyar-misszio.ch\/wp-content\/uploads\/2021\/07\/Bild1.png\" alt=\"\" width=\"122\" height=\"112\" data-id=\"3259\" \/><\/span><\/strong><\/p>\n<p>Erd\u00e9lyi aty\u00e1kat szeretn\u00e9nk t\u00e1mogatni, hogy ne terhelje meg \u0151ket a budapesti Eucharisztikus Kongresszuson val\u00f3 r\u00e9szv\u00e9tel. Eddig 5 pl\u00e9b\u00e1nos jelezte kiad\u00e1sainak tervezet\u00e9t (utik\u00f6lts\u00e9g, sz\u00e1ll\u00e1sd\u00edj\u2026). C\u00e9lunk: legal\u00e1bb 1300 chf \u00f6sszegy\u0171jt\u00e9se.<br \/>\nV\u00e1runk szem\u00e9lyes adom\u00e1nyokat (k\u00e9szp\u00e9nz, Egyes\u00fclet\u00fcnk banksz\u00e1mlasz\u00e1m\u00e1ra, templom h\u00e1tulj\u00e1n csekk\u00fcnk is megtal\u00e1lhat\u00f3).<br \/>\nPersely-gy\u0171jt\u00e9s: aug. 22-\u00e9n, Szent Istv\u00e1n \u00fcnnep\u00fcnkkor.<\/p>\n<p><em>Karit\u00e1sz csoportunk h\u00e1l\u00e1san k\u00f6sz\u00f6n minden seg\u00edts\u00e9get. <\/em><\/p>\n<p><span style=\"color: #ff0000;\"><strong><span style=\"font-size: 18pt;\">Milyen m\u00f3dokon tud seg\u00edteni?<span style=\"color: #800080;\"> (aug.23-ig)<\/span><\/span><\/strong><\/span><\/p>\n<ol>\n<li style=\"list-style-type: none;\">\n<ol>\n<li>2021. aug.22-\u00e9n templomi persellyel<\/li>\n<li>\u00c1tutal\u00e1ssal a St. Stephan Verein sz\u00e1ml\u00e1j\u00e1ra, &#8222;erd\u00e9lyi aty\u00e1k&#8220; megjel\u00f6l\u00e9ssel (Verein St. Stephan, Z\u00fcrich 8057, Winterthurerstrasse 135,IBAN: CH59 0070 0112 8001 3211 1).<\/li>\n<li><span style=\"font-size: 1rem;\">Forint-\u00e1tutal\u00e1ssal a Testi-Lelki Seg\u00edts\u00e9g K\u00f6zhaszn\u00fa Alap\u00edtv\u00e1ny sz\u00e1ml\u00e1j\u00e1ra (<\/span><a style=\"font-size: 1rem;\" href=\"http:\/\/www.eljvele.hu\/alapitvany\/\" target=\"_blank\" rel=\"noopener\">honlap itt&#8230;<\/a><span style=\"font-size: 1rem;\">). Ez pl\u00e9b\u00e1nosunk karitat\u00edv alap\u00edtv\u00e1nya, melyet magyarorsz\u00e1gi \u00f6nk\u00e9ntesek ellenszolg\u00e1ltat\u00e1s n\u00e9lk\u00fcl kezelnek. (Testi-Lelki Seg\u00edts\u00e9g K\u00f6zhaszn\u00fa Alap\u00edtv\u00e1ny, 2220 Vecs\u00e9s, Erzs\u00e9bet t\u00e9r 2., IBAN: <\/span>HU08107012766898257151100005,\u00a0<span style=\"font-size: 1rem;\">BIC: CIBHHUHB. \u00cdrjuk oda a c\u00e9lt: pl. Rem\u00e9nysug\u00e1r.)<\/span><\/li>\n<li>Mobiltelefonja seg\u00edts\u00e9g\u00e9vel a k\u00f6vetkez\u0151 QR-k\u00f3ddal: <img decoding=\"async\" class=\"size-medium wp-image-3263 alignright\" src=\"https:\/\/magyar-misszio.ch\/wp-content\/uploads\/2021\/07\/QR-Code-karitasz-akciok.png\" alt=\"\" width=\"153\" height=\"153\" data-id=\"3263\" srcset=\"https:\/\/magyar-misszio.ch\/wp-content\/uploads\/2021\/07\/QR-Code-karitasz-akciok.png 153w, https:\/\/magyar-misszio.ch\/wp-content\/uploads\/2021\/07\/QR-Code-karitasz-akciok-150x150.png 150w, https:\/\/magyar-misszio.ch\/wp-content\/uploads\/2021\/07\/QR-Code-karitasz-akciok-100x100.png 100w\" sizes=\"(max-width: 153px) 100vw, 153px\" \/><\/li>\n<li>Bankk\u00e1rty\u00e1val az al\u00e1bbi k\u00e9pre kattintva:<br \/>\n<a href=\"https:\/\/www.paypal.com\/donate?hosted_button_id=SWWR278J5R45L\" target=\"_blank\" rel=\"noopener\"><img decoding=\"async\" class=\"alignnone wp-image-3262\" src=\"https:\/\/magyar-misszio.ch\/wp-content\/uploads\/2021\/07\/spende-kar.jpg-300x129.jpg\" alt=\"\" width=\"216\" height=\"93\" data-id=\"3262\" srcset=\"https:\/\/magyar-misszio.ch\/wp-content\/uploads\/2021\/07\/spende-kar.jpg-300x129.jpg 300w, https:\/\/magyar-misszio.ch\/wp-content\/uploads\/2021\/07\/spende-kar.jpg-768x331.jpg 768w, https:\/\/magyar-misszio.ch\/wp-content\/uploads\/2021\/07\/spende-kar.jpg.jpg 798w\" sizes=\"(max-width: 216px) 100vw, 216px\" \/><\/a><\/li>\n<\/ol>\n<\/li>\n<\/ol>\n<p style=\"text-align: center;\"><em><span style=\"font-size: 10pt;\">P\u00e1r m\u00e1sodpercet v\u00e1rni kell az oldal bet\u00f6lt\u00e9s\u00e9ig.<br \/>\n<\/span><\/em><em><span style=\"font-size: 10pt;\">(ez a bankk\u00e1rty\u00e1s fizet\u00e9s a vil\u00e1g egyik legismertebb fizet\u0151-rendszer\u00e9n, a Paypal-on kereszt\u00fcl t\u00f6rt\u00e9nik, teh\u00e1t banki szint\u0171 a biztons\u00e1ga)<\/span><\/em><img loading=\"lazy\" decoding=\"async\" src=\"https:\/\/www.paypal.com\/de_CH\/i\/scr\/pixel.gif\" alt=\"\" width=\"1\" height=\"1\" border=\"0\" \/><\/p>\n<hr \/>\n<p><img loading=\"lazy\" decoding=\"async\" class=\"size-medium wp-image-519 alignleft\" src=\"https:\/\/magyar-misszio.ch\/wp-content\/uploads\/2018\/08\/egyutt-300x146.jpg\" alt=\"\" width=\"300\" height=\"146\" data-id=\"519\" srcset=\"https:\/\/magyar-misszio.ch\/wp-content\/uploads\/2018\/08\/egyutt-300x146.jpg 300w, https:\/\/magyar-misszio.ch\/wp-content\/uploads\/2018\/08\/egyutt.jpg 576w\" sizes=\"(max-width: 300px) 100vw, 300px\" \/><span style=\"font-size: 14pt;\"><span style=\"color: #ff0000;\"><strong>K\u00f6z\u00f6ss\u00e9g\u00fcnk karit\u00e1sz-csoportj\u00e1r\u00f3l<\/strong><\/span>, c\u00e9lokr\u00f3l, \u00f6szefog\u00e1sokr\u00f3l l\u00e1sd karit\u00e1sz-oldalunkat <a href=\"https:\/\/magyar-misszio.ch\/?page_id=783\">ide kattintva&#8230;.<\/a><\/span><\/p>\n","protected":false},"excerpt":{"rendered":"<p>2021. nyara: erd\u00e9lyi aty\u00e1k t\u00e1mogat\u00e1sa a budapesti Eucharisztikus Kongresszuson val\u00f3 r\u00e9szv\u00e9thez &nbsp; Erd\u00e9lyi aty\u00e1kat szeretn\u00e9nk t\u00e1mogatni, hogy ne terhelje meg \u0151ket a budapesti Eucharisztikus Kongresszuson val\u00f3 r\u00e9szv\u00e9tel. Eddig 5 pl\u00e9b\u00e1nos jelezte kiad\u00e1sainak tervezet\u00e9t (utik\u00f6lts\u00e9g, sz\u00e1ll\u00e1sd\u00edj\u2026). C\u00e9lunk: legal\u00e1bb 1300 chf \u00f6sszegy\u0171jt\u00e9se. V\u00e1runk szem\u00e9lyes adom\u00e1nyokat (k\u00e9szp\u00e9nz, Egyes\u00fclet\u00fcnk banksz\u00e1mlasz\u00e1m\u00e1ra, templom h\u00e1tulj\u00e1n csekk\u00fcnk is megtal\u00e1lhat\u00f3). Persely-gy\u0171jt\u00e9s: aug. 22-\u00e9n, Szent &hellip; <\/p>\n<p class=\"link-more\"><a href=\"https:\/\/magyar-misszio.ch\/?page_id=3260\" class=\"more-link\"><span class=\"screen-reader-text\">\u201et\u00e1mogat\u00e1s202108\u201c<\/span> weiterlesen<\/a><\/p>\n","protected":false},"author":2,"featured_media":0,"parent":0,"menu_order":0,"comment_status":"closed","ping_status":"closed","template":"","meta":{"footnotes":""},"class_list":["post-3260","page","type-page","status-publish","hentry"],"_links":{"self":[{"href":"https:\/\/magyar-misszio.ch\/index.php?rest_route=\/wp\/v2\/pages\/3260","targetHints":{"allow":["GET"]}}],"collection":[{"href":"https:\/\/magyar-misszio.ch\/index.php?rest_route=\/wp\/v2\/pages"}],"about":[{"href":"https:\/\/magyar-misszio.ch\/index.php?rest_route=\/wp\/v2\/types\/page"}],"author":[{"embeddable":true,"href":"https:\/\/magyar-misszio.ch\/index.php?rest_route=\/wp\/v2\/users\/2"}],"replies":[{"embeddable":true,"href":"https:\/\/magyar-misszio.ch\/index.php?rest_route=%2Fwp%2Fv2%2Fcomments&post=3260"}],"version-history":[{"count":1,"href":"https:\/\/magyar-misszio.ch\/index.php?rest_route=\/wp\/v2\/pages\/3260\/revisions"}],"predecessor-version":[{"id":3264,"href":"https:\/\/magyar-misszio.ch\/index.php?rest_route=\/wp\/v2\/pages\/3260\/revisions\/3264"}],"wp:attachment":[{"href":"https:\/\/magyar-misszio.ch\/index.php?rest_route=%2Fwp%2Fv2%2Fmedia&parent=3260"}],"curies":[{"name":"wp","href":"https:\/\/api.w.org\/{rel}","templated":true}]}}