{"id":3289,"date":"2021-07-11T17:52:06","date_gmt":"2021-07-11T17:52:06","guid":{"rendered":"http:\/\/magyar-misszio.ch\/?page_id=3289"},"modified":"2021-07-11T18:20:40","modified_gmt":"2021-07-11T18:20:40","slug":"b-evk-15-perikopak","status":"publish","type":"page","link":"https:\/\/magyar-misszio.ch\/?page_id=3289","title":{"rendered":"b-evk-15-perikopak"},"content":{"rendered":"<p>Id\u00e9zetek:<\/p>\n<p><sup>\u00a0<\/sup><\/p>\n<p><span style=\"background-color: #ffff00;\">Napi szent\u00edr\u00e1si r\u00e9szek:<\/span><\/p>\n<p><span style=\"color: #008080; font-size: small;\">2021.07.11. vas\u00e1rnap:\u00a0<b>\u00c9VK\u00d6ZI 15. VAS\u00c1RNAP<\/b><\/span><\/p>\n<p><span style=\"color: #ff0080;\"><i><b>Menj, \u00e9s pr\u00f3f\u00e9t\u00e1lj n\u00e9pemnek!<\/b><\/i><\/span><\/p>\n<p><span style=\"color: #800080; font-size: 14pt;\">\u00c1m 7,12-15<\/span><\/p>\n<p>\u00c1moszhoz pedig \u00edgy sz\u00f3lt Amaszja: ,,Eredj innen, pr\u00f3f\u00e9ta! Fuss J\u00fada f\u00f6ldj\u00e9re, ott edd kenyeredet, \u00e9s ott pr\u00f3f\u00e9t\u00e1lj! De B\u00e9telben ne pr\u00f3f\u00e9t\u00e1lj t\u00f6bb\u00e9, mert ez kir\u00e1lyi szent\u00e9ly \u00e9s a kir\u00e1lys\u00e1g temploma!\u2019\u2019 Felelt erre \u00c1mosz \u00e9s mondta Amaszj\u00e1nak: ,,Nem vagyok \u00e9n pr\u00f3f\u00e9ta, sem pr\u00f3f\u00e9ta fia; p\u00e1sztor vagyok \u00e9n, \u00e9s vadf\u00fcg\u00e9t szedegetek. De az \u00dar megh\u00edvott engem, amikor a ny\u00e1jat tereltem, \u00e9s mondta nekem az \u00dar: ,,Menj, pr\u00f3f\u00e9t\u00e1lj n\u00e9pemnek, Izraelnek!&#8220;<\/p>\n<p>&nbsp;<\/p>\n<p><span style=\"color: #800080; font-size: 14pt;\">Ef 1,3-14<\/span><\/p>\n<p>\u00c1ldott legyen Urunknak, J\u00e9zus Krisztusnak Istene \u00e9s Atyja, aki Krisztusban minden mennyei, lelki \u00e1ld\u00e1ssal meg\u00e1ldott minket. Mert kiv\u00e1lasztott minket \u0151benne a vil\u00e1g megteremt\u00e9se el\u0151tt, hogy szentek \u00e9s szepl\u0151telenek legy\u00fcnk el\u0151tte a szeretetben. Eleve arra rendelt minket, hogy fiaiv\u00e1 fogadjon J\u00e9zus Krisztus \u00e1ltal, akarat\u00e1nak j\u00f3s\u00e1gos tetsz\u00e9se szerint, \u00e9s magasztaljuk dics\u0151s\u00e9ges kegyelm\u00e9t, amellyel megaj\u00e1nd\u00e9kozott minket szeretett Fi\u00e1ban. Benne van sz\u00e1munkra a megv\u00e1lt\u00e1s az \u0151 v\u00e9re \u00e1ltal, a b\u0171n\u00f6k bocs\u00e1nata, kegyelme gazdags\u00e1g\u00e1nak megfelel\u0151en, amelyet igen b\u0151s\u00e9gesen juttatott nek\u00fcnk minden b\u00f6lcsess\u00e9ggel \u00e9s ismerettel. Megismertette ugyanis vel\u00fcnk akarat\u00e1nak a titk\u00e1t j\u00f3s\u00e1gos tetsz\u00e9se szerint, amelyet elhat\u00e1rozott benne az id\u0151k teljess\u00e9g\u00e9nek megval\u00f3s\u00edt\u00e1s\u00e1r\u00f3l: hogy Krisztusban mint F\u0151ben \u00fajra \u00f6sszefogjon mindent, ami az \u00e9gben \u00e9s ami a f\u00f6ld\u00f6n van. Benne r\u00e9szesei is lett\u00fcnk az \u00f6r\u00f6ks\u00e9gnek, mi, akik erre rendeltett\u00fcnk annak v\u00e9gz\u00e9se szerint, aki mindent akarat\u00e1nak v\u00e9gz\u00e9se szerint cselekszik, hogy magasztaljuk az \u0151 dics\u0151s\u00e9g\u00e9t, mi, akik m\u00e1r azel\u0151tt is rem\u00e9lt\u00fcnk Krisztusban. Benne ti is hallott\u00e1tok az igazs\u00e1g ig\u00e9j\u00e9t, hittetek is neki, \u00e9s megkapt\u00e1tok a meg\u00edg\u00e9rt Szentl\u00e9lek pecs\u00e9tj\u00e9t, aki foglal\u00f3ja \u00f6r\u00f6ks\u00e9g\u00fcnknek, am\u00edg Isten teljesen meg nem v\u00e1ltja tulajdon\u00e1t dics\u0151s\u00e9g\u00e9nek magasztal\u00e1s\u00e1ra.<\/p>\n<p><span style=\"color: #800080; font-size: 14pt;\">Mk 6,7-13<\/span><\/p>\n<p>K\u00f6zben mag\u00e1hoz h\u00edvta a tizenkett\u0151t, \u00e9s elkezdte \u0151ket kettes\u00e9vel elk\u00fcldeni. Hatalmat adott nekik a tiszt\u00e1talan lelkek felett. Meghagyta nekik, hogy az \u00fatra v\u00e1ndorboton k\u00edv\u00fcl semmit ne vigyenek; se t\u00e1sk\u00e1t, se kenyeret, se p\u00e9nzt az \u00f6v\u00fckben. Sarut k\u00f6ssenek, de ne \u00f6lt\u00f6zzenek k\u00e9t k\u00f6nt\u00f6sbe. Azt mondta nekik: ,,Ha valahol bet\u00e9rtek egy h\u00e1zba, maradjatok ott, am\u00edg tov\u00e1bb nem mentek onnan. Ha pedig valahol nem fogadnak be \u00e9s nem hallgatnak meg titeket, menjetek ki, r\u00e1zz\u00e1tok le l\u00e1batokr\u00f3l a port is, bizonys\u00e1gul ellen\u00fck.\u2019\u2019 Azok elmentek, \u00e9s hirdett\u00e9k, hogy tartsanak b\u0171nb\u00e1natot. Sok \u00f6rd\u00f6g\u00f6t ki\u0171ztek, sok beteget megkentek olajjal, \u00e9s azok meggy\u00f3gyultak.<\/p>\n","protected":false},"excerpt":{"rendered":"<p>Id\u00e9zetek: \u00a0 Napi szent\u00edr\u00e1si r\u00e9szek: 2021.07.11. vas\u00e1rnap:\u00a0\u00c9VK\u00d6ZI 15. VAS\u00c1RNAP Menj, \u00e9s pr\u00f3f\u00e9t\u00e1lj n\u00e9pemnek! \u00c1m 7,12-15 \u00c1moszhoz pedig \u00edgy sz\u00f3lt Amaszja: ,,Eredj innen, pr\u00f3f\u00e9ta! Fuss J\u00fada f\u00f6ldj\u00e9re, ott edd kenyeredet, \u00e9s ott pr\u00f3f\u00e9t\u00e1lj! De B\u00e9telben ne pr\u00f3f\u00e9t\u00e1lj t\u00f6bb\u00e9, mert ez kir\u00e1lyi szent\u00e9ly \u00e9s a kir\u00e1lys\u00e1g temploma!\u2019\u2019 Felelt erre \u00c1mosz \u00e9s mondta Amaszj\u00e1nak: ,,Nem vagyok \u00e9n pr\u00f3f\u00e9ta, &hellip; <\/p>\n<p class=\"link-more\"><a href=\"https:\/\/magyar-misszio.ch\/?page_id=3289\" class=\"more-link\"><span class=\"screen-reader-text\">\u201eb-evk-15-perikopak\u201c<\/span> weiterlesen<\/a><\/p>\n","protected":false},"author":2,"featured_media":0,"parent":0,"menu_order":0,"comment_status":"closed","ping_status":"closed","template":"","meta":{"footnotes":""},"class_list":["post-3289","page","type-page","status-publish","hentry"],"_links":{"self":[{"href":"https:\/\/magyar-misszio.ch\/index.php?rest_route=\/wp\/v2\/pages\/3289","targetHints":{"allow":["GET"]}}],"collection":[{"href":"https:\/\/magyar-misszio.ch\/index.php?rest_route=\/wp\/v2\/pages"}],"about":[{"href":"https:\/\/magyar-misszio.ch\/index.php?rest_route=\/wp\/v2\/types\/page"}],"author":[{"embeddable":true,"href":"https:\/\/magyar-misszio.ch\/index.php?rest_route=\/wp\/v2\/users\/2"}],"replies":[{"embeddable":true,"href":"https:\/\/magyar-misszio.ch\/index.php?rest_route=%2Fwp%2Fv2%2Fcomments&post=3289"}],"version-history":[{"count":3,"href":"https:\/\/magyar-misszio.ch\/index.php?rest_route=\/wp\/v2\/pages\/3289\/revisions"}],"predecessor-version":[{"id":3294,"href":"https:\/\/magyar-misszio.ch\/index.php?rest_route=\/wp\/v2\/pages\/3289\/revisions\/3294"}],"wp:attachment":[{"href":"https:\/\/magyar-misszio.ch\/index.php?rest_route=%2Fwp%2Fv2%2Fmedia&parent=3289"}],"curies":[{"name":"wp","href":"https:\/\/api.w.org\/{rel}","templated":true}]}}