{"id":3295,"date":"2021-07-11T18:23:05","date_gmt":"2021-07-11T18:23:05","guid":{"rendered":"http:\/\/magyar-misszio.ch\/?page_id=3295"},"modified":"2021-07-11T18:34:26","modified_gmt":"2021-07-11T18:34:26","slug":"homoszexualitasrol_biblia","status":"publish","type":"page","link":"https:\/\/magyar-misszio.ch\/?page_id=3295","title":{"rendered":"homoszexualitasrol_Biblia"},"content":{"rendered":"<p>A megeml\u00edtett szent\u00edr\u00e1si r\u00e9szek a homoszexu\u00e1lis cselekedetekr\u0151l:<\/p>\n<p><em>R\u00f3m 1.24-27<\/em><\/p>\n<p><em><sup>24<\/sup>Ez\u00e9rt kiszolg\u00e1ltatta \u0151ket az Isten sz\u00edv\u00fck v\u00e1gyai \u00e1ltal a tiszt\u00e1talans\u00e1gnak, hogy meggyal\u00e1zz\u00e1k egym\u00e1s test\u00e9t.\u00a0<sup>25<\/sup>Akik az Isten igazs\u00e1g\u00e1t hazugs\u00e1ggal cser\u00e9lt\u00e9k fel, azok a teremtm\u00e9nyt im\u00e1dt\u00e1k \u00e9s szolg\u00e1lt\u00e1k a Teremt\u0151 helyett, aki \u00e1ldott mind\u00f6r\u00f6kk\u00e9. \u00c1men.\u00a0<sup>26<\/sup>Ez\u00e9rt Isten gyal\u00e1zatos szenved\u00e9lyeknek szolg\u00e1ltatta ki \u0151ket. Mint ahogy asszonyaik felcser\u00e9lt\u00e9k a term\u00e9szetes \u00e9rintkez\u00e9st a term\u00e9szetellenessel,\u00a0<sup>27<\/sup>ugyan\u00fagy a f\u00e9rfiak is elhagyt\u00e1k a n\u0151i nemmel val\u00f3 term\u00e9szetes \u00e9rintkez\u00e9st, \u00e9s egym\u00e1s ir\u00e1nt gerjedtek fel k\u00edv\u00e1ns\u00e1gukban; f\u00e9rfiak f\u00e9rfiakkal fajtalankodtak, de el is veszik t\u00e9velyg\u00e9s\u00fck m\u00e9lt\u00f3 jutalm\u00e1t \u00f6nmagukban.<\/em><\/p>\n<p><em>3M\u00f3zes 18,22<\/em><\/p>\n<p><em><sup>22<\/sup>F\u00e9rfival ne h\u00e1lj \u00fagy, ahogyan asszonnyal h\u00e1lnak. Ut\u00e1latoss\u00e1g az.<\/em><\/p>\n<p><em>20,13<\/em><\/p>\n<p><em><sup>13<\/sup>Ha valaki f\u00e9rfival h\u00e1l \u00fagy, ahogyan asszonnyal szoktak h\u00e1lni, mivel ut\u00e1latoss\u00e1got k\u00f6vettek el mindketten, hal\u00e1llal lakoljanak, v\u00e9r\u00fck rajtuk.\u00a0<\/em><\/p>\n<p><em>Ezekiel 16,50<\/em><\/p>\n<p><em><sup>50<\/sup>Felfuvalkodtak, ut\u00e1latos dolgokat m\u0171veltek el\u0151ttem, az\u00e9rt elvetettem \u0151ket, amikor ezt l\u00e1ttam.<\/em><\/p>\n<p>&nbsp;<\/p>\n<p>A Biblia el\u0151sz\u00f6r is minden ember szeretet\u00e9re \u00e9s t\u00fcrelemre tan\u00edt. De a b\u0171nt nem hallgatja el. Ezek alapj\u00e1n teljesen korrekt volt Ferenc p\u00e1pa hozz\u00e1\u00e1ll\u00e1sa, amikor:<br \/>\n&#8211; kifejezte szeretet\u00e9t a homoszexu\u00e1lis emberek ir\u00e1nt<br \/>\n&#8211; \u00e9s megtiltotta a homoszexu\u00e1lis p\u00e1rok meg\u00e1ld\u00e1s\u00e1t (teh\u00e1t cselekedeteinek j\u00f3v\u00e1hagy\u00e1s\u00e1t):<br \/>\nA felsz\u00ednesen gondolkod\u00f3k nem tudj\u00e1k a kett\u0151t megk\u00fcl\u00f6nb\u00f6ztetni, gy\u0171l\u00f6lettel ellen\u00fcnk t\u00e1madnak, nem t\u0171rik, hogy valaki m\u00e1sk\u00e9nt gondolkodjon, ez\u00e9rt megtapost\u00e1k Ferenc p\u00e1pa k\u00e9p\u00e9t is a 2021-es bolognai Pride-felvonul\u00e1sok (p\u00e9ld\u00e1ul). De\u00a0\u00e9rv\u00e9nyes az egyh\u00e1z hozz\u00e1\u00e1ll\u00e1sa:<\/p>\n<p><strong>Az egyh\u00e1z a b\u0171nt el\u00edt\u00e9li de a b\u0171n\u00f6st szereti. <\/strong><\/p>\n<p>Teh\u00e1t mi nem gy\u0171l\u00f6lettel \u00e9s el\u00edt\u00e9l\u00e9ssel k\u00f6zel\u00edt\u00fcnk a m\u00e1sk\u00e9nt gondolkod\u00f3khoz, \u0151k \u00edgy tesznek vel\u00fcnk, mi nem. Mi szeretettel \u00e9s a demokr\u00e1cia nev\u00e9ben elfogadjuk \u0151ket. De ez nem azt jelenti, hogy a b\u0171n\u00f6s cselekedeteket helyeseln\u00e9nk. A Biblia megtan\u00edtott minket arra, hogy az Isten a b\u0171nt ut\u00e1lja, a b\u0171n\u00f6st azonban szereti. Mi megtanultuk ezt a Bibli\u00e1b\u00f3l, de a m\u00e1sik oldalon l\u00e9v\u0151k nyilv\u00e1nval\u00f3an nem.<\/p>\n<p>&nbsp;<\/p>\n","protected":false},"excerpt":{"rendered":"<p>A megeml\u00edtett szent\u00edr\u00e1si r\u00e9szek a homoszexu\u00e1lis cselekedetekr\u0151l: R\u00f3m 1.24-27 24Ez\u00e9rt kiszolg\u00e1ltatta \u0151ket az Isten sz\u00edv\u00fck v\u00e1gyai \u00e1ltal a tiszt\u00e1talans\u00e1gnak, hogy meggyal\u00e1zz\u00e1k egym\u00e1s test\u00e9t.\u00a025Akik az Isten igazs\u00e1g\u00e1t hazugs\u00e1ggal cser\u00e9lt\u00e9k fel, azok a teremtm\u00e9nyt im\u00e1dt\u00e1k \u00e9s szolg\u00e1lt\u00e1k a Teremt\u0151 helyett, aki \u00e1ldott mind\u00f6r\u00f6kk\u00e9. \u00c1men.\u00a026Ez\u00e9rt Isten gyal\u00e1zatos szenved\u00e9lyeknek szolg\u00e1ltatta ki \u0151ket. Mint ahogy asszonyaik felcser\u00e9lt\u00e9k a term\u00e9szetes \u00e9rintkez\u00e9st &hellip; <\/p>\n<p class=\"link-more\"><a href=\"https:\/\/magyar-misszio.ch\/?page_id=3295\" class=\"more-link\"><span class=\"screen-reader-text\">\u201ehomoszexualitasrol_Biblia\u201c<\/span> weiterlesen<\/a><\/p>\n","protected":false},"author":2,"featured_media":0,"parent":0,"menu_order":0,"comment_status":"closed","ping_status":"closed","template":"","meta":{"footnotes":""},"class_list":["post-3295","page","type-page","status-publish","hentry"],"_links":{"self":[{"href":"https:\/\/magyar-misszio.ch\/index.php?rest_route=\/wp\/v2\/pages\/3295","targetHints":{"allow":["GET"]}}],"collection":[{"href":"https:\/\/magyar-misszio.ch\/index.php?rest_route=\/wp\/v2\/pages"}],"about":[{"href":"https:\/\/magyar-misszio.ch\/index.php?rest_route=\/wp\/v2\/types\/page"}],"author":[{"embeddable":true,"href":"https:\/\/magyar-misszio.ch\/index.php?rest_route=\/wp\/v2\/users\/2"}],"replies":[{"embeddable":true,"href":"https:\/\/magyar-misszio.ch\/index.php?rest_route=%2Fwp%2Fv2%2Fcomments&post=3295"}],"version-history":[{"count":3,"href":"https:\/\/magyar-misszio.ch\/index.php?rest_route=\/wp\/v2\/pages\/3295\/revisions"}],"predecessor-version":[{"id":3299,"href":"https:\/\/magyar-misszio.ch\/index.php?rest_route=\/wp\/v2\/pages\/3295\/revisions\/3299"}],"wp:attachment":[{"href":"https:\/\/magyar-misszio.ch\/index.php?rest_route=%2Fwp%2Fv2%2Fmedia&parent=3295"}],"curies":[{"name":"wp","href":"https:\/\/api.w.org\/{rel}","templated":true}]}}