{"id":3313,"date":"2021-07-17T14:07:14","date_gmt":"2021-07-17T14:07:14","guid":{"rendered":"http:\/\/magyar-misszio.ch\/?page_id=3313"},"modified":"2021-07-17T14:30:46","modified_gmt":"2021-07-17T14:30:46","slug":"koerueloettuenk","status":"publish","type":"page","link":"https:\/\/magyar-misszio.ch\/?page_id=3313","title":{"rendered":"k\u00f6r\u00fcl\u00f6tt\u00fcnk"},"content":{"rendered":"<p><span style=\"font-size: 14pt; color: #000000;\"><span style=\"color: #ff0000;\"><strong><img fetchpriority=\"high\" decoding=\"async\" class=\"size-medium wp-image-3311 alignleft\" src=\"https:\/\/magyar-misszio.ch\/wp-content\/uploads\/2021\/07\/elado.jpg-278x300.jpg\" alt=\"\" width=\"278\" height=\"300\" data-id=\"3311\" srcset=\"https:\/\/magyar-misszio.ch\/wp-content\/uploads\/2021\/07\/elado.jpg-278x300.jpg 278w, https:\/\/magyar-misszio.ch\/wp-content\/uploads\/2021\/07\/elado.jpg.jpg 532w\" sizes=\"(max-width: 278px) 100vw, 278px\" \/>Vegy\u00fck magunkat k\u00f6r\u00fcl <\/strong><\/span><br \/>\n<span style=\"color: #0000ff;\"><strong>vall\u00e1sos<\/strong><\/span><br \/>\n<span style=\"color: #008000;\"><strong>&#8211; k\u00f6nyvekkel, &#8211; t\u00e1rgyakkal, &#8211; zen\u00e9vel<\/strong><\/span><\/span><\/p>\n<p><span style=\"font-size: 14pt; color: #000000;\">Vannak otthon vall\u00e1sos k\u00f6nyveid, olvasol helyes forr\u00e1sb\u00f3l h\u00edreket (vall\u00e1sos h\u00edrcsatorn\u00e1ink&#8230;)?<\/span><\/p>\n<p><span style=\"font-size: 14pt; color: #000000;\">Vannak a szemed el\u0151tt, lak\u00e1sodban vall\u00e1sos t\u00e1rgyak? Esetleg megszentelt t\u00e1rgyak?<\/span><\/p>\n<p><span style=\"font-size: 14pt; color: #000000;\">Hallgatsz vall\u00e1sos zen\u00e9ket? Gyermeke(i)d lelk\u00e9t nevelik \u00e9s nemes\u00edtik?<\/span><\/p>\n<p><span style=\"font-size: 14pt; color: #000000;\">Ne csak magadra gondolja, hanem ismer\u0151seidre, csal\u00e1dtagjaidra. Aj\u00e1nd\u00e9kozz is k\u00fcl\u00f6nb\u00f6z\u0151 alkalmakra!\u00a0<\/span><\/p>\n<p><span style=\"font-size: 14pt; color: #000000;\">Mi is seg\u00edt\u00fcnk a beszerz\u00e9sben&#8230;<br \/>\n&#8211; pl. olasz boltb\u00f3l ld. Szent J\u00f3zsef oldalunkn\u00e1l <a href=\"https:\/\/magyar-misszio.ch\/?page_id=2890#holyart\" target=\"_blank\" rel=\"noopener\">itt&#8230;<\/a><br \/>\n&#8211; pl. magyar boltokb\u00f3l (<a href=\"https:\/\/kegytargy.hu\/\" target=\"_blank\" rel=\"noopener\">itt&#8230;<\/a>, \u00e9s <a href=\"http:\/\/www.miseruha.hu\/\" target=\"_blank\" rel=\"noopener\">itt&#8230;<\/a>)\u00a0 &#8211; m\u00edg ide ker\u00fclnek, eltart egy ideig.. (a postak\u00f6lts\u00e9get sz\u00e9tosztjuk)<br \/>\nN\u00e9h\u00e1ny dolgod kaphat\u00f3 is n\u00e1lunk, a lista (2021.j\u00fal.)<a href=\"https:\/\/magyar-misszio.ch\/wp-content\/uploads\/2021\/07\/20210717megvasarolhatoak.pdf\" target=\"_blank\" rel=\"noopener\"> let\u00f6lt\u00e9se itt&#8230;. <\/a><br \/>\n<\/span>(minden szentmise ut\u00e1n, h\u00e1zunk 1. emelet\u00e9n).<\/p>\n<p>&nbsp;<\/p>\n","protected":false},"excerpt":{"rendered":"<p>Vegy\u00fck magunkat k\u00f6r\u00fcl vall\u00e1sos &#8211; k\u00f6nyvekkel, &#8211; t\u00e1rgyakkal, &#8211; zen\u00e9vel Vannak otthon vall\u00e1sos k\u00f6nyveid, olvasol helyes forr\u00e1sb\u00f3l h\u00edreket (vall\u00e1sos h\u00edrcsatorn\u00e1ink&#8230;)? Vannak a szemed el\u0151tt, lak\u00e1sodban vall\u00e1sos t\u00e1rgyak? Esetleg megszentelt t\u00e1rgyak? Hallgatsz vall\u00e1sos zen\u00e9ket? Gyermeke(i)d lelk\u00e9t nevelik \u00e9s nemes\u00edtik? Ne csak magadra gondolja, hanem ismer\u0151seidre, csal\u00e1dtagjaidra. Aj\u00e1nd\u00e9kozz is k\u00fcl\u00f6nb\u00f6z\u0151 alkalmakra!\u00a0 Mi is seg\u00edt\u00fcnk a beszerz\u00e9sben&#8230; &#8211; &hellip; <\/p>\n<p class=\"link-more\"><a href=\"https:\/\/magyar-misszio.ch\/?page_id=3313\" class=\"more-link\"><span class=\"screen-reader-text\">\u201ek\u00f6r\u00fcl\u00f6tt\u00fcnk\u201c<\/span> weiterlesen<\/a><\/p>\n","protected":false},"author":2,"featured_media":0,"parent":0,"menu_order":0,"comment_status":"closed","ping_status":"closed","template":"","meta":{"footnotes":""},"class_list":["post-3313","page","type-page","status-publish","hentry"],"_links":{"self":[{"href":"https:\/\/magyar-misszio.ch\/index.php?rest_route=\/wp\/v2\/pages\/3313","targetHints":{"allow":["GET"]}}],"collection":[{"href":"https:\/\/magyar-misszio.ch\/index.php?rest_route=\/wp\/v2\/pages"}],"about":[{"href":"https:\/\/magyar-misszio.ch\/index.php?rest_route=\/wp\/v2\/types\/page"}],"author":[{"embeddable":true,"href":"https:\/\/magyar-misszio.ch\/index.php?rest_route=\/wp\/v2\/users\/2"}],"replies":[{"embeddable":true,"href":"https:\/\/magyar-misszio.ch\/index.php?rest_route=%2Fwp%2Fv2%2Fcomments&post=3313"}],"version-history":[{"count":4,"href":"https:\/\/magyar-misszio.ch\/index.php?rest_route=\/wp\/v2\/pages\/3313\/revisions"}],"predecessor-version":[{"id":3322,"href":"https:\/\/magyar-misszio.ch\/index.php?rest_route=\/wp\/v2\/pages\/3313\/revisions\/3322"}],"wp:attachment":[{"href":"https:\/\/magyar-misszio.ch\/index.php?rest_route=%2Fwp%2Fv2%2Fmedia&parent=3313"}],"curies":[{"name":"wp","href":"https:\/\/api.w.org\/{rel}","templated":true}]}}