{"id":3331,"date":"2021-07-19T09:09:55","date_gmt":"2021-07-19T09:09:55","guid":{"rendered":"http:\/\/magyar-misszio.ch\/?page_id=3331"},"modified":"2023-09-01T10:56:12","modified_gmt":"2023-09-01T10:56:12","slug":"hazassag-szentsege","status":"publish","type":"page","link":"https:\/\/magyar-misszio.ch\/?page_id=3331","title":{"rendered":"h\u00e1zass\u00e1g szents\u00e9ge"},"content":{"rendered":"\t\t<div data-elementor-type=\"wp-page\" data-elementor-id=\"3331\" class=\"elementor elementor-3331\" data-elementor-post-type=\"page\">\n\t\t\t\t\t\t<section class=\"elementor-section elementor-top-section elementor-element elementor-element-2281d73c elementor-section-boxed elementor-section-height-default elementor-section-height-default\" data-id=\"2281d73c\" data-element_type=\"section\">\n\t\t\t\t\t\t<div class=\"elementor-container elementor-column-gap-default\">\n\t\t\t\t\t<div class=\"elementor-column elementor-col-100 elementor-top-column elementor-element elementor-element-2a8e96b2\" data-id=\"2a8e96b2\" data-element_type=\"column\">\n\t\t\t<div class=\"elementor-widget-wrap elementor-element-populated\">\n\t\t\t\t\t\t<div class=\"elementor-element elementor-element-3affcd9f elementor-widget elementor-widget-text-editor\" data-id=\"3affcd9f\" data-element_type=\"widget\" data-widget_type=\"text-editor.default\">\n\t\t\t\t<div class=\"elementor-widget-container\">\n\t\t\t\t\t\t\t\t\t<p lang=\"hu\" style=\"margin: 0in; font-family: Calibri; font-size: 11pt; text-align: justify;\"><span style=\"font-size: 12pt; font-family: helvetica, arial, sans-serif;\"><img fetchpriority=\"high\" decoding=\"async\" class=\"size-medium wp-image-3333 alignleft\" src=\"https:\/\/magyar-misszio.ch\/wp-content\/uploads\/2021\/07\/gyuru.jpg-300x221.jpg\" alt=\"\" width=\"300\" height=\"221\" data-id=\"3333\" srcset=\"https:\/\/magyar-misszio.ch\/wp-content\/uploads\/2021\/07\/gyuru.jpg-300x221.jpg 300w, https:\/\/magyar-misszio.ch\/wp-content\/uploads\/2021\/07\/gyuru.jpg.jpg 672w\" sizes=\"(max-width: 300px) 100vw, 300px\" \/>A<span style=\"color: #ff0000;\"><strong> h\u00e1zass\u00e1g szents\u00e9g\u00e9ben<\/strong><\/span> Isten kegyelm\u00e9t \u00e9s seg\u00edts\u00e9g\u00e9t k\u00e9rj\u00fck, hogy a jegyesp\u00e1r boldog h\u00e1zass\u00e1gban \u00e9lhessen \u00e9lete h\u00e1tral\u00e9v\u0151 r\u00e9sz\u00e9ben.<\/span><\/p><p lang=\"hu\" style=\"margin: 0in; font-family: Calibri; font-size: 11pt; text-align: justify;\"><span style=\"font-size: 12pt; font-family: helvetica, arial, sans-serif;\">Ez az egyik legfontosabb d\u00f6nt\u00e9s az \u00e9letben, ez\u00e9rt mindenkinek, aki ezt a sz\u00e9p d\u00f6nt\u00e9st meghozta, szeretn\u00e9nk gratul\u00e1lni. K\u00fcl\u00f6n\u00f6sen a mai korban, ahol sok &#8211; Istent\u0151l \u00e9s egyh\u00e1zt\u00f3l is elt\u00e1volodott ember &#8211; nem hordja sz\u00edv\u00e9ben a Teremt\u0151 akarat\u00e1t \u00e9s terv\u00e9t.<\/span><\/p><p lang=\"hu\" style=\"margin: 0in; font-family: Calibri; font-size: 11pt; text-align: justify;\"><span style=\"font-size: 12pt; font-family: helvetica, arial, sans-serif;\">Mivel egy \u00e9letre sz\u00f3l\u00f3 d\u00f6nt\u00e9sr\u0151l van sz\u00f3, ez\u00e9rt a h\u00e1zass\u00e1g egy komoly el\u0151k\u00e9sz\u00fcletet is ig\u00e9nyel. (Gondoljuk meg, hogy pl. egy nyelvvizsg\u00e1hoz, aut\u00f3vezet\u00e9si enged\u00e9lyhez stb. milyen komoly k\u00e9sz\u00fcletet \u00e9s \u00e1ldozatokat v\u00e1llalunk, \u00e9s enn\u00e9l a h\u00e1zass\u00e1g fontosabb.) Az el\u0151k\u00e9sz\u00fclet fontos r\u00e9sze a jegyeskurzus. Egy j\u00f3 jegyeskurzus nagyon sokat tud seg\u00edteni. Misszi\u00f3nk a k\u00f6r\u00fclm\u00e9nyeknek megfelel\u0151en tud seg\u00edteni. A j\u00f3 jegyeskurzus r\u00e9sze, hogy<\/span><br \/><span style=\"font-size: 12pt; font-family: helvetica, arial, sans-serif;\">&#8211; sok-sok t\u00e9m\u00e1t \u00e1tbesz\u00e9l\u00fcnk<\/span><br \/><span style=\"font-size: 12pt; font-family: helvetica, arial, sans-serif;\">&#8211; lehet\u0151leg nem csak a lelkip\u00e1sztorral<\/span><br \/><span style=\"font-size: 12pt; font-family: helvetica, arial, sans-serif;\">&#8211; szem\u00e9lyes besz\u00e9lget\u00e9s lehet\u0151s\u00e9g\u00e9n t\u00fal min\u00e9l t\u00f6bb jegyesp\u00e1r vesz r\u00e9szt a besz\u00e9lget\u00e9seken, ann\u00e1l jobb\u00e1 v\u00e1lik a tal\u00e1lkoz\u00e1s<\/span><br \/><span style=\"font-size: 12pt; font-family: helvetica, arial, sans-serif;\">&#8211; a jegyeskurzus r\u00e9sze m\u00e9g az \u00fan. jegyesvizsg\u00e1lat az egyh\u00e1zjog alapj\u00e1n (err\u0151l l\u00e1sd al\u00e1bb), amely a besz\u00e9lget\u00e9sek alkalm\u00e1val a lelkip\u00e1sztorban kialakult v\u00e9lem\u00e9nyt jelenti.<\/span><\/p><p lang=\"hu\" style=\"margin: 0in; font-family: Calibri; font-size: 11pt; text-align: justify;\"><span style=\"font-size: 12pt; font-family: helvetica, arial, sans-serif;\">Egy j\u00f3 jegyeskurzushoz teh\u00e1t id\u0151 kell. Ez\u00e9rt egyh\u00e1zunk azt k\u00e9ri, hogy min. 6 h\u00f3nappal a tervezett esk\u00fcv\u0151 el\u0151tt jelentkezz\u00fcnk. Lehet ak\u00e1r az el\u0151z\u0151 \u00e9vben m\u00e1r. (ld. kapcsolat men\u00fcpontj\u00e1t a kapcsolat-felv\u00e9telhez). Misszi\u00f3nk k\u00fcl\u00f6nleges helyzete miatt ez dupl\u00e1n is fontos. <strong><span style=\"color: #ff6600;\">Minden \u00e9v janu\u00e1r v\u00e9g\u00e9ig v\u00e1rjuk a jelentkez\u00e9seket \u00e9s febru\u00e1rban szoktuk elkezdeni a kurzust.<\/span> <\/strong><span style=\"color: #0000ff;\">Ha valaki k\u00e9s\u0151bb jelentkezik,<\/span> igyeksz\u00fcnk p\u00f3tolni az elmaradt tal\u00e1lkoz\u00e1sokat, de min\u00e9l k\u00e9s\u0151bb jelentkezik valaki, ann\u00e1l kellemetlenebb helyzet alakul ki: nem csup\u00e1n az el\u0151\u00edrt jelentkez\u00e9si id\u0151 miatt, hanem amiatt, mivel nem lesz k\u00f6nny\u0171 a lelkip\u00e1sztorral t\u00f6bb k\u00fcl\u00f6n alkalmat egyeztetni r\u00f6vid id\u0151n bel\u00fcl, tov\u00e1bb\u00e1 a k\u00e9s\u0151n jelentkez\u0151k sz\u00e1m\u00e1ra nem tudunk m\u00e1r igazi \u00e9s j\u00f3 jegyeskurzust felk\u00edn\u00e1lni (vagyis \u00e9let\u00fck legfontosabb esem\u00e9ny\u00e9hez k\u00f6nnyen lehet, hogy nem lesz megfelel\u0151 k\u00e9sz\u00fclet); s\u0151t, ha t\u00fal k\u00e9s\u0151n jelentkeznek, akkor a lelkip\u00e1sztor m\u00e1r nem k\u00f6teles elv\u00e1llalni a k\u00e9sz\u00fcletet, ahogy ez szinte minden \u00e9vben el\u0151 is fordul. Ennek oka nemcsak az lehet, hogy id\u0151ben m\u00e1r nem tudja v\u00e1llalni a lelkip\u00e1sztor, hanem az is lehet oda, hogy min\u00e9l k\u00e9s\u0151bb jelentkezik valaki, ann\u00e1l nagyobb a gyan\u00fa a lelkip\u00e1sztorban, hogy nem megfelel\u0151en megalapozott a h\u00e1zass\u00e1gi d\u00f6nt\u00e9s, \u00e9s egy elkapkodott h\u00e1zass\u00e1gk\u00f6t\u00e9s k\u00f6nnyen lehet \u00e9rv\u00e9nytelen. Az \u00e9rv\u00e9nytelen h\u00e1zass\u00e1gk\u00f6t\u00e9sek lehet\u0151s\u00e9geit a lelkip\u00e1sztornak ki kell sz\u0171rnie, \u00e9s ahol erre gyan\u00fa van, vagy megbizonyosodik err\u0151l, akkor nem v\u00e1llalhatja a k\u00f6zrem\u0171k\u00f6d\u00e9st a h\u00e1zass\u00e1gk\u00f6t\u00e9sn\u00e9l vagy jegyesfelk\u00e9sz\u00edt\u00e9sn\u00e9l. Ezt egy\u00e9bk\u00e9nt r\u00e9gen jegyes-vizsg\u00e1latnak h\u00edvt\u00e1k.<\/span><\/p><p lang=\"hu\" style=\"text-align: justify;\"><span style=\"font-family: helvetica, arial, sans-serif;\">A jegyeskurzusra jelentkez\u0151k jelent\u0151s r\u00e9sze nem Sv\u00e1jcban tartja az esk\u00fcv\u0151t, de egyszer\u0171bb sz\u00e1mukra itt elv\u00e9gezni a jegyeskurzust. Sz\u00edvesen \u00e1llunk teh\u00e1t rendelkez\u00e9s\u00fckre. Ezen fel\u00fcl, ha valaki 6 h\u00f3napn\u00e1l m\u00e1r r\u00e9gebben egy \u00faj helyen lakik, akkor m\u00e1r a kor\u00e1bbi hely pl\u00e9b\u00e1nosa nem pl\u00e9b\u00e1nosa tov\u00e1bb az illet\u0151nek, mert jogilat az \u00faj lak\u00f3hely szerinti pl\u00e9b\u00e1nos illet\u00e9kes m\u00e1r (vagy ha magyar, akkor a magyar misszi\u00f3nk pl\u00e9b\u00e1nosa). Ez azt is jelenti, hogy egy \u00e9rv\u00e9nyes esk\u00fcv\u0151h\u00f6z sz\u00fcks\u00e9ges, hogy a jogilag illet\u00e9kes pl\u00e9b\u00e1nos beleegyez\u00e9s\u00e9t adja egy m\u00e1shol t\u00f6rt\u00e9n\u0151 esk\u00fcv\u0151h\u00f6z. Misszi\u00f3nknak a k\u00fclf\u00f6ld\u00f6n t\u00f6rt\u00e9n\u0151 esk\u00fcv\u0151kh\u00f6z a feletteseinkhez (magyarul \u00edgy szoktuk meg: p\u00fcsp\u00f6ks\u00e9g) kell fordulnia \u00e9s enged\u00e9lyt k\u00e9rni a p\u00e1r r\u00e9sz\u00e9re. Ehhez egy r\u00e9szletes n\u00e9met nyelv\u0171 \u0171rlapot is kit\u00f6lt\u00fcnk egy\u00fctt.\u00a0<\/span><\/p>\t\t\t\t\t\t\t\t<\/div>\n\t\t\t\t<\/div>\n\t\t\t\t\t<\/div>\n\t\t<\/div>\n\t\t\t\t\t<\/div>\n\t\t<\/section>\n\t\t\t\t<\/div>\n\t\t","protected":false},"excerpt":{"rendered":"<p>A h\u00e1zass\u00e1g szents\u00e9g\u00e9ben Isten kegyelm\u00e9t \u00e9s seg\u00edts\u00e9g\u00e9t k\u00e9rj\u00fck, hogy a jegyesp\u00e1r boldog h\u00e1zass\u00e1gban \u00e9lhessen \u00e9lete h\u00e1tral\u00e9v\u0151 r\u00e9sz\u00e9ben. Ez az egyik legfontosabb d\u00f6nt\u00e9s az \u00e9letben, ez\u00e9rt mindenkinek, aki ezt a sz\u00e9p d\u00f6nt\u00e9st meghozta, szeretn\u00e9nk gratul\u00e1lni. K\u00fcl\u00f6n\u00f6sen a mai korban, ahol sok &#8211; Istent\u0151l \u00e9s egyh\u00e1zt\u00f3l is elt\u00e1volodott ember &#8211; nem hordja sz\u00edv\u00e9ben a Teremt\u0151 akarat\u00e1t \u00e9s &hellip; <\/p>\n<p class=\"link-more\"><a href=\"https:\/\/magyar-misszio.ch\/?page_id=3331\" class=\"more-link\"><span class=\"screen-reader-text\">\u201eh\u00e1zass\u00e1g szents\u00e9ge\u201c<\/span> weiterlesen<\/a><\/p>\n","protected":false},"author":2,"featured_media":0,"parent":0,"menu_order":0,"comment_status":"closed","ping_status":"closed","template":"","meta":{"footnotes":""},"class_list":["post-3331","page","type-page","status-publish","hentry"],"_links":{"self":[{"href":"https:\/\/magyar-misszio.ch\/index.php?rest_route=\/wp\/v2\/pages\/3331","targetHints":{"allow":["GET"]}}],"collection":[{"href":"https:\/\/magyar-misszio.ch\/index.php?rest_route=\/wp\/v2\/pages"}],"about":[{"href":"https:\/\/magyar-misszio.ch\/index.php?rest_route=\/wp\/v2\/types\/page"}],"author":[{"embeddable":true,"href":"https:\/\/magyar-misszio.ch\/index.php?rest_route=\/wp\/v2\/users\/2"}],"replies":[{"embeddable":true,"href":"https:\/\/magyar-misszio.ch\/index.php?rest_route=%2Fwp%2Fv2%2Fcomments&post=3331"}],"version-history":[{"count":7,"href":"https:\/\/magyar-misszio.ch\/index.php?rest_route=\/wp\/v2\/pages\/3331\/revisions"}],"predecessor-version":[{"id":5670,"href":"https:\/\/magyar-misszio.ch\/index.php?rest_route=\/wp\/v2\/pages\/3331\/revisions\/5670"}],"wp:attachment":[{"href":"https:\/\/magyar-misszio.ch\/index.php?rest_route=%2Fwp%2Fv2%2Fmedia&parent=3331"}],"curies":[{"name":"wp","href":"https:\/\/api.w.org\/{rel}","templated":true}]}}