{"id":342,"date":"2018-04-07T12:05:08","date_gmt":"2018-04-07T12:05:08","guid":{"rendered":"http:\/\/magyar-misszio.ch\/?page_id=342"},"modified":"2024-04-25T12:36:36","modified_gmt":"2024-04-25T12:36:36","slug":"irg-rozsafuzer","status":"publish","type":"page","link":"https:\/\/magyar-misszio.ch\/?page_id=342","title":{"rendered":"irg-rozsafuzer"},"content":{"rendered":"\t\t<div data-elementor-type=\"wp-page\" data-elementor-id=\"342\" class=\"elementor elementor-342\" data-elementor-post-type=\"page\">\n\t\t\t\t\t\t<section class=\"elementor-section elementor-top-section elementor-element elementor-element-412fd88b elementor-section-boxed elementor-section-height-default elementor-section-height-default\" data-id=\"412fd88b\" data-element_type=\"section\">\n\t\t\t\t\t\t<div class=\"elementor-container elementor-column-gap-default\">\n\t\t\t\t\t<div class=\"elementor-column elementor-col-100 elementor-top-column elementor-element elementor-element-577a58c0\" data-id=\"577a58c0\" data-element_type=\"column\">\n\t\t\t<div class=\"elementor-widget-wrap elementor-element-populated\">\n\t\t\t\t\t\t<div class=\"elementor-element elementor-element-512e92ab elementor-widget elementor-widget-text-editor\" data-id=\"512e92ab\" data-element_type=\"widget\" data-widget_type=\"text-editor.default\">\n\t\t\t\t<div class=\"elementor-widget-container\">\n\t\t\t\t\t\t\t\t\t<p style=\"font-weight: 400; text-align: center;\"><span style=\"font-size: 14pt; color: #ff0000;\"><strong>AZ ISTENI IRGALMASS\u00c1G R\u00d3ZSAF\u00dcZ\u00c9RE<\/strong><\/span><\/p><ul><li>im\u00e1ds\u00e1gok \u00e9s let\u00f6lt\u00e9se<\/li><li>\u00e9nekelve &#8211; kotta, meghallgathat\u00f3 \u00e9s imalap<\/li><\/ul><p style=\"font-weight: 400;\"><strong><br \/><\/strong><span style=\"color: #008080;\"><em><img fetchpriority=\"high\" decoding=\"async\" class=\"alignleft wp-image-345\" src=\"https:\/\/magyar-misszio.ch\/wp-content\/uploads\/2018\/04\/kep-204x300.jpg\" alt=\"\" width=\"408\" height=\"600\" data-id=\"345\" srcset=\"https:\/\/magyar-misszio.ch\/wp-content\/uploads\/2018\/04\/kep-204x300.jpg 204w, https:\/\/magyar-misszio.ch\/wp-content\/uploads\/2018\/04\/kep-768x1130.jpg 768w, https:\/\/magyar-misszio.ch\/wp-content\/uploads\/2018\/04\/kep-696x1024.jpg 696w, https:\/\/magyar-misszio.ch\/wp-content\/uploads\/2018\/04\/kep.jpg 1000w\" sizes=\"(max-width: 408px) 100vw, 408px\" \/>Miaty\u00e1nk, aki a mennyekben vagy, szenteltess\u00e9k meg a Te neved. J\u00f6jj\u00f6n el a Te orsz\u00e1god, legyen meg a Te akaratod, amint a mennyben, \u00fagy a f\u00f6ld\u00f6n is. Mindennapi kenyer\u00fcnket add meg nek\u00fcnk ma. \u00c9s bocs\u00e1sd meg v\u00e9tkeinket, mik\u00e9ppen mi is megbocs\u00e1tunk az ellen\u00fcnk v\u00e9tkez\u0151knek; \u00e9s ne v\u00edgy minket k\u00eds\u00e9rt\u00e9sbe, de szabad\u00edts meg a gonoszt\u00f3l (mert Ti\u00e9d az orsz\u00e1g, a hatalom \u00e9s a dics\u0151s\u00e9g, mind\u00f6r\u00f6kk\u00e9). Amen.<\/em><\/span><\/p><p style=\"font-weight: 400;\"><span style=\"color: #008080;\">\u00dcdv\u00f6zl\u00e9gy, M\u00e1ria, kegyelemmel teljes, az \u00dar van Teveled. \u00c1ldott vagy Te az as<\/span><span style=\"color: #339966;\"><span style=\"color: #008080;\">szonyok k\u00f6z\u00f6tt, \u00e9s \u00e1l<\/span>dott a Te m\u00e9hednek gy\u00fcm\u00f6lcse, J\u00e9zus. Asszonyunk, Sz\u0171z M\u00e1ria, Istennek szent anyja, im\u00e1dkozz \u00e9rett\u00fcnk b\u0171n\u00f6s\u00f6k\u00e9rt, most \u00e9s hal\u00e1lunk \u00f3r\u00e1j\u00e1n. Amen.<\/span><\/p><p style=\"font-weight: 400;\"><span style=\"color: #008080;\"><em>(Apostoli hitvall\u00e1s)<br \/>Hiszek egy Istenben, mindenhat\u00f3 Aty\u00e1ban, mennynek \u00e9s f\u00f6ldnek Teremt\u0151j\u00e9ben. \u00c9s J\u00e9zus Krisztusban, az \u0150 egysz\u00fcl\u00f6tt Fi\u00e1ban, a mi Urunkban; aki fogantatott Szentl\u00e9lekt\u0151l, sz\u00fcletett Sz\u0171z M\u00e1ri\u00e1t\u00f3l; szenvedett Poncius Pil\u00e1tus alatt; megfesz\u00edtett\u00e9k, meghalt \u00e9s eltemett\u00e9k. Al\u00e1sz\u00e1llt a poklokra, harmadnapon felt\u00e1madt a halottak k\u00f6z\u00fcl; f\u00f6lment a mennyben, ott \u00fcl a mindenhat\u00f3 Atyaisten jobbj\u00e1n; onnan j\u00f6n el \u00edt\u00e9lni \u00e9l\u0151ket \u00e9s holtakat. Hiszek a Szentl\u00e9lekben. Hiszem a katolikus Anyaszentegyh\u00e1zat; a szentek k\u00f6z\u00f6ss\u00e9g\u00e9t, a b\u0171n\u00f6k bocs\u00e1nat\u00e1t; a test felt\u00e1mad\u00e1s\u00e1t \u00e9s az \u00f6r\u00f6k \u00e9letet. Amen.<\/em><\/span><\/p><p style=\"font-weight: 400;\"><span style=\"color: #008080;\"><span style=\"color: #000000;\"><em>nagy szemekre:<\/em><\/span><strong><em><span style=\"color: #000000;\">\u00a0<\/span>\u00a0\u00a0\u00a0<\/em><\/strong><\/span><strong><br \/><span style=\"color: #0000ff;\"><em>\u00d6r\u00f6k Atya! Felaj\u00e1nlom Neked szeretett Fiadnak, a mi Urunk, J\u00e9zus Krisztusnak test\u00e9t \u00e9s v\u00e9r\u00e9t, lelk\u00e9t \u00e9s istens\u00e9g\u00e9t engesztel\u00e9s\u00fcl b\u0171neink\u00e9rt \u00e9s az eg\u00e9sz vil\u00e1g b\u0171nei\u00e9rt.<\/em><\/span><\/strong><\/p><p><em>kis szemekre:<\/em><strong><br \/><span style=\"color: #0000ff;\"><em>J\u00e9zus f\u00e1jdalmas szenved\u00e9s\u00e9\u00e9rt irgalmazz nek\u00fcnk \u00e9s az eg\u00e9sz vil\u00e1gnak!<\/em><\/span><\/strong><\/p><p><em>legv\u00e9g\u00fcl h\u00e1romszor:\u00a0\u00a0\u00a0<\/em><strong>\u00a0\u00a0\u00a0\u00a0<\/strong><strong><br \/><span style=\"color: #0000ff;\"><em>Szent Isten, szent Er\u0151s, szent Halhatatlan, irgalmazz nek\u00fcnk \u00e9s az eg\u00e9sz vil\u00e1gnak!<\/em><\/span><\/strong><\/p><p style=\"font-weight: 400;\"><a href=\"https:\/\/magyar-misszio.ch\/egyebek\/irgalmassag\/rozsafuzer.pdf\">let\u00f6lt\u00e9s nyomtat\u00e1shoz<\/a><\/p><h3><span style=\"color: #ff0000;\"><strong>\u00c9nekelve az irgalmass\u00e1g r\u00f3zsaf\u00fcz\u00e9re<\/strong><\/span><\/h3><p>meghallgathat\u00f3 itt:<\/p><p>egy tized:<\/p><p><audio class=\"wp-audio-shortcode\" id=\"audio-342-1\" preload=\"none\" style=\"width: 100%;\" controls=\"controls\"><source type=\"audio\/mpeg\" src=\"https:\/\/magyar-misszio.ch\/wp-content\/uploads\/atya_jezus10.mp3?_=1\" \/><a href=\"https:\/\/magyar-misszio.ch\/wp-content\/uploads\/atya_jezus10.mp3\">https:\/\/magyar-misszio.ch\/wp-content\/uploads\/atya_jezus10.mp3<\/a><\/audio><\/p><p>tizedek v\u00e9g\u00e9n \u00e9nekelhet\u0151 (J\u00e9zus, b\u00edzom Benned):<\/p><p><audio class=\"wp-audio-shortcode\" id=\"audio-342-2\" preload=\"none\" style=\"width: 100%;\" controls=\"controls\"><source type=\"audio\/mpeg\" src=\"https:\/\/magyar-misszio.ch\/wp-content\/uploads\/jezus_bizom_benned_3x.mp3?_=2\" \/><a href=\"https:\/\/magyar-misszio.ch\/wp-content\/uploads\/jezus_bizom_benned_3x.mp3\">https:\/\/magyar-misszio.ch\/wp-content\/uploads\/jezus_bizom_benned_3x.mp3<\/a><\/audio><\/p><p>legv\u00e9g\u00e9n &#8211; Szent Isten:<\/p><p><audio class=\"wp-audio-shortcode\" id=\"audio-342-3\" preload=\"none\" style=\"width: 100%;\" controls=\"controls\"><source type=\"audio\/mpeg\" src=\"https:\/\/magyar-misszio.ch\/wp-content\/uploads\/szent_isten.mp3?_=3\" \/><a href=\"https:\/\/magyar-misszio.ch\/wp-content\/uploads\/szent_isten.mp3\">https:\/\/magyar-misszio.ch\/wp-content\/uploads\/szent_isten.mp3<\/a><\/audio><\/p><p><span style=\"text-decoration: underline; color: #339966;\"><strong>kott\u00e1k:<\/strong><\/span><\/p><p><img decoding=\"async\" class=\"aligncenter wp-image-6467 size-full\" src=\"https:\/\/magyar-misszio.ch\/wp-content\/uploads\/orok_atya.jpg\" alt=\"\" width=\"753\" height=\"339\" data-id=\"6467\" srcset=\"https:\/\/magyar-misszio.ch\/wp-content\/uploads\/orok_atya.jpg 753w, https:\/\/magyar-misszio.ch\/wp-content\/uploads\/orok_atya-300x135.jpg 300w\" sizes=\"(max-width: 706px) 89vw, (max-width: 767px) 82vw, 740px\" \/><img decoding=\"async\" class=\"aligncenter wp-image-6466 size-full\" src=\"https:\/\/magyar-misszio.ch\/wp-content\/uploads\/jezus_fajdalmas.jpg\" alt=\"\" width=\"720\" height=\"212\" data-id=\"6466\" srcset=\"https:\/\/magyar-misszio.ch\/wp-content\/uploads\/jezus_fajdalmas.jpg 720w, https:\/\/magyar-misszio.ch\/wp-content\/uploads\/jezus_fajdalmas-300x88.jpg 300w\" sizes=\"(max-width: 720px) 100vw, 720px\" \/><img loading=\"lazy\" decoding=\"async\" class=\"aligncenter wp-image-6468 size-full\" src=\"https:\/\/magyar-misszio.ch\/wp-content\/uploads\/szentisten.jpg\" alt=\"\" width=\"720\" height=\"228\" data-id=\"6468\" srcset=\"https:\/\/magyar-misszio.ch\/wp-content\/uploads\/szentisten.jpg 720w, https:\/\/magyar-misszio.ch\/wp-content\/uploads\/szentisten-300x95.jpg 300w\" sizes=\"(max-width: 720px) 100vw, 720px\" \/><img loading=\"lazy\" decoding=\"async\" class=\"aligncenter wp-image-6465 size-full\" src=\"https:\/\/magyar-misszio.ch\/wp-content\/uploads\/jezus_bizom_benned.jpg\" alt=\"\" width=\"755\" height=\"203\" data-id=\"6465\" srcset=\"https:\/\/magyar-misszio.ch\/wp-content\/uploads\/jezus_bizom_benned.jpg 755w, https:\/\/magyar-misszio.ch\/wp-content\/uploads\/jezus_bizom_benned-300x81.jpg 300w\" sizes=\"(max-width: 706px) 89vw, (max-width: 767px) 82vw, 740px\" \/><\/p><p><img loading=\"lazy\" decoding=\"async\" class=\"aligncenter wp-image-6463 size-full\" src=\"https:\/\/magyar-misszio.ch\/wp-content\/uploads\/irgalmasistenunk-e1714048281381.png\" alt=\"\" width=\"861\" height=\"191\" data-id=\"6463\" srcset=\"https:\/\/magyar-misszio.ch\/wp-content\/uploads\/irgalmasistenunk-e1714048281381.png 861w, https:\/\/magyar-misszio.ch\/wp-content\/uploads\/irgalmasistenunk-e1714048281381-300x67.png 300w, https:\/\/magyar-misszio.ch\/wp-content\/uploads\/irgalmasistenunk-e1714048281381-768x170.png 768w\" sizes=\"(max-width: 767px) 89vw, (max-width: 1000px) 54vw, (max-width: 1071px) 543px, 580px\" \/><\/p><p><strong><a href=\"https:\/\/magyar-misszio.ch\/wp-content\/uploads\/isteni-irgalmassag-rozsafuezere-enekelve.pdf\" target=\"_blank\" rel=\"noopener\">Imalap let\u00f6lt\u00e9se<\/a><\/strong><\/p>\t\t\t\t\t\t\t\t<\/div>\n\t\t\t\t<\/div>\n\t\t\t\t\t<\/div>\n\t\t<\/div>\n\t\t\t\t\t<\/div>\n\t\t<\/section>\n\t\t\t\t<\/div>\n\t\t","protected":false},"excerpt":{"rendered":"<p>AZ ISTENI IRGALMASS\u00c1G R\u00d3ZSAF\u00dcZ\u00c9RE im\u00e1ds\u00e1gok \u00e9s let\u00f6lt\u00e9se \u00e9nekelve &#8211; kotta, meghallgathat\u00f3 \u00e9s imalap Miaty\u00e1nk, aki a mennyekben vagy, szenteltess\u00e9k meg a Te neved. J\u00f6jj\u00f6n el a Te orsz\u00e1god, legyen meg a Te akaratod, amint a mennyben, \u00fagy a f\u00f6ld\u00f6n is. Mindennapi kenyer\u00fcnket add meg nek\u00fcnk ma. \u00c9s bocs\u00e1sd meg v\u00e9tkeinket, mik\u00e9ppen mi is megbocs\u00e1tunk az &hellip; <\/p>\n<p class=\"link-more\"><a href=\"https:\/\/magyar-misszio.ch\/?page_id=342\" class=\"more-link\"><span class=\"screen-reader-text\">\u201eirg-rozsafuzer\u201c<\/span> weiterlesen<\/a><\/p>\n","protected":false},"author":2,"featured_media":0,"parent":0,"menu_order":0,"comment_status":"closed","ping_status":"closed","template":"","meta":{"footnotes":""},"class_list":["post-342","page","type-page","status-publish","hentry"],"_links":{"self":[{"href":"https:\/\/magyar-misszio.ch\/index.php?rest_route=\/wp\/v2\/pages\/342","targetHints":{"allow":["GET"]}}],"collection":[{"href":"https:\/\/magyar-misszio.ch\/index.php?rest_route=\/wp\/v2\/pages"}],"about":[{"href":"https:\/\/magyar-misszio.ch\/index.php?rest_route=\/wp\/v2\/types\/page"}],"author":[{"embeddable":true,"href":"https:\/\/magyar-misszio.ch\/index.php?rest_route=\/wp\/v2\/users\/2"}],"replies":[{"embeddable":true,"href":"https:\/\/magyar-misszio.ch\/index.php?rest_route=%2Fwp%2Fv2%2Fcomments&post=342"}],"version-history":[{"count":11,"href":"https:\/\/magyar-misszio.ch\/index.php?rest_route=\/wp\/v2\/pages\/342\/revisions"}],"predecessor-version":[{"id":6480,"href":"https:\/\/magyar-misszio.ch\/index.php?rest_route=\/wp\/v2\/pages\/342\/revisions\/6480"}],"wp:attachment":[{"href":"https:\/\/magyar-misszio.ch\/index.php?rest_route=%2Fwp%2Fv2%2Fmedia&parent=342"}],"curies":[{"name":"wp","href":"https:\/\/api.w.org\/{rel}","templated":true}]}}