{"id":3445,"date":"2021-09-29T11:21:18","date_gmt":"2021-09-29T11:21:18","guid":{"rendered":"http:\/\/magyar-misszio.ch\/?page_id=3445"},"modified":"2021-11-25T20:45:41","modified_gmt":"2021-11-25T20:45:41","slug":"imakurzus2","status":"publish","type":"page","link":"https:\/\/magyar-misszio.ch\/?page_id=3445","title":{"rendered":"imakurzus2"},"content":{"rendered":"<p>&nbsp;<\/p>\n<p><span style=\"color: #000000;\"><em><span style=\"font-size: 12pt;\">A <a href=\"https:\/\/magyar-misszio.ch\/?page_id=1415\" target=\"_blank\" rel=\"noopener\">szents\u00e9gim\u00e1d\u00e1si imakurzusunk<\/a> ut\u00e1n most k\u00e9t \u00fajabb imakurzusra lehet m\u00e9g jelentkezni:<\/span><\/em><\/span><\/p>\n<p><span style=\"color: #ff0000;\"><strong><span style=\"font-size: 18pt;\">1. Szent J\u00f3zsef &#8211; imakurzusra h\u00edvunk<img fetchpriority=\"high\" decoding=\"async\" class=\"size-medium wp-image-3319 alignright\" src=\"https:\/\/magyar-misszio.ch\/wp-content\/uploads\/2021\/07\/SzentJoszsefkezikonyv-192x300.jpg\" alt=\"\" width=\"192\" height=\"300\" data-id=\"3319\" srcset=\"https:\/\/magyar-misszio.ch\/wp-content\/uploads\/2021\/07\/SzentJoszsefkezikonyv-192x300.jpg 192w, https:\/\/magyar-misszio.ch\/wp-content\/uploads\/2021\/07\/SzentJoszsefkezikonyv.jpg 382w\" sizes=\"(max-width: 192px) 100vw, 192px\" \/><\/span><\/strong><\/span><\/p>\n<p style=\"text-align: justify;\">\u00d6r\u00fcl\u00f6k, hogy elind\u00edthatjuk a \u201eSzent J\u00f3zsef imakurzust\u201c. Ennek v\u00e9g\u00e9n (azokkal akik rendszeresen tudjak j\u00f6nni) felaj\u00e1nl\u00f3 im\u00e1t is elmondhatjuk. Mennyire sz\u00fcks\u00e9g\u00fcnk van Szent J\u00f3zsef p\u00e1rtfog\u00e1s\u00e1ra! Azon fel\u00fcl, hogy jobban el tudjuk k\u00e9pzelni az \u0151 \u00e9let\u00e9t, k\u00f6zelebb ker\u00fclhess\u00fcnk hozz\u00e1, sz\u00fcks\u00e9g\u00fcnk van a seg\u00edts\u00e9g\u00e9re: egy\u00e9ni \u00e9let\u00fcnkben (szexu\u00e1lis k\u00eds\u00e9rt\u00e9sek), csal\u00e1dunk v\u00e9delm\u00e9re (szem\u00e9lyes gondok) \u00e9s egyh\u00e1zunk miatt is (t\u00e1mad\u00e1sok).<\/p>\n<p style=\"text-align: justify;\">2021. okt. 7-\u00e9n, cs\u00fct\u00f6rt\u00f6k este 19.00-kor szeretn\u00e9nk kezdeni (1. emelet) \u00e9s 20.30-kor, vagy hamar\u00e1bb befejezni az alkalmakat. Vez\u00e9rfonalunk a Szent J\u00f3zsef k\u00f6nyv lesz (<a href=\"https:\/\/magyar-misszio.ch\/?page_id=2890\">https:\/\/magyar-misszio.ch\/?page_id=2890<\/a>) H\u00e1rman fogjuk ismertetni a k\u00f6nyv tartalm\u00e1t, megbesz\u00e9lget\u00fcnk t\u00e9m\u00e1kat, \u00e9s im\u00e1dkozunk.<br \/>\nA k\u00f6vetkez\u0151 id\u0151pontokra h\u00edvok mindenkit: okt.7.,21., nov.4.,11.,25., dec.2.<br \/>\nK\u00f6sz\u00f6nettel:<br \/>\nP\u00e9ter atya<\/p>\n<p><strong>Tal\u00e1lkoz\u00e1saink v\u00e1zlatait \u00e9s im\u00e1ds\u00e1gait <a href=\"https:\/\/magyar-misszio.ch\/?page_id=3539\" target=\"_blank\" rel=\"noopener\">itt tal\u00e1lja.<\/a><\/strong><br \/>\n<strong>Szent J\u00f3zsef oldalunkat <a href=\"https:\/\/magyar-misszio.ch\/?page_id=2890\" target=\"_blank\" rel=\"noopener\">itt tal\u00e1lja&#8230;<\/a><\/strong><\/p>\n<p><span style=\"color: #ff0000;\"><strong><span style=\"font-size: 18pt;\">2. R\u00f3zsaf\u00fcz\u00e9res online (emailes) lelkigyakorlat<\/span><\/strong><\/span><\/p>\n<p style=\"text-align: justify;\"><img decoding=\"async\" class=\" wp-image-3446 alignleft\" src=\"https:\/\/magyar-misszio.ch\/wp-content\/uploads\/2021\/09\/rozsafuzer-195x300.jpg\" alt=\"\" width=\"131\" height=\"202\" data-id=\"3446\" srcset=\"https:\/\/magyar-misszio.ch\/wp-content\/uploads\/2021\/09\/rozsafuzer-195x300.jpg 195w, https:\/\/magyar-misszio.ch\/wp-content\/uploads\/2021\/09\/rozsafuzer.jpg 490w\" sizes=\"(max-width: 131px) 100vw, 131px\" \/>Okt\u00f3ber a r\u00f3zsaf\u00fcz\u00e9r h\u00f3napja. Most szeretettel v\u00e1rja a Laudetur Kiad\u00f3 az okt. 1-\u00e9n indul\u00f3 online lelkigyakorlatra a jelentkez\u0151ket. B\u0151vebb inform\u00e1ci\u00f3 <a href=\"https:\/\/laudetur.hu\/isten-tenyeren\/\" target=\"_blank\" rel=\"noopener\">ide kattintva&#8230;<\/a><\/p>\n<p><!-- ListaMester URLAP KEZDETE --><\/p>\n<form id=\"LM_Form60621_20200102173517\" accept-charset=\"UTF-8\" action=\"https:\/\/listamester.hu\/lmui\/faces\/forms\/ProcessSubscription.jsp\" method=\"POST\">\n<div id=\"LM_formBlock60621_20200102173517\" style=\"background-color: #fdfdfd; padding: 5px; border-left: 1px solid #f2f2f2; border-right: 2px solid #eeeeee; border-top: 1px solid #f2f2f2; border-bottom: 2px solid #eeeeee;\"><\/div>\n<\/form>\n","protected":false},"excerpt":{"rendered":"<p>&nbsp; A szents\u00e9gim\u00e1d\u00e1si imakurzusunk ut\u00e1n most k\u00e9t \u00fajabb imakurzusra lehet m\u00e9g jelentkezni: 1. Szent J\u00f3zsef &#8211; imakurzusra h\u00edvunk \u00d6r\u00fcl\u00f6k, hogy elind\u00edthatjuk a \u201eSzent J\u00f3zsef imakurzust\u201c. Ennek v\u00e9g\u00e9n (azokkal akik rendszeresen tudjak j\u00f6nni) felaj\u00e1nl\u00f3 im\u00e1t is elmondhatjuk. Mennyire sz\u00fcks\u00e9g\u00fcnk van Szent J\u00f3zsef p\u00e1rtfog\u00e1s\u00e1ra! Azon fel\u00fcl, hogy jobban el tudjuk k\u00e9pzelni az \u0151 \u00e9let\u00e9t, k\u00f6zelebb ker\u00fclhess\u00fcnk hozz\u00e1, &hellip; <\/p>\n<p class=\"link-more\"><a href=\"https:\/\/magyar-misszio.ch\/?page_id=3445\" class=\"more-link\"><span class=\"screen-reader-text\">\u201eimakurzus2\u201c<\/span> weiterlesen<\/a><\/p>\n","protected":false},"author":2,"featured_media":0,"parent":0,"menu_order":0,"comment_status":"closed","ping_status":"closed","template":"","meta":{"footnotes":""},"class_list":["post-3445","page","type-page","status-publish","hentry"],"_links":{"self":[{"href":"https:\/\/magyar-misszio.ch\/index.php?rest_route=\/wp\/v2\/pages\/3445","targetHints":{"allow":["GET"]}}],"collection":[{"href":"https:\/\/magyar-misszio.ch\/index.php?rest_route=\/wp\/v2\/pages"}],"about":[{"href":"https:\/\/magyar-misszio.ch\/index.php?rest_route=\/wp\/v2\/types\/page"}],"author":[{"embeddable":true,"href":"https:\/\/magyar-misszio.ch\/index.php?rest_route=\/wp\/v2\/users\/2"}],"replies":[{"embeddable":true,"href":"https:\/\/magyar-misszio.ch\/index.php?rest_route=%2Fwp%2Fv2%2Fcomments&post=3445"}],"version-history":[{"count":10,"href":"https:\/\/magyar-misszio.ch\/index.php?rest_route=\/wp\/v2\/pages\/3445\/revisions"}],"predecessor-version":[{"id":3569,"href":"https:\/\/magyar-misszio.ch\/index.php?rest_route=\/wp\/v2\/pages\/3445\/revisions\/3569"}],"wp:attachment":[{"href":"https:\/\/magyar-misszio.ch\/index.php?rest_route=%2Fwp%2Fv2%2Fmedia&parent=3445"}],"curies":[{"name":"wp","href":"https:\/\/api.w.org\/{rel}","templated":true}]}}