{"id":3466,"date":"2021-10-08T19:25:39","date_gmt":"2021-10-08T19:25:39","guid":{"rendered":"http:\/\/magyar-misszio.ch\/?page_id=3466"},"modified":"2021-10-14T14:12:17","modified_gmt":"2021-10-14T14:12:17","slug":"okt-23","status":"publish","type":"page","link":"https:\/\/magyar-misszio.ch\/?page_id=3466","title":{"rendered":"okt.23."},"content":{"rendered":"<p><img fetchpriority=\"high\" decoding=\"async\" class=\"size-medium wp-image-3370 aligncenter\" src=\"https:\/\/magyar-misszio.ch\/wp-content\/uploads\/2021\/09\/2021okt23.jpg-300x263.jpg\" alt=\"\" width=\"300\" height=\"263\" data-id=\"3370\" srcset=\"https:\/\/magyar-misszio.ch\/wp-content\/uploads\/2021\/09\/2021okt23.jpg-300x263.jpg 300w, https:\/\/magyar-misszio.ch\/wp-content\/uploads\/2021\/09\/2021okt23.jpg.jpg 674w\" sizes=\"(max-width: 300px) 100vw, 300px\" \/><\/p>\n<p style=\"text-align: justify;\"><strong>Megh\u00edv\u00f3 let\u00f6lt\u00e9se <a href=\"https:\/\/magyar-misszio.ch\/wp-content\/uploads\/2021\/10\/Meghivo-1956-2021.pdf\" target=\"_blank\" rel=\"noopener\">ide kattintva&#8230;.<\/a><\/strong><br \/>\n<strong>Bejelentkez\u00e9s sz\u00fcks\u00e9ges (50-es l\u00e9tsz\u00e1mkorl\u00e1t miatt)<\/strong><br \/>\n<strong>&#8211; bejelentkez\u00e9si lehet\u0151s\u00e9gek \u00e9s online regisztr\u00e1ci\u00f3 magyar\u00e1zat <a href=\"https:\/\/magyar-misszio.ch\/?page_id=1724#jel\" target=\"_blank\" rel=\"noopener\">ide kattintva<\/a><\/strong><br \/>\n<strong>&#8211; online regisztr\u00e1ci\u00f3 itt tal\u00e1lhat\u00f3<\/strong><\/p>\n<p><em>A regisztr\u00e1ci\u00f3\u00a0csak visszaigazol\u00e1ssal \u00e9rv\u00e9nyes, a rendszer emailt k\u00fcld\u00a0(akkor is, ha valaki sz\u00f3ban, emailben jelentkezik \u2013 visszaigazol\u00e1st k\u00fcld\u00fcnk akkor is).<\/em><br \/>\n<em>Figyelem, az \u201eAnmeldung abschliessen\u201c gombot a v\u00e9g\u00e9n (vagy v\u00e1r\u00f3list\u00e1n\u00e1l a \u201eAuf Warteliste eintragen\u201c gombot) meg kell nyomni! (<a href=\"https:\/\/magyar-misszio.ch\/?page_id=1724#segit\" target=\"_blank\" rel=\"noopener\">ld. seg\u00edts\u00e9g\u2026<\/a>)<\/em><\/p>\n<p><strong>V\u00e1r\u00f3list\u00e1hoz: <\/strong>Ha valaki regisztr\u00e1lt \u00e9s m\u00e9g sem j\u00f6n, t\u00f6r\u00f6ltesse mag\u00e1t, hogy a v\u00e1r\u00f3list\u00e1r\u00f3l is j\u00f6hessenek! A legt\u00f6bben &#8211; h\u00e1la Istennek &#8211; figyelnek erre, \u00e9s gyakran 4-5 ember beker\u00fcl a v\u00e1r\u00f3list\u00e1r\u00f3l is a v\u00e9gleges regisztr\u00e1ltak k\u00f6z\u00e9, de volt olyan is,\u00a0hogy\u00a0 t\u00f6bb mint 10 ember is beker\u00fclt a v\u00e1r\u00f3list\u00e1r\u00f3l!\u00a0<iframe id=\"edoobox_ungmis\" style=\"border: none; width: 100%; height: 600px;\" src=\"https:\/\/app1.edoobox.com\/UngMis\/vas%C3%A1rnapi%20szentmis%C3%A9k\/Event.ed.629065?edref=ungmis\" name=\"edooboxFrame_ungmis\" frameborder=\"0\" seamless=\"\" data-scrolltop=\"\"><a href=\"https:\/\/app1.edoobox.com\/UngMis\/vas%C3%A1rnapi%20szentmis%C3%A9k\/Event.ed.629065?edref=ungmis\">\u00dcbersicht anzeigen<\/a><\/iframe><script type=\"text\/javascript\" src=https:\/\/cdn1.edoobox.com\/edoobox.iframe.embedded.v2.2.js><\/script><\/p>\n","protected":false},"excerpt":{"rendered":"<p>Megh\u00edv\u00f3 let\u00f6lt\u00e9se ide kattintva&#8230;. Bejelentkez\u00e9s sz\u00fcks\u00e9ges (50-es l\u00e9tsz\u00e1mkorl\u00e1t miatt) &#8211; bejelentkez\u00e9si lehet\u0151s\u00e9gek \u00e9s online regisztr\u00e1ci\u00f3 magyar\u00e1zat ide kattintva &#8211; online regisztr\u00e1ci\u00f3 itt tal\u00e1lhat\u00f3 A regisztr\u00e1ci\u00f3\u00a0csak visszaigazol\u00e1ssal \u00e9rv\u00e9nyes, a rendszer emailt k\u00fcld\u00a0(akkor is, ha valaki sz\u00f3ban, emailben jelentkezik \u2013 visszaigazol\u00e1st k\u00fcld\u00fcnk akkor is). Figyelem, az \u201eAnmeldung abschliessen\u201c gombot a v\u00e9g\u00e9n (vagy v\u00e1r\u00f3list\u00e1n\u00e1l a \u201eAuf Warteliste eintragen\u201c &hellip; <\/p>\n<p class=\"link-more\"><a href=\"https:\/\/magyar-misszio.ch\/?page_id=3466\" class=\"more-link\"><span class=\"screen-reader-text\">\u201eokt.23.\u201c<\/span> weiterlesen<\/a><\/p>\n","protected":false},"author":2,"featured_media":0,"parent":0,"menu_order":0,"comment_status":"closed","ping_status":"closed","template":"","meta":{"footnotes":""},"class_list":["post-3466","page","type-page","status-publish","hentry"],"_links":{"self":[{"href":"https:\/\/magyar-misszio.ch\/index.php?rest_route=\/wp\/v2\/pages\/3466","targetHints":{"allow":["GET"]}}],"collection":[{"href":"https:\/\/magyar-misszio.ch\/index.php?rest_route=\/wp\/v2\/pages"}],"about":[{"href":"https:\/\/magyar-misszio.ch\/index.php?rest_route=\/wp\/v2\/types\/page"}],"author":[{"embeddable":true,"href":"https:\/\/magyar-misszio.ch\/index.php?rest_route=\/wp\/v2\/users\/2"}],"replies":[{"embeddable":true,"href":"https:\/\/magyar-misszio.ch\/index.php?rest_route=%2Fwp%2Fv2%2Fcomments&post=3466"}],"version-history":[{"count":6,"href":"https:\/\/magyar-misszio.ch\/index.php?rest_route=\/wp\/v2\/pages\/3466\/revisions"}],"predecessor-version":[{"id":3509,"href":"https:\/\/magyar-misszio.ch\/index.php?rest_route=\/wp\/v2\/pages\/3466\/revisions\/3509"}],"wp:attachment":[{"href":"https:\/\/magyar-misszio.ch\/index.php?rest_route=%2Fwp%2Fv2%2Fmedia&parent=3466"}],"curies":[{"name":"wp","href":"https:\/\/api.w.org\/{rel}","templated":true}]}}