{"id":3482,"date":"2021-10-09T14:10:55","date_gmt":"2021-10-09T14:10:55","guid":{"rendered":"http:\/\/magyar-misszio.ch\/?page_id=3482"},"modified":"2022-12-07T14:18:46","modified_gmt":"2022-12-07T14:18:46","slug":"szinodalis-ut","status":"publish","type":"page","link":"https:\/\/magyar-misszio.ch\/?page_id=3482","title":{"rendered":"szinod\u00e1lis \u00fat"},"content":{"rendered":"<p>[et_pb_section admin_label=&#8220;section&#8220;]<br \/>\n\t\t\t[et_pb_row admin_label=&#8220;row&#8220;]<br \/>\n\t\t\t\t[et_pb_column type=&#8220;4_4&#8243;][et_pb_text admin_label=&#8220;Text&#8220;]<\/p>\n<p style=\"text-align: center;\"><span style=\"color: #ff0000; font-size: 18pt;\"><strong>&#8222;J\u00e1rjunk egy\u00fctt&#8220; a szinod\u00e1lis \u00faton!<\/strong><\/span><img fetchpriority=\"high\" decoding=\"async\" class=\"alignleft wp-image-3470 size-full\" src=\"https:\/\/magyar-misszio.ch\/wp-content\/uploads\/2021\/10\/Franziskus-ganz-Ohr-kep.docx.jpg\" alt=\"\" width=\"1256\" height=\"656\" data-id=\"3470\" srcset=\"https:\/\/magyar-misszio.ch\/wp-content\/uploads\/2021\/10\/Franziskus-ganz-Ohr-kep.docx.jpg 1256w, https:\/\/magyar-misszio.ch\/wp-content\/uploads\/2021\/10\/Franziskus-ganz-Ohr-kep.docx-300x157.jpg 300w, https:\/\/magyar-misszio.ch\/wp-content\/uploads\/2021\/10\/Franziskus-ganz-Ohr-kep.docx-1024x535.jpg 1024w, https:\/\/magyar-misszio.ch\/wp-content\/uploads\/2021\/10\/Franziskus-ganz-Ohr-kep.docx-768x401.jpg 768w\" sizes=\"(max-width: 767px) 89vw, (max-width: 1000px) 54vw, (max-width: 1071px) 543px, 580px\" \/><\/p>\n<p>&nbsp;<\/p>\n<p>Mi is ez?<\/p>\n<ul>\n<li>A p\u00e1pa azt mondja: Isten azt v\u00e1rja most t\u0151l\u00fcnk, hogy nyitottak legy\u00fcnk, besz\u00e9lgess\u00fcnk egym\u00e1ssal az egyh\u00e1z \u00fcgyeir\u0151l \u00e9s Isten akkor valami sz\u00e9pet k\u00e9sz\u00edt el\u0151 nek\u00fcnk.<\/li>\n<li>A szin\u00f3dus g\u00f6r\u00f6g sz\u00f3 azt jelenti, hogy egybegy\u0171l\u00fcnk, tan\u00e1cskozunk, besz\u00e9lget\u00fcnk. A p\u00e1pa h\u00edv\u00e1s\u00e1ra a vil\u00e1g p\u00fcsp\u00f6kei k\u00f6z\u00fcl sokan tan\u00e1cskoz\u00e1sra gy\u0171lnek \u00f6ssze, ez a p\u00fcsp\u00f6ki szin\u00f3dus a szentatya vezet\u00e9s\u00e9vel.<br \/>\nMost el\u0151sz\u00f6r k\u00e9ri a p\u00e1pa a vil\u00e1g h\u00edveit, hogy gondolataikkal seg\u00edts\u00e9k ezt a tan\u00e1cskoz\u00e1st \u00e9s a d\u00f6nt\u00e9sek meghozatal\u00e1t a k\u00f6vetkez\u0151 p\u00fcsp\u00f6ki szin\u00f3dushoz 2023-ban. A h\u00edvek sz\u00e9lesk\u00f6r\u0171 bevon\u00e1s\u00e1t az egyh\u00e1z j\u00f6v\u0151j\u00e9nek fontos k\u00e9rd\u00e9seiben \u00fagy tudjuk megval\u00f3s\u00edtani, hogy minden katolikus egyh\u00e1zi k\u00f6z\u00f6ss\u00e9gben a vil\u00e1gon kisebb csoportokban le\u00fclnek besz\u00e9lgetni a megadott t\u00e9m\u00e1kr\u00f3l. Ez a folyamat a szinod\u00e1lis \u00fat, mely 2021. okt. 10-\u00e9n sokfel\u00e9 \u00fcnnep\u00e9lyes megnyit\u00e1ssal t\u00f6rt\u00e9nik. A mi misszi\u00f3nkban is szeretn\u00e9nk ezt a besz\u00e9lget\u00e9st meghirdetni. Okt. 17-megkaptuk a k\u00e9rd\u00e9s-sorozatot \u00e9s v\u00e1rjuk a jelentkez\u00e9seket, hogy kik j\u00f6nn\u00e9nek sz\u00edvesen besz\u00e9lget\u00e9sre.<\/li>\n<\/ul>\n<p><span style=\"color: #0000ff;\"><strong>Tov\u00e1bbi inform\u00e1ci\u00f3k<\/strong><\/span><\/p>\n<ul>\n<li>B\u0151vebben a p\u00e1pai \u00edr\u00e1st n\u00e9met\u00fcl <a href=\"https:\/\/press.vatican.va\/content\/salastampa\/it\/bollettino\/pubblico\/2021\/09\/07\/0540\/01156.html#tedescook\">itt olvashatjuk<\/a>, magyarul a Deepl-program ford\u00edt\u00e1s\u00e1ban (n\u00e9h\u00e1ny hib\u00e1val) <a href=\"https:\/\/magyar-misszio.ch\/wp-content\/uploads\/2021\/10\/szinodalis-ut-magyar.pdf\" target=\"_blank\" rel=\"noopener\">ide kattintva<\/a> olvashatjuk<\/li>\n<li>Im\u00e1dkozzunk \u00e9rte, im\u00e1ds\u00e1g <a href=\"https:\/\/magyar-misszio.ch\/wp-content\/uploads\/2021\/10\/Imadsag-a-zsinati-folyamatert.pdf\" target=\"_blank\" rel=\"noopener\">itt el\u00e9rhet\u0151<\/a>..<\/li>\n<li>sv\u00e1jci honlap: <a href=\"https:\/\/www.wir-sind-ohr.ch\/\" target=\"_blank\" rel=\"noopener\">ww.wir-sind-ohr.ch<\/a><\/li>\n<li>megbesz\u00e9lend\u0151 k\u00e9rd\u00e9sek: <a href=\"https:\/\/magyar-misszio.ch\/wp-content\/uploads\/2021\/10\/Fragen_synodaler_Prozess.pdf\" target=\"_blank\" rel=\"noopener\">n\u00e9met\u00fcl<\/a>, <a href=\"https:\/\/magyar-misszio.ch\/wp-content\/uploads\/2021\/11\/szorolap-kerdesekkel.pdf\" target=\"_blank\" rel=\"noopener\"><span style=\"color: #ff0000;\">magyarul kieg\u00e9sz\u00edt\u00e9ssel<\/span>,<\/a> (csoportvezet\u0151knek k\u00fcl\u00f6n gondolatok is vannak)<\/li>\n<li><a href=\"https:\/\/www.magyarkurir.hu\/hirek\/forditott-piramis-ferenc-papa-es-vilagegyhaz-szinodalis-folyamata\" target=\"_blank\" rel=\"noopener\">Magyar Kurir<\/a>,\u00a0 \u00a0<a href=\"https:\/\/www.vaticannews.va\/hu\/vatikan\/news\/2021-06\/rigai-ersek-a-2023-as-puspoki-szinodusrol.html\" target=\"_blank\" rel=\"noopener\">Vatik\u00e1ni h\u00edrek<\/a><\/li>\n<li>pr\u00e9dik\u00e1ci\u00f3 <a href=\"https:\/\/magyar-misszio.ch\/?page_id=1899#szinodus\" target=\"_blank\" rel=\"noopener\">ide kattintva&#8230;<\/a><\/li>\n<\/ul>\n<p>&nbsp;[\/et_pb_text][\/et_pb_column]<br \/>\n\t\t\t[\/et_pb_row]<br \/>\n\t\t[\/et_pb_section]<\/p>\n","protected":false},"excerpt":{"rendered":"<p>[et_pb_section admin_label=&#8220;section&#8220;] [et_pb_row admin_label=&#8220;row&#8220;] [et_pb_column type=&#8220;4_4&#8243;][et_pb_text admin_label=&#8220;Text&#8220;] &#8222;J\u00e1rjunk egy\u00fctt&#8220; a szinod\u00e1lis \u00faton! &nbsp; Mi is ez? A p\u00e1pa azt mondja: Isten azt v\u00e1rja most t\u0151l\u00fcnk, hogy nyitottak legy\u00fcnk, besz\u00e9lgess\u00fcnk egym\u00e1ssal az egyh\u00e1z \u00fcgyeir\u0151l \u00e9s Isten akkor valami sz\u00e9pet k\u00e9sz\u00edt el\u0151 nek\u00fcnk. A szin\u00f3dus g\u00f6r\u00f6g sz\u00f3 azt jelenti, hogy egybegy\u0171l\u00fcnk, tan\u00e1cskozunk, besz\u00e9lget\u00fcnk. A p\u00e1pa h\u00edv\u00e1s\u00e1ra a &hellip; <\/p>\n<p class=\"link-more\"><a href=\"https:\/\/magyar-misszio.ch\/?page_id=3482\" class=\"more-link\"><span class=\"screen-reader-text\">\u201eszinod\u00e1lis \u00fat\u201c<\/span> weiterlesen<\/a><\/p>\n","protected":false},"author":2,"featured_media":0,"parent":0,"menu_order":0,"comment_status":"closed","ping_status":"closed","template":"","meta":{"footnotes":""},"class_list":["post-3482","page","type-page","status-publish","hentry"],"_links":{"self":[{"href":"https:\/\/magyar-misszio.ch\/index.php?rest_route=\/wp\/v2\/pages\/3482","targetHints":{"allow":["GET"]}}],"collection":[{"href":"https:\/\/magyar-misszio.ch\/index.php?rest_route=\/wp\/v2\/pages"}],"about":[{"href":"https:\/\/magyar-misszio.ch\/index.php?rest_route=\/wp\/v2\/types\/page"}],"author":[{"embeddable":true,"href":"https:\/\/magyar-misszio.ch\/index.php?rest_route=\/wp\/v2\/users\/2"}],"replies":[{"embeddable":true,"href":"https:\/\/magyar-misszio.ch\/index.php?rest_route=%2Fwp%2Fv2%2Fcomments&post=3482"}],"version-history":[{"count":9,"href":"https:\/\/magyar-misszio.ch\/index.php?rest_route=\/wp\/v2\/pages\/3482\/revisions"}],"predecessor-version":[{"id":4552,"href":"https:\/\/magyar-misszio.ch\/index.php?rest_route=\/wp\/v2\/pages\/3482\/revisions\/4552"}],"wp:attachment":[{"href":"https:\/\/magyar-misszio.ch\/index.php?rest_route=%2Fwp%2Fv2%2Fmedia&parent=3482"}],"curies":[{"name":"wp","href":"https:\/\/api.w.org\/{rel}","templated":true}]}}