{"id":352,"date":"2018-04-07T12:15:13","date_gmt":"2018-04-07T12:15:13","guid":{"rendered":"http:\/\/magyar-misszio.ch\/?page_id=352"},"modified":"2018-04-07T12:15:13","modified_gmt":"2018-04-07T12:15:13","slug":"irg-rosenkranz2","status":"publish","type":"page","link":"https:\/\/magyar-misszio.ch\/?page_id=352","title":{"rendered":"irg-rosenkranz2"},"content":{"rendered":"<p style=\"font-weight: 400; text-align: center;\"><span style=\"font-size: 14pt; color: #ff0000;\"><strong>DER ROSENKRANZ\u00a0ZUR BARMHERZIGKEIT GOTTES<\/strong><\/span><\/p>\n<p style=\"font-weight: 400;\"><strong><br \/>\n<img fetchpriority=\"high\" decoding=\"async\" class=\"alignleft wp-image-349 size-full\" src=\"https:\/\/magyar-misszio.ch\/wp-content\/uploads\/2018\/04\/barm_bild.jpg\" alt=\"\" width=\"319\" height=\"480\" data-id=\"349\" srcset=\"https:\/\/magyar-misszio.ch\/wp-content\/uploads\/2018\/04\/barm_bild.jpg 319w, https:\/\/magyar-misszio.ch\/wp-content\/uploads\/2018\/04\/barm_bild-199x300.jpg 199w\" sizes=\"(max-width: 319px) 100vw, 319px\" \/><\/strong><span style=\"color: #008080;\"><em>Vater unser im Himmel, geheiligt werde dein Name, dein Reich\u00a0\u00a0komme. dein Wille geschehe,<br \/>\nwie im Himmel, so auf Erden. Unser t\u00e4gliches Brot gib uns heute,\u00a0\u00a0und vergib uns unsere Schuld,<br \/>\nwie auch wir vergeben unseren Schuldigern. Und f\u00fchre uns nicht in Versuchung, sondern erl\u00f6se uns von dem B\u00f6sen. Denn dein ist das Reich und die Kraft und die Herrlichkeit, in Ewigkeit. Amen.<\/em><\/span><\/p>\n<p style=\"font-weight: 400;\"><span style=\"color: #008080;\"><em>Gegr\u00fc\u00dfet seist du, Maria, voll der Gnade, der Herr ist mit dir, du bist gebenedeit unter den Frauen, und gebenedeit ist die Frucht deines Leibes,<br \/>\nJesus.\u00a0\u00a0Heilige Maria, Mutter Gottes, bitte f\u00fcr uns S\u00fcnder jetzt und in der Stunde unseres Todes. Amen.<\/em><\/span><\/p>\n<p style=\"font-weight: 400;\"><span style=\"color: #008080;\"><em>Das Apostolische Glaubensbekenntnis<br \/>\nIch glaube an Gott, den Vater, den Allm\u00e4chtigen, den Sch\u00f6pfer des Himmels und der Erde, und an Jesus Christus, seinen eingeborenen Sohn, unseren Herrn, der empfangen ist vom Heiligen Geiste, geboren von der Jungfrau Maria, gelitten unter Pontius Pilatus, gekreuzigt, gestorben und begraben, hinabgestiegen in das Reich des Todes, am dritten Tage auferstanden von den Toten, aufgefahren in den Himmel, er sitzt zur Rechten Gottes, des allm\u00e4chtigen Vaters, von dort wird er kommen, zu richten die Lebenden und die Toten.\u00a0\u00a0Ich glaube an den Heiligen Geist, die heilige katholische Kirche, Gemeinschaft der Heiligen, Vergebung der S\u00fcnden, Auferstehung der Toten und das ewige Leben. Amen.<\/em><\/span><\/p>\n<p style=\"font-weight: 400;\"><strong>An den gro\u00dfen Perlen (1 mal):\u00a0\u00a0\u00a0\u00a0<\/strong><strong><br \/>\n<\/strong><span style=\"color: #0000ff;\"><strong>Ewiger Vater, ich opfere Dir auf den Leib und das Blut, die Seele und die Gottheit Deines \u00fcber alles geliebten Sohnes, unseres Herrn Jesus Christus, um Verzeihung f\u00fcr unsere S\u00fcnden und die S\u00fcnden der ganzen Welt zu erlangen.<\/strong><\/span><\/p>\n<p><strong>An den kleinen Perlen (10 mal):\u00a0<\/strong><strong><br \/>\n<\/strong><span style=\"color: #0000ff;\"><strong>F\u00fcr Sein schmerzhaftes Leiden habe Erbarmen mit uns und mit der ganzen Welt.<\/strong><\/span><\/p>\n<p><strong>Zum Schlu\u00df (3 mal):\u00a0\u00a0\u00a0\u00a0\u00a0\u00a0\u00a0\u00a0\u00a0\u00a0\u00a0<\/strong><strong><br \/>\n<\/strong><span style=\"color: #0000ff;\"><strong>Heiliger Gott, heiliger starker Gott, heiliger unsterblicher Gott, habe Erbarmen mit uns und mit der ganzen Welt.<\/strong><\/span><\/p>\n<p><img decoding=\"async\" class=\"size-medium wp-image-335 aligncenter\" src=\"https:\/\/magyar-misszio.ch\/wp-content\/uploads\/2018\/04\/Barmherzigkeitrosenkranz-300x300.jpg\" alt=\"\" width=\"300\" height=\"300\" data-id=\"335\" srcset=\"https:\/\/magyar-misszio.ch\/wp-content\/uploads\/2018\/04\/Barmherzigkeitrosenkranz-300x300.jpg 300w, https:\/\/magyar-misszio.ch\/wp-content\/uploads\/2018\/04\/Barmherzigkeitrosenkranz-150x150.jpg 150w, https:\/\/magyar-misszio.ch\/wp-content\/uploads\/2018\/04\/Barmherzigkeitrosenkranz-100x100.jpg 100w, https:\/\/magyar-misszio.ch\/wp-content\/uploads\/2018\/04\/Barmherzigkeitrosenkranz.jpg 500w\" sizes=\"(max-width: 300px) 100vw, 300px\" \/><\/p>\n<p style=\"font-weight: 400;\"><a href=\"https:\/\/magyar-misszio.ch\/egyebek\/irgalmassag\/rosenkranz.pdf\">herunterladen zum Ausdruck\u00a0<\/a><\/p>\n","protected":false},"excerpt":{"rendered":"<p>DER ROSENKRANZ\u00a0ZUR BARMHERZIGKEIT GOTTES Vater unser im Himmel, geheiligt werde dein Name, dein Reich\u00a0\u00a0komme. dein Wille geschehe, wie im Himmel, so auf Erden. Unser t\u00e4gliches Brot gib uns heute,\u00a0\u00a0und vergib uns unsere Schuld, wie auch wir vergeben unseren Schuldigern. Und f\u00fchre uns nicht in Versuchung, sondern erl\u00f6se uns von dem B\u00f6sen. Denn dein ist das &hellip; <\/p>\n<p class=\"link-more\"><a href=\"https:\/\/magyar-misszio.ch\/?page_id=352\" class=\"more-link\"><span class=\"screen-reader-text\">\u201eirg-rosenkranz2\u201c<\/span> weiterlesen<\/a><\/p>\n","protected":false},"author":2,"featured_media":0,"parent":0,"menu_order":0,"comment_status":"closed","ping_status":"closed","template":"","meta":{"footnotes":""},"class_list":["post-352","page","type-page","status-publish","hentry"],"_links":{"self":[{"href":"https:\/\/magyar-misszio.ch\/index.php?rest_route=\/wp\/v2\/pages\/352","targetHints":{"allow":["GET"]}}],"collection":[{"href":"https:\/\/magyar-misszio.ch\/index.php?rest_route=\/wp\/v2\/pages"}],"about":[{"href":"https:\/\/magyar-misszio.ch\/index.php?rest_route=\/wp\/v2\/types\/page"}],"author":[{"embeddable":true,"href":"https:\/\/magyar-misszio.ch\/index.php?rest_route=\/wp\/v2\/users\/2"}],"replies":[{"embeddable":true,"href":"https:\/\/magyar-misszio.ch\/index.php?rest_route=%2Fwp%2Fv2%2Fcomments&post=352"}],"version-history":[{"count":1,"href":"https:\/\/magyar-misszio.ch\/index.php?rest_route=\/wp\/v2\/pages\/352\/revisions"}],"predecessor-version":[{"id":353,"href":"https:\/\/magyar-misszio.ch\/index.php?rest_route=\/wp\/v2\/pages\/352\/revisions\/353"}],"wp:attachment":[{"href":"https:\/\/magyar-misszio.ch\/index.php?rest_route=%2Fwp%2Fv2%2Fmedia&parent=352"}],"curies":[{"name":"wp","href":"https:\/\/api.w.org\/{rel}","templated":true}]}}