{"id":3551,"date":"2021-11-19T17:04:36","date_gmt":"2021-11-19T17:04:36","guid":{"rendered":"http:\/\/magyar-misszio.ch\/?page_id=3551"},"modified":"2021-11-19T17:04:36","modified_gmt":"2021-11-19T17:04:36","slug":"kozossegi-haz-kovaszna","status":"publish","type":"page","link":"https:\/\/magyar-misszio.ch\/?page_id=3551","title":{"rendered":"kozossegi haz Kovaszna"},"content":{"rendered":"<p style=\"text-align: center;\"><span style=\"font-size: 14pt;\"><strong>T\u00e1mogat\u00e1si k\u00e9relem az erd\u00e9lyi kov\u00e1sznai k\u00f6z\u00f6ss\u00e9gi h\u00e1zhoz<\/strong><\/span><\/p>\n<p style=\"text-align: justify;\">Sz\u00edvesen h\u00edvjuk fel a figyelm\u00e9t a kedves h\u00edveknek a k\u00f6vetkez\u0151 c\u00e9lra:<br \/>\nGuha P\u00e9ter \u00e9s bar\u00e1tai sok \u00e9ve seg\u00edtik az erd\u00e9lyi nagycsal\u00e1dos egyes\u00fcletet (2020-ban mi is gy\u0171jt\u00f6tt\u00fcnk az \u00f6szt\u00f6nd\u00edj-programra, ld. <a href=\"https:\/\/magyar-misszio.ch\/?page_id=1571\" target=\"_blank\" rel=\"noopener\">ide kattintva<\/a>). Id\u00e9n misszi\u00f3nk felkereste Guha P\u00e9terrel a Kirche in Not szervezetet. Majd erre \u00e9p\u00edtve a kov\u00e1sznai pl\u00e9b\u00e1nos, Arthur P\u00e9ter atya a Kirche in Not-hoz (ACN) t\u00e1mogat\u00e1si k\u00e9relmet ny\u00fajtott be a k\u00f6z\u00f6ss\u00e9gi h\u00e1z \u00fajra\u00e9p\u00edt\u00e9s\u00e9re. A 15.000 eur\u00f3s megnyert t\u00e1mogat\u00e1s akkor nem veszik k\u00e1rba, ha m\u00e9g kb. 10.000 eur\u00f3t \u00f6ssze tudnak szedni.<br \/>\nAki sz\u00edvesen seg\u00edt Guha P\u00e9ter \u00e9s misszi\u00f3nk \u00e1ltal, az adom\u00e1ny\u00e1t a misszi\u00f3t t\u00e1mogat\u00f3 egyes\u00fclet\u00fcnk banksz\u00e1ml\u00e1j\u00e1ra teheti azt meg: IBAN: CH59 0070 0112 8001 3211 1, Verein St. Stephan, Z\u00fcrich 8057, Winterthurerstrasse 135 (A k\u00f6zlem\u00e9nyben k\u00e9rj\u00fck oda\u00edrni: k\u00f6z\u00f6ss\u00e9gi h\u00e1z vagy Kov\u00e1szna)<\/p>\n<p><span style=\"color: #ff0000;\"><strong>Guha P\u00e9ter \u00e9s feles\u00e9ge t\u00e1j\u00e9koztat\u00f3 level\u00e9hez<a href=\"https:\/\/magyar-misszio.ch\/wp-content\/uploads\/2021\/11\/tamogataskerelem.pdf\" target=\"_blank\" rel=\"noopener\"> kattints ide&#8230;<\/a><\/strong><\/span><\/p>\n","protected":false},"excerpt":{"rendered":"<p>T\u00e1mogat\u00e1si k\u00e9relem az erd\u00e9lyi kov\u00e1sznai k\u00f6z\u00f6ss\u00e9gi h\u00e1zhoz Sz\u00edvesen h\u00edvjuk fel a figyelm\u00e9t a kedves h\u00edveknek a k\u00f6vetkez\u0151 c\u00e9lra: Guha P\u00e9ter \u00e9s bar\u00e1tai sok \u00e9ve seg\u00edtik az erd\u00e9lyi nagycsal\u00e1dos egyes\u00fcletet (2020-ban mi is gy\u0171jt\u00f6tt\u00fcnk az \u00f6szt\u00f6nd\u00edj-programra, ld. ide kattintva). Id\u00e9n misszi\u00f3nk felkereste Guha P\u00e9terrel a Kirche in Not szervezetet. Majd erre \u00e9p\u00edtve a kov\u00e1sznai pl\u00e9b\u00e1nos, Arthur &hellip; <\/p>\n<p class=\"link-more\"><a href=\"https:\/\/magyar-misszio.ch\/?page_id=3551\" class=\"more-link\"><span class=\"screen-reader-text\">\u201ekozossegi haz Kovaszna\u201c<\/span> weiterlesen<\/a><\/p>\n","protected":false},"author":2,"featured_media":0,"parent":0,"menu_order":0,"comment_status":"closed","ping_status":"closed","template":"","meta":{"footnotes":""},"class_list":["post-3551","page","type-page","status-publish","hentry"],"_links":{"self":[{"href":"https:\/\/magyar-misszio.ch\/index.php?rest_route=\/wp\/v2\/pages\/3551","targetHints":{"allow":["GET"]}}],"collection":[{"href":"https:\/\/magyar-misszio.ch\/index.php?rest_route=\/wp\/v2\/pages"}],"about":[{"href":"https:\/\/magyar-misszio.ch\/index.php?rest_route=\/wp\/v2\/types\/page"}],"author":[{"embeddable":true,"href":"https:\/\/magyar-misszio.ch\/index.php?rest_route=\/wp\/v2\/users\/2"}],"replies":[{"embeddable":true,"href":"https:\/\/magyar-misszio.ch\/index.php?rest_route=%2Fwp%2Fv2%2Fcomments&post=3551"}],"version-history":[{"count":1,"href":"https:\/\/magyar-misszio.ch\/index.php?rest_route=\/wp\/v2\/pages\/3551\/revisions"}],"predecessor-version":[{"id":3553,"href":"https:\/\/magyar-misszio.ch\/index.php?rest_route=\/wp\/v2\/pages\/3551\/revisions\/3553"}],"wp:attachment":[{"href":"https:\/\/magyar-misszio.ch\/index.php?rest_route=%2Fwp%2Fv2%2Fmedia&parent=3551"}],"curies":[{"name":"wp","href":"https:\/\/api.w.org\/{rel}","templated":true}]}}