{"id":3630,"date":"2021-12-16T11:38:03","date_gmt":"2021-12-16T11:38:03","guid":{"rendered":"http:\/\/magyar-misszio.ch\/?page_id=3630"},"modified":"2022-01-01T18:37:19","modified_gmt":"2022-01-01T18:37:19","slug":"kar_udv_2021","status":"publish","type":"page","link":"https:\/\/magyar-misszio.ch\/?page_id=3630","title":{"rendered":"kar_udv_2021"},"content":{"rendered":"<p style=\"text-align: center;\"><strong><img decoding=\"async\" class=\"alignleft wp-image-3631\" src=\"https:\/\/magyar-misszio.ch\/wp-content\/uploads\/2021\/12\/sztcsalad-263x300.jpg\" alt=\"\" width=\"130\" height=\"148\" data-id=\"3631\" srcset=\"https:\/\/magyar-misszio.ch\/wp-content\/uploads\/2021\/12\/sztcsalad-263x300.jpg 263w, https:\/\/magyar-misszio.ch\/wp-content\/uploads\/2021\/12\/sztcsalad.jpg 327w\" sizes=\"(max-width: 130px) 100vw, 130px\" \/><span style=\"color: #ff0000; font-size: 14pt;\">J\u00e9zus Krisztus sz\u00fclet\u00e9s\u00e9nek \u00fcnnep\u00e9re, <\/span><br \/>\n<span style=\"color: #ff0000; font-size: 14pt;\">kar\u00e1csonyra \u00e9s az \u00faj esztend\u0151re<\/span><br \/>\n<span style=\"color: #ff0000; font-size: 14pt;\">a Szent Csal\u00e1d b\u00e9k\u00e9j\u00e9t \u00e9s \u00e1ld\u00e1s\u00e1t k\u00edv\u00e1njuk!<\/span><\/strong><\/p>\n<p><em>\u00a0<\/em><\/p>\n<p><em>A csal\u00e1dok v\u00e9delmez\u0151j\u00e9nek, Szent J\u00f3zsefnek szentelt \u00e9vet befejezt\u00fck, (sok kegyelem \u00e1radt r\u00e1nk!). De ez m\u00e9gsem fejez\u0151dik be teljesen: mert folytat\u00f3dik m\u00e9g a csal\u00e1di szeretet \u00f6r\u00f6m\u00e9nek \u00e9ve. A szent csal\u00e1d tagjai, J\u00e9zus, M\u00e1ria \u00e9s J\u00f3zsef legyenek tagjai a Te csal\u00e1dodnak is; \u00e9s Te is legy\u00e9l igazi tagja az \u0150 csal\u00e1dj\u00e1nak, az egyh\u00e1znak! <\/em><\/p>\n<p style=\"text-align: justify;\"><em>Id\u00e9n a misszi\u00f3k \u00f6sszefog\u00e1s\u00e1b\u00f3l k\u00fcl\u00f6n aj\u00e1nd\u00e9kot is k\u00e9sz\u00edtett\u00fcnk: sz\u00e1mos nyelven k\u00edv\u00e1nunk \u00e1ldott, \u00f6r\u00f6mteli kar\u00e1csonyt mindenkinek! A vide\u00f3t itt alul megtekinthetj\u00fck, <a href=\"https:\/\/www.dropbox.com\/s\/i813ftah364s0c9\/Weihnachtsfilm%20Katholische%20Kirche_Version6.mp4?dl=0\" target=\"_blank\" rel=\"noopener\">ide kattintva<\/a> ak\u00e1r le is t\u00f6lthetj\u00fck&#8230; (a magyar j\u00f3k\u00edv\u00e1ns\u00e1g a 66. m\u00e1sodperct\u0151l van). Egyh\u00e1zunk vezet\u0151i is szeretettel csatlakoztak a j\u00f3k\u00edv\u00e1ns\u00e1gokhoz (a vide\u00f3 v\u00e9g\u00e9n).<\/em><\/p>\n<p><img fetchpriority=\"high\" decoding=\"async\" class=\"aligncenter wp-image-3634 size-large\" src=\"https:\/\/magyar-misszio.ch\/wp-content\/uploads\/2021\/12\/video_montazs.jpg-1024x626.jpg\" alt=\"\" width=\"525\" height=\"321\" data-id=\"3634\" srcset=\"https:\/\/magyar-misszio.ch\/wp-content\/uploads\/2021\/12\/video_montazs.jpg-1024x626.jpg 1024w, https:\/\/magyar-misszio.ch\/wp-content\/uploads\/2021\/12\/video_montazs.jpg-300x184.jpg 300w, https:\/\/magyar-misszio.ch\/wp-content\/uploads\/2021\/12\/video_montazs.jpg-768x470.jpg 768w, https:\/\/magyar-misszio.ch\/wp-content\/uploads\/2021\/12\/video_montazs.jpg-1536x940.jpg 1536w, https:\/\/magyar-misszio.ch\/wp-content\/uploads\/2021\/12\/video_montazs.jpg.jpg 1746w\" sizes=\"(max-width: 525px) 100vw, 525px\" \/><\/p>\n<p><iframe title=\"YouTube video player\" src=\"https:\/\/www.youtube.com\/embed\/WcaB6sLQ_D0\" width=\"560\" height=\"315\" frameborder=\"0\" allowfullscreen=\"allowfullscreen\"><\/iframe><\/p>\n<p style=\"text-align: center;\"><strong><span style=\"font-size: 14pt; color: #0000ff;\">2022-es napt\u00e1runk, fontosabb programok, inform\u00e1ci\u00f3k<\/span><\/strong><br \/>\na k\u00e9pre kattintva let\u00f6lthet\u0151<\/p>\n<p><a href=\"https:\/\/magyar-misszio.ch\/wp-content\/uploads\/2022\/01\/naptarunk-2022.pdf\"><img decoding=\"async\" class=\"aligncenter wp-image-3642 size-large\" src=\"https:\/\/magyar-misszio.ch\/wp-content\/uploads\/2021\/12\/naptarunk2022.jpg-1024x727.jpg\" alt=\"\" width=\"525\" height=\"373\" data-id=\"3642\" srcset=\"https:\/\/magyar-misszio.ch\/wp-content\/uploads\/2021\/12\/naptarunk2022.jpg-1024x727.jpg 1024w, https:\/\/magyar-misszio.ch\/wp-content\/uploads\/2021\/12\/naptarunk2022.jpg-300x213.jpg 300w, https:\/\/magyar-misszio.ch\/wp-content\/uploads\/2021\/12\/naptarunk2022.jpg-768x545.jpg 768w, https:\/\/magyar-misszio.ch\/wp-content\/uploads\/2021\/12\/naptarunk2022.jpg.jpg 1377w\" sizes=\"(max-width: 525px) 100vw, 525px\" \/><\/a><\/p>\n<p><span style=\"color: #339966;\"><em>Z\u00fcrichi Szent Istv\u00e1n Magyar Misszi\u00f3<br \/>\n2021.<br \/>\n<\/em><\/span><strong>Szent J\u00f3zsef \u00e9ve<\/strong> (<a href=\"https:\/\/magyar-misszio.ch\/?page_id=2890\" target=\"_blank\" rel=\"noopener\">kattints ide&#8230;<\/a>), <strong>A csal\u00e1di szeretet \u00f6r\u00f6m\u00e9nek \u00e9ve<\/strong> (<a href=\"https:\/\/magyar-misszio.ch\/?page_id=2894\" target=\"_blank\" rel=\"noopener\">kattints ide&#8230;<\/a>)<\/p>\n<p style=\"text-align: justify;\"><strong>A vide\u00f3 h\u00e1tter\u00e9r\u0151l:<\/strong> A katolikus egyh\u00e1z Z\u00fcrich kantonban multikultur\u00e1lis \u00e9s nemzetk\u00f6zi: a katolikusok mintegy 30%-a nem Sv\u00e1jcb\u00f3l, hanem az eg\u00e9sz vil\u00e1g legk\u00fcl\u00f6nb\u00f6z\u0151bb r\u00e9gi\u00f3ib\u00f3l sz\u00e1rmazik. A kantonban \u00e9l\u0151 k\u00fclf\u00f6ldi katolikusok egyharmad\u00e1nak (alig 130 000 f\u0151) lelkip\u00e1sztori ell\u00e1t\u00e1sa 26 lelkip\u00e1sztori egys\u00e9get foglal mag\u00e1ban, t\u00f6bb mint 100 alkalmazottal \u00e9s sz\u00e1mtalan \u00f6nk\u00e9ntes seg\u00edt\u0151vel. T\u00f6bb misszi\u00f3 \u00f6sszefog\u00e1s\u00e1val k\u00e9sz\u00fclt a vide\u00f3.<\/p>\n","protected":false},"excerpt":{"rendered":"<p>J\u00e9zus Krisztus sz\u00fclet\u00e9s\u00e9nek \u00fcnnep\u00e9re, kar\u00e1csonyra \u00e9s az \u00faj esztend\u0151re a Szent Csal\u00e1d b\u00e9k\u00e9j\u00e9t \u00e9s \u00e1ld\u00e1s\u00e1t k\u00edv\u00e1njuk! \u00a0 A csal\u00e1dok v\u00e9delmez\u0151j\u00e9nek, Szent J\u00f3zsefnek szentelt \u00e9vet befejezt\u00fck, (sok kegyelem \u00e1radt r\u00e1nk!). De ez m\u00e9gsem fejez\u0151dik be teljesen: mert folytat\u00f3dik m\u00e9g a csal\u00e1di szeretet \u00f6r\u00f6m\u00e9nek \u00e9ve. A szent csal\u00e1d tagjai, J\u00e9zus, M\u00e1ria \u00e9s J\u00f3zsef legyenek tagjai a Te &hellip; <\/p>\n<p class=\"link-more\"><a href=\"https:\/\/magyar-misszio.ch\/?page_id=3630\" class=\"more-link\"><span class=\"screen-reader-text\">\u201ekar_udv_2021\u201c<\/span> weiterlesen<\/a><\/p>\n","protected":false},"author":2,"featured_media":0,"parent":0,"menu_order":0,"comment_status":"closed","ping_status":"closed","template":"","meta":{"footnotes":""},"class_list":["post-3630","page","type-page","status-publish","hentry"],"_links":{"self":[{"href":"https:\/\/magyar-misszio.ch\/index.php?rest_route=\/wp\/v2\/pages\/3630","targetHints":{"allow":["GET"]}}],"collection":[{"href":"https:\/\/magyar-misszio.ch\/index.php?rest_route=\/wp\/v2\/pages"}],"about":[{"href":"https:\/\/magyar-misszio.ch\/index.php?rest_route=\/wp\/v2\/types\/page"}],"author":[{"embeddable":true,"href":"https:\/\/magyar-misszio.ch\/index.php?rest_route=\/wp\/v2\/users\/2"}],"replies":[{"embeddable":true,"href":"https:\/\/magyar-misszio.ch\/index.php?rest_route=%2Fwp%2Fv2%2Fcomments&post=3630"}],"version-history":[{"count":11,"href":"https:\/\/magyar-misszio.ch\/index.php?rest_route=\/wp\/v2\/pages\/3630\/revisions"}],"predecessor-version":[{"id":3663,"href":"https:\/\/magyar-misszio.ch\/index.php?rest_route=\/wp\/v2\/pages\/3630\/revisions\/3663"}],"wp:attachment":[{"href":"https:\/\/magyar-misszio.ch\/index.php?rest_route=%2Fwp%2Fv2%2Fmedia&parent=3630"}],"curies":[{"name":"wp","href":"https:\/\/api.w.org\/{rel}","templated":true}]}}