{"id":3672,"date":"2022-01-21T18:20:57","date_gmt":"2022-01-21T18:20:57","guid":{"rendered":"http:\/\/magyar-misszio.ch\/?page_id=3672"},"modified":"2025-12-05T10:55:31","modified_gmt":"2025-12-05T10:55:31","slug":"2022naptar","status":"publish","type":"page","link":"https:\/\/magyar-misszio.ch\/?page_id=3672","title":{"rendered":"2022naptar"},"content":{"rendered":"\t\t<div data-elementor-type=\"wp-page\" data-elementor-id=\"3672\" class=\"elementor elementor-3672\" data-elementor-post-type=\"page\">\n\t\t\t\t\t\t<section class=\"elementor-section elementor-top-section elementor-element elementor-element-4f3d403b elementor-section-boxed elementor-section-height-default elementor-section-height-default\" data-id=\"4f3d403b\" data-element_type=\"section\">\n\t\t\t\t\t\t<div class=\"elementor-container elementor-column-gap-default\">\n\t\t\t\t\t<div class=\"elementor-column elementor-col-100 elementor-top-column elementor-element elementor-element-50cc4345\" data-id=\"50cc4345\" data-element_type=\"column\">\n\t\t\t<div class=\"elementor-widget-wrap elementor-element-populated\">\n\t\t\t\t\t\t<div class=\"elementor-element elementor-element-2248991 elementor-widget elementor-widget-text-editor\" data-id=\"2248991\" data-element_type=\"widget\" data-widget_type=\"text-editor.default\">\n\t\t\t\t<div class=\"elementor-widget-container\">\n\t\t\t\t\t\t\t\t\t<p style=\"text-align: center;\"><strong><span style=\"font-size: 14pt; color: #0000ff;\">2026-os napt\u00e1runk <\/span><\/strong><span style=\"font-size: 14pt; color: #993300;\">&#8211; <span style=\"color: #ff6600;\">verzi\u00f3:<\/span> 2025.11.01.<\/span><strong><span style=\"font-size: 14pt; color: #0000ff;\"><br \/>fontosabb programok, inform\u00e1ci\u00f3k<\/span><\/strong><br \/>a k\u00e9pre kattintva let\u00f6lthet\u0151\u00a0\u00a0<\/p><p><img decoding=\"async\" class=\"alignnone wp-image-4446 \" style=\"filter: invert(0);\" src=\"https:\/\/magyar-misszio.ch\/wp-content\/uploads\/2022\/11\/smile.jpg-150x150.jpg\" alt=\"\" width=\"28\" height=\"28\" data-id=\"4446\" srcset=\"https:\/\/magyar-misszio.ch\/wp-content\/uploads\/2022\/11\/smile.jpg-150x150.jpg 150w, https:\/\/magyar-misszio.ch\/wp-content\/uploads\/2022\/11\/smile.jpg-300x290.jpg 300w, https:\/\/magyar-misszio.ch\/wp-content\/uploads\/2022\/11\/smile.jpg-100x100.jpg 100w, https:\/\/magyar-misszio.ch\/wp-content\/uploads\/2022\/11\/smile.jpg.jpg 444w\" sizes=\"(max-width: 28px) 100vw, 28px\" \/> nyomtassa ki \u00e9s tegye l\u00e1that\u00f3 helyre&#8230;<img decoding=\"async\" class=\"alignnone wp-image-4446 \" style=\"filter: invert(0);\" src=\"https:\/\/magyar-misszio.ch\/wp-content\/uploads\/2022\/11\/smile.jpg-150x150.jpg\" alt=\"\" width=\"28\" height=\"28\" data-id=\"4446\" srcset=\"https:\/\/magyar-misszio.ch\/wp-content\/uploads\/2022\/11\/smile.jpg-150x150.jpg 150w, https:\/\/magyar-misszio.ch\/wp-content\/uploads\/2022\/11\/smile.jpg-300x290.jpg 300w, https:\/\/magyar-misszio.ch\/wp-content\/uploads\/2022\/11\/smile.jpg-100x100.jpg 100w, https:\/\/magyar-misszio.ch\/wp-content\/uploads\/2022\/11\/smile.jpg.jpg 444w\" sizes=\"(max-width: 28px) 100vw, 28px\" \/><\/p><p><a href=\"https:\/\/magyar-misszio.ch\/wp-content\/uploads\/naptarunk-2026.pdf\" rel=\"let\u00f6lt\u00e9s\"><img fetchpriority=\"high\" decoding=\"async\" class=\"aligncenter wp-image-6974 size-large\" style=\"filter: invert(0);\" src=\"https:\/\/magyar-misszio.ch\/wp-content\/uploads\/naptar2025.jpg-1024x355.jpg\" alt=\"\" width=\"525\" height=\"182\" data-id=\"6974\" srcset=\"https:\/\/magyar-misszio.ch\/wp-content\/uploads\/naptar2025.jpg-1024x355.jpg 1024w, https:\/\/magyar-misszio.ch\/wp-content\/uploads\/naptar2025.jpg-300x104.jpg 300w, https:\/\/magyar-misszio.ch\/wp-content\/uploads\/naptar2025.jpg-768x267.jpg 768w, https:\/\/magyar-misszio.ch\/wp-content\/uploads\/naptar2025.jpg-1536x533.jpg 1536w, https:\/\/magyar-misszio.ch\/wp-content\/uploads\/naptar2025.jpg-2048x711.jpg 2048w\" sizes=\"(max-width: 525px) 100vw, 525px\" \/><\/a><\/p><p><span style=\"color: #339966;\"><em>Z\u00fcrichi Szent Istv\u00e1n Magyar Misszi\u00f3<\/em><\/span><\/p><p>Ima\u00f6sszefog\u00e1s az \u00fajra\u00e9p\u00edtkez\u00e9shez<a href=\"https:\/\/magyar-misszio.ch\/?page_id=2985\" target=\"_blank\" rel=\"noopener\"> kattints ide&#8230;<\/a><\/p>\t\t\t\t\t\t\t\t<\/div>\n\t\t\t\t<\/div>\n\t\t\t\t\t<\/div>\n\t\t<\/div>\n\t\t\t\t\t<\/div>\n\t\t<\/section>\n\t\t\t\t<section class=\"elementor-section elementor-top-section elementor-element elementor-element-a0f93ea elementor-section-boxed elementor-section-height-default elementor-section-height-default\" data-id=\"a0f93ea\" data-element_type=\"section\">\n\t\t\t\t\t\t<div class=\"elementor-container elementor-column-gap-default\">\n\t\t\t\t\t<div class=\"elementor-column elementor-col-100 elementor-top-column elementor-element elementor-element-cfa375e\" data-id=\"cfa375e\" data-element_type=\"column\">\n\t\t\t<div class=\"elementor-widget-wrap elementor-element-populated\">\n\t\t\t\t\t\t<div class=\"elementor-element elementor-element-ab822b8 elementor-widget elementor-widget-text-editor\" data-id=\"ab822b8\" data-element_type=\"widget\" data-widget_type=\"text-editor.default\">\n\t\t\t\t<div class=\"elementor-widget-container\">\n\t\t\t\t\t\t\t\t\t<p style=\"text-align: center;\"><strong><span style=\"font-size: 14pt; color: #0000ff;\">2025-\u00f6s napt\u00e1runk\u00a0<\/span><\/strong><br \/>a k\u00e9pre kattintva let\u00f6lthet\u0151\u00a0\u00a0<\/p><p><a href=\"https:\/\/magyar-misszio.ch\/wp-content\/uploads\/naptarunk-2025-v.20250503.pdf\" rel=\"let\u00f6lt\u00e9s\"><img decoding=\"async\" class=\"aligncenter wp-image-6974 size-medium\" style=\"filter: invert(0);\" src=\"https:\/\/magyar-misszio.ch\/wp-content\/uploads\/naptar2025.jpg-300x104.jpg\" alt=\"\" width=\"300\" height=\"104\" data-id=\"6974\" srcset=\"https:\/\/magyar-misszio.ch\/wp-content\/uploads\/naptar2025.jpg-300x104.jpg 300w, https:\/\/magyar-misszio.ch\/wp-content\/uploads\/naptar2025.jpg-1024x355.jpg 1024w, https:\/\/magyar-misszio.ch\/wp-content\/uploads\/naptar2025.jpg-768x267.jpg 768w, https:\/\/magyar-misszio.ch\/wp-content\/uploads\/naptar2025.jpg-1536x533.jpg 1536w, https:\/\/magyar-misszio.ch\/wp-content\/uploads\/naptar2025.jpg-2048x711.jpg 2048w\" sizes=\"(max-width: 300px) 100vw, 300px\" \/><\/a><\/p><p>\u00a0<\/p>\t\t\t\t\t\t\t\t<\/div>\n\t\t\t\t<\/div>\n\t\t\t\t\t<\/div>\n\t\t<\/div>\n\t\t\t\t\t<\/div>\n\t\t<\/section>\n\t\t\t\t<\/div>\n\t\t","protected":false},"excerpt":{"rendered":"<p>2026-os napt\u00e1runk &#8211; verzi\u00f3: 2025.11.01.fontosabb programok, inform\u00e1ci\u00f3ka k\u00e9pre kattintva let\u00f6lthet\u0151\u00a0\u00a0 nyomtassa ki \u00e9s tegye l\u00e1that\u00f3 helyre&#8230; Z\u00fcrichi Szent Istv\u00e1n Magyar Misszi\u00f3 Ima\u00f6sszefog\u00e1s az \u00fajra\u00e9p\u00edtkez\u00e9shez kattints ide&#8230; 2025-\u00f6s napt\u00e1runk\u00a0a k\u00e9pre kattintva let\u00f6lthet\u0151\u00a0\u00a0 \u00a0<\/p>\n","protected":false},"author":2,"featured_media":0,"parent":0,"menu_order":0,"comment_status":"closed","ping_status":"closed","template":"","meta":{"footnotes":""},"class_list":["post-3672","page","type-page","status-publish","hentry"],"_links":{"self":[{"href":"https:\/\/magyar-misszio.ch\/index.php?rest_route=\/wp\/v2\/pages\/3672","targetHints":{"allow":["GET"]}}],"collection":[{"href":"https:\/\/magyar-misszio.ch\/index.php?rest_route=\/wp\/v2\/pages"}],"about":[{"href":"https:\/\/magyar-misszio.ch\/index.php?rest_route=\/wp\/v2\/types\/page"}],"author":[{"embeddable":true,"href":"https:\/\/magyar-misszio.ch\/index.php?rest_route=\/wp\/v2\/users\/2"}],"replies":[{"embeddable":true,"href":"https:\/\/magyar-misszio.ch\/index.php?rest_route=%2Fwp%2Fv2%2Fcomments&post=3672"}],"version-history":[{"count":35,"href":"https:\/\/magyar-misszio.ch\/index.php?rest_route=\/wp\/v2\/pages\/3672\/revisions"}],"predecessor-version":[{"id":7596,"href":"https:\/\/magyar-misszio.ch\/index.php?rest_route=\/wp\/v2\/pages\/3672\/revisions\/7596"}],"wp:attachment":[{"href":"https:\/\/magyar-misszio.ch\/index.php?rest_route=%2Fwp%2Fv2%2Fmedia&parent=3672"}],"curies":[{"name":"wp","href":"https:\/\/api.w.org\/{rel}","templated":true}]}}