{"id":3679,"date":"2022-01-28T12:15:20","date_gmt":"2022-01-28T12:15:20","guid":{"rendered":"http:\/\/magyar-misszio.ch\/?page_id=3679"},"modified":"2022-01-28T12:19:33","modified_gmt":"2022-01-28T12:19:33","slug":"boertoennel-fenyegetve","status":"publish","type":"page","link":"https:\/\/magyar-misszio.ch\/?page_id=3679","title":{"rendered":"B\u00f6rt\u00f6nnel fenyegetve"},"content":{"rendered":"<p><span style=\"color: #0000ff;\"><strong><span style=\"font-size: 14pt;\">B\u00f6rt\u00f6nnel fenyegetve bibliai id\u00e9zet miatt Eur\u00f3p\u00e1ban<\/span><\/strong><\/span><\/p>\n<p style=\"line-height: 16.5pt; text-align: justify;\"><span style=\"font-size: 12pt; font-family: georgia, palatino, serif; color: black;\"><img fetchpriority=\"high\" decoding=\"async\" class=\"size-medium wp-image-3681 alignright\" src=\"https:\/\/magyar-misszio.ch\/wp-content\/uploads\/2022\/01\/bortonnel-cna.jpg-300x181.jpg\" alt=\"\" width=\"300\" height=\"181\" data-id=\"3681\" srcset=\"https:\/\/magyar-misszio.ch\/wp-content\/uploads\/2022\/01\/bortonnel-cna.jpg-300x181.jpg 300w, https:\/\/magyar-misszio.ch\/wp-content\/uploads\/2022\/01\/bortonnel-cna.jpg-1024x618.jpg 1024w, https:\/\/magyar-misszio.ch\/wp-content\/uploads\/2022\/01\/bortonnel-cna.jpg-768x464.jpg 768w, https:\/\/magyar-misszio.ch\/wp-content\/uploads\/2022\/01\/bortonnel-cna.jpg.jpg 1530w\" sizes=\"(max-width: 300px) 100vw, 300px\" \/>P\u00e4ivi R\u00e4s\u00e4nen finn parlamenti k\u00e9pvisel\u0151\u00a0 jogi t\u00e1mad\u00e1s alatt \u00e1ll, mert Twitter-oldal\u00e1n k\u00f6zz\u00e9tett egy bibliai id\u00e9zetet, amelyben ki\u00e1llt a kereszt\u00e9ny tan\u00edt\u00e1s mellett.<\/span><\/p>\n<p><span style=\"font-family: georgia, palatino, serif; font-size: 12pt;\">Inform\u00e1l\u00f3djon korrekt m\u00e9di\u00e1kb\u00f3l:<\/span><\/p>\n<ul>\n<li><span style=\"font-family: georgia, palatino, serif; font-size: 12pt;\"><a href=\"https:\/\/citizengo.org\/hu\/rf\/203465-kereszteny-hitet-megvallani-nem-buncselekmeny?dr=10803728::49c628496765932782476a7e21d2dd8e&amp;utm_source=em&amp;utm_medium=e-mail&amp;utm_content=em_link1&amp;utm_campaign=HU-2022-01-12-Global-RF-RFA-NA-Paivi-Paivi.01_AA_Launch&amp;mkt_tok=OTA3LU9EWS0wNTEAAAGB8agLg8bX910nuXv1NourmVoJpyghF4qq16pTFilEGtocesLMIB6quMTnKXjAueJLbOtS7grg4Vw8rYNG4IDAPXYszFavYcTOcz3TJUJ4Xk0d0VF3jA\" target=\"_blank\" rel=\"noopener\">CitizenGo<\/a><\/span><\/li>\n<li><span style=\"font-family: georgia, palatino, serif; font-size: 12pt;\"><a href=\"https:\/\/www.kath.net\/news\/77375\" target=\"_blank\" rel=\"noopener\">kath.net<\/a><\/span><\/li>\n<li><span style=\"font-family: georgia, palatino, serif; font-size: 12pt;\"><a href=\"https:\/\/www.catholicnewsagency.com\/news\/250198\/finnish-mp-facing-jail-after-tweeting-bible-verse-pleads-not-guilty-as-trial-begins\" target=\"_blank\" rel=\"noopener\">CNA<\/a><\/span><\/li>\n<li><span style=\"font-family: georgia, palatino, serif; font-size: 12pt;\"><a href=\"https:\/\/magyarnemzet.hu\/kulfold\/2022\/01\/megkezdodott-paivi-rasanen-pere-aki-pal-apostolt-idezte-a-homoszexualitasrol\" target=\"_blank\" rel=\"noopener\">Magyar Nemzet<\/a><\/span><\/li>\n<\/ul>\n<p><iframe title=\"YouTube video player\" src=\"https:\/\/www.youtube.com\/embed\/kV2bFAZF_z4\" width=\"560\" height=\"315\" frameborder=\"0\" allowfullscreen=\"allowfullscreen\"><\/iframe><\/p>\n","protected":false},"excerpt":{"rendered":"<p>B\u00f6rt\u00f6nnel fenyegetve bibliai id\u00e9zet miatt Eur\u00f3p\u00e1ban P\u00e4ivi R\u00e4s\u00e4nen finn parlamenti k\u00e9pvisel\u0151\u00a0 jogi t\u00e1mad\u00e1s alatt \u00e1ll, mert Twitter-oldal\u00e1n k\u00f6zz\u00e9tett egy bibliai id\u00e9zetet, amelyben ki\u00e1llt a kereszt\u00e9ny tan\u00edt\u00e1s mellett. Inform\u00e1l\u00f3djon korrekt m\u00e9di\u00e1kb\u00f3l: CitizenGo kath.net CNA Magyar Nemzet<\/p>\n","protected":false},"author":2,"featured_media":0,"parent":0,"menu_order":0,"comment_status":"closed","ping_status":"closed","template":"","meta":{"footnotes":""},"class_list":["post-3679","page","type-page","status-publish","hentry"],"_links":{"self":[{"href":"https:\/\/magyar-misszio.ch\/index.php?rest_route=\/wp\/v2\/pages\/3679","targetHints":{"allow":["GET"]}}],"collection":[{"href":"https:\/\/magyar-misszio.ch\/index.php?rest_route=\/wp\/v2\/pages"}],"about":[{"href":"https:\/\/magyar-misszio.ch\/index.php?rest_route=\/wp\/v2\/types\/page"}],"author":[{"embeddable":true,"href":"https:\/\/magyar-misszio.ch\/index.php?rest_route=\/wp\/v2\/users\/2"}],"replies":[{"embeddable":true,"href":"https:\/\/magyar-misszio.ch\/index.php?rest_route=%2Fwp%2Fv2%2Fcomments&post=3679"}],"version-history":[{"count":2,"href":"https:\/\/magyar-misszio.ch\/index.php?rest_route=\/wp\/v2\/pages\/3679\/revisions"}],"predecessor-version":[{"id":3682,"href":"https:\/\/magyar-misszio.ch\/index.php?rest_route=\/wp\/v2\/pages\/3679\/revisions\/3682"}],"wp:attachment":[{"href":"https:\/\/magyar-misszio.ch\/index.php?rest_route=%2Fwp%2Fv2%2Fmedia&parent=3679"}],"curies":[{"name":"wp","href":"https:\/\/api.w.org\/{rel}","templated":true}]}}