{"id":3730,"date":"2022-03-01T17:56:13","date_gmt":"2022-03-01T17:56:13","guid":{"rendered":"http:\/\/magyar-misszio.ch\/?page_id=3730"},"modified":"2022-03-25T10:21:49","modified_gmt":"2022-03-25T10:21:49","slug":"ima-a-bekeert","status":"publish","type":"page","link":"https:\/\/magyar-misszio.ch\/?page_id=3730","title":{"rendered":"ima a b\u00e9k\u00e9\u00e9rt"},"content":{"rendered":"<p><span style=\"color: #ff0000; font-size: 14pt;\"><strong><img fetchpriority=\"high\" decoding=\"async\" class=\"size-medium wp-image-3732 alignleft\" src=\"https:\/\/magyar-misszio.ch\/wp-content\/uploads\/2022\/03\/orosz-ukran-zaszlo-300x169.jpg\" alt=\"\" width=\"300\" height=\"169\" data-id=\"3732\" srcset=\"https:\/\/magyar-misszio.ch\/wp-content\/uploads\/2022\/03\/orosz-ukran-zaszlo-300x169.jpg 300w, https:\/\/magyar-misszio.ch\/wp-content\/uploads\/2022\/03\/orosz-ukran-zaszlo.jpg 563w\" sizes=\"(max-width: 300px) 100vw, 300px\" \/>Im\u00e1dkozzunk a b\u00e9k\u00e9\u00e9rt!<\/strong><\/span><\/p>\n<p><span style=\"color: #0000ff;\"><strong>Hamvaz\u00f3szerdai felh\u00edv\u00e1s<\/strong><\/span><\/p>\n<p style=\"text-align: justify;\">Holnap <strong>hamvaz\u00f3szerda<\/strong>, kezd\u0151dik a nagyb\u00f6jt. Szigor\u00fa b\u00f6jti nap.<br \/>\nAz Ukrajn\u00e1ban l\u00e9v\u0151 h\u00e1bor\u00fa miatt ez a nap egy\u00fattal egy <strong>imanap is lesz a b\u00e9k\u00e9\u00e9rt<\/strong>! Ferenc p\u00e1pa arra k\u00e9rt mindenkit, hogy m\u00e1rcius 2-\u00e1n, hamvaz\u00f3szerd\u00e1n tartsunk b\u00f6jti napot a b\u00e9k\u00e9\u00e9rt. K\u00fcl\u00f6n kiemelte, hogy a h\u00edvek azon a napon buzg\u00f3n szentelj\u00e9k magukat az im\u00e1ds\u00e1gnak \u00e9s a b\u00f6jtnek, k\u00e9rve Sz\u0171z M\u00e1ri\u00e1nak, a B\u00e9ke Kir\u00e1lyn\u0151j\u00e9nek k\u00f6zbenj\u00e1r\u00e1s\u00e1t.\u00a0 (2022.m\u00e1rc.1)<\/p>\n<p><strong><span style=\"color: #0000ff;\">Im\u00e1ds\u00e1gok a b\u00e9k\u00e9\u00e9rt<\/span><\/strong><br \/>\n1. pdf-f\u00e1jl megnyit\u00e1sa <a href=\"https:\/\/magyar-misszio.ch\/wp-content\/uploads\/2022\/03\/Imadsagok-a-bekeert.pdf\" target=\"_blank\" rel=\"noopener\">ide kattintva&#8230;\u00a0\u00a0<\/a><br \/>\n(Szent Ferenc, Ter\u00e9z anya, Szent II. J\u00e1nos P\u00e1l p\u00e1pa, Taiz\u00e9i ima \u00e9s m\u00e9g t\u00f6bb m\u00e1s ima&#8230;)<br \/>\nK\u00f6ny\u00f6rg\u00e9sei Ukrajn\u00e1\u00e9rt (Alois testv\u00e9r szavaival) <a href=\"https:\/\/magyar-misszio.ch\/wp-content\/uploads\/2022\/03\/Koenyoergesek-Ukrajnaert-A5.pdf\" target=\"_blank\" rel=\"noopener\">ide kattintva..<\/a>.<\/p>\n<p>2. Speci\u00e1lis kereszt\u00fat<br \/>\n&#8211; eredeti nyelven, n\u00e9met\u00fcl (liturgikus int\u00e9zett\u0151l):<br \/>\n<span style=\"font-size: 10pt;\"><a class=\"pdf\" href=\"https:\/\/www.netzwerk-gottesdienst.at\/dl\/nmmtJKJKoonOOJqx4KJK\/netzwerk-gottesdienst_via_crucis_in_tempore_belli_2022_pdf\" target=\"_blank\" rel=\"noopener\">Kreuzweg in Solidarit\u00e4t mit den Menschen in der Ukraine (DIN A 4)<br \/>\n<\/a><a class=\"pdf\" href=\"https:\/\/www.netzwerk-gottesdienst.at\/dl\/LlorJKJKoonOOJqx4kJK\/netzwerk-gottesdienst_via_crucis_in_tempore_belli_A5_2022_pdf\" target=\"_blank\" rel=\"noopener\">(DIN A 5 zum doppelseitigen Ausdrucken)<br \/>\n<\/a><a class=\"pfeil\" href=\"https:\/\/www.netzwerk-gottesdienst.at\/pages\/inst\/999999991\/gottesdienstzuhause\/zuhauseonline\/article\/100902.html\" target=\"_blank\" rel=\"noopener\">f\u00fcr Tablet und Smartphone<\/a><br \/>\n<span style=\"font-size: 12pt;\">&#8211; magyar ford\u00edt\u00e1sban (\u00e9nek- \u00e9s vers kieg\u00e9sz\u00edt\u00e9ssel): <a href=\"https:\/\/magyar-misszio.ch\/wp-content\/uploads\/2022\/03\/keresztut-a-bekeert.pdf\" target=\"_blank\" rel=\"noopener\">kereszt\u00fat a b\u00e9k\u00e9\u00e9rt<\/a><\/span><\/span><\/p>\n<p>3.\u00a0<strong>A vil\u00e1g felaj\u00e1nl\u00e1sa<br \/>\n<\/strong>K\u00fcl\u00f6n\u00f6sen Oroszorsz\u00e1g \u00e9s Ukrajna\u2026 l\u00e1sd oldalunkat\u00a0<a href=\"https:\/\/magyar-misszio.ch\/?page_id=3797\" target=\"_blank\" rel=\"noopener\">itt\u2026<\/a><\/p>\n<p><a href=\"http:\/\/www.die-schweiz-betet.ch\/\"><img decoding=\"async\" class=\"wp-image-3749 alignleft\" src=\"https:\/\/magyar-misszio.ch\/wp-content\/uploads\/2022\/03\/die-schweiz-beteg.jpg-300x183.jpg\" alt=\"\" width=\"144\" height=\"88\" data-id=\"3749\" srcset=\"https:\/\/magyar-misszio.ch\/wp-content\/uploads\/2022\/03\/die-schweiz-beteg.jpg-300x183.jpg 300w, https:\/\/magyar-misszio.ch\/wp-content\/uploads\/2022\/03\/die-schweiz-beteg.jpg-1024x623.jpg 1024w, https:\/\/magyar-misszio.ch\/wp-content\/uploads\/2022\/03\/die-schweiz-beteg.jpg-768x467.jpg 768w, https:\/\/magyar-misszio.ch\/wp-content\/uploads\/2022\/03\/die-schweiz-beteg.jpg-1536x935.jpg 1536w, https:\/\/magyar-misszio.ch\/wp-content\/uploads\/2022\/03\/die-schweiz-beteg.jpg.jpg 1740w\" sizes=\"(max-width: 144px) 100vw, 144px\" \/>4<\/a>. Die Schweiz betet (nyugat-eur\u00f3pai ima\u00f6sszefog\u00e1s):<br \/>\n<a href=\"http:\/\/www.die-schweiz-betet.ch\/\">www.die-schweiz-betet.ch<\/a><\/p>\n<p>&nbsp;<\/p>\n<p>5. Imal\u00e1nc felh\u00edv\u00e1s &#8211; 777blog.hu (<a href=\"https:\/\/imalanc.777blog.hu\/?fbclid=IwAR09lt3kXHtOIFVGNuJI1hjxWhQlMjRQJdTtF6CIsoE0mm8n_q167v9cmRs\" target=\"_blank\" rel=\"noopener\">ide kattintva<\/a>)<\/p>\n<p><strong><span style=\"color: #0000ff;\">H\u00edrek a sv\u00e1jci katolikus m\u00e9diacentrumb\u00f3l &#8211; \u00e1lland\u00f3an friss\u00fclve<\/span><\/strong><br \/>\n<a href=\"https:\/\/www.kath.ch\/friedensgebete-fuer-die-ukraine\/\" target=\"_blank\" rel=\"noopener\">www.kath.ch\/friedensgebete-fuer-die-ukraine<\/a> &#8211; itt tal\u00e1lunk im\u00e1kat is, a h\u00edrekhez lefel\u00e9 kell g\u00f6rgetni a &#8222;Meldungen aus den Medien&#8220;-hez<\/p>\n<p><span style=\"color: #ff0000;\"><strong>Gy\u0171jt\u00e9s\u00fcnk az ukrajnai menek\u00fcltek\u00e9rt<\/strong><\/span><\/p>\n<p>L\u00e1sd k\u00fcl\u00f6n oldalunkat err\u0151l <a href=\"https:\/\/magyar-misszio.ch\/?page_id=3756\" target=\"_blank\" rel=\"noopener\">ide kattintva&#8230;<\/a><\/p>\n<p><span style=\"color: #0000ff;\"><strong>Vide\u00f3k:<\/strong><\/span><\/p>\n<p><iframe title=\"YouTube video player\" src=\"https:\/\/www.youtube.com\/embed\/CCH1cXGb9pA\" width=\"560\" height=\"315\" frameborder=\"0\" allowfullscreen=\"allowfullscreen\"><\/iframe><\/p>\n<p><iframe title=\"YouTube video player\" src=\"https:\/\/www.youtube.com\/embed\/31JzZHADuIk\" width=\"560\" height=\"315\" frameborder=\"0\" allowfullscreen=\"allowfullscreen\"><\/iframe><\/p>\n","protected":false},"excerpt":{"rendered":"<p>Im\u00e1dkozzunk a b\u00e9k\u00e9\u00e9rt! Hamvaz\u00f3szerdai felh\u00edv\u00e1s Holnap hamvaz\u00f3szerda, kezd\u0151dik a nagyb\u00f6jt. Szigor\u00fa b\u00f6jti nap. Az Ukrajn\u00e1ban l\u00e9v\u0151 h\u00e1bor\u00fa miatt ez a nap egy\u00fattal egy imanap is lesz a b\u00e9k\u00e9\u00e9rt! Ferenc p\u00e1pa arra k\u00e9rt mindenkit, hogy m\u00e1rcius 2-\u00e1n, hamvaz\u00f3szerd\u00e1n tartsunk b\u00f6jti napot a b\u00e9k\u00e9\u00e9rt. K\u00fcl\u00f6n kiemelte, hogy a h\u00edvek azon a napon buzg\u00f3n szentelj\u00e9k magukat az im\u00e1ds\u00e1gnak &hellip; <\/p>\n<p class=\"link-more\"><a href=\"https:\/\/magyar-misszio.ch\/?page_id=3730\" class=\"more-link\"><span class=\"screen-reader-text\">\u201eima a b\u00e9k\u00e9\u00e9rt\u201c<\/span> weiterlesen<\/a><\/p>\n","protected":false},"author":2,"featured_media":0,"parent":0,"menu_order":0,"comment_status":"closed","ping_status":"closed","template":"","meta":{"footnotes":""},"class_list":["post-3730","page","type-page","status-publish","hentry"],"_links":{"self":[{"href":"https:\/\/magyar-misszio.ch\/index.php?rest_route=\/wp\/v2\/pages\/3730","targetHints":{"allow":["GET"]}}],"collection":[{"href":"https:\/\/magyar-misszio.ch\/index.php?rest_route=\/wp\/v2\/pages"}],"about":[{"href":"https:\/\/magyar-misszio.ch\/index.php?rest_route=\/wp\/v2\/types\/page"}],"author":[{"embeddable":true,"href":"https:\/\/magyar-misszio.ch\/index.php?rest_route=\/wp\/v2\/users\/2"}],"replies":[{"embeddable":true,"href":"https:\/\/magyar-misszio.ch\/index.php?rest_route=%2Fwp%2Fv2%2Fcomments&post=3730"}],"version-history":[{"count":10,"href":"https:\/\/magyar-misszio.ch\/index.php?rest_route=\/wp\/v2\/pages\/3730\/revisions"}],"predecessor-version":[{"id":3808,"href":"https:\/\/magyar-misszio.ch\/index.php?rest_route=\/wp\/v2\/pages\/3730\/revisions\/3808"}],"wp:attachment":[{"href":"https:\/\/magyar-misszio.ch\/index.php?rest_route=%2Fwp%2Fv2%2Fmedia&parent=3730"}],"curies":[{"name":"wp","href":"https:\/\/api.w.org\/{rel}","templated":true}]}}